{"id":51081,"date":"2024-09-30T11:25:54","date_gmt":"2024-09-30T09:25:54","guid":{"rendered":"https:\/\/dev-relaunch.haelg.ch\/?page_id=51081"},"modified":"2026-01-29T16:18:25","modified_gmt":"2026-01-29T15:18:25","slug":"medias","status":"publish","type":"page","link":"https:\/\/haelg.ch\/fr\/medias\/","title":{"rendered":"M\u00e9dias"},"content":{"rendered":"\n<div class=\"wp-block-media-text alignwide is-stacked-on-mobile has-background-color has-secondary-background-color has-text-color has-background has-link-color wp-elements-a3c21c726901d80300896192b5d3bfe1\" style=\"grid-template-columns:60% auto\"><figure class=\"wp-block-media-text__media\"><img decoding=\"async\" width=\"1024\" height=\"1024\" loading=\"lazy\" src=\"https:\/\/haelg.ch\/app\/uploads\/2024\/12\/team-zuerich-haelg-group_2400x2400-1024x1024.jpg\" alt=\"L'\u00e9quipe de H\u00e4lg\u00a0&amp;\u00a0Cie\u00a0SA Zurich en r\u00e9union.\" class=\"wp-image-50742 size-full\" srcset=\"https:\/\/haelg.ch\/app\/uploads\/2024\/12\/team-zuerich-haelg-group_2400x2400-1024x1024.jpg 1024w, https:\/\/haelg.ch\/app\/uploads\/2024\/12\/team-zuerich-haelg-group_2400x2400-300x300.jpg 300w, https:\/\/haelg.ch\/app\/uploads\/2024\/12\/team-zuerich-haelg-group_2400x2400-150x150.jpg 150w, https:\/\/haelg.ch\/app\/uploads\/2024\/12\/team-zuerich-haelg-group_2400x2400-768x768.jpg 768w, https:\/\/haelg.ch\/app\/uploads\/2024\/12\/team-zuerich-haelg-group_2400x2400-1536x1536.jpg 1536w, https:\/\/haelg.ch\/app\/uploads\/2024\/12\/team-zuerich-haelg-group_2400x2400-2048x2048.jpg 2048w\" sizes=\"auto, (max-width: 1024px) 100vw, 1024px\" \/><\/figure><div class=\"wp-block-media-text__content\"><div class=\"yoast-breadcrumbs\"><span><span><a href=\"https:\/\/haelg.ch\/fr\/\">Accueil<\/a><\/span> <span class=\"separator\"><\/span> <span class=\"breadcrumb_last\" aria-current=\"page\">M\u00e9dias<\/span><\/span><\/div>\n\n\n<h1 class=\"wp-block-heading\">Pour les prestataires m\u00e9dia<\/h1>\n\n\n\n<p>Ici, vous pouvez t\u00e9l\u00e9charger des communiqu\u00e9s de presse de H\u00e4lg\u00a0Group. Nous sommes \u00e0 votre disposition pour r\u00e9pondre \u00e0 vos questions ou vous fournir des renseignements compl\u00e9mentaires.<\/p>\n\n\n\n<div class=\"wp-block-buttons is-layout-flex wp-block-buttons-is-layout-flex\">\n<div class=\"wp-block-button is-style-outline is-style-outline--1\"><a class=\"wp-block-button__link wp-element-button\" href=\"https:\/\/haelg.ch\/fr\/entreprise\/\">En savoir plus sur l&rsquo;entreprise<\/a><\/div>\n<\/div>\n<\/div><\/div>\n\n\n\n<div class=\"wp-block-group alignwide is-style-shadow is-layout-constrained wp-block-group-is-layout-constrained\">\n<h2 class=\"wp-block-heading\">Communiqu\u00e9s de presse<\/h2>\n\n\n\n<div class=\"wp-block-query is-layout-flow wp-block-query-is-layout-flow\"><ul class=\"wp-block-post-template is-layout-flow wp-block-post-template-is-layout-flow\"><li class=\"wp-block-post post-220072 pressreleases type-pressreleases status-publish has-post-thumbnail hentry\">\n\n<div class=\"wp-block-columns is-layout-flex wp-container-core-columns-is-layout-28f84493 wp-block-columns-is-layout-flex\">\n<div class=\"wp-block-column is-layout-flow wp-block-column-is-layout-flow\"><div class=\"wp-block-post-date\"><time datetime=\"2026-03-24T10:54:51+01:00\">24.03.2026<\/time><\/div>\n\n<h3 style=\"font-style:normal;font-weight:600;\" class=\"wp-block-post-title\"><a href=\"https:\/\/haelg.ch\/fr\/pressreleases\/haelg-group-saffirme-dans-un-environnement-commercial-exigeant-ses-activites-strategiquescontinuent-a-croitre\/\" target=\"_self\" >H\u00e4lg\u00a0Group s\u2019affirme dans un environnement commercial exigeant \u2013 ses activit\u00e9s strat\u00e9giquescontinuent \u00e0 cro\u00eetre<\/a><\/h3>\n\n\n<div style=\"height:1em\" aria-hidden=\"true\" class=\"wp-block-spacer\"><\/div>\n\n\n<div class=\"entry-content wp-block-post-content is-layout-flow wp-block-post-content-is-layout-flow\">\n<p>Au cours de l\u2019exercice 2025, le groupe a enregistr\u00e9 un chiffre d\u2019affaires de 350\u00a0millions de francs suisses (contre 365\u00a0millions l&rsquo;ann\u00e9e pr\u00e9c\u00e9dente). Apr\u00e8s plusieurs ann\u00e9es de croissance continue, l\u2019entreprise a ainsi enregistr\u00e9 un l\u00e9ger recul d\u00fb \u00e0 une baisse locale de la charge de travail dans le domaine Installation. En m\u00eame temps, les secteurs Service apr\u00e8s-vente et Facility Management ont pr\u00e9sent\u00e9 une \u00e9volution positive. Avec 1\u00a0295 employ\u00e9(e)s et une r\u00e9ception de commandes en nette augmentation, H\u00e4lg\u00a0Group se montre optimiste quant \u00e0 l\u2019exercice 2026.<\/p>\n<\/div>\n\n<div class=\"download-list is-compact\">\n\t<a target=\"_blank\" href=\"https:\/\/haelg.ch\/app\/uploads\/2026\/03\/CP_Haelg-Group_rapport_annuel_2025.pdf\" class=\"download\">Communiqu\u00e9 de presse: H\u00e4lg\u00a0Group s\u2019affirme dans un environnement commercial exigeant \u2013 ses activit\u00e9s strat\u00e9giquescontinuent \u00e0 cro\u00eetre<\/a><a target=\"_blank\" href=\"https:\/\/haelg.ch\/app\/uploads\/2026\/03\/Haelg_rapport-annuel-2025.pdf\" class=\"download\">Rapport annuel 2025 au format PDF<\/a><a target=\"_blank\" href=\"https:\/\/haelg.ch\/app\/uploads\/2026\/01\/marcel-roger-baumer-werkstatt-shooting-kmu-hsg-2025-2-haelg-group_1600x1200.jpg\" class=\"download\">Image: Marcel et Roger Baumer, propri\u00e9taires de H\u00e4lg Group<\/a><a target=\"_blank\" href=\"https:\/\/haelg.ch\/app\/uploads\/2025\/03\/Hauptsitz_Haelg_Group_SG-scaled.jpg\" class=\"download\">Image: Si\u00e8ge principal de H\u00e4lg Group \u00e0 St-Gall<\/a><\/div>\n<\/div>\n\n\n\n<div class=\"wp-block-column is-layout-flow wp-block-column-is-layout-flow\"><figure class=\"wp-block-post-featured-image\"><img decoding=\"async\" loading=\"lazy\" loading=\"lazy\" loading=\"lazy\" loading=\"lazy\" loading=\"lazy\" loading=\"lazy\" loading=\"lazy\" width=\"1600\" height=\"1200\" src=\"https:\/\/haelg.ch\/app\/uploads\/2025\/03\/Hauptsitz_Haelg_Group_1600x1200.png\" class=\"attachment-post-thumbnail size-post-thumbnail wp-post-image\" alt=\"Hauptsitz der H\u00e4lg Group in St. Gallen mit Logotafel\" style=\"object-fit:cover;\" srcset=\"https:\/\/haelg.ch\/app\/uploads\/2025\/03\/Hauptsitz_Haelg_Group_1600x1200.png 1600w, https:\/\/haelg.ch\/app\/uploads\/2025\/03\/Hauptsitz_Haelg_Group_1600x1200-300x225.png 300w, https:\/\/haelg.ch\/app\/uploads\/2025\/03\/Hauptsitz_Haelg_Group_1600x1200-1024x768.png 1024w, https:\/\/haelg.ch\/app\/uploads\/2025\/03\/Hauptsitz_Haelg_Group_1600x1200-768x576.png 768w, https:\/\/haelg.ch\/app\/uploads\/2025\/03\/Hauptsitz_Haelg_Group_1600x1200-1536x1152.png 1536w\" sizes=\"auto, (max-width: 1600px) 100vw, 1600px\" \/><\/figure><\/div>\n<\/div>\n\n<\/li><\/ul>\n\n<\/div>\n\n\n\n<div class=\"wp-block-query pressrelease-query is-layout-flow wp-block-query-is-layout-flow\"><ul class=\"wp-block-post-template is-layout-flow wp-block-post-template-is-layout-flow\"><li class=\"wp-block-post post-114176 pressreleases type-pressreleases status-publish has-post-thumbnail hentry\">\n<div class=\"wp-block-post-date\"><time datetime=\"2025-07-14T07:49:17+02:00\">14.07.2025<\/time><\/div>\n\n<h3 class=\"wp-block-post-title\"><a href=\"https:\/\/haelg.ch\/fr\/pressreleases\/lentreprise-sedunoise-valcalorie-sa-integre-haelg-group-qui-accede-ainsi-au-marche-valaisan\/\" target=\"_self\" >L\u2019entreprise s\u00e9dunoise Valcalorie SA int\u00e8gre H\u00e4lg Group, qui acc\u00e8de ainsi au march\u00e9 valaisan<\/a><\/h3>\n<\/li><li class=\"wp-block-post post-111932 pressreleases type-pressreleases status-publish has-post-thumbnail hentry\">\n<div class=\"wp-block-post-date\"><time datetime=\"2025-07-09T10:02:50+02:00\">09.07.2025<\/time><\/div>\n\n<h3 class=\"wp-block-post-title\"><a href=\"https:\/\/haelg.ch\/fr\/pressreleases\/halg-group-renforce-son-activite-industrie-avec-la-reprise-de-dorflinger-partner-ag-et-etend-sa-presence-dans-la-region-centre\/\" target=\"_self\" >H\u00e4lg\u00a0Group renforce son activit\u00e9 Industrie avec la reprise de D\u00f6rflinger\u00a0&amp;\u00a0Partner\u00a0AG et \u00e9tend sa pr\u00e9sence dans la r\u00e9gion Centre.<\/a><\/h3>\n<\/li><li class=\"wp-block-post post-88860 pressreleases type-pressreleases status-publish has-post-thumbnail hentry\">\n<div class=\"wp-block-post-date\"><time datetime=\"2025-04-28T09:10:09+02:00\">28.04.2025<\/time><\/div>\n\n<h3 class=\"wp-block-post-title\"><a href=\"https:\/\/haelg.ch\/fr\/pressreleases\/halg-cie-sa-fribourg-75-ans-de-succes-et-emmenagement-dans-de-nouveaux-bureaux-modernes\/\" target=\"_self\" >H\u00e4lg &amp; Cie SA Fribourg \u2013 75 ans de succ\u00e8s et emm\u00e9nagement dans de nouveaux bureaux modernes<\/a><\/h3>\n<\/li><li class=\"wp-block-post post-74778 pressreleases type-pressreleases status-publish has-post-thumbnail hentry\">\n<div class=\"wp-block-post-date\"><time datetime=\"2025-03-24T16:12:28+01:00\">24.03.2025<\/time><\/div>\n\n<h3 class=\"wp-block-post-title\"><a href=\"https:\/\/haelg.ch\/fr\/pressreleases\/haelg-group-maintient-son-cap-sur-la-croissance-et-realise-un-nouveau-chiffre-daffaires-record\/\" target=\"_self\" >H\u00e4lg Group maintient son cap sur la croissance et r\u00e9alise un nouveau chiffre d\u2019affaires record<\/a><\/h3>\n<\/li><li class=\"wp-block-post post-72261 pressreleases type-pressreleases status-publish has-post-thumbnail hentry\">\n<div class=\"wp-block-post-date\"><time datetime=\"2025-03-18T09:49:17+01:00\">18.03.2025<\/time><\/div>\n\n<h3 class=\"wp-block-post-title\"><a href=\"https:\/\/haelg.ch\/fr\/pressreleases\/halg-group-renforce-sa-presence-a-fribourg-avec-lacquisition-de-charly-sanitaire-sa-et-sa-filiale-charly-curage-sarl\/\" target=\"_self\" >H\u00e4lg Group renforce sa pr\u00e9sence \u00e0 Fribourg avec l\u2019acquisition de Charly Sanitaire SA et sa filiale Charly Curage S\u00e0rl<\/a><\/h3>\n<\/li><li class=\"wp-block-post post-53018 pressreleases type-pressreleases status-publish has-post-thumbnail hentry\">\n<div class=\"wp-block-post-date\"><time datetime=\"2025-01-14T09:19:55+01:00\">14.01.2025<\/time><\/div>\n\n<h3 class=\"wp-block-post-title\"><a href=\"https:\/\/haelg.ch\/fr\/pressreleases\/haelg-facility-management-ag-reprend-loewen-bau-und-betriebs-ag\/\" target=\"_self\" >H\u00e4lg Facility Management AG reprend L\u00f6wen Bau- und Betriebs AG<\/a><\/h3>\n<\/li><li class=\"wp-block-post post-45915 pressreleases type-pressreleases status-publish has-post-thumbnail hentry\">\n<div class=\"wp-block-post-date\"><time datetime=\"2024-11-18T12:45:21+01:00\">18.11.2024<\/time><\/div>\n\n<h3 class=\"wp-block-post-title\"><a href=\"https:\/\/haelg.ch\/fr\/pressreleases\/haelg-facility-management-ag-setablit-sur-un-noueau-site-a-st-gall\/\" target=\"_self\" >H\u00e4lg\u00a0Facility\u00a0Management\u00a0AG s&rsquo;\u00e9tablit sur un noueau site \u00e0 St-Gall<\/a><\/h3>\n<\/li><\/ul>\n\n<nav class=\"wp-block-query-pagination is-content-justification-center is-layout-flex wp-container-core-query-pagination-is-layout-a89b3969 wp-block-query-pagination-is-layout-flex\" aria-label=\"Pagination\">\n\n\n<div class=\"wp-block-query-pagination-numbers\"><span aria-current=\"page\" class=\"page-numbers current\">1<\/span>\n<a class=\"page-numbers\" href=\"?query-0-page=2\">2<\/a>\n<a class=\"page-numbers\" href=\"?query-0-page=3\">3<\/a>\n<span class=\"page-numbers dots\">\u2026<\/span>\n<a class=\"page-numbers\" href=\"?query-0-page=5\">5<\/a><\/div>\n\n<a href=\"\/fr\/wp-json\/wp\/v2\/pages\/51081?query-0-page=2\" class=\"wp-block-query-pagination-next\">Page suivante<\/a>\n<\/nav>\n\n<\/div>\n<\/div>\n\n\n\n<div class=\"wp-block-group is-layout-constrained wp-block-group-is-layout-constrained\"><div class=\"wp-block-media-text has-media-on-the-right is-stacked-on-mobile has-background-color has-secondary-background-color has-text-color has-background has-link-color is-employee-highlighted\"><div class=\"wp-block-media-text__content\" >\n\n        <h2 class=\"wp-block-heading\">Votre personne de contact<\/h2>\n\n        <h3>Tamara  Bosshard<\/h3>\n        <p class=\"employee-role\">Responsable Marketing et communication \/ RSE charg\u00e9e\n            <\/p>\n        <p class=\"employee-contact\"><a href=\"tel:+41 71 243 39 80 \">+41 71 243 39 80 <\/a><br \/><a href=\"mailto:tamara.bosshard@haelg.ch\">tamara.bosshard@haelg.ch<\/a><\/p>\n<\/div>\n<figure class=\"wp-block-media-text__media\" style=\"background-image:url(https:\/\/haelg.ch\/app\/uploads\/2025\/12\/bosshard-tamara-haelg-group_1200x1200.jpg);background-position:50% 50%\"><img decoding=\"async\" loading=\"lazy\" loading=\"lazy\" src=\"https:\/\/haelg.ch\/app\/uploads\/2025\/12\/bosshard-tamara-haelg-group_1200x1200.jpg\" alt=\"Tamara Bosshard, H\u00e4lg Group\" class=\"size-full\"\/><\/figure><\/div>\n<!-- \/wp:media-text -->\n        <\/div>\n","protected":false},"excerpt":{"rendered":"<p>Communiqu\u00e9s de presse<\/p>\n","protected":false},"author":1,"featured_media":50743,"parent":0,"menu_order":298,"comment_status":"closed","ping_status":"closed","template":"","meta":{"_acf_changed":false,"inline_featured_image":false,"footnotes":""},"kategorie":[],"angebot":[],"class_list":["post-51081","page","type-page","status-publish","has-post-thumbnail","hentry"],"acf":[],"yoast_head":"<!-- This site is optimized with the Yoast SEO plugin v27.3 - https:\/\/yoast.com\/product\/yoast-seo-wordpress\/ -->\n<title>M\u00e9dias: communiqu\u00e9s de presse | H\u00e4lg\u00a0Group<\/title>\n<meta name=\"description\" content=\"Les prestataires m\u00e9dia peuvent t\u00e9l\u00e9charger ici des photos, documents et communiqu\u00e9s de presse de H\u00e4lg\u00a0Group.\" \/>\n<meta name=\"robots\" content=\"index, follow, max-snippet:-1, max-image-preview:large, max-video-preview:-1\" \/>\n<link rel=\"canonical\" href=\"https:\/\/haelg.ch\/fr\/medias\/\" \/>\n<link rel=\"next\" href=\"https:\/\/haelg.ch\/fr\/medias\/51081\/?query-0-page=2\" \/>\n<meta property=\"og:locale\" content=\"fr_FR\" \/>\n<meta property=\"og:type\" content=\"article\" \/>\n<meta property=\"og:title\" content=\"M\u00e9dias: communiqu\u00e9s de presse | H\u00e4lg\u00a0Group\" \/>\n<meta property=\"og:description\" content=\"Les prestataires m\u00e9dia peuvent t\u00e9l\u00e9charger ici des photos, documents et communiqu\u00e9s de presse de H\u00e4lg\u00a0Group.\" \/>\n<meta property=\"og:url\" content=\"https:\/\/haelg.ch\/fr\/medias\/\" \/>\n<meta property=\"og:site_name\" content=\"H\u00e4lg Group\" \/>\n<meta property=\"article:publisher\" content=\"https:\/\/www.facebook.com\/haelg.ch\" \/>\n<meta property=\"article:modified_time\" content=\"2026-01-29T15:18:25+00:00\" \/>\n<meta property=\"og:image\" content=\"https:\/\/haelg.ch\/app\/uploads\/2024\/12\/team-zuerich-haelg-group_2400x2400.jpg\" \/>\n\t<meta property=\"og:image:width\" content=\"2400\" \/>\n\t<meta property=\"og:image:height\" content=\"2400\" \/>\n\t<meta property=\"og:image:type\" content=\"image\/jpeg\" \/>\n<meta name=\"twitter:card\" content=\"summary_large_image\" \/>\n<meta name=\"twitter:label1\" content=\"Dur\u00e9e de lecture estim\u00e9e\" \/>\n\t<meta name=\"twitter:data1\" content=\"1 minute\" \/>\n<script type=\"application\/ld+json\" class=\"yoast-schema-graph\">{\"@context\":\"https:\\\/\\\/schema.org\",\"@graph\":[{\"@type\":\"WebPage\",\"@id\":\"https:\\\/\\\/haelg.ch\\\/fr\\\/medias\\\/\",\"url\":\"https:\\\/\\\/haelg.ch\\\/fr\\\/medias\\\/\",\"name\":\"M\u00e9dias: communiqu\u00e9s de presse | H\u00e4lg\u00a0Group\",\"isPartOf\":{\"@id\":\"https:\\\/\\\/haelg.ch\\\/fr\\\/#website\"},\"primaryImageOfPage\":{\"@id\":\"https:\\\/\\\/haelg.ch\\\/fr\\\/medias\\\/#primaryimage\"},\"image\":{\"@id\":\"https:\\\/\\\/haelg.ch\\\/fr\\\/medias\\\/#primaryimage\"},\"thumbnailUrl\":\"https:\\\/\\\/haelg.ch\\\/app\\\/uploads\\\/2024\\\/12\\\/team-zuerich-haelg-group_2400x2400.jpg\",\"datePublished\":\"2024-09-30T09:25:54+00:00\",\"dateModified\":\"2026-01-29T15:18:25+00:00\",\"description\":\"Les prestataires m\u00e9dia peuvent t\u00e9l\u00e9charger ici des photos, documents et communiqu\u00e9s de presse de H\u00e4lg\u00a0Group.\",\"breadcrumb\":{\"@id\":\"https:\\\/\\\/haelg.ch\\\/fr\\\/medias\\\/#breadcrumb\"},\"inLanguage\":\"fr-FR\",\"potentialAction\":[{\"@type\":\"ReadAction\",\"target\":[\"https:\\\/\\\/haelg.ch\\\/fr\\\/medias\\\/\"]}]},{\"@type\":\"ImageObject\",\"inLanguage\":\"fr-FR\",\"@id\":\"https:\\\/\\\/haelg.ch\\\/fr\\\/medias\\\/#primaryimage\",\"url\":\"https:\\\/\\\/haelg.ch\\\/app\\\/uploads\\\/2024\\\/12\\\/team-zuerich-haelg-group_2400x2400.jpg\",\"contentUrl\":\"https:\\\/\\\/haelg.ch\\\/app\\\/uploads\\\/2024\\\/12\\\/team-zuerich-haelg-group_2400x2400.jpg\",\"width\":2400,\"height\":2400,\"caption\":\"Das Team der H\u00e4lg & Co. AG Z\u00fcrich im Gespr\u00e4ch.\"},{\"@type\":\"BreadcrumbList\",\"@id\":\"https:\\\/\\\/haelg.ch\\\/fr\\\/medias\\\/#breadcrumb\",\"itemListElement\":[{\"@type\":\"ListItem\",\"position\":1,\"name\":\"Accueil\",\"item\":\"https:\\\/\\\/haelg.ch\\\/fr\\\/\"},{\"@type\":\"ListItem\",\"position\":2,\"name\":\"M\u00e9dias\"}]},{\"@type\":\"WebSite\",\"@id\":\"https:\\\/\\\/haelg.ch\\\/fr\\\/#website\",\"url\":\"https:\\\/\\\/haelg.ch\\\/fr\\\/\",\"name\":\"H\u00e4lg Group\",\"description\":\"\",\"publisher\":{\"@id\":\"https:\\\/\\\/haelg.ch\\\/fr\\\/#organization\"},\"potentialAction\":[{\"@type\":\"SearchAction\",\"target\":{\"@type\":\"EntryPoint\",\"urlTemplate\":\"https:\\\/\\\/haelg.ch\\\/fr\\\/?s={search_term_string}\"},\"query-input\":{\"@type\":\"PropertyValueSpecification\",\"valueRequired\":true,\"valueName\":\"search_term_string\"}}],\"inLanguage\":\"fr-FR\"},{\"@type\":\"Organization\",\"@id\":\"https:\\\/\\\/haelg.ch\\\/fr\\\/#organization\",\"name\":\"H\u00e4lg Group\",\"url\":\"https:\\\/\\\/haelg.ch\\\/fr\\\/\",\"logo\":{\"@type\":\"ImageObject\",\"inLanguage\":\"fr-FR\",\"@id\":\"https:\\\/\\\/haelg.ch\\\/fr\\\/#\\\/schema\\\/logo\\\/image\\\/\",\"url\":\"https:\\\/\\\/haelg.ch\\\/app\\\/uploads\\\/2025\\\/01\\\/haelg-group-logo_1800x1200.jpg\",\"contentUrl\":\"https:\\\/\\\/haelg.ch\\\/app\\\/uploads\\\/2025\\\/01\\\/haelg-group-logo_1800x1200.jpg\",\"width\":1620,\"height\":1080,\"caption\":\"H\u00e4lg Group\"},\"image\":{\"@id\":\"https:\\\/\\\/haelg.ch\\\/fr\\\/#\\\/schema\\\/logo\\\/image\\\/\"},\"sameAs\":[\"https:\\\/\\\/www.facebook.com\\\/haelg.ch\",\"https:\\\/\\\/www.linkedin.com\\\/company\\\/haelggroup\\\/\",\"https:\\\/\\\/www.instagram.com\\\/haelg.group\\\/\",\"https:\\\/\\\/www.youtube.com\\\/channel\\\/UCCP6yzfvj3o6gA9J5L0QJCg\\\/videos\",\"https:\\\/\\\/www.kununu.com\\\/ch\\\/haelg-group\"]}]}<\/script>\n<!-- \/ Yoast SEO plugin. -->","yoast_head_json":{"title":"M\u00e9dias: communiqu\u00e9s de presse | H\u00e4lg\u00a0Group","description":"Les prestataires m\u00e9dia peuvent t\u00e9l\u00e9charger ici des photos, documents et communiqu\u00e9s de presse de H\u00e4lg\u00a0Group.","robots":{"index":"index","follow":"follow","max-snippet":"max-snippet:-1","max-image-preview":"max-image-preview:large","max-video-preview":"max-video-preview:-1"},"canonical":"https:\/\/haelg.ch\/fr\/medias\/","next":"https:\/\/haelg.ch\/fr\/medias\/51081?query-0-page=2","og_locale":"fr_FR","og_type":"article","og_title":"M\u00e9dias: communiqu\u00e9s de presse | H\u00e4lg\u00a0Group","og_description":"Les prestataires m\u00e9dia peuvent t\u00e9l\u00e9charger ici des photos, documents et communiqu\u00e9s de presse de H\u00e4lg\u00a0Group.","og_url":"https:\/\/haelg.ch\/fr\/medias\/","og_site_name":"H\u00e4lg Group","article_publisher":"https:\/\/www.facebook.com\/haelg.ch","article_modified_time":"2026-01-29T15:18:25+00:00","og_image":[{"width":2400,"height":2400,"url":"https:\/\/haelg.ch\/app\/uploads\/2024\/12\/team-zuerich-haelg-group_2400x2400.jpg","type":"image\/jpeg"}],"twitter_card":"summary_large_image","twitter_misc":{"Dur\u00e9e de lecture estim\u00e9e":"1 minute"},"schema":{"@context":"https:\/\/schema.org","@graph":[{"@type":"WebPage","@id":"https:\/\/haelg.ch\/fr\/medias\/","url":"https:\/\/haelg.ch\/fr\/medias\/","name":"M\u00e9dias: communiqu\u00e9s de presse | H\u00e4lg\u00a0Group","isPartOf":{"@id":"https:\/\/haelg.ch\/fr\/#website"},"primaryImageOfPage":{"@id":"https:\/\/haelg.ch\/fr\/medias\/#primaryimage"},"image":{"@id":"https:\/\/haelg.ch\/fr\/medias\/#primaryimage"},"thumbnailUrl":"https:\/\/haelg.ch\/app\/uploads\/2024\/12\/team-zuerich-haelg-group_2400x2400.jpg","datePublished":"2024-09-30T09:25:54+00:00","dateModified":"2026-01-29T15:18:25+00:00","description":"Les prestataires m\u00e9dia peuvent t\u00e9l\u00e9charger ici des photos, documents et communiqu\u00e9s de presse de H\u00e4lg\u00a0Group.","breadcrumb":{"@id":"https:\/\/haelg.ch\/fr\/medias\/#breadcrumb"},"inLanguage":"fr-FR","potentialAction":[{"@type":"ReadAction","target":["https:\/\/haelg.ch\/fr\/medias\/"]}]},{"@type":"ImageObject","inLanguage":"fr-FR","@id":"https:\/\/haelg.ch\/fr\/medias\/#primaryimage","url":"https:\/\/haelg.ch\/app\/uploads\/2024\/12\/team-zuerich-haelg-group_2400x2400.jpg","contentUrl":"https:\/\/haelg.ch\/app\/uploads\/2024\/12\/team-zuerich-haelg-group_2400x2400.jpg","width":2400,"height":2400,"caption":"Das Team der H\u00e4lg & Co. AG Z\u00fcrich im Gespr\u00e4ch."},{"@type":"BreadcrumbList","@id":"https:\/\/haelg.ch\/fr\/medias\/#breadcrumb","itemListElement":[{"@type":"ListItem","position":1,"name":"Accueil","item":"https:\/\/haelg.ch\/fr\/"},{"@type":"ListItem","position":2,"name":"M\u00e9dias"}]},{"@type":"WebSite","@id":"https:\/\/haelg.ch\/fr\/#website","url":"https:\/\/haelg.ch\/fr\/","name":"H\u00e4lg Group","description":"","publisher":{"@id":"https:\/\/haelg.ch\/fr\/#organization"},"potentialAction":[{"@type":"SearchAction","target":{"@type":"EntryPoint","urlTemplate":"https:\/\/haelg.ch\/fr\/?s={search_term_string}"},"query-input":{"@type":"PropertyValueSpecification","valueRequired":true,"valueName":"search_term_string"}}],"inLanguage":"fr-FR"},{"@type":"Organization","@id":"https:\/\/haelg.ch\/fr\/#organization","name":"H\u00e4lg Group","url":"https:\/\/haelg.ch\/fr\/","logo":{"@type":"ImageObject","inLanguage":"fr-FR","@id":"https:\/\/haelg.ch\/fr\/#\/schema\/logo\/image\/","url":"https:\/\/haelg.ch\/app\/uploads\/2025\/01\/haelg-group-logo_1800x1200.jpg","contentUrl":"https:\/\/haelg.ch\/app\/uploads\/2025\/01\/haelg-group-logo_1800x1200.jpg","width":1620,"height":1080,"caption":"H\u00e4lg Group"},"image":{"@id":"https:\/\/haelg.ch\/fr\/#\/schema\/logo\/image\/"},"sameAs":["https:\/\/www.facebook.com\/haelg.ch","https:\/\/www.linkedin.com\/company\/haelggroup\/","https:\/\/www.instagram.com\/haelg.group\/","https:\/\/www.youtube.com\/channel\/UCCP6yzfvj3o6gA9J5L0QJCg\/videos","https:\/\/www.kununu.com\/ch\/haelg-group"]}]}},"_links":{"self":[{"href":"https:\/\/haelg.ch\/fr\/wp-json\/wp\/v2\/pages\/51081","targetHints":{"allow":["GET"]}}],"collection":[{"href":"https:\/\/haelg.ch\/fr\/wp-json\/wp\/v2\/pages"}],"about":[{"href":"https:\/\/haelg.ch\/fr\/wp-json\/wp\/v2\/types\/page"}],"author":[{"embeddable":true,"href":"https:\/\/haelg.ch\/fr\/wp-json\/wp\/v2\/users\/1"}],"replies":[{"embeddable":true,"href":"https:\/\/haelg.ch\/fr\/wp-json\/wp\/v2\/comments?post=51081"}],"version-history":[{"count":7,"href":"https:\/\/haelg.ch\/fr\/wp-json\/wp\/v2\/pages\/51081\/revisions"}],"predecessor-version":[{"id":194871,"href":"https:\/\/haelg.ch\/fr\/wp-json\/wp\/v2\/pages\/51081\/revisions\/194871"}],"wp:featuredmedia":[{"embeddable":true,"href":"https:\/\/haelg.ch\/fr\/wp-json\/wp\/v2\/media\/50743"}],"wp:attachment":[{"href":"https:\/\/haelg.ch\/fr\/wp-json\/wp\/v2\/media?parent=51081"}],"wp:term":[{"taxonomy":"kategorie","embeddable":true,"href":"https:\/\/haelg.ch\/fr\/wp-json\/wp\/v2\/kategorie?post=51081"},{"taxonomy":"angebot","embeddable":true,"href":"https:\/\/haelg.ch\/fr\/wp-json\/wp\/v2\/angebot?post=51081"}],"curies":[{"name":"wp","href":"https:\/\/api.w.org\/{rel}","templated":true}]}}