{"id":51091,"date":"2024-10-24T09:27:20","date_gmt":"2024-10-24T07:27:20","guid":{"rendered":"https:\/\/dev-relaunch.haelg.ch\/?page_id=51091"},"modified":"2025-01-03T10:43:54","modified_gmt":"2025-01-03T09:43:54","slug":"service-de-signalement","status":"publish","type":"page","link":"https:\/\/haelg.ch\/fr\/service-de-signalement\/","title":{"rendered":"Service de signalement"},"content":{"rendered":"\n<div class=\"wp-block-group is-style-shadow is-layout-constrained wp-block-group-is-layout-constrained\">\n<h1 class=\"wp-block-heading\">Service de signalement<\/h1>\n\n\n\n<p>Savez-vous ou supposez-vous que des lois ou des r\u00e8glements sont enfreints au sein du H\u00e4lg Group? Vous pouvez signaler un tel abus au H\u00e4lg Group de mani\u00e8re anonyme, votre signalement sera trait\u00e9 de mani\u00e8re confidentielle.<\/p>\n\n\n\n<p>L\u2019attitude du H\u00e4lg Group envers ses employ\u00e9s, ses partenaires commerciaux, les autorit\u00e9s de surveillance et le public est empreinte d\u2019int\u00e9grit\u00e9, d\u2019\u00e9quit\u00e9 et de professionnalisme. H\u00e4lg Group attend de ses collaborateurs qu\u2019ils aient un comportement irr\u00e9prochable aux plans juridique et moral \u2013 ils doivent conna\u00eetre et appliquer les lois, ordonnances, r\u00e8glements et directives internes qui les concernent.<\/p>\n\n\n\n<p>S\u2019il arrive n\u00e9anmoins que des collaborateurs ou des partenaires commerciaux de l\u2019entreprise se comportent de mani\u00e8re contraire \u00e0 l\u2019\u00e9thique ou qu\u2019ils commettent des infractions p\u00e9nales, vous pouvez annoncer ces faits ou observations sur la plate-forme du H\u00e4lg Group pour les lanceurs d\u2019alerte.<\/p>\n\n\n\n<p><strong>Quelles observations sont consid\u00e9r\u00e9es comme des exemples de faits r\u00e9pr\u00e9hensibles?<\/strong><\/p>\n\n\n\n<ul class=\"wp-block-list\">\n<li>Atteinte \u00e0 l\u2019int\u00e9grit\u00e9 personnelle (par ex. harc\u00e8lement sexuel, discrimination)<\/li>\n\n\n\n<li>Comportement non \u00e9thique<\/li>\n\n\n\n<li>Comportement anticoncurrentiel<\/li>\n\n\n\n<li>Mauvaise gestion financi\u00e8re<\/li>\n\n\n\n<li>Violation des directives et des lois ainsi que de la protection des donn\u00e9es<\/li>\n\n\n\n<li>Comportement pr\u00e9judiciable \u00e0 la r\u00e9putation<\/li>\n\n\n\n<li>Pratiques commerciales douteuses<\/li>\n<\/ul>\n\n\n\n<h2 class=\"wp-block-heading\">Coordonn\u00e9es du service de signalement<\/h2>\n\n\n\n<p>Proitera GmbH<br>Dornacherstrasse 210<br>4053 B\u00e2le<\/p>\n\n\n\n<div class=\"wp-block-buttons is-layout-flex wp-block-buttons-is-layout-flex\">\n<div class=\"wp-block-button is-style-outline is-style-outline--1\"><a class=\"wp-block-button__link wp-element-button\" href=\"https:\/\/online-beratung.proitera.ch\/\" target=\"_blank\" rel=\"noreferrer noopener\">Soumettre un rapport<\/a><\/div>\n<\/div>\n<\/div>\n","protected":false},"excerpt":{"rendered":"<p>Service de signalement Savez-vous ou supposez-vous que des lois ou des r\u00e8glements sont enfreints au sein du H\u00e4lg Group? Vous pouvez signaler un tel abus au H\u00e4lg Group de mani\u00e8re anonyme, votre signalement sera trait\u00e9 de mani\u00e8re confidentielle. L\u2019attitude du H\u00e4lg Group envers ses employ\u00e9s, ses partenaires commerciaux, les autorit\u00e9s de surveillance et le public [&hellip;]<\/p>\n","protected":false},"author":3,"featured_media":0,"parent":0,"menu_order":268,"comment_status":"closed","ping_status":"open","template":"","meta":{"_acf_changed":false,"inline_featured_image":false,"footnotes":""},"kategorie":[],"angebot":[],"class_list":["post-51091","page","type-page","status-publish","hentry"],"acf":[],"yoast_head":"<!-- This site is optimized with the Yoast SEO plugin v27.3 - https:\/\/yoast.com\/product\/yoast-seo-wordpress\/ -->\n<title>Service de signalement | H\u00e4lg Group<\/title>\n<meta name=\"description\" content=\"Savez-vous ou supposez-vous que des lois ou des r\u00e8glements sont enfreints au sein du H\u00e4lg Group? Signalez-le \u00e0 notre service de signalement externe.\" \/>\n<meta name=\"robots\" content=\"index, follow, max-snippet:-1, max-image-preview:large, max-video-preview:-1\" \/>\n<link rel=\"canonical\" href=\"https:\/\/haelg.ch\/fr\/service-de-signalement\/\" \/>\n<meta property=\"og:locale\" content=\"fr_FR\" \/>\n<meta property=\"og:type\" content=\"article\" \/>\n<meta property=\"og:title\" content=\"Service de signalement | H\u00e4lg Group\" \/>\n<meta property=\"og:description\" content=\"Savez-vous ou supposez-vous que des lois ou des r\u00e8glements sont enfreints au sein du H\u00e4lg Group? Signalez-le \u00e0 notre service de signalement externe.\" \/>\n<meta property=\"og:url\" content=\"https:\/\/haelg.ch\/fr\/service-de-signalement\/\" \/>\n<meta property=\"og:site_name\" content=\"H\u00e4lg Group\" \/>\n<meta property=\"article:publisher\" content=\"https:\/\/www.facebook.com\/haelg.ch\" \/>\n<meta property=\"article:modified_time\" content=\"2025-01-03T09:43:54+00:00\" \/>\n<meta property=\"og:image\" content=\"https:\/\/haelg.ch\/app\/uploads\/2025\/02\/logo-haelg-group_1800x1200.jpg\" \/>\n\t<meta property=\"og:image:width\" content=\"1620\" \/>\n\t<meta property=\"og:image:height\" content=\"1080\" \/>\n\t<meta property=\"og:image:type\" content=\"image\/jpeg\" \/>\n<meta name=\"twitter:card\" content=\"summary_large_image\" \/>\n<meta name=\"twitter:label1\" content=\"Dur\u00e9e de lecture estim\u00e9e\" \/>\n\t<meta name=\"twitter:data1\" content=\"2 minutes\" \/>\n<script type=\"application\/ld+json\" class=\"yoast-schema-graph\">{\"@context\":\"https:\\\/\\\/schema.org\",\"@graph\":[{\"@type\":\"WebPage\",\"@id\":\"https:\\\/\\\/haelg.ch\\\/fr\\\/service-de-signalement\\\/\",\"url\":\"https:\\\/\\\/haelg.ch\\\/fr\\\/service-de-signalement\\\/\",\"name\":\"Service de signalement | H\u00e4lg Group\",\"isPartOf\":{\"@id\":\"https:\\\/\\\/haelg.ch\\\/fr\\\/#website\"},\"datePublished\":\"2024-10-24T07:27:20+00:00\",\"dateModified\":\"2025-01-03T09:43:54+00:00\",\"description\":\"Savez-vous ou supposez-vous que des lois ou des r\u00e8glements sont enfreints au sein du H\u00e4lg Group? Signalez-le \u00e0 notre service de signalement externe.\",\"breadcrumb\":{\"@id\":\"https:\\\/\\\/haelg.ch\\\/fr\\\/service-de-signalement\\\/#breadcrumb\"},\"inLanguage\":\"fr-FR\",\"potentialAction\":[{\"@type\":\"ReadAction\",\"target\":[\"https:\\\/\\\/haelg.ch\\\/fr\\\/service-de-signalement\\\/\"]}]},{\"@type\":\"BreadcrumbList\",\"@id\":\"https:\\\/\\\/haelg.ch\\\/fr\\\/service-de-signalement\\\/#breadcrumb\",\"itemListElement\":[{\"@type\":\"ListItem\",\"position\":1,\"name\":\"Accueil\",\"item\":\"https:\\\/\\\/haelg.ch\\\/fr\\\/\"},{\"@type\":\"ListItem\",\"position\":2,\"name\":\"Service de signalement\"}]},{\"@type\":\"WebSite\",\"@id\":\"https:\\\/\\\/haelg.ch\\\/fr\\\/#website\",\"url\":\"https:\\\/\\\/haelg.ch\\\/fr\\\/\",\"name\":\"H\u00e4lg Group\",\"description\":\"\",\"publisher\":{\"@id\":\"https:\\\/\\\/haelg.ch\\\/fr\\\/#organization\"},\"potentialAction\":[{\"@type\":\"SearchAction\",\"target\":{\"@type\":\"EntryPoint\",\"urlTemplate\":\"https:\\\/\\\/haelg.ch\\\/fr\\\/?s={search_term_string}\"},\"query-input\":{\"@type\":\"PropertyValueSpecification\",\"valueRequired\":true,\"valueName\":\"search_term_string\"}}],\"inLanguage\":\"fr-FR\"},{\"@type\":\"Organization\",\"@id\":\"https:\\\/\\\/haelg.ch\\\/fr\\\/#organization\",\"name\":\"H\u00e4lg Group\",\"url\":\"https:\\\/\\\/haelg.ch\\\/fr\\\/\",\"logo\":{\"@type\":\"ImageObject\",\"inLanguage\":\"fr-FR\",\"@id\":\"https:\\\/\\\/haelg.ch\\\/fr\\\/#\\\/schema\\\/logo\\\/image\\\/\",\"url\":\"https:\\\/\\\/haelg.ch\\\/app\\\/uploads\\\/2025\\\/01\\\/haelg-group-logo_1800x1200.jpg\",\"contentUrl\":\"https:\\\/\\\/haelg.ch\\\/app\\\/uploads\\\/2025\\\/01\\\/haelg-group-logo_1800x1200.jpg\",\"width\":1620,\"height\":1080,\"caption\":\"H\u00e4lg Group\"},\"image\":{\"@id\":\"https:\\\/\\\/haelg.ch\\\/fr\\\/#\\\/schema\\\/logo\\\/image\\\/\"},\"sameAs\":[\"https:\\\/\\\/www.facebook.com\\\/haelg.ch\",\"https:\\\/\\\/www.linkedin.com\\\/company\\\/haelggroup\\\/\",\"https:\\\/\\\/www.instagram.com\\\/haelg.group\\\/\",\"https:\\\/\\\/www.youtube.com\\\/channel\\\/UCCP6yzfvj3o6gA9J5L0QJCg\\\/videos\",\"https:\\\/\\\/www.kununu.com\\\/ch\\\/haelg-group\"]}]}<\/script>\n<!-- \/ Yoast SEO plugin. -->","yoast_head_json":{"title":"Service de signalement | H\u00e4lg Group","description":"Savez-vous ou supposez-vous que des lois ou des r\u00e8glements sont enfreints au sein du H\u00e4lg Group? Signalez-le \u00e0 notre service de signalement externe.","robots":{"index":"index","follow":"follow","max-snippet":"max-snippet:-1","max-image-preview":"max-image-preview:large","max-video-preview":"max-video-preview:-1"},"canonical":"https:\/\/haelg.ch\/fr\/service-de-signalement\/","og_locale":"fr_FR","og_type":"article","og_title":"Service de signalement | H\u00e4lg Group","og_description":"Savez-vous ou supposez-vous que des lois ou des r\u00e8glements sont enfreints au sein du H\u00e4lg Group? Signalez-le \u00e0 notre service de signalement externe.","og_url":"https:\/\/haelg.ch\/fr\/service-de-signalement\/","og_site_name":"H\u00e4lg Group","article_publisher":"https:\/\/www.facebook.com\/haelg.ch","article_modified_time":"2025-01-03T09:43:54+00:00","og_image":[{"width":1620,"height":1080,"url":"https:\/\/haelg.ch\/app\/uploads\/2025\/02\/logo-haelg-group_1800x1200.jpg","type":"image\/jpeg"}],"twitter_card":"summary_large_image","twitter_misc":{"Dur\u00e9e de lecture estim\u00e9e":"2 minutes"},"schema":{"@context":"https:\/\/schema.org","@graph":[{"@type":"WebPage","@id":"https:\/\/haelg.ch\/fr\/service-de-signalement\/","url":"https:\/\/haelg.ch\/fr\/service-de-signalement\/","name":"Service de signalement | H\u00e4lg Group","isPartOf":{"@id":"https:\/\/haelg.ch\/fr\/#website"},"datePublished":"2024-10-24T07:27:20+00:00","dateModified":"2025-01-03T09:43:54+00:00","description":"Savez-vous ou supposez-vous que des lois ou des r\u00e8glements sont enfreints au sein du H\u00e4lg Group? Signalez-le \u00e0 notre service de signalement externe.","breadcrumb":{"@id":"https:\/\/haelg.ch\/fr\/service-de-signalement\/#breadcrumb"},"inLanguage":"fr-FR","potentialAction":[{"@type":"ReadAction","target":["https:\/\/haelg.ch\/fr\/service-de-signalement\/"]}]},{"@type":"BreadcrumbList","@id":"https:\/\/haelg.ch\/fr\/service-de-signalement\/#breadcrumb","itemListElement":[{"@type":"ListItem","position":1,"name":"Accueil","item":"https:\/\/haelg.ch\/fr\/"},{"@type":"ListItem","position":2,"name":"Service de signalement"}]},{"@type":"WebSite","@id":"https:\/\/haelg.ch\/fr\/#website","url":"https:\/\/haelg.ch\/fr\/","name":"H\u00e4lg Group","description":"","publisher":{"@id":"https:\/\/haelg.ch\/fr\/#organization"},"potentialAction":[{"@type":"SearchAction","target":{"@type":"EntryPoint","urlTemplate":"https:\/\/haelg.ch\/fr\/?s={search_term_string}"},"query-input":{"@type":"PropertyValueSpecification","valueRequired":true,"valueName":"search_term_string"}}],"inLanguage":"fr-FR"},{"@type":"Organization","@id":"https:\/\/haelg.ch\/fr\/#organization","name":"H\u00e4lg Group","url":"https:\/\/haelg.ch\/fr\/","logo":{"@type":"ImageObject","inLanguage":"fr-FR","@id":"https:\/\/haelg.ch\/fr\/#\/schema\/logo\/image\/","url":"https:\/\/haelg.ch\/app\/uploads\/2025\/01\/haelg-group-logo_1800x1200.jpg","contentUrl":"https:\/\/haelg.ch\/app\/uploads\/2025\/01\/haelg-group-logo_1800x1200.jpg","width":1620,"height":1080,"caption":"H\u00e4lg Group"},"image":{"@id":"https:\/\/haelg.ch\/fr\/#\/schema\/logo\/image\/"},"sameAs":["https:\/\/www.facebook.com\/haelg.ch","https:\/\/www.linkedin.com\/company\/haelggroup\/","https:\/\/www.instagram.com\/haelg.group\/","https:\/\/www.youtube.com\/channel\/UCCP6yzfvj3o6gA9J5L0QJCg\/videos","https:\/\/www.kununu.com\/ch\/haelg-group"]}]}},"_links":{"self":[{"href":"https:\/\/haelg.ch\/fr\/wp-json\/wp\/v2\/pages\/51091","targetHints":{"allow":["GET"]}}],"collection":[{"href":"https:\/\/haelg.ch\/fr\/wp-json\/wp\/v2\/pages"}],"about":[{"href":"https:\/\/haelg.ch\/fr\/wp-json\/wp\/v2\/types\/page"}],"author":[{"embeddable":true,"href":"https:\/\/haelg.ch\/fr\/wp-json\/wp\/v2\/users\/3"}],"replies":[{"embeddable":true,"href":"https:\/\/haelg.ch\/fr\/wp-json\/wp\/v2\/comments?post=51091"}],"version-history":[{"count":3,"href":"https:\/\/haelg.ch\/fr\/wp-json\/wp\/v2\/pages\/51091\/revisions"}],"predecessor-version":[{"id":51201,"href":"https:\/\/haelg.ch\/fr\/wp-json\/wp\/v2\/pages\/51091\/revisions\/51201"}],"wp:attachment":[{"href":"https:\/\/haelg.ch\/fr\/wp-json\/wp\/v2\/media?parent=51091"}],"wp:term":[{"taxonomy":"kategorie","embeddable":true,"href":"https:\/\/haelg.ch\/fr\/wp-json\/wp\/v2\/kategorie?post=51091"},{"taxonomy":"angebot","embeddable":true,"href":"https:\/\/haelg.ch\/fr\/wp-json\/wp\/v2\/angebot?post=51091"}],"curies":[{"name":"wp","href":"https:\/\/api.w.org\/{rel}","templated":true}]}}