{"id":51093,"date":"2024-10-24T09:28:07","date_gmt":"2024-10-24T07:28:07","guid":{"rendered":"https:\/\/dev-relaunch.haelg.ch\/?page_id=51093"},"modified":"2026-01-29T15:36:27","modified_gmt":"2026-01-29T14:36:27","slug":"mentions-legales","status":"publish","type":"page","link":"https:\/\/haelg.ch\/fr\/mentions-legales\/","title":{"rendered":"Mentions l\u00e9gales"},"content":{"rendered":"\n<div class=\"wp-block-group is-style-shadow is-layout-constrained wp-block-group-is-layout-constrained\">\n<h1 class=\"wp-block-heading\">Mentions l\u00e9gales<\/h1>\n\n\n\n<p><em>Actualis\u00e9 le 18 novembre 2025<\/em><\/p>\n\n\n\n<p><strong>Inscription au registre du commerce<br><\/strong>Office du registre du commerce du canton de St-Gall (Suisse)<br>Si\u00e8ge juridique de l\u2019entreprise: St-Gall (Suisse)<br>Forme juridique: soci\u00e9t\u00e9 anonyme<br>IDE: CHE-105.964.621<\/p>\n\n\n\n<p>Num\u00e9ros de la taxe \u00e0 la valeur ajout\u00e9e des entreprises du groupe:<\/p>\n\n\n\n<ul class=\"wp-block-list\">\n<li>Dober AG: CHE-258.412.237 TVA <\/li>\n\n\n\n<li>GOAG General Optimizing AG: CHE-112.975.558 TVA<\/li>\n\n\n\n<li>H\u00e4lg &amp; Co. AG: CHE-105.964.621 TVA<\/li>\n\n\n\n<li>H\u00e4lg Facility Management AG: CHE-101.401.483 TVA<\/li>\n\n\n\n<li>Klima AG: CHE-109.401.104 TVA<\/li>\n\n\n\n<li>Meneo Energie AG: CHE-113.565.401 TVA<\/li>\n\n\n\n<li>Zahn + Co. AG: CHE-101727.051 TVA<\/li>\n<\/ul>\n\n\n\n<p><strong>Repr\u00e9sentants l\u00e9gaux<br><\/strong>Roger Baumer<br>Marcel Baumer<\/p>\n\n\n\n<p><strong>Responsable du contenu<br><\/strong>H\u00e4lg &amp; Cie SA<br>Lukasstrasse 30<br>9001 St-Gall<\/p>\n\n\n\n<p><strong>Responsable du site Internet<br><\/strong>xeit GmbH<br>Limmatstrasse 291<br>9005 Zurich<br><a href=\"https:\/\/xeit.ch\/\">www.xeit.ch<\/a><\/p>\n\n\n\n<p><strong>Cr\u00e9dits photos<\/strong><br>Les photos utilis\u00e9es sur ce site web proviennent principalement de <a href=\"https:\/\/foto-huwi.ch\/\">\u00a9 Michael Huwiler, foto-huwi<\/a>. Certaines images proviennent d&rsquo;autres auteurs, ceux-ci sont indiqu\u00e9s directement sur les images correspondantes.<\/p>\n\n\n\n<p><strong>Conditions d\u2019utilisation<br><\/strong>Le pr\u00e9sent site Internet est celui de\u00a0<strong>H\u00e4lg\u00a0&amp;\u00a0Cie\u00a0SA<\/strong>\u00a0(d\u00e9nomm\u00e9 ci-apr\u00e8s \u00ab<strong>H\u00e4lg Group\u00bb<\/strong>) et de ses soci\u00e9t\u00e9s Dober AG, H\u00e4lg Facility Management AG, Klima SA, Meneo Energie SA, Valcalorie SA und Zahn + Co. AG. En utilisant les sites Internet, vous acceptez nos dispositions relatives \u00e0 l\u2019utilisation et \u00e0 la\u00a0<a href=\"https:\/\/haelg.ch\/fr\/declaration-relative-a-la-protection-des-donnees\/\">protection des donn\u00e9es<\/a>. Aussi, veuillez d\u2019abord lire ces conditions, indiqu\u00e9es ci-apr\u00e8s, avant de naviguer sur le site Internet.<\/p>\n\n\n\n<h3 class=\"wp-block-heading\">1. Contenu de l\u2019offre en ligne<\/h3>\n\n\n\n<p>H\u00e4lg Group n\u2019accorde pas de garantie quant au caract\u00e8re d\u2019actualit\u00e9, \u00e0 l\u2019exactitude, \u00e0 l\u2019exhaustivit\u00e9 ou \u00e0 la qualit\u00e9 des informations fournies. Toute revendication de responsabilit\u00e9 \u00e0 l\u2019\u00e9gard de H\u00e4lg Group pour des dommages de nature mat\u00e9rielle ou intellectuelle d\u00e9coulant de l\u2019utilisation ou la non-utilisation des informations pr\u00e9sent\u00e9es, de m\u00eame que de l\u2019utilisation d\u2019informations incorrectes ou incompl\u00e8tes, est en r\u00e8gle g\u00e9n\u00e9rale exclue dans la mesure o\u00f9 il est impossible de prouver une faute intentionnelle ou une n\u00e9gligence grave de H\u00e4lg Group.<\/p>\n\n\n\n<p><strong>Le pr\u00e9sent site Internet et l\u2019offre de H\u00e4lg Group s\u2019adressent uniquement \u00e0 des personnes priv\u00e9es et entreprises en Suisse.<\/strong><\/p>\n\n\n\n<p>Toutes les offres sont sans engagement et non contractuelles. H\u00e4lg Group se r\u00e9serve express\u00e9ment le droit de modifier sans pr\u00e9avis des parties de page ou toute l\u2019offre, de les compl\u00e9ter, les supprimer ou d\u2019arr\u00eater la publication de fa\u00e7on temporaire ou d\u00e9finitive.<\/p>\n\n\n\n<h3 class=\"wp-block-heading\">2. Renvois et liens<\/h3>\n\n\n\n<p>En cas de renvois directs ou indirects \u00e0 des sites Internet tiers (liens hypertexte) en dehors du champ de responsabilit\u00e9 de H\u00e4lg Group, un cas d\u2019engagement de la responsabilit\u00e9 est uniquement donn\u00e9 si l\u2019auteur conna\u00eet les contenus et s\u2019il aurait eu la possibilit\u00e9 technique dans une mesure raisonnable d\u2019emp\u00eacher l\u2019utilisation de contenus illicites.<\/p>\n\n\n\n<p>H\u00e4lg Group d\u00e9clare par la pr\u00e9sente explicitement que les sites Internet mis en lien n\u2019ont pas fait appara\u00eetre de contenu ill\u00e9gal au moment de cette cr\u00e9ation de lien. H\u00e4lg n\u2019a pas d\u2019influence sur la conception actuelle et\/ou future, sur les contenus ou sur les droits d\u2019auteur relatifs aux sites mis en lien\/associ\u00e9s. C\u2019est pourquoi H\u00e4lg Group se distancie express\u00e9ment de tout contenu de sites mis en lien\/associ\u00e9s qui a \u00e9t\u00e9 modifi\u00e9 apr\u00e8s la mise en lien. Cette observation s\u2019applique \u00e0 tous les liens et renvois utilis\u00e9s au sein de la propre offre Internet, ainsi qu\u2019aux donn\u00e9es externes entr\u00e9es dans les livres d\u2019or, forums de discussion, r\u00e9pertoires de liens, listes de mailing et toutes autres formes de bases de donn\u00e9es \u00e9tablis par H\u00e4lg Group et auxquels on peut acc\u00e9der avec des droits d\u2019\u00e9criture externes. Pour les contenus ill\u00e9gaux, incorrects ou incomplets et, en particulier, pour les dommages r\u00e9sultant de l\u2019utilisation ou de la non-utilisation de telles informations pr\u00e9sent\u00e9es, le fournisseur du site Internet auquel d\u2019autres sites renvoient est seul responsable, et non celui qui renvoie exclusivement \u00e0 la publication correspondante \u00e0 travers des liens.<\/p>\n\n\n\n<h3 class=\"wp-block-heading\">3. Droit d\u2019auteur et des signes distinctifs<\/h3>\n\n\n\n<p>H\u00e4lg Group s\u2019efforce de respecter dans toutes les publications les droits d\u2019auteur des graphiques, documents audio, s\u00e9quences vid\u00e9o et textes utilis\u00e9s, d\u2019avoir recours \u00e0 des graphiques, documents audio, s\u00e9quences vid\u00e9o et textes \u00e9manant de H\u00e4lg Group m\u00eame ou \u00e0 des graphiques, documents audio, s\u00e9quences vid\u00e9o et textes libres de droit.<\/p>\n\n\n\n<p>Toutes les marques (d\u00e9pos\u00e9es) cit\u00e9es dans l\u2019offre Internet et le cas \u00e9ch\u00e9ant prot\u00e9g\u00e9es par des tiers sont sans restrictions r\u00e9gies par les dispositions du droit des signes distinctifs correspondant en vigueur et des droits de propri\u00e9t\u00e9 des propri\u00e9taires correspondants inscrits. La simple mention ne doit pas mener \u00e0 la conclusion que les marques et signes ne sont pas prot\u00e9g\u00e9s par des droits de tiers!<\/p>\n\n\n\n<p>Les droits d\u2019auteur et tous les autres droits d\u00e9tenus sur des contenus, des images, des photos ou d\u2019autres fichiers sur le site Internet appartiennent exclusivement \u00e0 H\u00e4lg Group ou aux titulaires des droits sp\u00e9cialement nomm\u00e9s. La reproduction de tout \u00e9l\u00e9ment exige l\u2019accord \u00e9crit pr\u00e9alable du titulaire du droit d\u2019auteur.<\/p>\n\n\n\n<h3 class=\"wp-block-heading\">4. Utilisation des donn\u00e9es de contact<\/h3>\n\n\n\n<p>L\u2019utilisation des donn\u00e9es de contact publi\u00e9es dans les mentions l\u00e9gales, ou d\u2019indications publiques similaires, telles que des adresses postales, num\u00e9ros de t\u00e9l\u00e9phone, de fax et adresses \u00e9lectroniques, par des tiers dans le but d\u2019envoyer des informations non explicitement sollicit\u00e9es est interdite. H\u00e4lg Group se r\u00e9serve express\u00e9ment le droit d\u2019engager des proc\u00e9dures judiciaires \u00e0 l\u2019encontre des exp\u00e9diteurs d\u2019e-mails dits spams en cas de non-respect de cette interdiction.<\/p>\n\n\n\n<h3 class=\"wp-block-heading\">5. Validit\u00e9 juridique de cette clause de non-responsabilit\u00e9<\/h3>\n\n\n\n<p>Cette clause de non-responsabilit\u00e9 doit \u00eatre consid\u00e9r\u00e9e comme partie de l\u2019offre Internet qui a renvoy\u00e9 \u00e0 cette page. Si des parties ou des formulations de ce texte ne r\u00e9pondent pas, plus ou plus compl\u00e8tement aux dispositions juridiques, les autres parties du pr\u00e9sent document n\u2019en sont pas affect\u00e9es au niveau de leur contenu et de leur validit\u00e9. Dans la mesure o\u00f9 un rapport juridique est fond\u00e9 entre H\u00e4lg Group et les utilisateurs du pr\u00e9sent site Internet, il est soumis au droit suisse sous r\u00e9serve de dispositions l\u00e9gales imp\u00e9ratives. Pour tous litiges li\u00e9s au pr\u00e9sent site Internet, seuls les tribunaux ordinaires de St-Gall (Suisse) sont comp\u00e9tents, sous r\u00e9serve de dispositions l\u00e9gales imp\u00e9ratives.<\/p>\n<\/div>\n\n\n\n<p><\/p>\n","protected":false},"excerpt":{"rendered":"<p>Mentions l\u00e9gales Actualis\u00e9 le 18 novembre 2025 Inscription au registre du commerceOffice du registre du commerce du canton de St-Gall (Suisse)Si\u00e8ge juridique de l\u2019entreprise: St-Gall (Suisse)Forme juridique: soci\u00e9t\u00e9 anonymeIDE: CHE-105.964.621 Num\u00e9ros de la taxe \u00e0 la valeur ajout\u00e9e des entreprises du groupe: Repr\u00e9sentants l\u00e9gauxRoger BaumerMarcel Baumer Responsable du contenuH\u00e4lg &amp; Cie SALukasstrasse 309001 St-Gall Responsable [&hellip;]<\/p>\n","protected":false},"author":3,"featured_media":0,"parent":0,"menu_order":308,"comment_status":"closed","ping_status":"open","template":"","meta":{"_acf_changed":false,"inline_featured_image":false,"footnotes":""},"kategorie":[],"angebot":[],"class_list":["post-51093","page","type-page","status-publish","hentry"],"acf":[],"yoast_head":"<!-- This site is optimized with the Yoast SEO plugin v27.3 - https:\/\/yoast.com\/product\/yoast-seo-wordpress\/ -->\n<title>Mentions l\u00e9gales et conditions d&#039;utilisation | H\u00e4lg Group<\/title>\n<meta name=\"description\" content=\"Le pr\u00e9sent site Internet est celui de H\u00e4lg &amp; Cie SA (d\u00e9nomm\u00e9 ci-apr\u00e8s &quot;H\u00e4lg Group&quot;) et de ses soci\u00e9t\u00e9s Klima SA, Zahn + Co. AG, Meneo Energie SA, Dober AG.\" \/>\n<meta name=\"robots\" content=\"index, follow, max-snippet:-1, max-image-preview:large, max-video-preview:-1\" \/>\n<link rel=\"canonical\" href=\"https:\/\/haelg.ch\/fr\/mentions-legales\/\" \/>\n<meta property=\"og:locale\" content=\"fr_FR\" \/>\n<meta property=\"og:type\" content=\"article\" \/>\n<meta property=\"og:title\" content=\"Mentions l\u00e9gales et conditions d&#039;utilisation | H\u00e4lg Group\" \/>\n<meta property=\"og:description\" content=\"Le pr\u00e9sent site Internet est celui de H\u00e4lg &amp; Cie SA (d\u00e9nomm\u00e9 ci-apr\u00e8s &quot;H\u00e4lg Group&quot;) et de ses soci\u00e9t\u00e9s Klima SA, Zahn + Co. AG, Meneo Energie SA, Dober AG.\" \/>\n<meta property=\"og:url\" content=\"https:\/\/haelg.ch\/fr\/mentions-legales\/\" \/>\n<meta property=\"og:site_name\" content=\"H\u00e4lg Group\" \/>\n<meta property=\"article:publisher\" content=\"https:\/\/www.facebook.com\/haelg.ch\" \/>\n<meta property=\"article:modified_time\" content=\"2026-01-29T14:36:27+00:00\" \/>\n<meta property=\"og:image\" content=\"https:\/\/haelg.ch\/app\/uploads\/2025\/02\/logo-haelg-group_1800x1200.jpg\" \/>\n\t<meta property=\"og:image:width\" content=\"1620\" \/>\n\t<meta property=\"og:image:height\" content=\"1080\" \/>\n\t<meta property=\"og:image:type\" content=\"image\/jpeg\" \/>\n<meta name=\"twitter:card\" content=\"summary_large_image\" \/>\n<script type=\"application\/ld+json\" class=\"yoast-schema-graph\">{\"@context\":\"https:\\\/\\\/schema.org\",\"@graph\":[{\"@type\":\"WebPage\",\"@id\":\"https:\\\/\\\/haelg.ch\\\/fr\\\/mentions-legales\\\/\",\"url\":\"https:\\\/\\\/haelg.ch\\\/fr\\\/mentions-legales\\\/\",\"name\":\"Mentions l\u00e9gales et conditions d'utilisation | H\u00e4lg Group\",\"isPartOf\":{\"@id\":\"https:\\\/\\\/haelg.ch\\\/fr\\\/#website\"},\"datePublished\":\"2024-10-24T07:28:07+00:00\",\"dateModified\":\"2026-01-29T14:36:27+00:00\",\"description\":\"Le pr\u00e9sent site Internet est celui de H\u00e4lg & Cie SA (d\u00e9nomm\u00e9 ci-apr\u00e8s \\\"H\u00e4lg Group\\\") et de ses soci\u00e9t\u00e9s Klima SA, Zahn + Co. AG, Meneo Energie SA, Dober AG.\",\"breadcrumb\":{\"@id\":\"https:\\\/\\\/haelg.ch\\\/fr\\\/mentions-legales\\\/#breadcrumb\"},\"inLanguage\":\"fr-FR\",\"potentialAction\":[{\"@type\":\"ReadAction\",\"target\":[\"https:\\\/\\\/haelg.ch\\\/fr\\\/mentions-legales\\\/\"]}]},{\"@type\":\"BreadcrumbList\",\"@id\":\"https:\\\/\\\/haelg.ch\\\/fr\\\/mentions-legales\\\/#breadcrumb\",\"itemListElement\":[{\"@type\":\"ListItem\",\"position\":1,\"name\":\"Accueil\",\"item\":\"https:\\\/\\\/haelg.ch\\\/fr\\\/\"},{\"@type\":\"ListItem\",\"position\":2,\"name\":\"Mentions l\u00e9gales\"}]},{\"@type\":\"WebSite\",\"@id\":\"https:\\\/\\\/haelg.ch\\\/fr\\\/#website\",\"url\":\"https:\\\/\\\/haelg.ch\\\/fr\\\/\",\"name\":\"H\u00e4lg Group\",\"description\":\"\",\"publisher\":{\"@id\":\"https:\\\/\\\/haelg.ch\\\/fr\\\/#organization\"},\"potentialAction\":[{\"@type\":\"SearchAction\",\"target\":{\"@type\":\"EntryPoint\",\"urlTemplate\":\"https:\\\/\\\/haelg.ch\\\/fr\\\/?s={search_term_string}\"},\"query-input\":{\"@type\":\"PropertyValueSpecification\",\"valueRequired\":true,\"valueName\":\"search_term_string\"}}],\"inLanguage\":\"fr-FR\"},{\"@type\":\"Organization\",\"@id\":\"https:\\\/\\\/haelg.ch\\\/fr\\\/#organization\",\"name\":\"H\u00e4lg Group\",\"url\":\"https:\\\/\\\/haelg.ch\\\/fr\\\/\",\"logo\":{\"@type\":\"ImageObject\",\"inLanguage\":\"fr-FR\",\"@id\":\"https:\\\/\\\/haelg.ch\\\/fr\\\/#\\\/schema\\\/logo\\\/image\\\/\",\"url\":\"https:\\\/\\\/haelg.ch\\\/app\\\/uploads\\\/2025\\\/01\\\/haelg-group-logo_1800x1200.jpg\",\"contentUrl\":\"https:\\\/\\\/haelg.ch\\\/app\\\/uploads\\\/2025\\\/01\\\/haelg-group-logo_1800x1200.jpg\",\"width\":1620,\"height\":1080,\"caption\":\"H\u00e4lg Group\"},\"image\":{\"@id\":\"https:\\\/\\\/haelg.ch\\\/fr\\\/#\\\/schema\\\/logo\\\/image\\\/\"},\"sameAs\":[\"https:\\\/\\\/www.facebook.com\\\/haelg.ch\",\"https:\\\/\\\/www.linkedin.com\\\/company\\\/haelggroup\\\/\",\"https:\\\/\\\/www.instagram.com\\\/haelg.group\\\/\",\"https:\\\/\\\/www.youtube.com\\\/channel\\\/UCCP6yzfvj3o6gA9J5L0QJCg\\\/videos\",\"https:\\\/\\\/www.kununu.com\\\/ch\\\/haelg-group\"]}]}<\/script>\n<!-- \/ Yoast SEO plugin. -->","yoast_head_json":{"title":"Mentions l\u00e9gales et conditions d'utilisation | H\u00e4lg Group","description":"Le pr\u00e9sent site Internet est celui de H\u00e4lg & Cie SA (d\u00e9nomm\u00e9 ci-apr\u00e8s \"H\u00e4lg Group\") et de ses soci\u00e9t\u00e9s Klima SA, Zahn + Co. AG, Meneo Energie SA, Dober AG.","robots":{"index":"index","follow":"follow","max-snippet":"max-snippet:-1","max-image-preview":"max-image-preview:large","max-video-preview":"max-video-preview:-1"},"canonical":"https:\/\/haelg.ch\/fr\/mentions-legales\/","og_locale":"fr_FR","og_type":"article","og_title":"Mentions l\u00e9gales et conditions d'utilisation | H\u00e4lg Group","og_description":"Le pr\u00e9sent site Internet est celui de H\u00e4lg & Cie SA (d\u00e9nomm\u00e9 ci-apr\u00e8s \"H\u00e4lg Group\") et de ses soci\u00e9t\u00e9s Klima SA, Zahn + Co. AG, Meneo Energie SA, Dober AG.","og_url":"https:\/\/haelg.ch\/fr\/mentions-legales\/","og_site_name":"H\u00e4lg Group","article_publisher":"https:\/\/www.facebook.com\/haelg.ch","article_modified_time":"2026-01-29T14:36:27+00:00","og_image":[{"width":1620,"height":1080,"url":"https:\/\/haelg.ch\/app\/uploads\/2025\/02\/logo-haelg-group_1800x1200.jpg","type":"image\/jpeg"}],"twitter_card":"summary_large_image","schema":{"@context":"https:\/\/schema.org","@graph":[{"@type":"WebPage","@id":"https:\/\/haelg.ch\/fr\/mentions-legales\/","url":"https:\/\/haelg.ch\/fr\/mentions-legales\/","name":"Mentions l\u00e9gales et conditions d'utilisation | H\u00e4lg Group","isPartOf":{"@id":"https:\/\/haelg.ch\/fr\/#website"},"datePublished":"2024-10-24T07:28:07+00:00","dateModified":"2026-01-29T14:36:27+00:00","description":"Le pr\u00e9sent site Internet est celui de H\u00e4lg & Cie SA (d\u00e9nomm\u00e9 ci-apr\u00e8s \"H\u00e4lg Group\") et de ses soci\u00e9t\u00e9s Klima SA, Zahn + Co. AG, Meneo Energie SA, Dober AG.","breadcrumb":{"@id":"https:\/\/haelg.ch\/fr\/mentions-legales\/#breadcrumb"},"inLanguage":"fr-FR","potentialAction":[{"@type":"ReadAction","target":["https:\/\/haelg.ch\/fr\/mentions-legales\/"]}]},{"@type":"BreadcrumbList","@id":"https:\/\/haelg.ch\/fr\/mentions-legales\/#breadcrumb","itemListElement":[{"@type":"ListItem","position":1,"name":"Accueil","item":"https:\/\/haelg.ch\/fr\/"},{"@type":"ListItem","position":2,"name":"Mentions l\u00e9gales"}]},{"@type":"WebSite","@id":"https:\/\/haelg.ch\/fr\/#website","url":"https:\/\/haelg.ch\/fr\/","name":"H\u00e4lg Group","description":"","publisher":{"@id":"https:\/\/haelg.ch\/fr\/#organization"},"potentialAction":[{"@type":"SearchAction","target":{"@type":"EntryPoint","urlTemplate":"https:\/\/haelg.ch\/fr\/?s={search_term_string}"},"query-input":{"@type":"PropertyValueSpecification","valueRequired":true,"valueName":"search_term_string"}}],"inLanguage":"fr-FR"},{"@type":"Organization","@id":"https:\/\/haelg.ch\/fr\/#organization","name":"H\u00e4lg Group","url":"https:\/\/haelg.ch\/fr\/","logo":{"@type":"ImageObject","inLanguage":"fr-FR","@id":"https:\/\/haelg.ch\/fr\/#\/schema\/logo\/image\/","url":"https:\/\/haelg.ch\/app\/uploads\/2025\/01\/haelg-group-logo_1800x1200.jpg","contentUrl":"https:\/\/haelg.ch\/app\/uploads\/2025\/01\/haelg-group-logo_1800x1200.jpg","width":1620,"height":1080,"caption":"H\u00e4lg Group"},"image":{"@id":"https:\/\/haelg.ch\/fr\/#\/schema\/logo\/image\/"},"sameAs":["https:\/\/www.facebook.com\/haelg.ch","https:\/\/www.linkedin.com\/company\/haelggroup\/","https:\/\/www.instagram.com\/haelg.group\/","https:\/\/www.youtube.com\/channel\/UCCP6yzfvj3o6gA9J5L0QJCg\/videos","https:\/\/www.kununu.com\/ch\/haelg-group"]}]}},"_links":{"self":[{"href":"https:\/\/haelg.ch\/fr\/wp-json\/wp\/v2\/pages\/51093","targetHints":{"allow":["GET"]}}],"collection":[{"href":"https:\/\/haelg.ch\/fr\/wp-json\/wp\/v2\/pages"}],"about":[{"href":"https:\/\/haelg.ch\/fr\/wp-json\/wp\/v2\/types\/page"}],"author":[{"embeddable":true,"href":"https:\/\/haelg.ch\/fr\/wp-json\/wp\/v2\/users\/3"}],"replies":[{"embeddable":true,"href":"https:\/\/haelg.ch\/fr\/wp-json\/wp\/v2\/comments?post=51093"}],"version-history":[{"count":9,"href":"https:\/\/haelg.ch\/fr\/wp-json\/wp\/v2\/pages\/51093\/revisions"}],"predecessor-version":[{"id":170151,"href":"https:\/\/haelg.ch\/fr\/wp-json\/wp\/v2\/pages\/51093\/revisions\/170151"}],"wp:attachment":[{"href":"https:\/\/haelg.ch\/fr\/wp-json\/wp\/v2\/media?parent=51093"}],"wp:term":[{"taxonomy":"kategorie","embeddable":true,"href":"https:\/\/haelg.ch\/fr\/wp-json\/wp\/v2\/kategorie?post=51093"},{"taxonomy":"angebot","embeddable":true,"href":"https:\/\/haelg.ch\/fr\/wp-json\/wp\/v2\/angebot?post=51093"}],"curies":[{"name":"wp","href":"https:\/\/api.w.org\/{rel}","templated":true}]}}