{"id":51237,"date":"2024-10-24T08:48:47","date_gmt":"2024-10-24T06:48:47","guid":{"rendered":"https:\/\/dev-relaunch.haelg.ch\/fournisseurs\/rechnungsversand\/"},"modified":"2026-02-02T09:19:08","modified_gmt":"2026-02-02T08:19:08","slug":"envoyer-des-factures","status":"publish","type":"page","link":"https:\/\/haelg.ch\/fr\/fournisseurs\/envoyer-des-factures\/","title":{"rendered":"Factures \u00e0 H\u00e4lg\u00a0Group"},"content":{"rendered":"\n<div class=\"wp-block-media-text alignwide is-stacked-on-mobile has-background-color has-secondary-background-color has-text-color has-background has-link-color wp-elements-aaeb5e5123fffb1f4e4469ff73dbbd39\" style=\"grid-template-columns:60% auto\"><figure class=\"wp-block-media-text__media\"><img decoding=\"async\" width=\"1024\" height=\"1024\" loading=\"lazy\" src=\"https:\/\/haelg.ch\/app\/uploads\/2024\/11\/rechnungsversand-an-haelg-group_2400x2400-1024x1024.jpg\" alt=\"Envoi num\u00e9rique des factures du H\u00e4lg Group.\" class=\"wp-image-46640 size-full\" srcset=\"https:\/\/haelg.ch\/app\/uploads\/2024\/11\/rechnungsversand-an-haelg-group_2400x2400-1024x1024.jpg 1024w, https:\/\/haelg.ch\/app\/uploads\/2024\/11\/rechnungsversand-an-haelg-group_2400x2400-300x300.jpg 300w, https:\/\/haelg.ch\/app\/uploads\/2024\/11\/rechnungsversand-an-haelg-group_2400x2400-150x150.jpg 150w, https:\/\/haelg.ch\/app\/uploads\/2024\/11\/rechnungsversand-an-haelg-group_2400x2400-768x768.jpg 768w, https:\/\/haelg.ch\/app\/uploads\/2024\/11\/rechnungsversand-an-haelg-group_2400x2400-1536x1536.jpg 1536w, https:\/\/haelg.ch\/app\/uploads\/2024\/11\/rechnungsversand-an-haelg-group_2400x2400-2048x2048.jpg 2048w\" sizes=\"auto, (max-width: 1024px) 100vw, 1024px\" \/><\/figure><div class=\"wp-block-media-text__content\"><div class=\"yoast-breadcrumbs\"><span><span><a href=\"https:\/\/haelg.ch\/fr\/\">Accueil<\/a><\/span> <span class=\"separator\"><\/span> <span><a href=\"https:\/\/haelg.ch\/fr\/fournisseurs\/\">Fournisseurs<\/a><\/span> <span class=\"separator\"><\/span> <span class=\"breadcrumb_last\" aria-current=\"page\">Factures \u00e0 H\u00e4lg\u00a0Group<\/span><\/span><\/div>\n\n\n<h1 class=\"wp-block-heading\">Factures \u00e0 H\u00e4lg&nbsp;Group<\/h1>\n\n\n\n<p>Un bon traitement des factures pr\u00e9suppose le respect de nos processus standard par nos fabricants. Veuillez de ce fait tenir compte des directives suivantes lors de l\u2019\u00e9tablissement et de l\u2019envoi de vos factures \u00e0 H\u00e4lg&nbsp;Group.<\/p>\n<\/div><\/div>\n\n\n\n<div class=\"wp-block-media-text is-stacked-on-mobile is-image-fill-element has-lightgray-background-color has-background\" id=\"rechnung\"><figure class=\"wp-block-media-text__media\"><img decoding=\"async\" width=\"1024\" height=\"768\" loading=\"lazy\" src=\"https:\/\/haelg.ch\/app\/uploads\/2024\/11\/rechnungsstellung-haelg-group_1600x1200-1024x768.jpg\" alt=\"Trois collaboratrices du H\u00e4lg Group lors d'une r\u00e9union.\" class=\"wp-image-46616 size-full\" style=\"object-position:50% 50%\" srcset=\"https:\/\/haelg.ch\/app\/uploads\/2024\/11\/rechnungsstellung-haelg-group_1600x1200-1024x768.jpg 1024w, https:\/\/haelg.ch\/app\/uploads\/2024\/11\/rechnungsstellung-haelg-group_1600x1200-300x225.jpg 300w, https:\/\/haelg.ch\/app\/uploads\/2024\/11\/rechnungsstellung-haelg-group_1600x1200-768x576.jpg 768w, https:\/\/haelg.ch\/app\/uploads\/2024\/11\/rechnungsstellung-haelg-group_1600x1200-1536x1152.jpg 1536w, https:\/\/haelg.ch\/app\/uploads\/2024\/11\/rechnungsstellung-haelg-group_1600x1200.jpg 1600w\" sizes=\"auto, (max-width: 1024px) 100vw, 1024px\" \/><\/figure><div class=\"wp-block-media-text__content\">\n<h2 class=\"wp-block-heading\">Envoi de vos factures \u00e0 H\u00e4lg&nbsp;Group<\/h2>\n\n\n\n<p>Il est seulement encore permis d\u2019envoyer les factures par PDF \u00e0 des adresses e-mail d\u00e9finies.<\/p>\n\n\n\n<div class=\"wp-block-buttons is-layout-flex wp-block-buttons-is-layout-flex\">\n<div class=\"wp-block-button is-style-outline is-style-outline--1\"><a class=\"wp-block-button__link wp-element-button\" href=\"https:\/\/haelg.ch\/app\/uploads\/2026\/02\/HB0107-HG-ONVENTIS-Instructions-pour-fournisseurs.pdf\" target=\"_blank\" rel=\"noreferrer noopener\">Acc\u00e9der aux instructions de facturation<\/a><\/div>\n<\/div>\n<\/div><\/div>\n\n\n\n<div class=\"wp-block-media-text has-media-on-the-right is-stacked-on-mobile is-image-fill-element has-background-color has-secondary-background-color has-text-color has-background has-link-color wp-elements-309d2577d9af379b553f36c5daec7d2b\"><div class=\"wp-block-media-text__content\">\n<h2 class=\"wp-block-heading\">Mentions n\u00e9cessaires sur les factures<\/h2>\n\n\n\n<p>Veuillez indiquer les donn\u00e9es suivantes sur votre facture:<\/p>\n\n\n\n<ul class=\"wp-block-list\">\n<li>N\u00b0 de commande (\u00e0 10&nbsp;positions): ON101xxxxx<\/li>\n\n\n\n<li>Nom et num\u00e9ro de projet selon commande<\/li>\n\n\n\n<li>Nom du passeur de commande<\/li>\n<\/ul>\n<\/div><figure class=\"wp-block-media-text__media\"><img decoding=\"async\" width=\"1024\" height=\"768\" loading=\"lazy\" src=\"https:\/\/haelg.ch\/app\/uploads\/2024\/11\/couverts-rechnungsversand-an-haelg-group_1600x1200-1024x768.jpg\" alt=\"Une pile d'enveloppes du H\u00e4lg Group.\" class=\"wp-image-46642 size-full\" style=\"object-position:50% 50%\" srcset=\"https:\/\/haelg.ch\/app\/uploads\/2024\/11\/couverts-rechnungsversand-an-haelg-group_1600x1200-1024x768.jpg 1024w, https:\/\/haelg.ch\/app\/uploads\/2024\/11\/couverts-rechnungsversand-an-haelg-group_1600x1200-300x225.jpg 300w, https:\/\/haelg.ch\/app\/uploads\/2024\/11\/couverts-rechnungsversand-an-haelg-group_1600x1200-768x576.jpg 768w, https:\/\/haelg.ch\/app\/uploads\/2024\/11\/couverts-rechnungsversand-an-haelg-group_1600x1200-1536x1152.jpg 1536w, https:\/\/haelg.ch\/app\/uploads\/2024\/11\/couverts-rechnungsversand-an-haelg-group_1600x1200.jpg 1600w\" sizes=\"auto, (max-width: 1024px) 100vw, 1024px\" \/><\/figure><\/div>\n\n\n\n<div class=\"wp-block-media-text has-media-on-the-right is-stacked-on-mobile has-background-color has-secondary-background-color has-text-color has-background has-link-color wp-elements-676aa6ed2b11690f503fb1a59c447d1e\"><div class=\"wp-block-media-text__content\">\n<h2 class=\"wp-block-heading\">Contacter la comptabilit\u00e9<\/h2>\n\n\n\n<p>Vous avez des questions sur le traitement des factures? La comptabilit\u00e9 de H\u00e4lg Group est \u00e0 votre service.<\/p>\n\n\n\n<div class=\"wp-block-buttons is-layout-flex wp-block-buttons-is-layout-flex\">\n<div class=\"wp-block-button is-style-outline is-style-outline--2\"><a class=\"wp-block-button__link wp-element-button\" href=\"mailto:buchhaltung@haelg.ch\" target=\"_blank\" rel=\"noreferrer noopener\">Contacter la comptabilit\u00e9 de H\u00e4lg Group<\/a><\/div>\n<\/div>\n<\/div><figure class=\"wp-block-media-text__media\"><img decoding=\"async\" width=\"1024\" height=\"768\" loading=\"lazy\" src=\"https:\/\/haelg.ch\/app\/uploads\/2024\/11\/campus-hotel-hertenstein-weggis-haelg-group_1600x1200-1024x768.jpg\" alt=\"Chef de projet en automatisation des b\u00e2timents au t\u00e9l\u00e9phone.\" class=\"wp-image-46600 size-full\" srcset=\"https:\/\/haelg.ch\/app\/uploads\/2024\/11\/campus-hotel-hertenstein-weggis-haelg-group_1600x1200-1024x768.jpg 1024w, https:\/\/haelg.ch\/app\/uploads\/2024\/11\/campus-hotel-hertenstein-weggis-haelg-group_1600x1200-300x225.jpg 300w, https:\/\/haelg.ch\/app\/uploads\/2024\/11\/campus-hotel-hertenstein-weggis-haelg-group_1600x1200-768x576.jpg 768w, https:\/\/haelg.ch\/app\/uploads\/2024\/11\/campus-hotel-hertenstein-weggis-haelg-group_1600x1200-1536x1152.jpg 1536w, https:\/\/haelg.ch\/app\/uploads\/2024\/11\/campus-hotel-hertenstein-weggis-haelg-group_1600x1200.jpg 1600w\" sizes=\"auto, (max-width: 1024px) 100vw, 1024px\" \/><\/figure><\/div>\n\n\n\n<p><\/p>\n","protected":false},"excerpt":{"rendered":"","protected":false},"author":3,"featured_media":0,"parent":51089,"menu_order":264,"comment_status":"closed","ping_status":"closed","template":"","meta":{"_acf_changed":false,"inline_featured_image":false,"footnotes":""},"kategorie":[],"angebot":[],"class_list":["post-51237","page","type-page","status-publish","hentry"],"acf":[],"yoast_head":"<!-- This site is optimized with the Yoast SEO plugin v27.3 - https:\/\/yoast.com\/product\/yoast-seo-wordpress\/ -->\n<title>Traitement des factures | H\u00e4lg Group<\/title>\n<meta name=\"description\" content=\"Nos processus d&#039;achat num\u00e9riques permettent d&#039;envoyer directement votre facture au format PDF \u00e0 une adresse e-mail d\u00e9finie.\" \/>\n<meta name=\"robots\" content=\"index, follow, max-snippet:-1, max-image-preview:large, max-video-preview:-1\" \/>\n<link rel=\"canonical\" href=\"https:\/\/haelg.ch\/fr\/fournisseurs\/envoyer-des-factures\/\" \/>\n<meta property=\"og:locale\" content=\"fr_FR\" \/>\n<meta property=\"og:type\" content=\"article\" \/>\n<meta property=\"og:title\" content=\"Traitement des factures | H\u00e4lg Group\" \/>\n<meta property=\"og:description\" content=\"Nos processus d&#039;achat num\u00e9riques permettent d&#039;envoyer directement votre facture au format PDF \u00e0 une adresse e-mail d\u00e9finie.\" \/>\n<meta property=\"og:url\" content=\"https:\/\/haelg.ch\/fr\/fournisseurs\/envoyer-des-factures\/\" \/>\n<meta property=\"og:site_name\" content=\"H\u00e4lg Group\" \/>\n<meta property=\"article:publisher\" content=\"https:\/\/www.facebook.com\/haelg.ch\" \/>\n<meta property=\"article:modified_time\" content=\"2026-02-02T08:19:08+00:00\" \/>\n<meta property=\"og:image\" content=\"https:\/\/haelg.ch\/app\/uploads\/2024\/11\/rechnungsversand-an-haelg-group_2400x2400.jpg\" \/>\n\t<meta property=\"og:image:width\" content=\"2400\" \/>\n\t<meta property=\"og:image:height\" content=\"2400\" \/>\n\t<meta property=\"og:image:type\" content=\"image\/jpeg\" \/>\n<meta name=\"twitter:card\" content=\"summary_large_image\" \/>\n<meta name=\"twitter:label1\" content=\"Dur\u00e9e de lecture estim\u00e9e\" \/>\n\t<meta name=\"twitter:data1\" content=\"2 minutes\" \/>\n<script type=\"application\/ld+json\" class=\"yoast-schema-graph\">{\"@context\":\"https:\\\/\\\/schema.org\",\"@graph\":[{\"@type\":\"WebPage\",\"@id\":\"https:\\\/\\\/haelg.ch\\\/fr\\\/fournisseurs\\\/envoyer-des-factures\\\/\",\"url\":\"https:\\\/\\\/haelg.ch\\\/fr\\\/fournisseurs\\\/envoyer-des-factures\\\/\",\"name\":\"Traitement des factures | H\u00e4lg Group\",\"isPartOf\":{\"@id\":\"https:\\\/\\\/haelg.ch\\\/fr\\\/#website\"},\"primaryImageOfPage\":{\"@id\":\"https:\\\/\\\/haelg.ch\\\/fr\\\/fournisseurs\\\/envoyer-des-factures\\\/#primaryimage\"},\"image\":{\"@id\":\"https:\\\/\\\/haelg.ch\\\/fr\\\/fournisseurs\\\/envoyer-des-factures\\\/#primaryimage\"},\"thumbnailUrl\":\"https:\\\/\\\/haelg.ch\\\/app\\\/uploads\\\/2024\\\/11\\\/rechnungsversand-an-haelg-group_2400x2400-1024x1024.jpg\",\"datePublished\":\"2024-10-24T06:48:47+00:00\",\"dateModified\":\"2026-02-02T08:19:08+00:00\",\"description\":\"Nos processus d'achat num\u00e9riques permettent d'envoyer directement votre facture au format PDF \u00e0 une adresse e-mail d\u00e9finie.\",\"breadcrumb\":{\"@id\":\"https:\\\/\\\/haelg.ch\\\/fr\\\/fournisseurs\\\/envoyer-des-factures\\\/#breadcrumb\"},\"inLanguage\":\"fr-FR\",\"potentialAction\":[{\"@type\":\"ReadAction\",\"target\":[\"https:\\\/\\\/haelg.ch\\\/fr\\\/fournisseurs\\\/envoyer-des-factures\\\/\"]}]},{\"@type\":\"ImageObject\",\"inLanguage\":\"fr-FR\",\"@id\":\"https:\\\/\\\/haelg.ch\\\/fr\\\/fournisseurs\\\/envoyer-des-factures\\\/#primaryimage\",\"url\":\"https:\\\/\\\/haelg.ch\\\/app\\\/uploads\\\/2024\\\/11\\\/rechnungsversand-an-haelg-group_2400x2400-1024x1024.jpg\",\"contentUrl\":\"https:\\\/\\\/haelg.ch\\\/app\\\/uploads\\\/2024\\\/11\\\/rechnungsversand-an-haelg-group_2400x2400-1024x1024.jpg\"},{\"@type\":\"BreadcrumbList\",\"@id\":\"https:\\\/\\\/haelg.ch\\\/fr\\\/fournisseurs\\\/envoyer-des-factures\\\/#breadcrumb\",\"itemListElement\":[{\"@type\":\"ListItem\",\"position\":1,\"name\":\"Accueil\",\"item\":\"https:\\\/\\\/haelg.ch\\\/fr\\\/\"},{\"@type\":\"ListItem\",\"position\":2,\"name\":\"Fournisseurs\",\"item\":\"https:\\\/\\\/haelg.ch\\\/fr\\\/fournisseurs\\\/\"},{\"@type\":\"ListItem\",\"position\":3,\"name\":\"Factures \u00e0 H\u00e4lg\u00a0Group\"}]},{\"@type\":\"WebSite\",\"@id\":\"https:\\\/\\\/haelg.ch\\\/fr\\\/#website\",\"url\":\"https:\\\/\\\/haelg.ch\\\/fr\\\/\",\"name\":\"H\u00e4lg Group\",\"description\":\"\",\"publisher\":{\"@id\":\"https:\\\/\\\/haelg.ch\\\/fr\\\/#organization\"},\"potentialAction\":[{\"@type\":\"SearchAction\",\"target\":{\"@type\":\"EntryPoint\",\"urlTemplate\":\"https:\\\/\\\/haelg.ch\\\/fr\\\/?s={search_term_string}\"},\"query-input\":{\"@type\":\"PropertyValueSpecification\",\"valueRequired\":true,\"valueName\":\"search_term_string\"}}],\"inLanguage\":\"fr-FR\"},{\"@type\":\"Organization\",\"@id\":\"https:\\\/\\\/haelg.ch\\\/fr\\\/#organization\",\"name\":\"H\u00e4lg Group\",\"url\":\"https:\\\/\\\/haelg.ch\\\/fr\\\/\",\"logo\":{\"@type\":\"ImageObject\",\"inLanguage\":\"fr-FR\",\"@id\":\"https:\\\/\\\/haelg.ch\\\/fr\\\/#\\\/schema\\\/logo\\\/image\\\/\",\"url\":\"https:\\\/\\\/haelg.ch\\\/app\\\/uploads\\\/2025\\\/01\\\/haelg-group-logo_1800x1200.jpg\",\"contentUrl\":\"https:\\\/\\\/haelg.ch\\\/app\\\/uploads\\\/2025\\\/01\\\/haelg-group-logo_1800x1200.jpg\",\"width\":1620,\"height\":1080,\"caption\":\"H\u00e4lg Group\"},\"image\":{\"@id\":\"https:\\\/\\\/haelg.ch\\\/fr\\\/#\\\/schema\\\/logo\\\/image\\\/\"},\"sameAs\":[\"https:\\\/\\\/www.facebook.com\\\/haelg.ch\",\"https:\\\/\\\/www.linkedin.com\\\/company\\\/haelggroup\\\/\",\"https:\\\/\\\/www.instagram.com\\\/haelg.group\\\/\",\"https:\\\/\\\/www.youtube.com\\\/channel\\\/UCCP6yzfvj3o6gA9J5L0QJCg\\\/videos\",\"https:\\\/\\\/www.kununu.com\\\/ch\\\/haelg-group\"]}]}<\/script>\n<!-- \/ Yoast SEO plugin. -->","yoast_head_json":{"title":"Traitement des factures | H\u00e4lg Group","description":"Nos processus d'achat num\u00e9riques permettent d'envoyer directement votre facture au format PDF \u00e0 une adresse e-mail d\u00e9finie.","robots":{"index":"index","follow":"follow","max-snippet":"max-snippet:-1","max-image-preview":"max-image-preview:large","max-video-preview":"max-video-preview:-1"},"canonical":"https:\/\/haelg.ch\/fr\/fournisseurs\/envoyer-des-factures\/","og_locale":"fr_FR","og_type":"article","og_title":"Traitement des factures | H\u00e4lg Group","og_description":"Nos processus d'achat num\u00e9riques permettent d'envoyer directement votre facture au format PDF \u00e0 une adresse e-mail d\u00e9finie.","og_url":"https:\/\/haelg.ch\/fr\/fournisseurs\/envoyer-des-factures\/","og_site_name":"H\u00e4lg Group","article_publisher":"https:\/\/www.facebook.com\/haelg.ch","article_modified_time":"2026-02-02T08:19:08+00:00","og_image":[{"width":2400,"height":2400,"url":"https:\/\/haelg.ch\/app\/uploads\/2024\/11\/rechnungsversand-an-haelg-group_2400x2400.jpg","type":"image\/jpeg"}],"twitter_card":"summary_large_image","twitter_misc":{"Dur\u00e9e de lecture estim\u00e9e":"2 minutes"},"schema":{"@context":"https:\/\/schema.org","@graph":[{"@type":"WebPage","@id":"https:\/\/haelg.ch\/fr\/fournisseurs\/envoyer-des-factures\/","url":"https:\/\/haelg.ch\/fr\/fournisseurs\/envoyer-des-factures\/","name":"Traitement des factures | H\u00e4lg Group","isPartOf":{"@id":"https:\/\/haelg.ch\/fr\/#website"},"primaryImageOfPage":{"@id":"https:\/\/haelg.ch\/fr\/fournisseurs\/envoyer-des-factures\/#primaryimage"},"image":{"@id":"https:\/\/haelg.ch\/fr\/fournisseurs\/envoyer-des-factures\/#primaryimage"},"thumbnailUrl":"https:\/\/haelg.ch\/app\/uploads\/2024\/11\/rechnungsversand-an-haelg-group_2400x2400-1024x1024.jpg","datePublished":"2024-10-24T06:48:47+00:00","dateModified":"2026-02-02T08:19:08+00:00","description":"Nos processus d'achat num\u00e9riques permettent d'envoyer directement votre facture au format PDF \u00e0 une adresse e-mail d\u00e9finie.","breadcrumb":{"@id":"https:\/\/haelg.ch\/fr\/fournisseurs\/envoyer-des-factures\/#breadcrumb"},"inLanguage":"fr-FR","potentialAction":[{"@type":"ReadAction","target":["https:\/\/haelg.ch\/fr\/fournisseurs\/envoyer-des-factures\/"]}]},{"@type":"ImageObject","inLanguage":"fr-FR","@id":"https:\/\/haelg.ch\/fr\/fournisseurs\/envoyer-des-factures\/#primaryimage","url":"https:\/\/haelg.ch\/app\/uploads\/2024\/11\/rechnungsversand-an-haelg-group_2400x2400-1024x1024.jpg","contentUrl":"https:\/\/haelg.ch\/app\/uploads\/2024\/11\/rechnungsversand-an-haelg-group_2400x2400-1024x1024.jpg"},{"@type":"BreadcrumbList","@id":"https:\/\/haelg.ch\/fr\/fournisseurs\/envoyer-des-factures\/#breadcrumb","itemListElement":[{"@type":"ListItem","position":1,"name":"Accueil","item":"https:\/\/haelg.ch\/fr\/"},{"@type":"ListItem","position":2,"name":"Fournisseurs","item":"https:\/\/haelg.ch\/fr\/fournisseurs\/"},{"@type":"ListItem","position":3,"name":"Factures \u00e0 H\u00e4lg\u00a0Group"}]},{"@type":"WebSite","@id":"https:\/\/haelg.ch\/fr\/#website","url":"https:\/\/haelg.ch\/fr\/","name":"H\u00e4lg Group","description":"","publisher":{"@id":"https:\/\/haelg.ch\/fr\/#organization"},"potentialAction":[{"@type":"SearchAction","target":{"@type":"EntryPoint","urlTemplate":"https:\/\/haelg.ch\/fr\/?s={search_term_string}"},"query-input":{"@type":"PropertyValueSpecification","valueRequired":true,"valueName":"search_term_string"}}],"inLanguage":"fr-FR"},{"@type":"Organization","@id":"https:\/\/haelg.ch\/fr\/#organization","name":"H\u00e4lg Group","url":"https:\/\/haelg.ch\/fr\/","logo":{"@type":"ImageObject","inLanguage":"fr-FR","@id":"https:\/\/haelg.ch\/fr\/#\/schema\/logo\/image\/","url":"https:\/\/haelg.ch\/app\/uploads\/2025\/01\/haelg-group-logo_1800x1200.jpg","contentUrl":"https:\/\/haelg.ch\/app\/uploads\/2025\/01\/haelg-group-logo_1800x1200.jpg","width":1620,"height":1080,"caption":"H\u00e4lg Group"},"image":{"@id":"https:\/\/haelg.ch\/fr\/#\/schema\/logo\/image\/"},"sameAs":["https:\/\/www.facebook.com\/haelg.ch","https:\/\/www.linkedin.com\/company\/haelggroup\/","https:\/\/www.instagram.com\/haelg.group\/","https:\/\/www.youtube.com\/channel\/UCCP6yzfvj3o6gA9J5L0QJCg\/videos","https:\/\/www.kununu.com\/ch\/haelg-group"]}]}},"_links":{"self":[{"href":"https:\/\/haelg.ch\/fr\/wp-json\/wp\/v2\/pages\/51237","targetHints":{"allow":["GET"]}}],"collection":[{"href":"https:\/\/haelg.ch\/fr\/wp-json\/wp\/v2\/pages"}],"about":[{"href":"https:\/\/haelg.ch\/fr\/wp-json\/wp\/v2\/types\/page"}],"author":[{"embeddable":true,"href":"https:\/\/haelg.ch\/fr\/wp-json\/wp\/v2\/users\/3"}],"replies":[{"embeddable":true,"href":"https:\/\/haelg.ch\/fr\/wp-json\/wp\/v2\/comments?post=51237"}],"version-history":[{"count":11,"href":"https:\/\/haelg.ch\/fr\/wp-json\/wp\/v2\/pages\/51237\/revisions"}],"predecessor-version":[{"id":201262,"href":"https:\/\/haelg.ch\/fr\/wp-json\/wp\/v2\/pages\/51237\/revisions\/201262"}],"up":[{"embeddable":true,"href":"https:\/\/haelg.ch\/fr\/wp-json\/wp\/v2\/pages\/51089"}],"wp:attachment":[{"href":"https:\/\/haelg.ch\/fr\/wp-json\/wp\/v2\/media?parent=51237"}],"wp:term":[{"taxonomy":"kategorie","embeddable":true,"href":"https:\/\/haelg.ch\/fr\/wp-json\/wp\/v2\/kategorie?post=51237"},{"taxonomy":"angebot","embeddable":true,"href":"https:\/\/haelg.ch\/fr\/wp-json\/wp\/v2\/angebot?post=51237"}],"curies":[{"name":"wp","href":"https:\/\/api.w.org\/{rel}","templated":true}]}}