{"id":51962,"date":"2024-09-24T13:24:37","date_gmt":"2024-09-24T11:24:37","guid":{"rendered":"https:\/\/dev-relaunch.haelg.ch\/?page_id=51962"},"modified":"2026-01-05T07:50:42","modified_gmt":"2026-01-05T06:50:42","slug":"projets-complets","status":"publish","type":"page","link":"https:\/\/haelg.ch\/fr\/offre\/installation\/projets-complets\/","title":{"rendered":"Projets complets"},"content":{"rendered":"\n<div class=\"wp-block-media-text alignwide is-stacked-on-mobile has-background-color has-secondary-background-color has-text-color has-background has-link-color wp-elements-0dbfc71904f9db0d74e662cf50b7237c\" style=\"grid-template-columns:60% auto\"><figure class=\"wp-block-media-text__media\"><img decoding=\"async\" width=\"1024\" height=\"1024\" loading=\"lazy\" src=\"https:\/\/haelg.ch\/app\/uploads\/2024\/11\/gesamtprojekte-haelg-group_2400x2400-1024x1024.jpg\" alt=\"Un chef de projet se tient dans une centrale technique devant un grand plan accroch\u00e9 au mur.\" class=\"wp-image-47697 size-full\" srcset=\"https:\/\/haelg.ch\/app\/uploads\/2024\/11\/gesamtprojekte-haelg-group_2400x2400-1024x1024.jpg 1024w, https:\/\/haelg.ch\/app\/uploads\/2024\/11\/gesamtprojekte-haelg-group_2400x2400-300x300.jpg 300w, https:\/\/haelg.ch\/app\/uploads\/2024\/11\/gesamtprojekte-haelg-group_2400x2400-150x150.jpg 150w, https:\/\/haelg.ch\/app\/uploads\/2024\/11\/gesamtprojekte-haelg-group_2400x2400-768x768.jpg 768w, https:\/\/haelg.ch\/app\/uploads\/2024\/11\/gesamtprojekte-haelg-group_2400x2400-1536x1536.jpg 1536w, https:\/\/haelg.ch\/app\/uploads\/2024\/11\/gesamtprojekte-haelg-group_2400x2400-2048x2048.jpg 2048w\" sizes=\"auto, (max-width: 1024px) 100vw, 1024px\" \/><\/figure><div class=\"wp-block-media-text__content\"><div class=\"yoast-breadcrumbs\"><span><span><a href=\"https:\/\/haelg.ch\/fr\/\">Accueil<\/a><\/span> <span class=\"separator\"><\/span> <span><a href=\"https:\/\/haelg.ch\/fr\/offre\/\">Offre<\/a><\/span> <span class=\"separator\"><\/span> <span><a href=\"https:\/\/haelg.ch\/fr\/offre\/installation\/\">Installation<\/a><\/span> <span class=\"separator\"><\/span> <span class=\"breadcrumb_last\" aria-current=\"page\">Projets complets<\/span><\/span><\/div>\n\n\n<h1 class=\"wp-block-heading\">Projets complets<\/h1>\n\n\n\n<p>Gr\u00e2ce \u00e0 notre mod\u00e8le commercial \u00abprojet complet\u00bb, nous accompagnons votre projet depuis l&rsquo;id\u00e9e initiale jusqu&rsquo;\u00e0 la r\u00e9alisation, en passant par la planification. Nos clients b\u00e9n\u00e9ficient ainsi d&rsquo;une s\u00e9curit\u00e9 financi\u00e8re d\u00e8s le d\u00e9but, les interfaces sont r\u00e9duites, les pertes d&rsquo;informations sont \u00e9vit\u00e9es et l&rsquo;efficacit\u00e9, la qualit\u00e9 et les d\u00e9lais sont garantis. Gr\u00e2ce \u00e0 notre pr\u00e9sence dans toute la Suisse et \u00e0 notre expertise dans la construction d&rsquo;installations, nous sommes ancr\u00e9s localement et sommes votre partenaire r\u00e9gional pour les projets complets de technique du b\u00e2timent.<\/p>\n\n\n\n<div class=\"wp-block-buttons is-layout-flex wp-block-buttons-is-layout-flex\">\n<div class=\"wp-block-button is-style-outline is-style-outline--1\"><a class=\"wp-block-button__link wp-element-button\" href=\"#contact\">Contactez-nous<\/a><\/div>\n<\/div>\n<\/div><\/div>\n\n\n\n<div class=\"wp-block-group is-layout-constrained wp-block-group-is-layout-constrained\">\n<h2 class=\"wp-block-heading has-text-align-center\">Notre offre pour les projets complets<\/h2>\n\n\n\n<div class=\"wp-block-group is-style-narrow-6-12 is-layout-constrained wp-block-group-is-layout-constrained\">\n<p class=\"has-text-align-center\">Nous vous proposons des prestations compl\u00e8tes, du d\u00e9veloppement \u00e0 la mise en \u0153uvre en passant par la planification, le tout aupr\u00e8s d&rsquo;un seul et m\u00eame prestataire. Notre \u00e9quipe exp\u00e9riment\u00e9e se charge de la planification globale int\u00e9gr\u00e9e, coordonne les syst\u00e8mes techniques du b\u00e2timent et d\u00e9veloppe des possibilit\u00e9s d&rsquo;optimisation pour les ma\u00eetres d&rsquo;ouvrage et les utilisateurs.<\/p>\n<\/div>\n\n\n\n<div class=\"wp-block-group is-style-col-3 is-nowrap is-layout-flex wp-container-core-group-is-layout-bd3f9bef wp-block-group-is-layout-flex\">\n<div class=\"wp-block-media-text is-stacked-on-mobile is-style-stacked button-force-down has-lightgray-background-color has-background\"><figure class=\"wp-block-media-text__media\"><img decoding=\"async\" width=\"1024\" height=\"683\" loading=\"lazy\" loading=\"lazy\" loading=\"lazy\" src=\"https:\/\/haelg.ch\/app\/uploads\/2024\/11\/beratung-experten-haelg-group_1800x1200-1024x683.jpg\" alt=\"Conseil professionnel par des experts de H\u00e4lg\u00a0Group\" class=\"wp-image-46024 size-full\" srcset=\"https:\/\/haelg.ch\/app\/uploads\/2024\/11\/beratung-experten-haelg-group_1800x1200-1024x683.jpg 1024w, https:\/\/haelg.ch\/app\/uploads\/2024\/11\/beratung-experten-haelg-group_1800x1200-300x200.jpg 300w, https:\/\/haelg.ch\/app\/uploads\/2024\/11\/beratung-experten-haelg-group_1800x1200-768x512.jpg 768w, https:\/\/haelg.ch\/app\/uploads\/2024\/11\/beratung-experten-haelg-group_1800x1200-1536x1024.jpg 1536w, https:\/\/haelg.ch\/app\/uploads\/2024\/11\/beratung-experten-haelg-group_1800x1200.jpg 1800w\" sizes=\"auto, (max-width: 1024px) 100vw, 1024px\" \/><\/figure><div class=\"wp-block-media-text__content\">\n<h3 class=\"wp-block-heading\"><a href=\"#\">Conseil et conception<\/a><\/h3>\n\n\n\n<p>En \u00e9troite collaboration avec le ma\u00eetre d&rsquo;ouvrage et en int\u00e9gration avec les autres corps de m\u00e9tier cl\u00e9s, nous mettons l&rsquo;accent sur une solution globale optimis\u00e9e. Nous \u00e9laborons un concept de domotique r\u00e9alisable et efficace, avec des variantes et des optimisations pour un projet immobilier rentable et durable.<\/p>\n<\/div><\/div>\n\n\n\n<div class=\"wp-block-media-text is-stacked-on-mobile is-style-stacked button-force-down has-lightgray-background-color has-background\"><figure class=\"wp-block-media-text__media\"><img decoding=\"async\" width=\"1024\" height=\"683\" loading=\"lazy\" loading=\"lazy\" loading=\"lazy\" src=\"https:\/\/haelg.ch\/app\/uploads\/2024\/11\/bim-digitales-bauen-haelg-group_1800x1200-1024x683.jpg\" alt=\"Trois membres de H\u00e4lg\u00a0Group appliquent le BIM dans leur travail quotidien.\" class=\"wp-image-46026 size-full\" srcset=\"https:\/\/haelg.ch\/app\/uploads\/2024\/11\/bim-digitales-bauen-haelg-group_1800x1200-1024x683.jpg 1024w, https:\/\/haelg.ch\/app\/uploads\/2024\/11\/bim-digitales-bauen-haelg-group_1800x1200-300x200.jpg 300w, https:\/\/haelg.ch\/app\/uploads\/2024\/11\/bim-digitales-bauen-haelg-group_1800x1200-768x512.jpg 768w, https:\/\/haelg.ch\/app\/uploads\/2024\/11\/bim-digitales-bauen-haelg-group_1800x1200-1536x1024.jpg 1536w, https:\/\/haelg.ch\/app\/uploads\/2024\/11\/bim-digitales-bauen-haelg-group_1800x1200.jpg 1800w\" sizes=\"auto, (max-width: 1024px) 100vw, 1024px\" \/><\/figure><div class=\"wp-block-media-text__content\">\n<h3 class=\"wp-block-heading\">Planification et optimisation<\/h3>\n\n\n\n<p>Nous travaillons avec des planificateurs sp\u00e9cialis\u00e9s comp\u00e9tents en fonction des exigences du projet. En tant que chef de projet g\u00e9n\u00e9ral, nous assurons en permanence l&rsquo;interface entre la planification et l&rsquo;ex\u00e9cution et garantissons au ma\u00eetre d&rsquo;ouvrage un traitement efficace du projet.<\/p>\n<\/div><\/div>\n\n\n\n<div class=\"wp-block-media-text is-stacked-on-mobile is-style-stacked button-force-down has-lightgray-background-color has-background\"><figure class=\"wp-block-media-text__media\"><img decoding=\"async\" width=\"1024\" height=\"683\" loading=\"lazy\" loading=\"lazy\" loading=\"lazy\" src=\"https:\/\/haelg.ch\/app\/uploads\/2024\/11\/dsm-projekt-anlagenbau-haelg-group_1800x1200-1024x683.jpg\" alt=\"Un chef de projet de H\u00e4lg\u00a0Group se tient devant une installation de ventilation.\" class=\"wp-image-46028 size-full\" srcset=\"https:\/\/haelg.ch\/app\/uploads\/2024\/11\/dsm-projekt-anlagenbau-haelg-group_1800x1200-1024x683.jpg 1024w, https:\/\/haelg.ch\/app\/uploads\/2024\/11\/dsm-projekt-anlagenbau-haelg-group_1800x1200-300x200.jpg 300w, https:\/\/haelg.ch\/app\/uploads\/2024\/11\/dsm-projekt-anlagenbau-haelg-group_1800x1200-768x512.jpg 768w, https:\/\/haelg.ch\/app\/uploads\/2024\/11\/dsm-projekt-anlagenbau-haelg-group_1800x1200-1536x1024.jpg 1536w, https:\/\/haelg.ch\/app\/uploads\/2024\/11\/dsm-projekt-anlagenbau-haelg-group_1800x1200.jpg 1800w\" sizes=\"auto, (max-width: 1024px) 100vw, 1024px\" \/><\/figure><div class=\"wp-block-media-text__content\">\n<h3 class=\"wp-block-heading\">Installation et mise en service<\/h3>\n\n\n\n<p>Nos \u00e9quipes d&rsquo;ex\u00e9cution locales actives sur plus de 20&nbsp;sites dans toute la Suisse veillent \u00e0 une ex\u00e9cution de haute qualit\u00e9 dans les d\u00e9lais convenus. Le chef de projet g\u00e9n\u00e9ral reste l&rsquo;interlocuteur \u00e0 l&rsquo;\u00e9tape de r\u00e9alisation et garantit l&rsquo;ex\u00e9cution.<\/p>\n<\/div><\/div>\n\n\n\n<div class=\"wp-block-media-text is-stacked-on-mobile is-style-stacked button-force-down has-lightgray-background-color has-background\"><figure class=\"wp-block-media-text__media\"><a href=\"https:\/\/haelg.ch\/fr\/offre\/service-apres-vente\/\"><img decoding=\"async\" width=\"1024\" height=\"683\" loading=\"lazy\" loading=\"lazy\" loading=\"lazy\" loading=\"lazy\" loading=\"lazy\" src=\"https:\/\/haelg.ch\/app\/uploads\/2024\/11\/servicetechniker-pikett-haelg-group_1800x1200-1024x683.jpg\" alt=\"Un technicien de service se tient \u00e0 c\u00f4t\u00e9 d'une voiture rouge H\u00e4lg, une tablette \u00e0 la main, et regarde la cam\u00e9ra.\" class=\"wp-image-47255 size-full\" srcset=\"https:\/\/haelg.ch\/app\/uploads\/2024\/11\/servicetechniker-pikett-haelg-group_1800x1200-1024x683.jpg 1024w, https:\/\/haelg.ch\/app\/uploads\/2024\/11\/servicetechniker-pikett-haelg-group_1800x1200-300x200.jpg 300w, https:\/\/haelg.ch\/app\/uploads\/2024\/11\/servicetechniker-pikett-haelg-group_1800x1200-768x512.jpg 768w, https:\/\/haelg.ch\/app\/uploads\/2024\/11\/servicetechniker-pikett-haelg-group_1800x1200-1536x1024.jpg 1536w, https:\/\/haelg.ch\/app\/uploads\/2024\/11\/servicetechniker-pikett-haelg-group_1800x1200.jpg 1620w\" sizes=\"auto, (max-width: 1024px) 100vw, 1024px\" \/><\/a><\/figure><div class=\"wp-block-media-text__content\">\n<h3 class=\"wp-block-heading\">Entretien et Service apr\u00e8s-vente<\/h3>\n\n\n\n<p>Nous assurons le d\u00e9pannage, la maintenance et le service apr\u00e8s-vente pour garantir un fonctionnement impeccable.<\/p>\n\n\n\n<div class=\"wp-block-buttons is-layout-flex wp-block-buttons-is-layout-flex\">\n<div class=\"wp-block-button is-style-outline is-style-outline--2\"><a class=\"wp-block-button__link wp-element-button\" href=\"https:\/\/haelg.ch\/fr\/offre\/service-apres-vente\/\">En savoir plus<\/a><\/div>\n<\/div>\n<\/div><\/div>\n<\/div>\n<\/div>\n\n\n\n<div class=\"wp-block-group is-layout-constrained wp-block-group-is-layout-constrained\">\n<h2 class=\"wp-block-heading has-text-align-center\">Votre interlocuteurs pour les projets complets<\/h2>\n\n\n\n<div class=\"wp-block-group is-style-col-3 is-nowrap is-layout-flex wp-container-core-group-is-layout-bd3f9bef wp-block-group-is-layout-flex\">        <div class=\"wp-block wp-custom-block-employee\"  >\n            <div class=\"employee-image\" style=\"background-image:url(https:\/\/haelg.ch\/app\/uploads\/2025\/12\/gruenig-christian-haelg-group_1200x1200.jpg)\"><\/div>\n            <div class=\"employee-info\">\n                <h3>Christian Gr\u00fcnig<\/h3>\n                <p class=\"employee-role\">Responsable projets complets Suisse Design Build                    <br \/>H\u00e4lg Group St-Gall                <\/p>\n                <p class=\"employee-contact\">\n                                            <a href=\"tel:+41 44 448 47 80\">+41 44 448 47 80<\/a>\n                    \n                                            <a href=\"mailto:christian.gruenig@haelg.ch\">christian.gruenig@haelg.ch<\/a>\n                                    <\/p>\n            <\/div>\n        <\/div>\n    \n\n        <div class=\"wp-block wp-custom-block-employee\"  >\n            <div class=\"employee-image\" style=\"background-image:url(https:\/\/haelg.ch\/app\/uploads\/2026\/01\/orlando-andrea-filippo-haelg-group_1200x1200-1.jpg)\"><\/div>\n            <div class=\"employee-info\">\n                <h3>Andrea Orlando<\/h3>\n                <p class=\"employee-role\">Responsable projets complets Suisse Technique                    <br \/>H\u00e4lg Group St-Gall                <\/p>\n                <p class=\"employee-contact\">\n                                            <a href=\"tel:+41 71 243 37 30\">+41 71 243 37 30<\/a>\n                    \n                                            <a href=\"mailto:andrea.orlando@haelg.ch\">andrea.orlando@haelg.ch<\/a>\n                                    <\/p>\n            <\/div>\n        <\/div>\n    <\/div>\n<\/div>\n","protected":false},"excerpt":{"rendered":"<p>Notre offre pour les projets complets Nous vous proposons des prestations compl\u00e8tes, du d\u00e9veloppement \u00e0 la mise en \u0153uvre en passant par la planification, le tout aupr\u00e8s d&rsquo;un seul et m\u00eame prestataire. Notre \u00e9quipe exp\u00e9riment\u00e9e se charge de la planification globale int\u00e9gr\u00e9e, coordonne les syst\u00e8mes techniques du b\u00e2timent et d\u00e9veloppe des possibilit\u00e9s d&rsquo;optimisation pour les [&hellip;]<\/p>\n","protected":false},"author":1,"featured_media":0,"parent":51047,"menu_order":73,"comment_status":"closed","ping_status":"closed","template":"","meta":{"_acf_changed":false,"inline_featured_image":false,"footnotes":""},"kategorie":[],"angebot":[],"class_list":["post-51962","page","type-page","status-publish","hentry"],"acf":[],"yoast_head":"<!-- This site is optimized with the Yoast SEO plugin v27.3 - https:\/\/yoast.com\/product\/yoast-seo-wordpress\/ -->\n<title>Projets complets dans le domaine Installation | H\u00e4lg\u00a0Group<\/title>\n<meta name=\"description\" content=\"Planification et \u00e9tude de projet int\u00e9grales de votre technique du b\u00e2timent complexe. Nous proposons des solutions sur mesure pour l&#039;ensemble de votre projet.\" \/>\n<meta name=\"robots\" content=\"index, follow, max-snippet:-1, max-image-preview:large, max-video-preview:-1\" \/>\n<link rel=\"canonical\" href=\"https:\/\/haelg.ch\/fr\/offre\/installation\/projets-complets\/\" \/>\n<meta property=\"og:locale\" content=\"fr_FR\" \/>\n<meta property=\"og:type\" content=\"article\" \/>\n<meta property=\"og:title\" content=\"Projets complets dans le domaine Installation | H\u00e4lg\u00a0Group\" \/>\n<meta property=\"og:description\" content=\"Planification et \u00e9tude de projet int\u00e9grales de votre technique du b\u00e2timent complexe. Nous proposons des solutions sur mesure pour l&#039;ensemble de votre projet.\" \/>\n<meta property=\"og:url\" content=\"https:\/\/haelg.ch\/fr\/offre\/installation\/projets-complets\/\" \/>\n<meta property=\"og:site_name\" content=\"H\u00e4lg Group\" \/>\n<meta property=\"article:publisher\" content=\"https:\/\/www.facebook.com\/haelg.ch\" \/>\n<meta property=\"article:modified_time\" content=\"2026-01-05T06:50:42+00:00\" \/>\n<meta property=\"og:image\" content=\"https:\/\/haelg.ch\/app\/uploads\/2024\/11\/gesamtprojekte-haelg-group_2400x2400.jpg\" \/>\n\t<meta property=\"og:image:width\" content=\"2400\" \/>\n\t<meta property=\"og:image:height\" content=\"2400\" \/>\n\t<meta property=\"og:image:type\" content=\"image\/jpeg\" \/>\n<meta name=\"twitter:card\" content=\"summary_large_image\" \/>\n<meta name=\"twitter:label1\" content=\"Dur\u00e9e de lecture estim\u00e9e\" \/>\n\t<meta name=\"twitter:data1\" content=\"5 minutes\" \/>\n<script type=\"application\/ld+json\" class=\"yoast-schema-graph\">{\"@context\":\"https:\\\/\\\/schema.org\",\"@graph\":[{\"@type\":\"WebPage\",\"@id\":\"https:\\\/\\\/haelg.ch\\\/fr\\\/offre\\\/installation\\\/projets-complets\\\/\",\"url\":\"https:\\\/\\\/haelg.ch\\\/fr\\\/offre\\\/installation\\\/projets-complets\\\/\",\"name\":\"Projets complets dans le domaine Installation | H\u00e4lg\u00a0Group\",\"isPartOf\":{\"@id\":\"https:\\\/\\\/haelg.ch\\\/fr\\\/#website\"},\"primaryImageOfPage\":{\"@id\":\"https:\\\/\\\/haelg.ch\\\/fr\\\/offre\\\/installation\\\/projets-complets\\\/#primaryimage\"},\"image\":{\"@id\":\"https:\\\/\\\/haelg.ch\\\/fr\\\/offre\\\/installation\\\/projets-complets\\\/#primaryimage\"},\"thumbnailUrl\":\"https:\\\/\\\/haelg.ch\\\/app\\\/uploads\\\/2024\\\/11\\\/gesamtprojekte-haelg-group_2400x2400-1024x1024.jpg\",\"datePublished\":\"2024-09-24T11:24:37+00:00\",\"dateModified\":\"2026-01-05T06:50:42+00:00\",\"description\":\"Planification et \u00e9tude de projet int\u00e9grales de votre technique du b\u00e2timent complexe. Nous proposons des solutions sur mesure pour l'ensemble de votre projet.\",\"breadcrumb\":{\"@id\":\"https:\\\/\\\/haelg.ch\\\/fr\\\/offre\\\/installation\\\/projets-complets\\\/#breadcrumb\"},\"inLanguage\":\"fr-FR\",\"potentialAction\":[{\"@type\":\"ReadAction\",\"target\":[\"https:\\\/\\\/haelg.ch\\\/fr\\\/offre\\\/installation\\\/projets-complets\\\/\"]}]},{\"@type\":\"ImageObject\",\"inLanguage\":\"fr-FR\",\"@id\":\"https:\\\/\\\/haelg.ch\\\/fr\\\/offre\\\/installation\\\/projets-complets\\\/#primaryimage\",\"url\":\"https:\\\/\\\/haelg.ch\\\/app\\\/uploads\\\/2024\\\/11\\\/gesamtprojekte-haelg-group_2400x2400-1024x1024.jpg\",\"contentUrl\":\"https:\\\/\\\/haelg.ch\\\/app\\\/uploads\\\/2024\\\/11\\\/gesamtprojekte-haelg-group_2400x2400-1024x1024.jpg\"},{\"@type\":\"BreadcrumbList\",\"@id\":\"https:\\\/\\\/haelg.ch\\\/fr\\\/offre\\\/installation\\\/projets-complets\\\/#breadcrumb\",\"itemListElement\":[{\"@type\":\"ListItem\",\"position\":1,\"name\":\"Accueil\",\"item\":\"https:\\\/\\\/haelg.ch\\\/fr\\\/\"},{\"@type\":\"ListItem\",\"position\":2,\"name\":\"Offre\",\"item\":\"https:\\\/\\\/haelg.ch\\\/fr\\\/offre\\\/\"},{\"@type\":\"ListItem\",\"position\":3,\"name\":\"Installation\",\"item\":\"https:\\\/\\\/haelg.ch\\\/fr\\\/offre\\\/installation\\\/\"},{\"@type\":\"ListItem\",\"position\":4,\"name\":\"Projets complets\"}]},{\"@type\":\"WebSite\",\"@id\":\"https:\\\/\\\/haelg.ch\\\/fr\\\/#website\",\"url\":\"https:\\\/\\\/haelg.ch\\\/fr\\\/\",\"name\":\"H\u00e4lg Group\",\"description\":\"\",\"publisher\":{\"@id\":\"https:\\\/\\\/haelg.ch\\\/fr\\\/#organization\"},\"potentialAction\":[{\"@type\":\"SearchAction\",\"target\":{\"@type\":\"EntryPoint\",\"urlTemplate\":\"https:\\\/\\\/haelg.ch\\\/fr\\\/?s={search_term_string}\"},\"query-input\":{\"@type\":\"PropertyValueSpecification\",\"valueRequired\":true,\"valueName\":\"search_term_string\"}}],\"inLanguage\":\"fr-FR\"},{\"@type\":\"Organization\",\"@id\":\"https:\\\/\\\/haelg.ch\\\/fr\\\/#organization\",\"name\":\"H\u00e4lg Group\",\"url\":\"https:\\\/\\\/haelg.ch\\\/fr\\\/\",\"logo\":{\"@type\":\"ImageObject\",\"inLanguage\":\"fr-FR\",\"@id\":\"https:\\\/\\\/haelg.ch\\\/fr\\\/#\\\/schema\\\/logo\\\/image\\\/\",\"url\":\"https:\\\/\\\/haelg.ch\\\/app\\\/uploads\\\/2025\\\/01\\\/haelg-group-logo_1800x1200.jpg\",\"contentUrl\":\"https:\\\/\\\/haelg.ch\\\/app\\\/uploads\\\/2025\\\/01\\\/haelg-group-logo_1800x1200.jpg\",\"width\":1620,\"height\":1080,\"caption\":\"H\u00e4lg Group\"},\"image\":{\"@id\":\"https:\\\/\\\/haelg.ch\\\/fr\\\/#\\\/schema\\\/logo\\\/image\\\/\"},\"sameAs\":[\"https:\\\/\\\/www.facebook.com\\\/haelg.ch\",\"https:\\\/\\\/www.linkedin.com\\\/company\\\/haelggroup\\\/\",\"https:\\\/\\\/www.instagram.com\\\/haelg.group\\\/\",\"https:\\\/\\\/www.youtube.com\\\/channel\\\/UCCP6yzfvj3o6gA9J5L0QJCg\\\/videos\",\"https:\\\/\\\/www.kununu.com\\\/ch\\\/haelg-group\"]}]}<\/script>\n<!-- \/ Yoast SEO plugin. -->","yoast_head_json":{"title":"Projets complets dans le domaine Installation | H\u00e4lg\u00a0Group","description":"Planification et \u00e9tude de projet int\u00e9grales de votre technique du b\u00e2timent complexe. Nous proposons des solutions sur mesure pour l'ensemble de votre projet.","robots":{"index":"index","follow":"follow","max-snippet":"max-snippet:-1","max-image-preview":"max-image-preview:large","max-video-preview":"max-video-preview:-1"},"canonical":"https:\/\/haelg.ch\/fr\/offre\/installation\/projets-complets\/","og_locale":"fr_FR","og_type":"article","og_title":"Projets complets dans le domaine Installation | H\u00e4lg\u00a0Group","og_description":"Planification et \u00e9tude de projet int\u00e9grales de votre technique du b\u00e2timent complexe. Nous proposons des solutions sur mesure pour l'ensemble de votre projet.","og_url":"https:\/\/haelg.ch\/fr\/offre\/installation\/projets-complets\/","og_site_name":"H\u00e4lg Group","article_publisher":"https:\/\/www.facebook.com\/haelg.ch","article_modified_time":"2026-01-05T06:50:42+00:00","og_image":[{"width":2400,"height":2400,"url":"https:\/\/haelg.ch\/app\/uploads\/2024\/11\/gesamtprojekte-haelg-group_2400x2400.jpg","type":"image\/jpeg"}],"twitter_card":"summary_large_image","twitter_misc":{"Dur\u00e9e de lecture estim\u00e9e":"5 minutes"},"schema":{"@context":"https:\/\/schema.org","@graph":[{"@type":"WebPage","@id":"https:\/\/haelg.ch\/fr\/offre\/installation\/projets-complets\/","url":"https:\/\/haelg.ch\/fr\/offre\/installation\/projets-complets\/","name":"Projets complets dans le domaine Installation | H\u00e4lg\u00a0Group","isPartOf":{"@id":"https:\/\/haelg.ch\/fr\/#website"},"primaryImageOfPage":{"@id":"https:\/\/haelg.ch\/fr\/offre\/installation\/projets-complets\/#primaryimage"},"image":{"@id":"https:\/\/haelg.ch\/fr\/offre\/installation\/projets-complets\/#primaryimage"},"thumbnailUrl":"https:\/\/haelg.ch\/app\/uploads\/2024\/11\/gesamtprojekte-haelg-group_2400x2400-1024x1024.jpg","datePublished":"2024-09-24T11:24:37+00:00","dateModified":"2026-01-05T06:50:42+00:00","description":"Planification et \u00e9tude de projet int\u00e9grales de votre technique du b\u00e2timent complexe. Nous proposons des solutions sur mesure pour l'ensemble de votre projet.","breadcrumb":{"@id":"https:\/\/haelg.ch\/fr\/offre\/installation\/projets-complets\/#breadcrumb"},"inLanguage":"fr-FR","potentialAction":[{"@type":"ReadAction","target":["https:\/\/haelg.ch\/fr\/offre\/installation\/projets-complets\/"]}]},{"@type":"ImageObject","inLanguage":"fr-FR","@id":"https:\/\/haelg.ch\/fr\/offre\/installation\/projets-complets\/#primaryimage","url":"https:\/\/haelg.ch\/app\/uploads\/2024\/11\/gesamtprojekte-haelg-group_2400x2400-1024x1024.jpg","contentUrl":"https:\/\/haelg.ch\/app\/uploads\/2024\/11\/gesamtprojekte-haelg-group_2400x2400-1024x1024.jpg"},{"@type":"BreadcrumbList","@id":"https:\/\/haelg.ch\/fr\/offre\/installation\/projets-complets\/#breadcrumb","itemListElement":[{"@type":"ListItem","position":1,"name":"Accueil","item":"https:\/\/haelg.ch\/fr\/"},{"@type":"ListItem","position":2,"name":"Offre","item":"https:\/\/haelg.ch\/fr\/offre\/"},{"@type":"ListItem","position":3,"name":"Installation","item":"https:\/\/haelg.ch\/fr\/offre\/installation\/"},{"@type":"ListItem","position":4,"name":"Projets complets"}]},{"@type":"WebSite","@id":"https:\/\/haelg.ch\/fr\/#website","url":"https:\/\/haelg.ch\/fr\/","name":"H\u00e4lg Group","description":"","publisher":{"@id":"https:\/\/haelg.ch\/fr\/#organization"},"potentialAction":[{"@type":"SearchAction","target":{"@type":"EntryPoint","urlTemplate":"https:\/\/haelg.ch\/fr\/?s={search_term_string}"},"query-input":{"@type":"PropertyValueSpecification","valueRequired":true,"valueName":"search_term_string"}}],"inLanguage":"fr-FR"},{"@type":"Organization","@id":"https:\/\/haelg.ch\/fr\/#organization","name":"H\u00e4lg Group","url":"https:\/\/haelg.ch\/fr\/","logo":{"@type":"ImageObject","inLanguage":"fr-FR","@id":"https:\/\/haelg.ch\/fr\/#\/schema\/logo\/image\/","url":"https:\/\/haelg.ch\/app\/uploads\/2025\/01\/haelg-group-logo_1800x1200.jpg","contentUrl":"https:\/\/haelg.ch\/app\/uploads\/2025\/01\/haelg-group-logo_1800x1200.jpg","width":1620,"height":1080,"caption":"H\u00e4lg Group"},"image":{"@id":"https:\/\/haelg.ch\/fr\/#\/schema\/logo\/image\/"},"sameAs":["https:\/\/www.facebook.com\/haelg.ch","https:\/\/www.linkedin.com\/company\/haelggroup\/","https:\/\/www.instagram.com\/haelg.group\/","https:\/\/www.youtube.com\/channel\/UCCP6yzfvj3o6gA9J5L0QJCg\/videos","https:\/\/www.kununu.com\/ch\/haelg-group"]}]}},"_links":{"self":[{"href":"https:\/\/haelg.ch\/fr\/wp-json\/wp\/v2\/pages\/51962","targetHints":{"allow":["GET"]}}],"collection":[{"href":"https:\/\/haelg.ch\/fr\/wp-json\/wp\/v2\/pages"}],"about":[{"href":"https:\/\/haelg.ch\/fr\/wp-json\/wp\/v2\/types\/page"}],"author":[{"embeddable":true,"href":"https:\/\/haelg.ch\/fr\/wp-json\/wp\/v2\/users\/1"}],"replies":[{"embeddable":true,"href":"https:\/\/haelg.ch\/fr\/wp-json\/wp\/v2\/comments?post=51962"}],"version-history":[{"count":7,"href":"https:\/\/haelg.ch\/fr\/wp-json\/wp\/v2\/pages\/51962\/revisions"}],"predecessor-version":[{"id":189919,"href":"https:\/\/haelg.ch\/fr\/wp-json\/wp\/v2\/pages\/51962\/revisions\/189919"}],"up":[{"embeddable":true,"href":"https:\/\/haelg.ch\/fr\/wp-json\/wp\/v2\/pages\/51047"}],"wp:attachment":[{"href":"https:\/\/haelg.ch\/fr\/wp-json\/wp\/v2\/media?parent=51962"}],"wp:term":[{"taxonomy":"kategorie","embeddable":true,"href":"https:\/\/haelg.ch\/fr\/wp-json\/wp\/v2\/kategorie?post=51962"},{"taxonomy":"angebot","embeddable":true,"href":"https:\/\/haelg.ch\/fr\/wp-json\/wp\/v2\/angebot?post=51962"}],"curies":[{"name":"wp","href":"https:\/\/api.w.org\/{rel}","templated":true}]}}