{"id":52706,"date":"2024-10-09T10:18:54","date_gmt":"2024-10-09T08:18:54","guid":{"rendered":"https:\/\/dev-relaunch.haelg.ch\/?page_id=52706"},"modified":"2025-01-23T13:57:29","modified_gmt":"2025-01-23T12:57:29","slug":"entretien-sans-engagement","status":"publish","type":"page","link":"https:\/\/haelg.ch\/fr\/travailler-chez-nous\/postes-vacants\/entretien-sans-engagement\/","title":{"rendered":"Entretien sans engagement"},"content":{"rendered":"\n<div class=\"wp-block-media-text alignwide is-stacked-on-mobile has-background-color has-secondary-background-color has-text-color has-background has-link-color wp-elements-bac8911521ce1796d1f1ca62d8f6dde3\" style=\"grid-template-columns:60% auto\"><figure class=\"wp-block-media-text__media\"><img decoding=\"async\" width=\"1024\" height=\"1024\" loading=\"lazy\" src=\"https:\/\/haelg.ch\/app\/uploads\/2024\/12\/team-tisch-mitarbeitende-st-gallen-haelg-group_2400x2400-1024x1024.jpg\" alt=\"Des membres du personnel de H\u00e4lg\u00a0Group sont debout autour d'une table.\" class=\"wp-image-49235 size-full\" srcset=\"https:\/\/haelg.ch\/app\/uploads\/2024\/12\/team-tisch-mitarbeitende-st-gallen-haelg-group_2400x2400-1024x1024.jpg 1024w, https:\/\/haelg.ch\/app\/uploads\/2024\/12\/team-tisch-mitarbeitende-st-gallen-haelg-group_2400x2400-300x300.jpg 300w, https:\/\/haelg.ch\/app\/uploads\/2024\/12\/team-tisch-mitarbeitende-st-gallen-haelg-group_2400x2400-150x150.jpg 150w, https:\/\/haelg.ch\/app\/uploads\/2024\/12\/team-tisch-mitarbeitende-st-gallen-haelg-group_2400x2400-768x768.jpg 768w, https:\/\/haelg.ch\/app\/uploads\/2024\/12\/team-tisch-mitarbeitende-st-gallen-haelg-group_2400x2400-1536x1536.jpg 1536w, https:\/\/haelg.ch\/app\/uploads\/2024\/12\/team-tisch-mitarbeitende-st-gallen-haelg-group_2400x2400-2048x2048.jpg 2048w\" sizes=\"auto, (max-width: 1024px) 100vw, 1024px\" \/><\/figure><div class=\"wp-block-media-text__content\"><div class=\"yoast-breadcrumbs\"><span><span><a href=\"https:\/\/haelg.ch\/fr\/\">Accueil<\/a><\/span> <span class=\"separator\"><\/span> <span><a href=\"https:\/\/haelg.ch\/fr\/travailler-chez-nous\/\">Travailler chez nous<\/a><\/span> <span class=\"separator\"><\/span> <span><a href=\"https:\/\/haelg.ch\/fr\/travailler-chez-nous\/postes-vacants\/\">Postes vacants<\/a><\/span> <span class=\"separator\"><\/span> <span class=\"breadcrumb_last\" aria-current=\"page\">Entretien sans engagement<\/span><\/span><\/div>\n\n\n<h1 class=\"wp-block-heading\">Entretien sans engagement<\/h1>\n\n\n\n<p>Vous souhaitez sans engagement mieux nous conna\u00eetre comme employeur et vous faire une propre id\u00e9e? Nous organiserons avec plaisir un entretien au cours duquel nous pourrons parler de vos conceptions et de nos possibilit\u00e9s.<\/p>\n<\/div><\/div>\n\n\n\n<div class=\"wp-block-media-text is-stacked-on-mobile has-lightgray-background-color has-background\" id=\"contact\"><figure class=\"wp-block-media-text__media\"><img decoding=\"async\" width=\"1024\" height=\"768\" loading=\"lazy\" src=\"https:\/\/haelg.ch\/app\/uploads\/2024\/12\/servicetechniker-vor-auto-haelg-group_1600x1200-1024x768.jpg\" alt=\"Un technicien de service de H\u00e4lg\u00a0Group se tient devant sa voiture.\" class=\"wp-image-49239 size-full\" srcset=\"https:\/\/haelg.ch\/app\/uploads\/2024\/12\/servicetechniker-vor-auto-haelg-group_1600x1200-1024x768.jpg 1024w, https:\/\/haelg.ch\/app\/uploads\/2024\/12\/servicetechniker-vor-auto-haelg-group_1600x1200-300x225.jpg 300w, https:\/\/haelg.ch\/app\/uploads\/2024\/12\/servicetechniker-vor-auto-haelg-group_1600x1200-768x576.jpg 768w, https:\/\/haelg.ch\/app\/uploads\/2024\/12\/servicetechniker-vor-auto-haelg-group_1600x1200-1536x1152.jpg 1536w, https:\/\/haelg.ch\/app\/uploads\/2024\/12\/servicetechniker-vor-auto-haelg-group_1600x1200.jpg 1600w\" sizes=\"auto, (max-width: 1024px) 100vw, 1024px\" \/><\/figure><div class=\"wp-block-media-text__content\">\n<h2 class=\"wp-block-heading\">Nous avons h\u00e2te de faire votre connaissance!<\/h2>\n\n\n\n<div class=\"wpcf7 no-js\" id=\"wpcf7-f52617-o1\" lang=\"de-DE\" dir=\"ltr\" data-wpcf7-id=\"52617\">\n<div class=\"screen-reader-response\"><p role=\"status\" aria-live=\"polite\" aria-atomic=\"true\"><\/p> <ul><\/ul><\/div>\n<form action=\"\/fr\/wp-json\/wp\/v2\/pages\/52706#wpcf7-f52617-o1\" method=\"post\" class=\"wpcf7-form init\" aria-label=\"Kontaktformular\" novalidate=\"novalidate\" data-status=\"init\">\n<fieldset class=\"hidden-fields-container\"><input type=\"hidden\" name=\"_wpcf7\" value=\"52617\" \/><input type=\"hidden\" name=\"_wpcf7_version\" value=\"6.1.5\" \/><input type=\"hidden\" name=\"_wpcf7_locale\" value=\"de_DE\" \/><input type=\"hidden\" name=\"_wpcf7_unit_tag\" value=\"wpcf7-f52617-o1\" \/><input type=\"hidden\" name=\"_wpcf7_container_post\" value=\"0\" \/><input type=\"hidden\" name=\"_wpcf7_posted_data_hash\" value=\"\" \/><input type=\"hidden\" name=\"_wpcf7_recaptcha_response\" value=\"\" \/>\n<\/fieldset>\n<label> Titre de civilit\u00e9*\n<span class=\"wpcf7-form-control-wrap\" data-name=\"Anrede\"><select class=\"wpcf7-form-control wpcf7-select wpcf7-validates-as-required\" aria-required=\"true\" aria-invalid=\"false\" name=\"Anrede\"><option value=\"Monsieur\">Monsieur<\/option><option value=\"Madame\">Madame<\/option><\/select><\/span>\n<\/label>\n<div class=\"double\">\n<label> Pr\u00e9nom*\n    <span class=\"wpcf7-form-control-wrap\" data-name=\"your-firstname\"><input size=\"40\" maxlength=\"400\" class=\"wpcf7-form-control wpcf7-text wpcf7-validates-as-required\" aria-required=\"true\" aria-invalid=\"false\" value=\"\" type=\"text\" name=\"your-firstname\" \/><\/span> <\/label>\n\n<label> Nom de famille*\n    <span class=\"wpcf7-form-control-wrap\" data-name=\"your-lastname\"><input size=\"40\" maxlength=\"400\" class=\"wpcf7-form-control wpcf7-text wpcf7-validates-as-required\" aria-required=\"true\" aria-invalid=\"false\" value=\"\" type=\"text\" name=\"your-lastname\" \/><\/span> <\/label>\n<\/div>\n\n<label> E-mail*\n    <span class=\"wpcf7-form-control-wrap\" data-name=\"your-email\"><input size=\"40\" maxlength=\"400\" class=\"wpcf7-form-control wpcf7-email wpcf7-validates-as-required wpcf7-text wpcf7-validates-as-email\" autocomplete=\"email\" aria-required=\"true\" aria-invalid=\"false\" value=\"\" type=\"email\" name=\"your-email\" \/><\/span> <\/label>\n\n<label> T\u00e9l\u00e9phone*\n    <span class=\"wpcf7-form-control-wrap\" data-name=\"your-telephone\"><input size=\"40\" maxlength=\"400\" class=\"wpcf7-form-control wpcf7-text\" aria-invalid=\"false\" value=\"\" type=\"text\" name=\"your-telephone\" \/><\/span> <\/label>\n\n<label> Quels domaines d\u2019activit\u00e9 vous int\u00e9ressent?*\n    <span class=\"wpcf7-form-control-wrap\" data-name=\"your-interests\"><textarea cols=\"40\" rows=\"3\" maxlength=\"2000\" class=\"wpcf7-form-control wpcf7-textarea wpcf7-validates-as-required\" aria-required=\"true\" aria-invalid=\"false\" name=\"your-interests\"><\/textarea><\/span> <\/label>\n\n<label> O\u00f9 (canton, r\u00e9gion ou  localit\u00e9) aimeriez-vous travailler?*\n    <span class=\"wpcf7-form-control-wrap\" data-name=\"your-regions\"><textarea cols=\"40\" rows=\"3\" maxlength=\"2000\" class=\"wpcf7-form-control wpcf7-textarea wpcf7-validates-as-required\" aria-required=\"true\" aria-invalid=\"false\" name=\"your-regions\"><\/textarea><\/span> <\/label>\n\nQuel est le meilleur moment pour vous joindre?*\n<span class=\"wpcf7-form-control-wrap\" data-name=\"checkbox-time\"><span class=\"wpcf7-form-control wpcf7-checkbox wpcf7-validates-as-required\"><span class=\"wpcf7-list-item first\"><label><input type=\"checkbox\" name=\"checkbox-time[]\" value=\"7h - 8h\" \/><span class=\"wpcf7-list-item-label\">7h - 8h<\/span><\/label><\/span><span class=\"wpcf7-list-item\"><label><input type=\"checkbox\" name=\"checkbox-time[]\" value=\"9h - 12h\" \/><span class=\"wpcf7-list-item-label\">9h - 12h<\/span><\/label><\/span><span class=\"wpcf7-list-item\"><label><input type=\"checkbox\" name=\"checkbox-time[]\" value=\"12h - 13h\" \/><span class=\"wpcf7-list-item-label\">12h - 13h<\/span><\/label><\/span><span class=\"wpcf7-list-item\"><label><input type=\"checkbox\" name=\"checkbox-time[]\" value=\"13h - 16h\" \/><span class=\"wpcf7-list-item-label\">13h - 16h<\/span><\/label><\/span><span class=\"wpcf7-list-item last\"><label><input type=\"checkbox\" name=\"checkbox-time[]\" value=\"16h - 18h\" \/><span class=\"wpcf7-list-item-label\">16h - 18h<\/span><\/label><\/span><\/span><\/span>\n\n<span class=\"wpcf7-form-control-wrap\" data-name=\"privacy\"><span class=\"wpcf7-form-control wpcf7-acceptance\"><span class=\"wpcf7-list-item\"><label><input type=\"checkbox\" name=\"privacy\" value=\"1\" aria-invalid=\"false\" \/><span class=\"wpcf7-list-item-label\">J\u2019accepte la <a href=https:\/\/haelg.ch\/fr\/declaration-relative-a-la-protection-des-donnees\/>d\u00e9claration de protection des donn\u00e9es<\/a>.<\/span><\/label><\/span><\/span><\/span>\n\n*Champs \u00e0 renseignement obligatoire\n<p>\n<input class=\"wpcf7-form-control wpcf7-submit has-spinner\" type=\"submit\" value=\"Contactez-moi!\" \/><div class=\"wpcf7-response-output\" aria-hidden=\"true\"><\/div>\n<\/form>\n<\/div>\n\n<\/div><\/div>\n\n\n\n<p><\/p>\n","protected":false},"excerpt":{"rendered":"","protected":false},"author":3,"featured_media":0,"parent":51115,"menu_order":240,"comment_status":"closed","ping_status":"closed","template":"","meta":{"_acf_changed":false,"inline_featured_image":false,"footnotes":""},"kategorie":[],"angebot":[],"class_list":["post-52706","page","type-page","status-publish","hentry"],"acf":[],"yoast_head":"<!-- This site is optimized with the Yoast SEO plugin v27.3 - https:\/\/yoast.com\/product\/yoast-seo-wordpress\/ -->\n<title>Entretien sans engagement | H\u00e4lg\u00a0Group<\/title>\n<meta name=\"description\" content=\"Vous souhaitez mieux conna\u00eetre H\u00e4lg\u00a0Group comme employeur et vous faire une propre id\u00e9e de notre entreprise? Contactez-nous ici.\" \/>\n<meta name=\"robots\" content=\"index, follow, max-snippet:-1, max-image-preview:large, max-video-preview:-1\" \/>\n<link rel=\"canonical\" href=\"https:\/\/haelg.ch\/fr\/travailler-chez-nous\/postes-vacants\/entretien-sans-engagement\/\" \/>\n<meta property=\"og:locale\" content=\"fr_FR\" \/>\n<meta property=\"og:type\" content=\"article\" \/>\n<meta property=\"og:title\" content=\"Entretien sans engagement | H\u00e4lg\u00a0Group\" \/>\n<meta property=\"og:description\" content=\"Vous souhaitez mieux conna\u00eetre H\u00e4lg\u00a0Group comme employeur et vous faire une propre id\u00e9e de notre entreprise? Contactez-nous ici.\" \/>\n<meta property=\"og:url\" content=\"https:\/\/haelg.ch\/fr\/travailler-chez-nous\/postes-vacants\/entretien-sans-engagement\/\" \/>\n<meta property=\"og:site_name\" content=\"H\u00e4lg Group\" \/>\n<meta property=\"article:publisher\" content=\"https:\/\/www.facebook.com\/haelg.ch\" \/>\n<meta property=\"article:modified_time\" content=\"2025-01-23T12:57:29+00:00\" \/>\n<meta property=\"og:image\" content=\"https:\/\/haelg.ch\/app\/uploads\/2024\/12\/team-tisch-mitarbeitende-st-gallen-haelg-group_2400x2400-1024x1024.jpg\" \/>\n<meta name=\"twitter:card\" content=\"summary_large_image\" \/>\n<meta name=\"twitter:label1\" content=\"Dur\u00e9e de lecture estim\u00e9e\" \/>\n\t<meta name=\"twitter:data1\" content=\"1 minute\" \/>\n<script type=\"application\/ld+json\" class=\"yoast-schema-graph\">{\"@context\":\"https:\\\/\\\/schema.org\",\"@graph\":[{\"@type\":\"WebPage\",\"@id\":\"https:\\\/\\\/haelg.ch\\\/fr\\\/travailler-chez-nous\\\/postes-vacants\\\/entretien-sans-engagement\\\/\",\"url\":\"https:\\\/\\\/haelg.ch\\\/fr\\\/travailler-chez-nous\\\/postes-vacants\\\/entretien-sans-engagement\\\/\",\"name\":\"Entretien sans engagement | H\u00e4lg\u00a0Group\",\"isPartOf\":{\"@id\":\"https:\\\/\\\/haelg.ch\\\/fr\\\/#website\"},\"primaryImageOfPage\":{\"@id\":\"https:\\\/\\\/haelg.ch\\\/fr\\\/travailler-chez-nous\\\/postes-vacants\\\/entretien-sans-engagement\\\/#primaryimage\"},\"image\":{\"@id\":\"https:\\\/\\\/haelg.ch\\\/fr\\\/travailler-chez-nous\\\/postes-vacants\\\/entretien-sans-engagement\\\/#primaryimage\"},\"thumbnailUrl\":\"https:\\\/\\\/haelg.ch\\\/app\\\/uploads\\\/2024\\\/12\\\/team-tisch-mitarbeitende-st-gallen-haelg-group_2400x2400-1024x1024.jpg\",\"datePublished\":\"2024-10-09T08:18:54+00:00\",\"dateModified\":\"2025-01-23T12:57:29+00:00\",\"description\":\"Vous souhaitez mieux conna\u00eetre H\u00e4lg\u00a0Group comme employeur et vous faire une propre id\u00e9e de notre entreprise? Contactez-nous ici.\",\"breadcrumb\":{\"@id\":\"https:\\\/\\\/haelg.ch\\\/fr\\\/travailler-chez-nous\\\/postes-vacants\\\/entretien-sans-engagement\\\/#breadcrumb\"},\"inLanguage\":\"fr-FR\",\"potentialAction\":[{\"@type\":\"ReadAction\",\"target\":[\"https:\\\/\\\/haelg.ch\\\/fr\\\/travailler-chez-nous\\\/postes-vacants\\\/entretien-sans-engagement\\\/\"]}]},{\"@type\":\"ImageObject\",\"inLanguage\":\"fr-FR\",\"@id\":\"https:\\\/\\\/haelg.ch\\\/fr\\\/travailler-chez-nous\\\/postes-vacants\\\/entretien-sans-engagement\\\/#primaryimage\",\"url\":\"https:\\\/\\\/haelg.ch\\\/app\\\/uploads\\\/2024\\\/12\\\/team-tisch-mitarbeitende-st-gallen-haelg-group_2400x2400-1024x1024.jpg\",\"contentUrl\":\"https:\\\/\\\/haelg.ch\\\/app\\\/uploads\\\/2024\\\/12\\\/team-tisch-mitarbeitende-st-gallen-haelg-group_2400x2400-1024x1024.jpg\"},{\"@type\":\"BreadcrumbList\",\"@id\":\"https:\\\/\\\/haelg.ch\\\/fr\\\/travailler-chez-nous\\\/postes-vacants\\\/entretien-sans-engagement\\\/#breadcrumb\",\"itemListElement\":[{\"@type\":\"ListItem\",\"position\":1,\"name\":\"Accueil\",\"item\":\"https:\\\/\\\/haelg.ch\\\/fr\\\/\"},{\"@type\":\"ListItem\",\"position\":2,\"name\":\"Travailler chez nous\",\"item\":\"https:\\\/\\\/haelg.ch\\\/fr\\\/travailler-chez-nous\\\/\"},{\"@type\":\"ListItem\",\"position\":3,\"name\":\"Postes vacants\",\"item\":\"https:\\\/\\\/haelg.ch\\\/fr\\\/travailler-chez-nous\\\/postes-vacants\\\/\"},{\"@type\":\"ListItem\",\"position\":4,\"name\":\"Entretien sans engagement\"}]},{\"@type\":\"WebSite\",\"@id\":\"https:\\\/\\\/haelg.ch\\\/fr\\\/#website\",\"url\":\"https:\\\/\\\/haelg.ch\\\/fr\\\/\",\"name\":\"H\u00e4lg Group\",\"description\":\"\",\"publisher\":{\"@id\":\"https:\\\/\\\/haelg.ch\\\/fr\\\/#organization\"},\"potentialAction\":[{\"@type\":\"SearchAction\",\"target\":{\"@type\":\"EntryPoint\",\"urlTemplate\":\"https:\\\/\\\/haelg.ch\\\/fr\\\/?s={search_term_string}\"},\"query-input\":{\"@type\":\"PropertyValueSpecification\",\"valueRequired\":true,\"valueName\":\"search_term_string\"}}],\"inLanguage\":\"fr-FR\"},{\"@type\":\"Organization\",\"@id\":\"https:\\\/\\\/haelg.ch\\\/fr\\\/#organization\",\"name\":\"H\u00e4lg Group\",\"url\":\"https:\\\/\\\/haelg.ch\\\/fr\\\/\",\"logo\":{\"@type\":\"ImageObject\",\"inLanguage\":\"fr-FR\",\"@id\":\"https:\\\/\\\/haelg.ch\\\/fr\\\/#\\\/schema\\\/logo\\\/image\\\/\",\"url\":\"https:\\\/\\\/haelg.ch\\\/app\\\/uploads\\\/2025\\\/01\\\/haelg-group-logo_1800x1200.jpg\",\"contentUrl\":\"https:\\\/\\\/haelg.ch\\\/app\\\/uploads\\\/2025\\\/01\\\/haelg-group-logo_1800x1200.jpg\",\"width\":1620,\"height\":1080,\"caption\":\"H\u00e4lg Group\"},\"image\":{\"@id\":\"https:\\\/\\\/haelg.ch\\\/fr\\\/#\\\/schema\\\/logo\\\/image\\\/\"},\"sameAs\":[\"https:\\\/\\\/www.facebook.com\\\/haelg.ch\",\"https:\\\/\\\/www.linkedin.com\\\/company\\\/haelggroup\\\/\",\"https:\\\/\\\/www.instagram.com\\\/haelg.group\\\/\",\"https:\\\/\\\/www.youtube.com\\\/channel\\\/UCCP6yzfvj3o6gA9J5L0QJCg\\\/videos\",\"https:\\\/\\\/www.kununu.com\\\/ch\\\/haelg-group\"]}]}<\/script>\n<!-- \/ Yoast SEO plugin. -->","yoast_head_json":{"title":"Entretien sans engagement | H\u00e4lg\u00a0Group","description":"Vous souhaitez mieux conna\u00eetre H\u00e4lg\u00a0Group comme employeur et vous faire une propre id\u00e9e de notre entreprise? Contactez-nous ici.","robots":{"index":"index","follow":"follow","max-snippet":"max-snippet:-1","max-image-preview":"max-image-preview:large","max-video-preview":"max-video-preview:-1"},"canonical":"https:\/\/haelg.ch\/fr\/travailler-chez-nous\/postes-vacants\/entretien-sans-engagement\/","og_locale":"fr_FR","og_type":"article","og_title":"Entretien sans engagement | H\u00e4lg\u00a0Group","og_description":"Vous souhaitez mieux conna\u00eetre H\u00e4lg\u00a0Group comme employeur et vous faire une propre id\u00e9e de notre entreprise? Contactez-nous ici.","og_url":"https:\/\/haelg.ch\/fr\/travailler-chez-nous\/postes-vacants\/entretien-sans-engagement\/","og_site_name":"H\u00e4lg Group","article_publisher":"https:\/\/www.facebook.com\/haelg.ch","article_modified_time":"2025-01-23T12:57:29+00:00","og_image":[{"url":"https:\/\/haelg.ch\/app\/uploads\/2024\/12\/team-tisch-mitarbeitende-st-gallen-haelg-group_2400x2400-1024x1024.jpg","type":"","width":"","height":""}],"twitter_card":"summary_large_image","twitter_misc":{"Dur\u00e9e de lecture estim\u00e9e":"1 minute"},"schema":{"@context":"https:\/\/schema.org","@graph":[{"@type":"WebPage","@id":"https:\/\/haelg.ch\/fr\/travailler-chez-nous\/postes-vacants\/entretien-sans-engagement\/","url":"https:\/\/haelg.ch\/fr\/travailler-chez-nous\/postes-vacants\/entretien-sans-engagement\/","name":"Entretien sans engagement | H\u00e4lg\u00a0Group","isPartOf":{"@id":"https:\/\/haelg.ch\/fr\/#website"},"primaryImageOfPage":{"@id":"https:\/\/haelg.ch\/fr\/travailler-chez-nous\/postes-vacants\/entretien-sans-engagement\/#primaryimage"},"image":{"@id":"https:\/\/haelg.ch\/fr\/travailler-chez-nous\/postes-vacants\/entretien-sans-engagement\/#primaryimage"},"thumbnailUrl":"https:\/\/haelg.ch\/app\/uploads\/2024\/12\/team-tisch-mitarbeitende-st-gallen-haelg-group_2400x2400-1024x1024.jpg","datePublished":"2024-10-09T08:18:54+00:00","dateModified":"2025-01-23T12:57:29+00:00","description":"Vous souhaitez mieux conna\u00eetre H\u00e4lg\u00a0Group comme employeur et vous faire une propre id\u00e9e de notre entreprise? Contactez-nous ici.","breadcrumb":{"@id":"https:\/\/haelg.ch\/fr\/travailler-chez-nous\/postes-vacants\/entretien-sans-engagement\/#breadcrumb"},"inLanguage":"fr-FR","potentialAction":[{"@type":"ReadAction","target":["https:\/\/haelg.ch\/fr\/travailler-chez-nous\/postes-vacants\/entretien-sans-engagement\/"]}]},{"@type":"ImageObject","inLanguage":"fr-FR","@id":"https:\/\/haelg.ch\/fr\/travailler-chez-nous\/postes-vacants\/entretien-sans-engagement\/#primaryimage","url":"https:\/\/haelg.ch\/app\/uploads\/2024\/12\/team-tisch-mitarbeitende-st-gallen-haelg-group_2400x2400-1024x1024.jpg","contentUrl":"https:\/\/haelg.ch\/app\/uploads\/2024\/12\/team-tisch-mitarbeitende-st-gallen-haelg-group_2400x2400-1024x1024.jpg"},{"@type":"BreadcrumbList","@id":"https:\/\/haelg.ch\/fr\/travailler-chez-nous\/postes-vacants\/entretien-sans-engagement\/#breadcrumb","itemListElement":[{"@type":"ListItem","position":1,"name":"Accueil","item":"https:\/\/haelg.ch\/fr\/"},{"@type":"ListItem","position":2,"name":"Travailler chez nous","item":"https:\/\/haelg.ch\/fr\/travailler-chez-nous\/"},{"@type":"ListItem","position":3,"name":"Postes vacants","item":"https:\/\/haelg.ch\/fr\/travailler-chez-nous\/postes-vacants\/"},{"@type":"ListItem","position":4,"name":"Entretien sans engagement"}]},{"@type":"WebSite","@id":"https:\/\/haelg.ch\/fr\/#website","url":"https:\/\/haelg.ch\/fr\/","name":"H\u00e4lg Group","description":"","publisher":{"@id":"https:\/\/haelg.ch\/fr\/#organization"},"potentialAction":[{"@type":"SearchAction","target":{"@type":"EntryPoint","urlTemplate":"https:\/\/haelg.ch\/fr\/?s={search_term_string}"},"query-input":{"@type":"PropertyValueSpecification","valueRequired":true,"valueName":"search_term_string"}}],"inLanguage":"fr-FR"},{"@type":"Organization","@id":"https:\/\/haelg.ch\/fr\/#organization","name":"H\u00e4lg Group","url":"https:\/\/haelg.ch\/fr\/","logo":{"@type":"ImageObject","inLanguage":"fr-FR","@id":"https:\/\/haelg.ch\/fr\/#\/schema\/logo\/image\/","url":"https:\/\/haelg.ch\/app\/uploads\/2025\/01\/haelg-group-logo_1800x1200.jpg","contentUrl":"https:\/\/haelg.ch\/app\/uploads\/2025\/01\/haelg-group-logo_1800x1200.jpg","width":1620,"height":1080,"caption":"H\u00e4lg Group"},"image":{"@id":"https:\/\/haelg.ch\/fr\/#\/schema\/logo\/image\/"},"sameAs":["https:\/\/www.facebook.com\/haelg.ch","https:\/\/www.linkedin.com\/company\/haelggroup\/","https:\/\/www.instagram.com\/haelg.group\/","https:\/\/www.youtube.com\/channel\/UCCP6yzfvj3o6gA9J5L0QJCg\/videos","https:\/\/www.kununu.com\/ch\/haelg-group"]}]}},"_links":{"self":[{"href":"https:\/\/haelg.ch\/fr\/wp-json\/wp\/v2\/pages\/52706","targetHints":{"allow":["GET"]}}],"collection":[{"href":"https:\/\/haelg.ch\/fr\/wp-json\/wp\/v2\/pages"}],"about":[{"href":"https:\/\/haelg.ch\/fr\/wp-json\/wp\/v2\/types\/page"}],"author":[{"embeddable":true,"href":"https:\/\/haelg.ch\/fr\/wp-json\/wp\/v2\/users\/3"}],"replies":[{"embeddable":true,"href":"https:\/\/haelg.ch\/fr\/wp-json\/wp\/v2\/comments?post=52706"}],"version-history":[{"count":6,"href":"https:\/\/haelg.ch\/fr\/wp-json\/wp\/v2\/pages\/52706\/revisions"}],"predecessor-version":[{"id":57620,"href":"https:\/\/haelg.ch\/fr\/wp-json\/wp\/v2\/pages\/52706\/revisions\/57620"}],"up":[{"embeddable":true,"href":"https:\/\/haelg.ch\/fr\/wp-json\/wp\/v2\/pages\/51115"}],"wp:attachment":[{"href":"https:\/\/haelg.ch\/fr\/wp-json\/wp\/v2\/media?parent=52706"}],"wp:term":[{"taxonomy":"kategorie","embeddable":true,"href":"https:\/\/haelg.ch\/fr\/wp-json\/wp\/v2\/kategorie?post=52706"},{"taxonomy":"angebot","embeddable":true,"href":"https:\/\/haelg.ch\/fr\/wp-json\/wp\/v2\/angebot?post=52706"}],"curies":[{"name":"wp","href":"https:\/\/api.w.org\/{rel}","templated":true}]}}