{"id":52715,"date":"2024-09-24T11:27:17","date_gmt":"2024-09-24T09:27:17","guid":{"rendered":"https:\/\/dev-relaunch.haelg.ch\/?page_id=52715"},"modified":"2026-02-17T14:45:51","modified_gmt":"2026-02-17T13:45:51","slug":"perspectives-et-carriere","status":"publish","type":"page","link":"https:\/\/haelg.ch\/fr\/travailler-chez-nous\/haelg-group-comme-employeur\/perspectives-et-carriere\/","title":{"rendered":"Perspectives et Carri\u00e8re"},"content":{"rendered":"\n<div class=\"wp-block-media-text alignwide is-stacked-on-mobile has-background-color has-secondary-background-color has-text-color has-background has-link-color wp-elements-be4b347b7de35a41ac0bd85a5c4e2489\" style=\"grid-template-columns:60% auto\"><figure class=\"wp-block-media-text__media\"><img decoding=\"async\" width=\"1024\" height=\"1024\" loading=\"lazy\" src=\"https:\/\/haelg.ch\/app\/uploads\/2024\/11\/bim-digitales-bauen-baustelle-haelg-group_2400x2400-1024x1024.jpg\" alt=\"Un collaborateur de H\u00e4lg &amp; Cie SA Lucerne-Ebikon se tient avec sa tablette sur un chantier \u00e0 c\u00f4t\u00e9 d'un scanner laser.\" class=\"wp-image-47822 size-full\" srcset=\"https:\/\/haelg.ch\/app\/uploads\/2024\/11\/bim-digitales-bauen-baustelle-haelg-group_2400x2400-1024x1024.jpg 1024w, https:\/\/haelg.ch\/app\/uploads\/2024\/11\/bim-digitales-bauen-baustelle-haelg-group_2400x2400-300x300.jpg 300w, https:\/\/haelg.ch\/app\/uploads\/2024\/11\/bim-digitales-bauen-baustelle-haelg-group_2400x2400-150x150.jpg 150w, https:\/\/haelg.ch\/app\/uploads\/2024\/11\/bim-digitales-bauen-baustelle-haelg-group_2400x2400-768x768.jpg 768w, https:\/\/haelg.ch\/app\/uploads\/2024\/11\/bim-digitales-bauen-baustelle-haelg-group_2400x2400-1536x1536.jpg 1536w, https:\/\/haelg.ch\/app\/uploads\/2024\/11\/bim-digitales-bauen-baustelle-haelg-group_2400x2400-2048x2048.jpg 2048w\" sizes=\"auto, (max-width: 1024px) 100vw, 1024px\" \/><\/figure><div class=\"wp-block-media-text__content\"><div class=\"yoast-breadcrumbs\"><span><span><a href=\"https:\/\/haelg.ch\/fr\/\">Accueil<\/a><\/span> <span class=\"separator\"><\/span> <span><a href=\"https:\/\/haelg.ch\/fr\/travailler-chez-nous\/\">Travailler chez nous<\/a><\/span> <span class=\"separator\"><\/span> <span><a href=\"https:\/\/haelg.ch\/fr\/travailler-chez-nous\/haelg-group-comme-employeur\/\">H\u00e4lg\u00a0Group comme employeur<\/a><\/span> <span class=\"separator\"><\/span> <span class=\"breadcrumb_last\" aria-current=\"page\">Perspectives et Carri\u00e8re<\/span><\/span><\/div>\n\n\n<h1 class=\"wp-block-heading\">Perspectives et Carri\u00e8re<\/h1>\n\n\n\n<p>Vous \u00eates un(e) sp\u00e9cialiste du chauffage, de la ventilation\/climatisation, du froid, du sanitaire ou de l&rsquo;automatisation de b\u00e2timent, un(e) agent(e) d&rsquo;exploitation ou un(e) employ\u00e9(e) de commerce et souhaiter relever de nouveaux d\u00e9fis? Nous proposons des emplois attractifs et vari\u00e9s qui vous offrent des perspectives.<\/p>\n\n\n\n<div class=\"wp-block-buttons is-layout-flex wp-block-buttons-is-layout-flex\">\n<div class=\"wp-block-button is-style-outline is-style-outline--1\"><a class=\"wp-block-button__link wp-element-button\" href=\"https:\/\/haelg.ch\/fr\/travailler-chez-nous\/postes-vacants\/\">Nos postes vacants<\/a><\/div>\n\n\n\n<div class=\"wp-block-button is-style-outline is-style-outline--2\"><a class=\"wp-block-button__link wp-element-button\" href=\"https:\/\/haelg.ch\/fr\/travailler-chez-nous\/apprentissage-chez-nous\/places-d-apprentissage-libres\/\">Nos places d&rsquo;apprentissage libres<\/a><\/div>\n<\/div>\n<\/div><\/div>\n\n\n\n<div class=\"wp-block-media-text is-stacked-on-mobile is-image-fill-element has-lightgray-background-color has-background\"><figure class=\"wp-block-media-text__media\"><img decoding=\"async\" width=\"1024\" height=\"768\" loading=\"lazy\" src=\"https:\/\/haelg.ch\/app\/uploads\/2024\/11\/entwicklungsdialog-haelg-group_1600x1200-1024x768.jpg\" alt=\"Un sup\u00e9rieur s'entretient avec une collaboratrice.\" class=\"wp-image-47832 size-full\" style=\"object-position:50% 50%\" srcset=\"https:\/\/haelg.ch\/app\/uploads\/2024\/11\/entwicklungsdialog-haelg-group_1600x1200-1024x768.jpg 1024w, https:\/\/haelg.ch\/app\/uploads\/2024\/11\/entwicklungsdialog-haelg-group_1600x1200-300x225.jpg 300w, https:\/\/haelg.ch\/app\/uploads\/2024\/11\/entwicklungsdialog-haelg-group_1600x1200-768x576.jpg 768w, https:\/\/haelg.ch\/app\/uploads\/2024\/11\/entwicklungsdialog-haelg-group_1600x1200-1536x1152.jpg 1536w, https:\/\/haelg.ch\/app\/uploads\/2024\/11\/entwicklungsdialog-haelg-group_1600x1200.jpg 1600w\" sizes=\"auto, (max-width: 1024px) 100vw, 1024px\" \/><\/figure><div class=\"wp-block-media-text__content\">\n<h2 class=\"wp-block-heading\">Dialogue sur le d\u00e9veloppement<\/h2>\n\n\n\n<p>Nos dialogues sur le d\u00e9veloppement se d\u00e9roulent dans un cadre ouvert qui se focalise sur les besoins et objectifs individuels de notre personnel. Dans cet entretien r\u00e9gulier, nous \u00e9tudions ensemble les points forts et les potentiels pour d\u00e9finir des mesures de d\u00e9veloppement cibl\u00e9es. Nous \u00e9tablissons ainsi une base transparente pour le d\u00e9veloppement personnel et encourageons une \u00e9volution professionnelle continue.<\/p>\n\n\n\n<div class=\"wp-block-buttons is-layout-flex wp-block-buttons-is-layout-flex\">\n<div class=\"wp-block-button is-style-outline is-style-outline--3\"><a class=\"wp-block-button__link wp-element-button\" href=\"https:\/\/haelg.ch\/fr\/dialogues-sur-les-objectifs-et-le-developpement-faconner-lavenir-ensemble\/\">En savoir plus<\/a><\/div>\n<\/div>\n<\/div><\/div>\n\n\n\n<div class=\"wp-block-media-text has-media-on-the-right is-stacked-on-mobile is-image-fill-element has-background-color has-secondary-background-color has-text-color has-background has-link-color wp-elements-9fea5a2feaf1fa07c5cc409e210b45e3\"><div class=\"wp-block-media-text__content\">\n<h2 class=\"wp-block-heading\">Cours et formations continues<\/h2>\n\n\n\n<p>Nous attachons une grande importance \u00e0 des formations et cours continus pour favoriser le d\u00e9veloppement professionnel et personnel de nos collaboratrices et collaborateurs. H\u00e4lg&nbsp;Group propose \u00e0 la fois des programmes de formations continues internes et externes, parfaitement adapt\u00e9s aux besoins et objectifs de d\u00e9veloppement de notre personnel. Nous veillons ainsi \u00e0 ce que nos \u00e9quipes disposent toujours des connaissances les plus actuelles et puissent se d\u00e9velopper en continu.<\/p>\n\n\n\n<div class=\"wp-block-buttons is-layout-flex wp-block-buttons-is-layout-flex\">\n<div class=\"wp-block-button is-style-outline is-style-outline--4\"><a class=\"wp-block-button__link wp-element-button\" href=\"https:\/\/haelg.ch\/fr\/gilbert-kuenzi\/\">Vers l&rsquo;histoire de Gilbert, responsable de la s\u00e9curit\u00e9<\/a><\/div>\n\n\n\n<div class=\"wp-block-button is-style-outline is-style-outline--5\"><a class=\"wp-block-button__link wp-element-button\" href=\"https:\/\/haelg.ch\/fr\/le-technicien-de-service\/\">Vers l&rsquo;histoire de Dieter, technicien de service<\/a><\/div>\n\n\n\n<div class=\"wp-block-button is-style-outline is-style-outline--6\"><a class=\"wp-block-button__link wp-element-button\" href=\"https:\/\/haelg.ch\/fr\/avant-bartender-maintenant-constructeur-d-installations-ventilation\/\">Vers l&rsquo;histoire de Dardan, du barman au constructeur des installations de ventilation<\/a><\/div>\n<\/div>\n<\/div><figure class=\"wp-block-media-text__media\"><img decoding=\"async\" width=\"1024\" height=\"768\" loading=\"lazy\" src=\"https:\/\/haelg.ch\/app\/uploads\/2024\/11\/schulungen-und-weiterbildungen-haelg-group_1600x1200-1024x768.jpg\" alt=\"Des membres du personnel suivent l'expos\u00e9 du responsable de la s\u00e9curit\u00e9.\" class=\"wp-image-47830 size-full\" style=\"object-position:50% 50%\" srcset=\"https:\/\/haelg.ch\/app\/uploads\/2024\/11\/schulungen-und-weiterbildungen-haelg-group_1600x1200-1024x768.jpg 1024w, https:\/\/haelg.ch\/app\/uploads\/2024\/11\/schulungen-und-weiterbildungen-haelg-group_1600x1200-300x225.jpg 300w, https:\/\/haelg.ch\/app\/uploads\/2024\/11\/schulungen-und-weiterbildungen-haelg-group_1600x1200-768x576.jpg 768w, https:\/\/haelg.ch\/app\/uploads\/2024\/11\/schulungen-und-weiterbildungen-haelg-group_1600x1200-1536x1152.jpg 1536w, https:\/\/haelg.ch\/app\/uploads\/2024\/11\/schulungen-und-weiterbildungen-haelg-group_1600x1200.jpg 1600w\" sizes=\"auto, (max-width: 1024px) 100vw, 1024px\" \/><\/figure><\/div>\n\n\n\n<div class=\"wp-block-media-text is-stacked-on-mobile is-image-fill-element has-lightgray-background-color has-background\"><figure class=\"wp-block-media-text__media\"><img decoding=\"async\" width=\"1024\" height=\"768\" loading=\"lazy\" src=\"https:\/\/haelg.ch\/app\/uploads\/2026\/02\/niederlassungsleiter-wechsel-haelg-co-ag-aarau-2026-2-haelg-group_1600x1200-1024x768.jpg\" alt=\"Niederlassungswechsel bei der H\u00e4lg &amp; Co. AG Aarau\" class=\"wp-image-207973 size-full\" style=\"object-position:50% 50%\" srcset=\"https:\/\/haelg.ch\/app\/uploads\/2026\/02\/niederlassungsleiter-wechsel-haelg-co-ag-aarau-2026-2-haelg-group_1600x1200-1024x768.jpg 1024w, https:\/\/haelg.ch\/app\/uploads\/2026\/02\/niederlassungsleiter-wechsel-haelg-co-ag-aarau-2026-2-haelg-group_1600x1200-300x225.jpg 300w, https:\/\/haelg.ch\/app\/uploads\/2026\/02\/niederlassungsleiter-wechsel-haelg-co-ag-aarau-2026-2-haelg-group_1600x1200-768x576.jpg 768w, https:\/\/haelg.ch\/app\/uploads\/2026\/02\/niederlassungsleiter-wechsel-haelg-co-ag-aarau-2026-2-haelg-group_1600x1200-1536x1152.jpg 1536w, https:\/\/haelg.ch\/app\/uploads\/2026\/02\/niederlassungsleiter-wechsel-haelg-co-ag-aarau-2026-2-haelg-group_1600x1200.jpg 1600w\" sizes=\"auto, (max-width: 1024px) 100vw, 1024px\" \/><\/figure><div class=\"wp-block-media-text__content\">\n<h2 class=\"wp-block-heading\">Gestion de la rel\u00e8ve<\/h2>\n\n\n\n<p>Notre gestion de la rel\u00e8ve p\u00e9rennise le d\u00e9veloppement et le succ\u00e8s de H\u00e4lg&nbsp;Group en nous permettant d&rsquo;identifier d&rsquo;une mani\u00e8re pr\u00e9coce le personnel qui a le potentiel d&rsquo;assumer des fonctions de direction. Nous assurons ainsi un transfert durable et efficace de la responsabilit\u00e9 au sein de l&rsquo;entreprise.<\/p>\n<\/div><\/div>\n\n\n\n<div class=\"wp-block-media-text has-media-on-the-right is-stacked-on-mobile is-image-fill-element has-background-color has-secondary-background-color has-text-color has-background has-link-color wp-elements-26efdf141ecdde4848134bda1f72c228\"><div class=\"wp-block-media-text__content\">\n<h2 class=\"wp-block-heading\">En savoir plus sur H\u00e4lg&nbsp;Group<\/h2>\n\n\n\n<div class=\"wp-block-buttons is-style-list is-layout-flex wp-block-buttons-is-layout-flex\">\n<div class=\"wp-block-button is-style-outline is-style-outline--7\"><a class=\"wp-block-button__link wp-element-button\" href=\"https:\/\/haelg.ch\/fr\/travailler-chez-nous\/haelg-group-comme-employeur\/\">H\u00e4lg&nbsp;Group comme employeur<\/a><\/div>\n\n\n\n<div class=\"wp-block-button is-style-outline is-style-outline--8\"><a class=\"wp-block-button__link wp-element-button\" href=\"https:\/\/haelg.ch\/fr\/travailler-chez-nous\/haelg-group-comme-employeur\/avantages\/\">Avantages<\/a><\/div>\n\n\n\n<div class=\"wp-block-button\"><a class=\"wp-block-button__link wp-element-button\" href=\"https:\/\/haelg.ch\/fr\/travailler-chez-nous\/apprentissage-chez-nous\/\">Apprentissage chez nous<\/a><\/div>\n\n\n\n<div class=\"wp-block-button\"><a class=\"wp-block-button__link wp-element-button\" href=\"https:\/\/haelg.ch\/fr\/travailler-chez-nous\/notre-promesse\/\">Notre promesse<\/a><\/div>\n<\/div>\n<\/div><figure class=\"wp-block-media-text__media\"><img decoding=\"async\" width=\"1024\" height=\"768\" loading=\"lazy\" src=\"https:\/\/haelg.ch\/app\/uploads\/2024\/12\/haelg-what-else-haelg-group_1600x1200-1-1024x768.jpg\" alt=\"H\u00e4lg, what else.\" class=\"wp-image-50811 size-full\" style=\"object-position:50% 50%\" srcset=\"https:\/\/haelg.ch\/app\/uploads\/2024\/12\/haelg-what-else-haelg-group_1600x1200-1-1024x768.jpg 1024w, https:\/\/haelg.ch\/app\/uploads\/2024\/12\/haelg-what-else-haelg-group_1600x1200-1-300x225.jpg 300w, https:\/\/haelg.ch\/app\/uploads\/2024\/12\/haelg-what-else-haelg-group_1600x1200-1-768x576.jpg 768w, https:\/\/haelg.ch\/app\/uploads\/2024\/12\/haelg-what-else-haelg-group_1600x1200-1-1536x1152.jpg 1536w, https:\/\/haelg.ch\/app\/uploads\/2024\/12\/haelg-what-else-haelg-group_1600x1200-1.jpg 1600w\" sizes=\"auto, (max-width: 1024px) 100vw, 1024px\" \/><\/figure><\/div>\n\n\n\n<p><\/p>\n","protected":false},"excerpt":{"rendered":"<p>Gestion de la rel\u00e8ve Notre gestion de la rel\u00e8ve p\u00e9rennise le d\u00e9veloppement et le succ\u00e8s de H\u00e4lg&nbsp;Group en nous permettant d&rsquo;identifier d&rsquo;une mani\u00e8re pr\u00e9coce le personnel qui a le potentiel d&rsquo;assumer des fonctions de direction. Nous assurons ainsi un transfert durable et efficace de la responsabilit\u00e9 au sein de l&rsquo;entreprise.<\/p>\n","protected":false},"author":1,"featured_media":0,"parent":51061,"menu_order":209,"comment_status":"closed","ping_status":"closed","template":"","meta":{"_acf_changed":false,"inline_featured_image":false,"footnotes":""},"kategorie":[],"angebot":[],"class_list":["post-52715","page","type-page","status-publish","hentry"],"acf":[],"yoast_head":"<!-- This site is optimized with the Yoast SEO plugin v27.3 - https:\/\/yoast.com\/product\/yoast-seo-wordpress\/ -->\n<title>Perspectives et carri\u00e8re dans la technique du b\u00e2timent<\/title>\n<meta name=\"description\" content=\"Faire carri\u00e8re ou continuer \u00e0 se former en tant que technicien(ne) de service, installateur\/trice sanitaire ou projeteur\/euse en technique du b\u00e2timent?\" \/>\n<meta name=\"robots\" content=\"index, follow, max-snippet:-1, max-image-preview:large, max-video-preview:-1\" \/>\n<link rel=\"canonical\" href=\"https:\/\/haelg.ch\/fr\/travailler-chez-nous\/haelg-group-comme-employeur\/perspectives-et-carriere\/\" \/>\n<meta property=\"og:locale\" content=\"fr_FR\" \/>\n<meta property=\"og:type\" content=\"article\" \/>\n<meta property=\"og:title\" content=\"Perspectives et carri\u00e8re dans la technique du b\u00e2timent\" \/>\n<meta property=\"og:description\" content=\"Faire carri\u00e8re ou continuer \u00e0 se former en tant que technicien(ne) de service, installateur\/trice sanitaire ou projeteur\/euse en technique du b\u00e2timent?\" \/>\n<meta property=\"og:url\" content=\"https:\/\/haelg.ch\/fr\/travailler-chez-nous\/haelg-group-comme-employeur\/perspectives-et-carriere\/\" \/>\n<meta property=\"og:site_name\" content=\"H\u00e4lg Group\" \/>\n<meta property=\"article:publisher\" content=\"https:\/\/www.facebook.com\/haelg.ch\" \/>\n<meta property=\"article:modified_time\" content=\"2026-02-17T13:45:51+00:00\" \/>\n<meta property=\"og:image\" content=\"https:\/\/haelg.ch\/app\/uploads\/2024\/11\/bim-digitales-bauen-baustelle-haelg-group_2400x2400.jpg\" \/>\n\t<meta property=\"og:image:width\" content=\"2400\" \/>\n\t<meta property=\"og:image:height\" content=\"2400\" \/>\n\t<meta property=\"og:image:type\" content=\"image\/jpeg\" \/>\n<meta name=\"twitter:card\" content=\"summary_large_image\" \/>\n<meta name=\"twitter:label1\" content=\"Dur\u00e9e de lecture estim\u00e9e\" \/>\n\t<meta name=\"twitter:data1\" content=\"3 minutes\" \/>\n<script type=\"application\/ld+json\" class=\"yoast-schema-graph\">{\"@context\":\"https:\\\/\\\/schema.org\",\"@graph\":[{\"@type\":\"WebPage\",\"@id\":\"https:\\\/\\\/haelg.ch\\\/fr\\\/travailler-chez-nous\\\/haelg-group-comme-employeur\\\/perspectives-et-carriere\\\/\",\"url\":\"https:\\\/\\\/haelg.ch\\\/fr\\\/travailler-chez-nous\\\/haelg-group-comme-employeur\\\/perspectives-et-carriere\\\/\",\"name\":\"Perspectives et carri\u00e8re dans la technique du b\u00e2timent\",\"isPartOf\":{\"@id\":\"https:\\\/\\\/haelg.ch\\\/fr\\\/#website\"},\"primaryImageOfPage\":{\"@id\":\"https:\\\/\\\/haelg.ch\\\/fr\\\/travailler-chez-nous\\\/haelg-group-comme-employeur\\\/perspectives-et-carriere\\\/#primaryimage\"},\"image\":{\"@id\":\"https:\\\/\\\/haelg.ch\\\/fr\\\/travailler-chez-nous\\\/haelg-group-comme-employeur\\\/perspectives-et-carriere\\\/#primaryimage\"},\"thumbnailUrl\":\"https:\\\/\\\/haelg.ch\\\/app\\\/uploads\\\/2024\\\/11\\\/bim-digitales-bauen-baustelle-haelg-group_2400x2400-1024x1024.jpg\",\"datePublished\":\"2024-09-24T09:27:17+00:00\",\"dateModified\":\"2026-02-17T13:45:51+00:00\",\"description\":\"Faire carri\u00e8re ou continuer \u00e0 se former en tant que technicien(ne) de service, installateur\\\/trice sanitaire ou projeteur\\\/euse en technique du b\u00e2timent?\",\"breadcrumb\":{\"@id\":\"https:\\\/\\\/haelg.ch\\\/fr\\\/travailler-chez-nous\\\/haelg-group-comme-employeur\\\/perspectives-et-carriere\\\/#breadcrumb\"},\"inLanguage\":\"fr-FR\",\"potentialAction\":[{\"@type\":\"ReadAction\",\"target\":[\"https:\\\/\\\/haelg.ch\\\/fr\\\/travailler-chez-nous\\\/haelg-group-comme-employeur\\\/perspectives-et-carriere\\\/\"]}]},{\"@type\":\"ImageObject\",\"inLanguage\":\"fr-FR\",\"@id\":\"https:\\\/\\\/haelg.ch\\\/fr\\\/travailler-chez-nous\\\/haelg-group-comme-employeur\\\/perspectives-et-carriere\\\/#primaryimage\",\"url\":\"https:\\\/\\\/haelg.ch\\\/app\\\/uploads\\\/2024\\\/11\\\/bim-digitales-bauen-baustelle-haelg-group_2400x2400-1024x1024.jpg\",\"contentUrl\":\"https:\\\/\\\/haelg.ch\\\/app\\\/uploads\\\/2024\\\/11\\\/bim-digitales-bauen-baustelle-haelg-group_2400x2400-1024x1024.jpg\"},{\"@type\":\"BreadcrumbList\",\"@id\":\"https:\\\/\\\/haelg.ch\\\/fr\\\/travailler-chez-nous\\\/haelg-group-comme-employeur\\\/perspectives-et-carriere\\\/#breadcrumb\",\"itemListElement\":[{\"@type\":\"ListItem\",\"position\":1,\"name\":\"Accueil\",\"item\":\"https:\\\/\\\/haelg.ch\\\/fr\\\/\"},{\"@type\":\"ListItem\",\"position\":2,\"name\":\"Travailler chez nous\",\"item\":\"https:\\\/\\\/haelg.ch\\\/fr\\\/travailler-chez-nous\\\/\"},{\"@type\":\"ListItem\",\"position\":3,\"name\":\"H\u00e4lg\u00a0Group comme employeur\",\"item\":\"https:\\\/\\\/haelg.ch\\\/fr\\\/travailler-chez-nous\\\/haelg-group-comme-employeur\\\/\"},{\"@type\":\"ListItem\",\"position\":4,\"name\":\"Perspectives et Carri\u00e8re\"}]},{\"@type\":\"WebSite\",\"@id\":\"https:\\\/\\\/haelg.ch\\\/fr\\\/#website\",\"url\":\"https:\\\/\\\/haelg.ch\\\/fr\\\/\",\"name\":\"H\u00e4lg Group\",\"description\":\"\",\"publisher\":{\"@id\":\"https:\\\/\\\/haelg.ch\\\/fr\\\/#organization\"},\"potentialAction\":[{\"@type\":\"SearchAction\",\"target\":{\"@type\":\"EntryPoint\",\"urlTemplate\":\"https:\\\/\\\/haelg.ch\\\/fr\\\/?s={search_term_string}\"},\"query-input\":{\"@type\":\"PropertyValueSpecification\",\"valueRequired\":true,\"valueName\":\"search_term_string\"}}],\"inLanguage\":\"fr-FR\"},{\"@type\":\"Organization\",\"@id\":\"https:\\\/\\\/haelg.ch\\\/fr\\\/#organization\",\"name\":\"H\u00e4lg Group\",\"url\":\"https:\\\/\\\/haelg.ch\\\/fr\\\/\",\"logo\":{\"@type\":\"ImageObject\",\"inLanguage\":\"fr-FR\",\"@id\":\"https:\\\/\\\/haelg.ch\\\/fr\\\/#\\\/schema\\\/logo\\\/image\\\/\",\"url\":\"https:\\\/\\\/haelg.ch\\\/app\\\/uploads\\\/2025\\\/01\\\/haelg-group-logo_1800x1200.jpg\",\"contentUrl\":\"https:\\\/\\\/haelg.ch\\\/app\\\/uploads\\\/2025\\\/01\\\/haelg-group-logo_1800x1200.jpg\",\"width\":1620,\"height\":1080,\"caption\":\"H\u00e4lg Group\"},\"image\":{\"@id\":\"https:\\\/\\\/haelg.ch\\\/fr\\\/#\\\/schema\\\/logo\\\/image\\\/\"},\"sameAs\":[\"https:\\\/\\\/www.facebook.com\\\/haelg.ch\",\"https:\\\/\\\/www.linkedin.com\\\/company\\\/haelggroup\\\/\",\"https:\\\/\\\/www.instagram.com\\\/haelg.group\\\/\",\"https:\\\/\\\/www.youtube.com\\\/channel\\\/UCCP6yzfvj3o6gA9J5L0QJCg\\\/videos\",\"https:\\\/\\\/www.kununu.com\\\/ch\\\/haelg-group\"]}]}<\/script>\n<!-- \/ Yoast SEO plugin. -->","yoast_head_json":{"title":"Perspectives et carri\u00e8re dans la technique du b\u00e2timent","description":"Faire carri\u00e8re ou continuer \u00e0 se former en tant que technicien(ne) de service, installateur\/trice sanitaire ou projeteur\/euse en technique du b\u00e2timent?","robots":{"index":"index","follow":"follow","max-snippet":"max-snippet:-1","max-image-preview":"max-image-preview:large","max-video-preview":"max-video-preview:-1"},"canonical":"https:\/\/haelg.ch\/fr\/travailler-chez-nous\/haelg-group-comme-employeur\/perspectives-et-carriere\/","og_locale":"fr_FR","og_type":"article","og_title":"Perspectives et carri\u00e8re dans la technique du b\u00e2timent","og_description":"Faire carri\u00e8re ou continuer \u00e0 se former en tant que technicien(ne) de service, installateur\/trice sanitaire ou projeteur\/euse en technique du b\u00e2timent?","og_url":"https:\/\/haelg.ch\/fr\/travailler-chez-nous\/haelg-group-comme-employeur\/perspectives-et-carriere\/","og_site_name":"H\u00e4lg Group","article_publisher":"https:\/\/www.facebook.com\/haelg.ch","article_modified_time":"2026-02-17T13:45:51+00:00","og_image":[{"width":2400,"height":2400,"url":"https:\/\/haelg.ch\/app\/uploads\/2024\/11\/bim-digitales-bauen-baustelle-haelg-group_2400x2400.jpg","type":"image\/jpeg"}],"twitter_card":"summary_large_image","twitter_misc":{"Dur\u00e9e de lecture estim\u00e9e":"3 minutes"},"schema":{"@context":"https:\/\/schema.org","@graph":[{"@type":"WebPage","@id":"https:\/\/haelg.ch\/fr\/travailler-chez-nous\/haelg-group-comme-employeur\/perspectives-et-carriere\/","url":"https:\/\/haelg.ch\/fr\/travailler-chez-nous\/haelg-group-comme-employeur\/perspectives-et-carriere\/","name":"Perspectives et carri\u00e8re dans la technique du b\u00e2timent","isPartOf":{"@id":"https:\/\/haelg.ch\/fr\/#website"},"primaryImageOfPage":{"@id":"https:\/\/haelg.ch\/fr\/travailler-chez-nous\/haelg-group-comme-employeur\/perspectives-et-carriere\/#primaryimage"},"image":{"@id":"https:\/\/haelg.ch\/fr\/travailler-chez-nous\/haelg-group-comme-employeur\/perspectives-et-carriere\/#primaryimage"},"thumbnailUrl":"https:\/\/haelg.ch\/app\/uploads\/2024\/11\/bim-digitales-bauen-baustelle-haelg-group_2400x2400-1024x1024.jpg","datePublished":"2024-09-24T09:27:17+00:00","dateModified":"2026-02-17T13:45:51+00:00","description":"Faire carri\u00e8re ou continuer \u00e0 se former en tant que technicien(ne) de service, installateur\/trice sanitaire ou projeteur\/euse en technique du b\u00e2timent?","breadcrumb":{"@id":"https:\/\/haelg.ch\/fr\/travailler-chez-nous\/haelg-group-comme-employeur\/perspectives-et-carriere\/#breadcrumb"},"inLanguage":"fr-FR","potentialAction":[{"@type":"ReadAction","target":["https:\/\/haelg.ch\/fr\/travailler-chez-nous\/haelg-group-comme-employeur\/perspectives-et-carriere\/"]}]},{"@type":"ImageObject","inLanguage":"fr-FR","@id":"https:\/\/haelg.ch\/fr\/travailler-chez-nous\/haelg-group-comme-employeur\/perspectives-et-carriere\/#primaryimage","url":"https:\/\/haelg.ch\/app\/uploads\/2024\/11\/bim-digitales-bauen-baustelle-haelg-group_2400x2400-1024x1024.jpg","contentUrl":"https:\/\/haelg.ch\/app\/uploads\/2024\/11\/bim-digitales-bauen-baustelle-haelg-group_2400x2400-1024x1024.jpg"},{"@type":"BreadcrumbList","@id":"https:\/\/haelg.ch\/fr\/travailler-chez-nous\/haelg-group-comme-employeur\/perspectives-et-carriere\/#breadcrumb","itemListElement":[{"@type":"ListItem","position":1,"name":"Accueil","item":"https:\/\/haelg.ch\/fr\/"},{"@type":"ListItem","position":2,"name":"Travailler chez nous","item":"https:\/\/haelg.ch\/fr\/travailler-chez-nous\/"},{"@type":"ListItem","position":3,"name":"H\u00e4lg\u00a0Group comme employeur","item":"https:\/\/haelg.ch\/fr\/travailler-chez-nous\/haelg-group-comme-employeur\/"},{"@type":"ListItem","position":4,"name":"Perspectives et Carri\u00e8re"}]},{"@type":"WebSite","@id":"https:\/\/haelg.ch\/fr\/#website","url":"https:\/\/haelg.ch\/fr\/","name":"H\u00e4lg Group","description":"","publisher":{"@id":"https:\/\/haelg.ch\/fr\/#organization"},"potentialAction":[{"@type":"SearchAction","target":{"@type":"EntryPoint","urlTemplate":"https:\/\/haelg.ch\/fr\/?s={search_term_string}"},"query-input":{"@type":"PropertyValueSpecification","valueRequired":true,"valueName":"search_term_string"}}],"inLanguage":"fr-FR"},{"@type":"Organization","@id":"https:\/\/haelg.ch\/fr\/#organization","name":"H\u00e4lg Group","url":"https:\/\/haelg.ch\/fr\/","logo":{"@type":"ImageObject","inLanguage":"fr-FR","@id":"https:\/\/haelg.ch\/fr\/#\/schema\/logo\/image\/","url":"https:\/\/haelg.ch\/app\/uploads\/2025\/01\/haelg-group-logo_1800x1200.jpg","contentUrl":"https:\/\/haelg.ch\/app\/uploads\/2025\/01\/haelg-group-logo_1800x1200.jpg","width":1620,"height":1080,"caption":"H\u00e4lg Group"},"image":{"@id":"https:\/\/haelg.ch\/fr\/#\/schema\/logo\/image\/"},"sameAs":["https:\/\/www.facebook.com\/haelg.ch","https:\/\/www.linkedin.com\/company\/haelggroup\/","https:\/\/www.instagram.com\/haelg.group\/","https:\/\/www.youtube.com\/channel\/UCCP6yzfvj3o6gA9J5L0QJCg\/videos","https:\/\/www.kununu.com\/ch\/haelg-group"]}]}},"_links":{"self":[{"href":"https:\/\/haelg.ch\/fr\/wp-json\/wp\/v2\/pages\/52715","targetHints":{"allow":["GET"]}}],"collection":[{"href":"https:\/\/haelg.ch\/fr\/wp-json\/wp\/v2\/pages"}],"about":[{"href":"https:\/\/haelg.ch\/fr\/wp-json\/wp\/v2\/types\/page"}],"author":[{"embeddable":true,"href":"https:\/\/haelg.ch\/fr\/wp-json\/wp\/v2\/users\/1"}],"replies":[{"embeddable":true,"href":"https:\/\/haelg.ch\/fr\/wp-json\/wp\/v2\/comments?post=52715"}],"version-history":[{"count":16,"href":"https:\/\/haelg.ch\/fr\/wp-json\/wp\/v2\/pages\/52715\/revisions"}],"predecessor-version":[{"id":207976,"href":"https:\/\/haelg.ch\/fr\/wp-json\/wp\/v2\/pages\/52715\/revisions\/207976"}],"up":[{"embeddable":true,"href":"https:\/\/haelg.ch\/fr\/wp-json\/wp\/v2\/pages\/51061"}],"wp:attachment":[{"href":"https:\/\/haelg.ch\/fr\/wp-json\/wp\/v2\/media?parent=52715"}],"wp:term":[{"taxonomy":"kategorie","embeddable":true,"href":"https:\/\/haelg.ch\/fr\/wp-json\/wp\/v2\/kategorie?post=52715"},{"taxonomy":"angebot","embeddable":true,"href":"https:\/\/haelg.ch\/fr\/wp-json\/wp\/v2\/angebot?post=52715"}],"curies":[{"name":"wp","href":"https:\/\/api.w.org\/{rel}","templated":true}]}}