{"id":52719,"date":"2024-10-31T08:06:04","date_gmt":"2024-10-31T07:06:04","guid":{"rendered":"https:\/\/dev-relaunch.haelg.ch\/?page_id=52719"},"modified":"2025-04-08T16:17:12","modified_gmt":"2025-04-08T14:17:12","slug":"chef-de-projet","status":"publish","type":"page","link":"https:\/\/haelg.ch\/fr\/travailler-chez-nous\/haelg-group-comme-employeur\/profils-d-emploi\/chef-de-projet\/","title":{"rendered":"Chef(fe) de projet"},"content":{"rendered":"\n<div class=\"wp-block-media-text alignwide is-stacked-on-mobile has-background-color has-secondary-background-color has-text-color has-background has-link-color wp-elements-90cee17e0760c24929923ce7d0354130\" style=\"grid-template-columns:60% auto\"><figure class=\"wp-block-media-text__media\"><img decoding=\"async\" width=\"1024\" height=\"1024\" loading=\"lazy\" src=\"https:\/\/haelg.ch\/app\/uploads\/2024\/12\/projektleiter-haelg-group_2400x2400-1024x1024.jpg\" alt=\"Chef(fe) de projet chez H\u00e4lg\u00a0Group\" class=\"wp-image-51022 size-full\" srcset=\"https:\/\/haelg.ch\/app\/uploads\/2024\/12\/projektleiter-haelg-group_2400x2400-1024x1024.jpg 1024w, https:\/\/haelg.ch\/app\/uploads\/2024\/12\/projektleiter-haelg-group_2400x2400-300x300.jpg 300w, https:\/\/haelg.ch\/app\/uploads\/2024\/12\/projektleiter-haelg-group_2400x2400-150x150.jpg 150w, https:\/\/haelg.ch\/app\/uploads\/2024\/12\/projektleiter-haelg-group_2400x2400-768x768.jpg 768w, https:\/\/haelg.ch\/app\/uploads\/2024\/12\/projektleiter-haelg-group_2400x2400-1536x1536.jpg 1536w, https:\/\/haelg.ch\/app\/uploads\/2024\/12\/projektleiter-haelg-group_2400x2400-2048x2048.jpg 2048w\" sizes=\"auto, (max-width: 1024px) 100vw, 1024px\" \/><\/figure><div class=\"wp-block-media-text__content\"><div class=\"yoast-breadcrumbs\"><span><span><a href=\"https:\/\/haelg.ch\/fr\/\">Accueil<\/a><\/span> <span class=\"separator\"><\/span> <span><a href=\"https:\/\/haelg.ch\/fr\/travailler-chez-nous\/\">Travailler chez nous<\/a><\/span> <span class=\"separator\"><\/span> <span><a href=\"https:\/\/haelg.ch\/fr\/travailler-chez-nous\/haelg-group-comme-employeur\/\">H\u00e4lg\u00a0Group comme employeur<\/a><\/span> <span class=\"separator\"><\/span> <span><a href=\"https:\/\/haelg.ch\/fr\/travailler-chez-nous\/haelg-group-comme-employeur\/profils-d-emploi\/\">Profils d&#8217;emploi<\/a><\/span> <span class=\"separator\"><\/span> <span class=\"breadcrumb_last\" aria-current=\"page\">Chef(fe) de projet<\/span><\/span><\/div>\n\n\n<h1 class=\"wp-block-heading\">Chef(fe) de projet<\/h1>\n\n\n\n<p>En tant que chef(fe) de projet dans la technique du b\u00e2timent, vous avez des fonctions cl\u00e9s dans la planification, la coordination et la mise en \u0153uvre de projets de construction exigeants. Gr\u00e2ce \u00e0 vos connaissances techniques et \u00e0 vos comp\u00e9tences de direction, vous assurez une r\u00e9alisation r\u00e9ussie des projets et garantissez une ex\u00e9cution efficace et impeccable. Votre champ de responsabilit\u00e9 s&rsquo;\u00e9tend de la planification strat\u00e9gique \u00e0 la mise en \u0153uvre op\u00e9rationnelle, toujours dans l&rsquo;objectif d&rsquo;atteindre les meilleurs r\u00e9sultats pour toutes les parties impliqu\u00e9es.<\/p>\n\n\n\n<div class=\"wp-block-buttons is-layout-flex wp-block-buttons-is-layout-flex\">\n<div class=\"wp-block-button is-style-outline is-style-outline--1\"><a class=\"wp-block-button__link wp-element-button\" href=\"https:\/\/haelg.ch\/fr\/travailler-chez-nous\/postes-vacants\/?filter%5Bjob-region%5D=&amp;filter%5Bjob-workarea%5D=gebaeudeautomation%2Cplanung-realisierung-hlks&amp;filter%5Bjob-careerlevel%5D=&amp;gqs=\">Nos postes vacants de chef(fe) de projet<\/a><\/div>\n\n\n\n<div class=\"wp-block-button is-style-outline is-style-outline--2\"><a class=\"wp-block-button__link wp-element-button\" href=\"https:\/\/haelg.ch\/fr\/travailler-chez-nous\/postes-vacants\/entretien-sans-engagement\/\">Entretien sans engagement<\/a><\/div>\n<\/div>\n<\/div><\/div>\n\n\n\n<div class=\"wp-block-group is-style-shadow is-layout-constrained wp-block-group-is-layout-constrained\">\n<h2 class=\"wp-block-heading\">T\u00e2ches \/ Champ de responsabilit\u00e9<\/h2>\n\n\n\n<p>Les fonctions d&rsquo;un(e) chef(fe) de projet dans le domaine du chauffage, de la ventilation\/climatisation, du froid, du sanitaire ou de l&rsquo;automatisation de b\u00e2timent englobent notamment les t\u00e2ches suivantes:<\/p>\n\n\n\n<ul class=\"wp-block-list\">\n<li>Mise en \u0153uvre et r\u00e9alisation de projets<\/li>\n\n\n\n<li>Conduite et organisation des projets assign\u00e9s, de fa\u00e7on autonome ou en tant que membre de l&rsquo;\u00e9quipe de projet<\/li>\n\n\n\n<li>Participation au processus de planification et de mise en \u0153uvre<\/li>\n<\/ul>\n\n\n\n<h2 class=\"wp-block-heading\">Exigences<\/h2>\n\n\n\n<ul class=\"wp-block-list\">\n<li>Formation professionnelle boucl\u00e9e avec succ\u00e8s dans la technique du b\u00e2timent<\/li>\n\n\n\n<li>Formation continue compl\u00e9mentaire (ET\/HES) souhaitable<\/li>\n\n\n\n<li>Exp\u00e9rience dans la gestion de projets<\/li>\n\n\n\n<li>Personnalit\u00e9 ayant le sens des responsabilit\u00e9s et \u00e9tant focalis\u00e9e sur le client<\/li>\n\n\n\n<li>Aisance communicationnelle dans les n\u00e9gociations et capacit\u00e9 \u00e0 s&rsquo;imposer<\/li>\n<\/ul>\n\n\n\n<h2 class=\"wp-block-heading\">Possibilit\u00e9s de d\u00e9veloppement<\/h2>\n\n\n\n<ul class=\"wp-block-list\">\n<li>Perspectives captivantes et sur le long terme, qui vont au-del\u00e0 du plan de carri\u00e8re classique<\/li>\n\n\n\n<li>Soutien dans votre d\u00e9veloppement personnel et possibilit\u00e9 d&rsquo;un changement de poste interne<\/li>\n\n\n\n<li>Stimulation de vos comp\u00e9tences professionnelles avec un ensemble de petits et grands projets exigeants<\/li>\n\n\n\n<li>Formations continues internes et externes<\/li>\n<\/ul>\n\n\n\n<p>Chez H\u00e4lg&nbsp;Group, vous \u00eates plus qu&rsquo;un(e) employ\u00e9(e) sp\u00e9cialis\u00e9(e) \u2013 une personne unique dont le bien-\u00eatre et le d\u00e9veloppement sur le long terme nous tiennent \u00e0 c\u0153ur.<\/p>\n<\/div>\n\n\n\n<div class=\"wp-block-media-text is-stacked-on-mobile is-image-fill-element has-lightgray-background-color has-background\"><figure class=\"wp-block-media-text__media\"><img decoding=\"async\" width=\"1024\" height=\"768\" loading=\"lazy\" src=\"https:\/\/haelg.ch\/app\/uploads\/2025\/01\/besprechung-henz-areal-suhr-haelg-group_1600x1200-1024x768.jpg\" alt=\"Geb\u00e4udetechnik f\u00fcr das Henz Areal in Suhr\" class=\"wp-image-52415 size-full\" style=\"object-position:71% 53%\" srcset=\"https:\/\/haelg.ch\/app\/uploads\/2025\/01\/besprechung-henz-areal-suhr-haelg-group_1600x1200-1024x768.jpg 1024w, https:\/\/haelg.ch\/app\/uploads\/2025\/01\/besprechung-henz-areal-suhr-haelg-group_1600x1200-300x225.jpg 300w, https:\/\/haelg.ch\/app\/uploads\/2025\/01\/besprechung-henz-areal-suhr-haelg-group_1600x1200-768x576.jpg 768w, https:\/\/haelg.ch\/app\/uploads\/2025\/01\/besprechung-henz-areal-suhr-haelg-group_1600x1200-1536x1152.jpg 1536w, https:\/\/haelg.ch\/app\/uploads\/2025\/01\/besprechung-henz-areal-suhr-haelg-group_1600x1200.jpg 1600w\" sizes=\"auto, (max-width: 1024px) 100vw, 1024px\" \/><\/figure><div class=\"wp-block-media-text__content\">\n<h2 class=\"wp-block-heading\">Postes vacants de chef(fe) de projet<\/h2>\n\n\n\n<div class=\"wp-block-query jobs-overview-query is-layout-flow wp-block-query-is-layout-flow\"><ul class=\"wp-block-post-template is-layout-flow wp-block-post-template-is-layout-flow\"><li class=\"wp-block-post post-231463 jobs type-jobs status-publish hentry job-region-ostschweiz job-workarea-planung-realisierung-hlks job-careerlevel-offene-stellen job-city-st-gallen\">\n\n<a class=\"job-overview-item\" target=\"_blank\" href=\"https:\/\/jobs.haelg.ch\/projektleiterin-sanitaer-80-100-de-j909.html?agid=20\">\n\t<div class=\"job-query-meta\">\n\tSt. Gallen | Planification \/ R\u00e9alisation CVCS\t<\/div>\n\t<h3>Projektleiter\/in Sanit\u00e4r 80% &#8211; 100%<\/h3>\n<\/a>\n\n<\/li><li class=\"wp-block-post post-231465 jobs type-jobs status-publish hentry job-region-zentralschweiz job-workarea-planung-realisierung-hlks job-careerlevel-offene-stellen job-city-ebikon\">\n\n<a class=\"job-overview-item\" target=\"_blank\" href=\"https:\/\/jobs.haelg.ch\/senior-projektleiterin-service-80-100-de-j920.html?agid=20\">\n\t<div class=\"job-query-meta\">\n\tEbikon | Planification \/ R\u00e9alisation CVCS\t<\/div>\n\t<h3>Senior Projektleiter\/in Service 80% &#8211; 100%<\/h3>\n<\/a>\n\n<\/li><li class=\"wp-block-post post-231461 jobs type-jobs status-publish hentry job-region-ostschweiz job-workarea-planung-realisierung-hlks job-careerlevel-offene-stellen job-city-st-gallen\">\n\n<a class=\"job-overview-item\" target=\"_blank\" href=\"https:\/\/jobs.haelg.ch\/kalkulatorin-heizunglueftung-80-100-de-j903.html?agid=20\">\n\t<div class=\"job-query-meta\">\n\tSt. Gallen | Planification \/ R\u00e9alisation CVCS\t<\/div>\n\t<h3>Kalkulator\/in Heizung\/L\u00fcftung 80% &#8211; 100%<\/h3>\n<\/a>\n\n<\/li><\/ul>\n\n<\/div>\n\n\n\n<div class=\"wp-block-buttons is-layout-flex wp-block-buttons-is-layout-flex\">\n<div class=\"wp-block-button is-style-outline is-style-outline--3\"><a class=\"wp-block-button__link wp-element-button\" href=\"https:\/\/haelg.ch\/fr\/travailler-chez-nous\/postes-vacants\/\">Autres postes vacantes<\/a><\/div>\n\n\n\n<div class=\"wp-block-button is-style-outline is-style-outline--4\"><a class=\"wp-block-button__link wp-element-button\" href=\"https:\/\/haelg.ch\/fr\/travailler-chez-nous\/postes-vacants\/entretien-sans-engagement\/\">Entretien sans engagement<\/a><\/div>\n<\/div>\n<\/div><\/div>\n\n\n\n<div class=\"wp-block-media-text has-media-on-the-right is-stacked-on-mobile is-image-fill-element has-background-color has-secondary-background-color has-text-color has-background has-link-color wp-elements-03aafe3f5a0c2eb2cb1e3cfcc0f75b75\"><div class=\"wp-block-media-text__content\">\n<h2 class=\"wp-block-heading\">En savoir plus sur le travail chez H\u00e4lg&nbsp;Group<\/h2>\n\n\n\n<div class=\"wp-block-buttons is-style-list is-layout-flex wp-block-buttons-is-layout-flex\">\n<div class=\"wp-block-button is-style-outline is-style-outline--5\"><a class=\"wp-block-button__link wp-element-button\" href=\"https:\/\/haelg.ch\/fr\/travailler-chez-nous\/postes-vacants\/\">Postes vacants<\/a><\/div>\n\n\n\n<div class=\"wp-block-button is-style-outline is-style-outline--6\"><a class=\"wp-block-button__link wp-element-button\" href=\"https:\/\/haelg.ch\/fr\/travailler-chez-nous\/haelg-group-comme-employeur\/\">H\u00e4lg&nbsp;Group comme employeur<\/a><\/div>\n\n\n\n<div class=\"wp-block-button\"><a class=\"wp-block-button__link wp-element-button\" href=\"https:\/\/haelg.ch\/fr\/travailler-chez-nous\/apprentissage-chez-nous\/formations-professionelles\/\">Nos formations professionnelles<\/a><\/div>\n\n\n\n<div class=\"wp-block-button\"><a class=\"wp-block-button__link wp-element-button\" href=\"https:\/\/haelg.ch\/fr\/travailler-chez-nous\/haelg-group-comme-employeur\/avantages\/\">Avantages<\/a><\/div>\n<\/div>\n<\/div><figure class=\"wp-block-media-text__media\"><img decoding=\"async\" width=\"1024\" height=\"768\" loading=\"lazy\" src=\"https:\/\/haelg.ch\/app\/uploads\/2025\/01\/image.jpeg\" alt=\"H\u00e4lg, what else.\" class=\"wp-image-57636 size-full\" style=\"object-position:50% 50%\" srcset=\"https:\/\/haelg.ch\/app\/uploads\/2025\/01\/image.jpeg 1024w, https:\/\/haelg.ch\/app\/uploads\/2025\/01\/image-300x225.jpeg 300w, https:\/\/haelg.ch\/app\/uploads\/2025\/01\/image-768x576.jpeg 768w\" sizes=\"auto, (max-width: 1024px) 100vw, 1024px\" \/><\/figure><\/div>\n\n\n\n<p><\/p>\n","protected":false},"excerpt":{"rendered":"<p>T\u00e2ches \/ Champ de responsabilit\u00e9 Les fonctions d&rsquo;un(e) chef(fe) de projet dans le domaine du chauffage, de la ventilation\/climatisation, du froid, du sanitaire ou de l&rsquo;automatisation de b\u00e2timent englobent notamment les t\u00e2ches suivantes: Exigences Possibilit\u00e9s de d\u00e9veloppement Chez H\u00e4lg&nbsp;Group, vous \u00eates plus qu&rsquo;un(e) employ\u00e9(e) sp\u00e9cialis\u00e9(e) \u2013 une personne unique dont le bien-\u00eatre et le d\u00e9veloppement [&hellip;]<\/p>\n","protected":false},"author":3,"featured_media":0,"parent":52716,"menu_order":201,"comment_status":"closed","ping_status":"closed","template":"","meta":{"_acf_changed":false,"inline_featured_image":false,"footnotes":""},"kategorie":[],"angebot":[],"class_list":["post-52719","page","type-page","status-publish","hentry"],"acf":[],"yoast_head":"<!-- This site is optimized with the Yoast SEO plugin v27.3 - https:\/\/yoast.com\/product\/yoast-seo-wordpress\/ -->\n<title>Chef(fe) de projet dans le chauffage, la ventilation ou le sanitaire<\/title>\n<meta name=\"description\" content=\"En tant que chef(fe) de projet chez H\u00e4lg\u00a0Group, vous accomplissez diverses t\u00e2ches int\u00e9ressantes et assumez de grandes responsabilit\u00e9s.\" \/>\n<meta name=\"robots\" content=\"index, follow, max-snippet:-1, max-image-preview:large, max-video-preview:-1\" \/>\n<link rel=\"canonical\" href=\"https:\/\/haelg.ch\/fr\/travailler-chez-nous\/haelg-group-comme-employeur\/profils-d-emploi\/chef-de-projet\/\" \/>\n<meta property=\"og:locale\" content=\"fr_FR\" \/>\n<meta property=\"og:type\" content=\"article\" \/>\n<meta property=\"og:title\" content=\"Chef(fe) de projet dans le chauffage, la ventilation ou le sanitaire\" \/>\n<meta property=\"og:description\" content=\"En tant que chef(fe) de projet chez H\u00e4lg\u00a0Group, vous accomplissez diverses t\u00e2ches int\u00e9ressantes et assumez de grandes responsabilit\u00e9s.\" \/>\n<meta property=\"og:url\" content=\"https:\/\/haelg.ch\/fr\/travailler-chez-nous\/haelg-group-comme-employeur\/profils-d-emploi\/chef-de-projet\/\" \/>\n<meta property=\"og:site_name\" content=\"H\u00e4lg Group\" \/>\n<meta property=\"article:publisher\" content=\"https:\/\/www.facebook.com\/haelg.ch\" \/>\n<meta property=\"article:modified_time\" content=\"2025-04-08T14:17:12+00:00\" \/>\n<meta property=\"og:image\" content=\"https:\/\/haelg.ch\/app\/uploads\/2024\/12\/projektleiter-haelg-group_2400x2400-1024x1024.jpg\" \/>\n<meta name=\"twitter:card\" content=\"summary_large_image\" \/>\n<meta name=\"twitter:label1\" content=\"Dur\u00e9e de lecture estim\u00e9e\" \/>\n\t<meta name=\"twitter:data1\" content=\"3 minutes\" \/>\n<script type=\"application\/ld+json\" class=\"yoast-schema-graph\">{\"@context\":\"https:\\\/\\\/schema.org\",\"@graph\":[{\"@type\":\"WebPage\",\"@id\":\"https:\\\/\\\/haelg.ch\\\/fr\\\/travailler-chez-nous\\\/haelg-group-comme-employeur\\\/profils-d-emploi\\\/chef-de-projet\\\/\",\"url\":\"https:\\\/\\\/haelg.ch\\\/fr\\\/travailler-chez-nous\\\/haelg-group-comme-employeur\\\/profils-d-emploi\\\/chef-de-projet\\\/\",\"name\":\"Chef(fe) de projet dans le chauffage, la ventilation ou le sanitaire\",\"isPartOf\":{\"@id\":\"https:\\\/\\\/haelg.ch\\\/fr\\\/#website\"},\"primaryImageOfPage\":{\"@id\":\"https:\\\/\\\/haelg.ch\\\/fr\\\/travailler-chez-nous\\\/haelg-group-comme-employeur\\\/profils-d-emploi\\\/chef-de-projet\\\/#primaryimage\"},\"image\":{\"@id\":\"https:\\\/\\\/haelg.ch\\\/fr\\\/travailler-chez-nous\\\/haelg-group-comme-employeur\\\/profils-d-emploi\\\/chef-de-projet\\\/#primaryimage\"},\"thumbnailUrl\":\"https:\\\/\\\/haelg.ch\\\/app\\\/uploads\\\/2024\\\/12\\\/projektleiter-haelg-group_2400x2400-1024x1024.jpg\",\"datePublished\":\"2024-10-31T07:06:04+00:00\",\"dateModified\":\"2025-04-08T14:17:12+00:00\",\"description\":\"En tant que chef(fe) de projet chez H\u00e4lg\u00a0Group, vous accomplissez diverses t\u00e2ches int\u00e9ressantes et assumez de grandes responsabilit\u00e9s.\",\"breadcrumb\":{\"@id\":\"https:\\\/\\\/haelg.ch\\\/fr\\\/travailler-chez-nous\\\/haelg-group-comme-employeur\\\/profils-d-emploi\\\/chef-de-projet\\\/#breadcrumb\"},\"inLanguage\":\"fr-FR\",\"potentialAction\":[{\"@type\":\"ReadAction\",\"target\":[\"https:\\\/\\\/haelg.ch\\\/fr\\\/travailler-chez-nous\\\/haelg-group-comme-employeur\\\/profils-d-emploi\\\/chef-de-projet\\\/\"]}]},{\"@type\":\"ImageObject\",\"inLanguage\":\"fr-FR\",\"@id\":\"https:\\\/\\\/haelg.ch\\\/fr\\\/travailler-chez-nous\\\/haelg-group-comme-employeur\\\/profils-d-emploi\\\/chef-de-projet\\\/#primaryimage\",\"url\":\"https:\\\/\\\/haelg.ch\\\/app\\\/uploads\\\/2024\\\/12\\\/projektleiter-haelg-group_2400x2400-1024x1024.jpg\",\"contentUrl\":\"https:\\\/\\\/haelg.ch\\\/app\\\/uploads\\\/2024\\\/12\\\/projektleiter-haelg-group_2400x2400-1024x1024.jpg\"},{\"@type\":\"BreadcrumbList\",\"@id\":\"https:\\\/\\\/haelg.ch\\\/fr\\\/travailler-chez-nous\\\/haelg-group-comme-employeur\\\/profils-d-emploi\\\/chef-de-projet\\\/#breadcrumb\",\"itemListElement\":[{\"@type\":\"ListItem\",\"position\":1,\"name\":\"Accueil\",\"item\":\"https:\\\/\\\/haelg.ch\\\/fr\\\/\"},{\"@type\":\"ListItem\",\"position\":2,\"name\":\"Travailler chez nous\",\"item\":\"https:\\\/\\\/haelg.ch\\\/fr\\\/travailler-chez-nous\\\/\"},{\"@type\":\"ListItem\",\"position\":3,\"name\":\"H\u00e4lg\u00a0Group comme employeur\",\"item\":\"https:\\\/\\\/haelg.ch\\\/fr\\\/travailler-chez-nous\\\/haelg-group-comme-employeur\\\/\"},{\"@type\":\"ListItem\",\"position\":4,\"name\":\"Profils d&#8217;emploi\",\"item\":\"https:\\\/\\\/haelg.ch\\\/fr\\\/travailler-chez-nous\\\/haelg-group-comme-employeur\\\/profils-d-emploi\\\/\"},{\"@type\":\"ListItem\",\"position\":5,\"name\":\"Chef(fe) de projet\"}]},{\"@type\":\"WebSite\",\"@id\":\"https:\\\/\\\/haelg.ch\\\/fr\\\/#website\",\"url\":\"https:\\\/\\\/haelg.ch\\\/fr\\\/\",\"name\":\"H\u00e4lg Group\",\"description\":\"\",\"publisher\":{\"@id\":\"https:\\\/\\\/haelg.ch\\\/fr\\\/#organization\"},\"potentialAction\":[{\"@type\":\"SearchAction\",\"target\":{\"@type\":\"EntryPoint\",\"urlTemplate\":\"https:\\\/\\\/haelg.ch\\\/fr\\\/?s={search_term_string}\"},\"query-input\":{\"@type\":\"PropertyValueSpecification\",\"valueRequired\":true,\"valueName\":\"search_term_string\"}}],\"inLanguage\":\"fr-FR\"},{\"@type\":\"Organization\",\"@id\":\"https:\\\/\\\/haelg.ch\\\/fr\\\/#organization\",\"name\":\"H\u00e4lg Group\",\"url\":\"https:\\\/\\\/haelg.ch\\\/fr\\\/\",\"logo\":{\"@type\":\"ImageObject\",\"inLanguage\":\"fr-FR\",\"@id\":\"https:\\\/\\\/haelg.ch\\\/fr\\\/#\\\/schema\\\/logo\\\/image\\\/\",\"url\":\"https:\\\/\\\/haelg.ch\\\/app\\\/uploads\\\/2025\\\/01\\\/haelg-group-logo_1800x1200.jpg\",\"contentUrl\":\"https:\\\/\\\/haelg.ch\\\/app\\\/uploads\\\/2025\\\/01\\\/haelg-group-logo_1800x1200.jpg\",\"width\":1620,\"height\":1080,\"caption\":\"H\u00e4lg Group\"},\"image\":{\"@id\":\"https:\\\/\\\/haelg.ch\\\/fr\\\/#\\\/schema\\\/logo\\\/image\\\/\"},\"sameAs\":[\"https:\\\/\\\/www.facebook.com\\\/haelg.ch\",\"https:\\\/\\\/www.linkedin.com\\\/company\\\/haelggroup\\\/\",\"https:\\\/\\\/www.instagram.com\\\/haelg.group\\\/\",\"https:\\\/\\\/www.youtube.com\\\/channel\\\/UCCP6yzfvj3o6gA9J5L0QJCg\\\/videos\",\"https:\\\/\\\/www.kununu.com\\\/ch\\\/haelg-group\"]}]}<\/script>\n<!-- \/ Yoast SEO plugin. -->","yoast_head_json":{"title":"Chef(fe) de projet dans le chauffage, la ventilation ou le sanitaire","description":"En tant que chef(fe) de projet chez H\u00e4lg\u00a0Group, vous accomplissez diverses t\u00e2ches int\u00e9ressantes et assumez de grandes responsabilit\u00e9s.","robots":{"index":"index","follow":"follow","max-snippet":"max-snippet:-1","max-image-preview":"max-image-preview:large","max-video-preview":"max-video-preview:-1"},"canonical":"https:\/\/haelg.ch\/fr\/travailler-chez-nous\/haelg-group-comme-employeur\/profils-d-emploi\/chef-de-projet\/","og_locale":"fr_FR","og_type":"article","og_title":"Chef(fe) de projet dans le chauffage, la ventilation ou le sanitaire","og_description":"En tant que chef(fe) de projet chez H\u00e4lg\u00a0Group, vous accomplissez diverses t\u00e2ches int\u00e9ressantes et assumez de grandes responsabilit\u00e9s.","og_url":"https:\/\/haelg.ch\/fr\/travailler-chez-nous\/haelg-group-comme-employeur\/profils-d-emploi\/chef-de-projet\/","og_site_name":"H\u00e4lg Group","article_publisher":"https:\/\/www.facebook.com\/haelg.ch","article_modified_time":"2025-04-08T14:17:12+00:00","og_image":[{"url":"https:\/\/haelg.ch\/app\/uploads\/2024\/12\/projektleiter-haelg-group_2400x2400-1024x1024.jpg","type":"","width":"","height":""}],"twitter_card":"summary_large_image","twitter_misc":{"Dur\u00e9e de lecture estim\u00e9e":"3 minutes"},"schema":{"@context":"https:\/\/schema.org","@graph":[{"@type":"WebPage","@id":"https:\/\/haelg.ch\/fr\/travailler-chez-nous\/haelg-group-comme-employeur\/profils-d-emploi\/chef-de-projet\/","url":"https:\/\/haelg.ch\/fr\/travailler-chez-nous\/haelg-group-comme-employeur\/profils-d-emploi\/chef-de-projet\/","name":"Chef(fe) de projet dans le chauffage, la ventilation ou le sanitaire","isPartOf":{"@id":"https:\/\/haelg.ch\/fr\/#website"},"primaryImageOfPage":{"@id":"https:\/\/haelg.ch\/fr\/travailler-chez-nous\/haelg-group-comme-employeur\/profils-d-emploi\/chef-de-projet\/#primaryimage"},"image":{"@id":"https:\/\/haelg.ch\/fr\/travailler-chez-nous\/haelg-group-comme-employeur\/profils-d-emploi\/chef-de-projet\/#primaryimage"},"thumbnailUrl":"https:\/\/haelg.ch\/app\/uploads\/2024\/12\/projektleiter-haelg-group_2400x2400-1024x1024.jpg","datePublished":"2024-10-31T07:06:04+00:00","dateModified":"2025-04-08T14:17:12+00:00","description":"En tant que chef(fe) de projet chez H\u00e4lg\u00a0Group, vous accomplissez diverses t\u00e2ches int\u00e9ressantes et assumez de grandes responsabilit\u00e9s.","breadcrumb":{"@id":"https:\/\/haelg.ch\/fr\/travailler-chez-nous\/haelg-group-comme-employeur\/profils-d-emploi\/chef-de-projet\/#breadcrumb"},"inLanguage":"fr-FR","potentialAction":[{"@type":"ReadAction","target":["https:\/\/haelg.ch\/fr\/travailler-chez-nous\/haelg-group-comme-employeur\/profils-d-emploi\/chef-de-projet\/"]}]},{"@type":"ImageObject","inLanguage":"fr-FR","@id":"https:\/\/haelg.ch\/fr\/travailler-chez-nous\/haelg-group-comme-employeur\/profils-d-emploi\/chef-de-projet\/#primaryimage","url":"https:\/\/haelg.ch\/app\/uploads\/2024\/12\/projektleiter-haelg-group_2400x2400-1024x1024.jpg","contentUrl":"https:\/\/haelg.ch\/app\/uploads\/2024\/12\/projektleiter-haelg-group_2400x2400-1024x1024.jpg"},{"@type":"BreadcrumbList","@id":"https:\/\/haelg.ch\/fr\/travailler-chez-nous\/haelg-group-comme-employeur\/profils-d-emploi\/chef-de-projet\/#breadcrumb","itemListElement":[{"@type":"ListItem","position":1,"name":"Accueil","item":"https:\/\/haelg.ch\/fr\/"},{"@type":"ListItem","position":2,"name":"Travailler chez nous","item":"https:\/\/haelg.ch\/fr\/travailler-chez-nous\/"},{"@type":"ListItem","position":3,"name":"H\u00e4lg\u00a0Group comme employeur","item":"https:\/\/haelg.ch\/fr\/travailler-chez-nous\/haelg-group-comme-employeur\/"},{"@type":"ListItem","position":4,"name":"Profils d&#8217;emploi","item":"https:\/\/haelg.ch\/fr\/travailler-chez-nous\/haelg-group-comme-employeur\/profils-d-emploi\/"},{"@type":"ListItem","position":5,"name":"Chef(fe) de projet"}]},{"@type":"WebSite","@id":"https:\/\/haelg.ch\/fr\/#website","url":"https:\/\/haelg.ch\/fr\/","name":"H\u00e4lg Group","description":"","publisher":{"@id":"https:\/\/haelg.ch\/fr\/#organization"},"potentialAction":[{"@type":"SearchAction","target":{"@type":"EntryPoint","urlTemplate":"https:\/\/haelg.ch\/fr\/?s={search_term_string}"},"query-input":{"@type":"PropertyValueSpecification","valueRequired":true,"valueName":"search_term_string"}}],"inLanguage":"fr-FR"},{"@type":"Organization","@id":"https:\/\/haelg.ch\/fr\/#organization","name":"H\u00e4lg Group","url":"https:\/\/haelg.ch\/fr\/","logo":{"@type":"ImageObject","inLanguage":"fr-FR","@id":"https:\/\/haelg.ch\/fr\/#\/schema\/logo\/image\/","url":"https:\/\/haelg.ch\/app\/uploads\/2025\/01\/haelg-group-logo_1800x1200.jpg","contentUrl":"https:\/\/haelg.ch\/app\/uploads\/2025\/01\/haelg-group-logo_1800x1200.jpg","width":1620,"height":1080,"caption":"H\u00e4lg Group"},"image":{"@id":"https:\/\/haelg.ch\/fr\/#\/schema\/logo\/image\/"},"sameAs":["https:\/\/www.facebook.com\/haelg.ch","https:\/\/www.linkedin.com\/company\/haelggroup\/","https:\/\/www.instagram.com\/haelg.group\/","https:\/\/www.youtube.com\/channel\/UCCP6yzfvj3o6gA9J5L0QJCg\/videos","https:\/\/www.kununu.com\/ch\/haelg-group"]}]}},"_links":{"self":[{"href":"https:\/\/haelg.ch\/fr\/wp-json\/wp\/v2\/pages\/52719","targetHints":{"allow":["GET"]}}],"collection":[{"href":"https:\/\/haelg.ch\/fr\/wp-json\/wp\/v2\/pages"}],"about":[{"href":"https:\/\/haelg.ch\/fr\/wp-json\/wp\/v2\/types\/page"}],"author":[{"embeddable":true,"href":"https:\/\/haelg.ch\/fr\/wp-json\/wp\/v2\/users\/3"}],"replies":[{"embeddable":true,"href":"https:\/\/haelg.ch\/fr\/wp-json\/wp\/v2\/comments?post=52719"}],"version-history":[{"count":8,"href":"https:\/\/haelg.ch\/fr\/wp-json\/wp\/v2\/pages\/52719\/revisions"}],"predecessor-version":[{"id":81319,"href":"https:\/\/haelg.ch\/fr\/wp-json\/wp\/v2\/pages\/52719\/revisions\/81319"}],"up":[{"embeddable":true,"href":"https:\/\/haelg.ch\/fr\/wp-json\/wp\/v2\/pages\/52716"}],"wp:attachment":[{"href":"https:\/\/haelg.ch\/fr\/wp-json\/wp\/v2\/media?parent=52719"}],"wp:term":[{"taxonomy":"kategorie","embeddable":true,"href":"https:\/\/haelg.ch\/fr\/wp-json\/wp\/v2\/kategorie?post=52719"},{"taxonomy":"angebot","embeddable":true,"href":"https:\/\/haelg.ch\/fr\/wp-json\/wp\/v2\/angebot?post=52719"}],"curies":[{"name":"wp","href":"https:\/\/api.w.org\/{rel}","templated":true}]}}