{"id":52720,"date":"2024-10-31T08:06:44","date_gmt":"2024-10-31T07:06:44","guid":{"rendered":"https:\/\/dev-relaunch.haelg.ch\/?page_id=52720"},"modified":"2025-01-27T15:39:17","modified_gmt":"2025-01-27T14:39:17","slug":"responsable-d-equipe","status":"publish","type":"page","link":"https:\/\/haelg.ch\/fr\/travailler-chez-nous\/haelg-group-comme-employeur\/profils-d-emploi\/responsable-d-equipe\/","title":{"rendered":"Responsable d&rsquo;\u00e9quipe"},"content":{"rendered":"\n<div class=\"wp-block-media-text alignwide is-stacked-on-mobile has-background-color has-secondary-background-color has-text-color has-background has-link-color wp-elements-847d0537a8b575c30f430f00ec4cc672\" style=\"grid-template-columns:60% auto\"><figure class=\"wp-block-media-text__media\"><img decoding=\"async\" width=\"1024\" height=\"1024\" loading=\"lazy\" src=\"https:\/\/haelg.ch\/app\/uploads\/2024\/12\/teamleiter-haelg-group_2400x2400-1024x1024.jpg\" alt=\"Responsable d'\u00e9quipe chez H\u00e4lg\u00a0Group\" class=\"wp-image-51024 size-full\" srcset=\"https:\/\/haelg.ch\/app\/uploads\/2024\/12\/teamleiter-haelg-group_2400x2400-1024x1024.jpg 1024w, https:\/\/haelg.ch\/app\/uploads\/2024\/12\/teamleiter-haelg-group_2400x2400-300x300.jpg 300w, https:\/\/haelg.ch\/app\/uploads\/2024\/12\/teamleiter-haelg-group_2400x2400-150x150.jpg 150w, https:\/\/haelg.ch\/app\/uploads\/2024\/12\/teamleiter-haelg-group_2400x2400-768x768.jpg 768w, https:\/\/haelg.ch\/app\/uploads\/2024\/12\/teamleiter-haelg-group_2400x2400-1536x1536.jpg 1536w, https:\/\/haelg.ch\/app\/uploads\/2024\/12\/teamleiter-haelg-group_2400x2400-2048x2048.jpg 2048w\" sizes=\"auto, (max-width: 1024px) 100vw, 1024px\" \/><\/figure><div class=\"wp-block-media-text__content\"><div class=\"yoast-breadcrumbs\"><span><span><a href=\"https:\/\/haelg.ch\/fr\/\">Accueil<\/a><\/span> <span class=\"separator\"><\/span> <span><a href=\"https:\/\/haelg.ch\/fr\/travailler-chez-nous\/\">Travailler chez nous<\/a><\/span> <span class=\"separator\"><\/span> <span><a href=\"https:\/\/haelg.ch\/fr\/travailler-chez-nous\/haelg-group-comme-employeur\/\">H\u00e4lg\u00a0Group comme employeur<\/a><\/span> <span class=\"separator\"><\/span> <span><a href=\"https:\/\/haelg.ch\/fr\/travailler-chez-nous\/haelg-group-comme-employeur\/profils-d-emploi\/\">Profils d&#8217;emploi<\/a><\/span> <span class=\"separator\"><\/span> <span class=\"breadcrumb_last\" aria-current=\"page\">Responsable d&#8217;\u00e9quipe<\/span><\/span><\/div>\n\n\n<h1 class=\"wp-block-heading\">Responsable d&rsquo;\u00e9quipe<\/h1>\n\n\n\n<p>En tant que responsable d&rsquo;\u00e9quipe dans la technique du b\u00e2timent ou le Facility Management, vous \u00eates charg\u00e9(e) de la direction et du d\u00e9veloppement d&rsquo;une \u00e9quipe engag\u00e9e. Par ailleurs, vous coordonnez des t\u00e2ches et projets exigeants. Vos connaissances techniques et vos comp\u00e9tences de direction sont garantes de la r\u00e9ussite du projet et de la satisfaction de notre client\u00e8le.<\/p>\n\n\n\n<div class=\"wp-block-buttons is-layout-flex wp-block-buttons-is-layout-flex\">\n<div class=\"wp-block-button is-style-outline is-style-outline--1\"><a class=\"wp-block-button__link wp-element-button\" href=\"https:\/\/haelg.ch\/fr\/travailler-chez-nous\/postes-vacants\/\">Nos postes vacants<\/a><\/div>\n\n\n\n<div class=\"wp-block-button is-style-outline is-style-outline--2\"><a class=\"wp-block-button__link wp-element-button\" href=\"https:\/\/haelg.ch\/fr\/travailler-chez-nous\/postes-vacants\/entretien-sans-engagement\/\">Entretien sans engagement<\/a><\/div>\n<\/div>\n<\/div><\/div>\n\n\n\n<div class=\"wp-block-group is-style-shadow is-layout-constrained wp-block-group-is-layout-constrained\">\n<h2 class=\"wp-block-heading\">T\u00e2ches \/ Champ de responsabilit\u00e9<\/h2>\n\n\n\n<p>Les fonctions d&rsquo;un(e) responsable d&rsquo;\u00e9quipe dans le chauffage, la ventilation\/climatisation, le froid, le sanitaire, l&rsquo;automatisation de b\u00e2timent ou le Facility Management englobent les t\u00e2ches suivantes:<\/p>\n\n\n\n<ul class=\"wp-block-list\">\n<li>Conduite, coordination et d\u00e9veloppement de l&rsquo;\u00e9quipe<\/li>\n\n\n\n<li>Planification et surveillance des activit\u00e9s de l&rsquo;\u00e9quipe et mise en \u0153uvre du projet<\/li>\n\n\n\n<li>Assurance de la qualit\u00e9 et d&rsquo;une ex\u00e9cution dans les d\u00e9lais<\/li>\n\n\n\n<li>Communication avec la client\u00e8le et les partenaires externes<\/li>\n\n\n\n<li>Gestion des ressources et optimisation des op\u00e9rations<\/li>\n\n\n\n<li>Soutien du d\u00e9veloppement des membres de l&rsquo;\u00e9quipe<\/li>\n\n\n\n<li>Contr\u00f4le du budget et des co\u00fbts<\/li>\n\n\n\n<li>Assurance du respect des prescriptions en mati\u00e8re de s\u00e9curit\u00e9 et d&rsquo;environnement<\/li>\n<\/ul>\n\n\n\n<h2 class=\"wp-block-heading\">Exigences<\/h2>\n\n\n\n<ul class=\"wp-block-list\">\n<li>Formation de base avec plusieurs ann\u00e9es d&rsquo;exp\u00e9rience professionnelle<\/li>\n\n\n\n<li>Personnalit\u00e9 ayant des aptitudes de direction et une solide exp\u00e9rience dans la conduite directe et indirecte de collaboratrices et collaborateurs<\/li>\n\n\n\n<li>Personnalit\u00e9 endurante, ax\u00e9e sur les clients et responsable, ayant des aptitudes de n\u00e9gociation et la capacit\u00e9 de s&rsquo;imposer<\/li>\n\n\n\n<li>Haut niveau d&rsquo;engagement et de motivation<\/li>\n\n\n\n<li>Travail pr\u00e9cis, proactif, autonome et pr\u00e9voyant<\/li>\n\n\n\n<li>Flexibilit\u00e9 et disposition \u00e0 se d\u00e9placer<\/li>\n<\/ul>\n\n\n\n<h2 class=\"wp-block-heading\">Possibilit\u00e9s de d\u00e9veloppement<\/h2>\n\n\n\n<ul class=\"wp-block-list\">\n<li>Perspectives captivantes et sur le long terme, qui vont au-del\u00e0 du plan de carri\u00e8re classique<\/li>\n\n\n\n<li>Soutien dans votre d\u00e9veloppement personnel et possibilit\u00e9 d&rsquo;un changement de poste interne<\/li>\n\n\n\n<li>Stimulation de vos comp\u00e9tences professionnelles avec des t\u00e2ches vari\u00e9es<\/li>\n\n\n\n<li>Formations continues internes et externes<\/li>\n<\/ul>\n\n\n\n<p>H\u00e4lg&nbsp;Group mise sur une promotion globale qui accorde une importance \u00e9gale \u00e0 vos comp\u00e9tences professionnelles, votre bien-\u00eatre personnel et votre d\u00e9veloppement sur le long terme.<\/p>\n<\/div>\n\n\n\n<div class=\"wp-block-group is-style-slider fullsize-slider is-layout-constrained wp-block-group-is-layout-constrained\">\n<div class=\"wp-block-group is-layout-constrained wp-block-group-is-layout-constrained\">\n<div class=\"wp-block-media-text is-stacked-on-mobile is-image-fill-element has-lightgray-background-color has-background\"><figure class=\"wp-block-media-text__media\"><img decoding=\"async\" width=\"1024\" height=\"768\" loading=\"lazy\" loading=\"lazy\" loading=\"lazy\" src=\"https:\/\/haelg.ch\/app\/uploads\/2025\/01\/roger-oehrli_1600x1200-1024x768.jpg\" alt=\"Teamleiter L\u00fcftung\/Klima vor einer L\u00fcftungsanlage\" class=\"wp-image-56139 size-full\" style=\"object-position:50% 50%\" srcset=\"https:\/\/haelg.ch\/app\/uploads\/2025\/01\/roger-oehrli_1600x1200-1024x768.jpg 1024w, https:\/\/haelg.ch\/app\/uploads\/2025\/01\/roger-oehrli_1600x1200-300x225.jpg 300w, https:\/\/haelg.ch\/app\/uploads\/2025\/01\/roger-oehrli_1600x1200-768x576.jpg 768w, https:\/\/haelg.ch\/app\/uploads\/2025\/01\/roger-oehrli_1600x1200-1536x1152.jpg 1536w, https:\/\/haelg.ch\/app\/uploads\/2025\/01\/roger-oehrli_1600x1200.jpg 1600w\" sizes=\"auto, (max-width: 1024px) 100vw, 1024px\" \/><\/figure><div class=\"wp-block-media-text__content\">\n<p class=\"has-large-font-size\">\u00ab Travailler en tant que chef d&rsquo;\u00e9quipe chez H\u00e4lg me motive, car je peux mener \u00e0 bien de grands projets de construction de mani\u00e8re autonome et responsable avec mes collaborateurs. Mes sup\u00e9rieurs soutiennent toujours mes d\u00e9cisions. \u00bb<\/p>\n\n\n\n<p><strong>Roger Oehrli<\/strong><br>Responsable d&rsquo;\u00e9quipe ventilation\/climatisation<\/p>\n<\/div><\/div>\n<\/div>\n<\/div>\n\n\n\n<div class=\"wp-block-media-text has-media-on-the-right is-stacked-on-mobile is-image-fill-element has-background-color has-secondary-background-color has-text-color has-background has-link-color wp-elements-e9733705d5e4507a661b37f391036615\"><div class=\"wp-block-media-text__content\">\n<h2 class=\"wp-block-heading\">En savoir plus sur le travail chez H\u00e4lg&nbsp;Group<\/h2>\n\n\n\n<div class=\"wp-block-buttons is-style-list is-layout-flex wp-block-buttons-is-layout-flex\">\n<div class=\"wp-block-button is-style-outline is-style-outline--3\"><a class=\"wp-block-button__link wp-element-button\" href=\"https:\/\/haelg.ch\/fr\/travailler-chez-nous\/postes-vacants\/\">Postes vacants<\/a><\/div>\n\n\n\n<div class=\"wp-block-button is-style-outline is-style-outline--4\"><a class=\"wp-block-button__link wp-element-button\" href=\"https:\/\/haelg.ch\/fr\/travailler-chez-nous\/haelg-group-comme-employeur\/\">H\u00e4lg&nbsp;Group comme employeur<\/a><\/div>\n\n\n\n<div class=\"wp-block-button\"><a class=\"wp-block-button__link wp-element-button\" href=\"https:\/\/haelg.ch\/fr\/travailler-chez-nous\/apprentissage-chez-nous\/formations-professionelles\/\">Nos formations professionnelles<\/a><\/div>\n\n\n\n<div class=\"wp-block-button\"><a class=\"wp-block-button__link wp-element-button\" href=\"https:\/\/haelg.ch\/fr\/travailler-chez-nous\/haelg-group-comme-employeur\/avantages\/\">Avantages<\/a><\/div>\n<\/div>\n<\/div><figure class=\"wp-block-media-text__media\"><img decoding=\"async\" width=\"1024\" height=\"768\" loading=\"lazy\" src=\"https:\/\/haelg.ch\/app\/uploads\/2024\/12\/haelg-what-else-haelg-group_1600x1200-1-1024x768.jpg\" alt=\"H\u00e4lg, what else.\" class=\"wp-image-50811 size-full\" style=\"object-position:50% 50%\" srcset=\"https:\/\/haelg.ch\/app\/uploads\/2024\/12\/haelg-what-else-haelg-group_1600x1200-1-1024x768.jpg 1024w, https:\/\/haelg.ch\/app\/uploads\/2024\/12\/haelg-what-else-haelg-group_1600x1200-1-300x225.jpg 300w, https:\/\/haelg.ch\/app\/uploads\/2024\/12\/haelg-what-else-haelg-group_1600x1200-1-768x576.jpg 768w, https:\/\/haelg.ch\/app\/uploads\/2024\/12\/haelg-what-else-haelg-group_1600x1200-1-1536x1152.jpg 1536w, https:\/\/haelg.ch\/app\/uploads\/2024\/12\/haelg-what-else-haelg-group_1600x1200-1.jpg 1600w\" sizes=\"auto, (max-width: 1024px) 100vw, 1024px\" \/><\/figure><\/div>\n\n\n\n<p><\/p>\n","protected":false},"excerpt":{"rendered":"<p>T\u00e2ches \/ Champ de responsabilit\u00e9 Les fonctions d&rsquo;un(e) responsable d&rsquo;\u00e9quipe dans le chauffage, la ventilation\/climatisation, le froid, le sanitaire, l&rsquo;automatisation de b\u00e2timent ou le Facility Management englobent les t\u00e2ches suivantes: Exigences Possibilit\u00e9s de d\u00e9veloppement H\u00e4lg&nbsp;Group mise sur une promotion globale qui accorde une importance \u00e9gale \u00e0 vos comp\u00e9tences professionnelles, votre bien-\u00eatre personnel et votre d\u00e9veloppement [&hellip;]<\/p>\n","protected":false},"author":3,"featured_media":0,"parent":52716,"menu_order":204,"comment_status":"closed","ping_status":"closed","template":"","meta":{"_acf_changed":false,"inline_featured_image":false,"footnotes":""},"kategorie":[],"angebot":[],"class_list":["post-52720","page","type-page","status-publish","hentry"],"acf":[],"yoast_head":"<!-- This site is optimized with the Yoast SEO plugin v27.3 - https:\/\/yoast.com\/product\/yoast-seo-wordpress\/ -->\n<title>Responsable d&#039;\u00e9quipe dans la technique du b\u00e2timent | H\u00e4lg\u00a0Group<\/title>\n<meta name=\"description\" content=\"En tant que responsable d&#039;\u00e9quipe, vous \u00eates charg\u00e9(e) de diriger et de coordonner une \u00e9quipe dans le domaine du chauffage, de la ventilation ou du sanitaire.\" \/>\n<meta name=\"robots\" content=\"index, follow, max-snippet:-1, max-image-preview:large, max-video-preview:-1\" \/>\n<link rel=\"canonical\" href=\"https:\/\/haelg.ch\/fr\/travailler-chez-nous\/haelg-group-comme-employeur\/profils-d-emploi\/responsable-d-equipe\/\" \/>\n<meta property=\"og:locale\" content=\"fr_FR\" \/>\n<meta property=\"og:type\" content=\"article\" \/>\n<meta property=\"og:title\" content=\"Responsable d&#039;\u00e9quipe dans la technique du b\u00e2timent | H\u00e4lg\u00a0Group\" \/>\n<meta property=\"og:description\" content=\"En tant que responsable d&#039;\u00e9quipe, vous \u00eates charg\u00e9(e) de diriger et de coordonner une \u00e9quipe dans le domaine du chauffage, de la ventilation ou du sanitaire.\" \/>\n<meta property=\"og:url\" content=\"https:\/\/haelg.ch\/fr\/travailler-chez-nous\/haelg-group-comme-employeur\/profils-d-emploi\/responsable-d-equipe\/\" \/>\n<meta property=\"og:site_name\" content=\"H\u00e4lg Group\" \/>\n<meta property=\"article:publisher\" content=\"https:\/\/www.facebook.com\/haelg.ch\" \/>\n<meta property=\"article:modified_time\" content=\"2025-01-27T14:39:17+00:00\" \/>\n<meta property=\"og:image\" content=\"https:\/\/haelg.ch\/app\/uploads\/2024\/12\/teamleiter-haelg-group_2400x2400-1024x1024.jpg\" \/>\n<meta name=\"twitter:card\" content=\"summary_large_image\" \/>\n<meta name=\"twitter:label1\" content=\"Dur\u00e9e de lecture estim\u00e9e\" \/>\n\t<meta name=\"twitter:data1\" content=\"3 minutes\" \/>\n<script type=\"application\/ld+json\" class=\"yoast-schema-graph\">{\"@context\":\"https:\\\/\\\/schema.org\",\"@graph\":[{\"@type\":\"WebPage\",\"@id\":\"https:\\\/\\\/haelg.ch\\\/fr\\\/travailler-chez-nous\\\/haelg-group-comme-employeur\\\/profils-d-emploi\\\/responsable-d-equipe\\\/\",\"url\":\"https:\\\/\\\/haelg.ch\\\/fr\\\/travailler-chez-nous\\\/haelg-group-comme-employeur\\\/profils-d-emploi\\\/responsable-d-equipe\\\/\",\"name\":\"Responsable d'\u00e9quipe dans la technique du b\u00e2timent | H\u00e4lg\u00a0Group\",\"isPartOf\":{\"@id\":\"https:\\\/\\\/haelg.ch\\\/fr\\\/#website\"},\"primaryImageOfPage\":{\"@id\":\"https:\\\/\\\/haelg.ch\\\/fr\\\/travailler-chez-nous\\\/haelg-group-comme-employeur\\\/profils-d-emploi\\\/responsable-d-equipe\\\/#primaryimage\"},\"image\":{\"@id\":\"https:\\\/\\\/haelg.ch\\\/fr\\\/travailler-chez-nous\\\/haelg-group-comme-employeur\\\/profils-d-emploi\\\/responsable-d-equipe\\\/#primaryimage\"},\"thumbnailUrl\":\"https:\\\/\\\/haelg.ch\\\/app\\\/uploads\\\/2024\\\/12\\\/teamleiter-haelg-group_2400x2400-1024x1024.jpg\",\"datePublished\":\"2024-10-31T07:06:44+00:00\",\"dateModified\":\"2025-01-27T14:39:17+00:00\",\"description\":\"En tant que responsable d'\u00e9quipe, vous \u00eates charg\u00e9(e) de diriger et de coordonner une \u00e9quipe dans le domaine du chauffage, de la ventilation ou du sanitaire.\",\"breadcrumb\":{\"@id\":\"https:\\\/\\\/haelg.ch\\\/fr\\\/travailler-chez-nous\\\/haelg-group-comme-employeur\\\/profils-d-emploi\\\/responsable-d-equipe\\\/#breadcrumb\"},\"inLanguage\":\"fr-FR\",\"potentialAction\":[{\"@type\":\"ReadAction\",\"target\":[\"https:\\\/\\\/haelg.ch\\\/fr\\\/travailler-chez-nous\\\/haelg-group-comme-employeur\\\/profils-d-emploi\\\/responsable-d-equipe\\\/\"]}]},{\"@type\":\"ImageObject\",\"inLanguage\":\"fr-FR\",\"@id\":\"https:\\\/\\\/haelg.ch\\\/fr\\\/travailler-chez-nous\\\/haelg-group-comme-employeur\\\/profils-d-emploi\\\/responsable-d-equipe\\\/#primaryimage\",\"url\":\"https:\\\/\\\/haelg.ch\\\/app\\\/uploads\\\/2024\\\/12\\\/teamleiter-haelg-group_2400x2400-1024x1024.jpg\",\"contentUrl\":\"https:\\\/\\\/haelg.ch\\\/app\\\/uploads\\\/2024\\\/12\\\/teamleiter-haelg-group_2400x2400-1024x1024.jpg\"},{\"@type\":\"BreadcrumbList\",\"@id\":\"https:\\\/\\\/haelg.ch\\\/fr\\\/travailler-chez-nous\\\/haelg-group-comme-employeur\\\/profils-d-emploi\\\/responsable-d-equipe\\\/#breadcrumb\",\"itemListElement\":[{\"@type\":\"ListItem\",\"position\":1,\"name\":\"Accueil\",\"item\":\"https:\\\/\\\/haelg.ch\\\/fr\\\/\"},{\"@type\":\"ListItem\",\"position\":2,\"name\":\"Travailler chez nous\",\"item\":\"https:\\\/\\\/haelg.ch\\\/fr\\\/travailler-chez-nous\\\/\"},{\"@type\":\"ListItem\",\"position\":3,\"name\":\"H\u00e4lg\u00a0Group comme employeur\",\"item\":\"https:\\\/\\\/haelg.ch\\\/fr\\\/travailler-chez-nous\\\/haelg-group-comme-employeur\\\/\"},{\"@type\":\"ListItem\",\"position\":4,\"name\":\"Profils d&#8217;emploi\",\"item\":\"https:\\\/\\\/haelg.ch\\\/fr\\\/travailler-chez-nous\\\/haelg-group-comme-employeur\\\/profils-d-emploi\\\/\"},{\"@type\":\"ListItem\",\"position\":5,\"name\":\"Responsable d&#8217;\u00e9quipe\"}]},{\"@type\":\"WebSite\",\"@id\":\"https:\\\/\\\/haelg.ch\\\/fr\\\/#website\",\"url\":\"https:\\\/\\\/haelg.ch\\\/fr\\\/\",\"name\":\"H\u00e4lg Group\",\"description\":\"\",\"publisher\":{\"@id\":\"https:\\\/\\\/haelg.ch\\\/fr\\\/#organization\"},\"potentialAction\":[{\"@type\":\"SearchAction\",\"target\":{\"@type\":\"EntryPoint\",\"urlTemplate\":\"https:\\\/\\\/haelg.ch\\\/fr\\\/?s={search_term_string}\"},\"query-input\":{\"@type\":\"PropertyValueSpecification\",\"valueRequired\":true,\"valueName\":\"search_term_string\"}}],\"inLanguage\":\"fr-FR\"},{\"@type\":\"Organization\",\"@id\":\"https:\\\/\\\/haelg.ch\\\/fr\\\/#organization\",\"name\":\"H\u00e4lg Group\",\"url\":\"https:\\\/\\\/haelg.ch\\\/fr\\\/\",\"logo\":{\"@type\":\"ImageObject\",\"inLanguage\":\"fr-FR\",\"@id\":\"https:\\\/\\\/haelg.ch\\\/fr\\\/#\\\/schema\\\/logo\\\/image\\\/\",\"url\":\"https:\\\/\\\/haelg.ch\\\/app\\\/uploads\\\/2025\\\/01\\\/haelg-group-logo_1800x1200.jpg\",\"contentUrl\":\"https:\\\/\\\/haelg.ch\\\/app\\\/uploads\\\/2025\\\/01\\\/haelg-group-logo_1800x1200.jpg\",\"width\":1620,\"height\":1080,\"caption\":\"H\u00e4lg Group\"},\"image\":{\"@id\":\"https:\\\/\\\/haelg.ch\\\/fr\\\/#\\\/schema\\\/logo\\\/image\\\/\"},\"sameAs\":[\"https:\\\/\\\/www.facebook.com\\\/haelg.ch\",\"https:\\\/\\\/www.linkedin.com\\\/company\\\/haelggroup\\\/\",\"https:\\\/\\\/www.instagram.com\\\/haelg.group\\\/\",\"https:\\\/\\\/www.youtube.com\\\/channel\\\/UCCP6yzfvj3o6gA9J5L0QJCg\\\/videos\",\"https:\\\/\\\/www.kununu.com\\\/ch\\\/haelg-group\"]}]}<\/script>\n<!-- \/ Yoast SEO plugin. -->","yoast_head_json":{"title":"Responsable d'\u00e9quipe dans la technique du b\u00e2timent | H\u00e4lg\u00a0Group","description":"En tant que responsable d'\u00e9quipe, vous \u00eates charg\u00e9(e) de diriger et de coordonner une \u00e9quipe dans le domaine du chauffage, de la ventilation ou du sanitaire.","robots":{"index":"index","follow":"follow","max-snippet":"max-snippet:-1","max-image-preview":"max-image-preview:large","max-video-preview":"max-video-preview:-1"},"canonical":"https:\/\/haelg.ch\/fr\/travailler-chez-nous\/haelg-group-comme-employeur\/profils-d-emploi\/responsable-d-equipe\/","og_locale":"fr_FR","og_type":"article","og_title":"Responsable d'\u00e9quipe dans la technique du b\u00e2timent | H\u00e4lg\u00a0Group","og_description":"En tant que responsable d'\u00e9quipe, vous \u00eates charg\u00e9(e) de diriger et de coordonner une \u00e9quipe dans le domaine du chauffage, de la ventilation ou du sanitaire.","og_url":"https:\/\/haelg.ch\/fr\/travailler-chez-nous\/haelg-group-comme-employeur\/profils-d-emploi\/responsable-d-equipe\/","og_site_name":"H\u00e4lg Group","article_publisher":"https:\/\/www.facebook.com\/haelg.ch","article_modified_time":"2025-01-27T14:39:17+00:00","og_image":[{"url":"https:\/\/haelg.ch\/app\/uploads\/2024\/12\/teamleiter-haelg-group_2400x2400-1024x1024.jpg","type":"","width":"","height":""}],"twitter_card":"summary_large_image","twitter_misc":{"Dur\u00e9e de lecture estim\u00e9e":"3 minutes"},"schema":{"@context":"https:\/\/schema.org","@graph":[{"@type":"WebPage","@id":"https:\/\/haelg.ch\/fr\/travailler-chez-nous\/haelg-group-comme-employeur\/profils-d-emploi\/responsable-d-equipe\/","url":"https:\/\/haelg.ch\/fr\/travailler-chez-nous\/haelg-group-comme-employeur\/profils-d-emploi\/responsable-d-equipe\/","name":"Responsable d'\u00e9quipe dans la technique du b\u00e2timent | H\u00e4lg\u00a0Group","isPartOf":{"@id":"https:\/\/haelg.ch\/fr\/#website"},"primaryImageOfPage":{"@id":"https:\/\/haelg.ch\/fr\/travailler-chez-nous\/haelg-group-comme-employeur\/profils-d-emploi\/responsable-d-equipe\/#primaryimage"},"image":{"@id":"https:\/\/haelg.ch\/fr\/travailler-chez-nous\/haelg-group-comme-employeur\/profils-d-emploi\/responsable-d-equipe\/#primaryimage"},"thumbnailUrl":"https:\/\/haelg.ch\/app\/uploads\/2024\/12\/teamleiter-haelg-group_2400x2400-1024x1024.jpg","datePublished":"2024-10-31T07:06:44+00:00","dateModified":"2025-01-27T14:39:17+00:00","description":"En tant que responsable d'\u00e9quipe, vous \u00eates charg\u00e9(e) de diriger et de coordonner une \u00e9quipe dans le domaine du chauffage, de la ventilation ou du sanitaire.","breadcrumb":{"@id":"https:\/\/haelg.ch\/fr\/travailler-chez-nous\/haelg-group-comme-employeur\/profils-d-emploi\/responsable-d-equipe\/#breadcrumb"},"inLanguage":"fr-FR","potentialAction":[{"@type":"ReadAction","target":["https:\/\/haelg.ch\/fr\/travailler-chez-nous\/haelg-group-comme-employeur\/profils-d-emploi\/responsable-d-equipe\/"]}]},{"@type":"ImageObject","inLanguage":"fr-FR","@id":"https:\/\/haelg.ch\/fr\/travailler-chez-nous\/haelg-group-comme-employeur\/profils-d-emploi\/responsable-d-equipe\/#primaryimage","url":"https:\/\/haelg.ch\/app\/uploads\/2024\/12\/teamleiter-haelg-group_2400x2400-1024x1024.jpg","contentUrl":"https:\/\/haelg.ch\/app\/uploads\/2024\/12\/teamleiter-haelg-group_2400x2400-1024x1024.jpg"},{"@type":"BreadcrumbList","@id":"https:\/\/haelg.ch\/fr\/travailler-chez-nous\/haelg-group-comme-employeur\/profils-d-emploi\/responsable-d-equipe\/#breadcrumb","itemListElement":[{"@type":"ListItem","position":1,"name":"Accueil","item":"https:\/\/haelg.ch\/fr\/"},{"@type":"ListItem","position":2,"name":"Travailler chez nous","item":"https:\/\/haelg.ch\/fr\/travailler-chez-nous\/"},{"@type":"ListItem","position":3,"name":"H\u00e4lg\u00a0Group comme employeur","item":"https:\/\/haelg.ch\/fr\/travailler-chez-nous\/haelg-group-comme-employeur\/"},{"@type":"ListItem","position":4,"name":"Profils d&#8217;emploi","item":"https:\/\/haelg.ch\/fr\/travailler-chez-nous\/haelg-group-comme-employeur\/profils-d-emploi\/"},{"@type":"ListItem","position":5,"name":"Responsable d&#8217;\u00e9quipe"}]},{"@type":"WebSite","@id":"https:\/\/haelg.ch\/fr\/#website","url":"https:\/\/haelg.ch\/fr\/","name":"H\u00e4lg Group","description":"","publisher":{"@id":"https:\/\/haelg.ch\/fr\/#organization"},"potentialAction":[{"@type":"SearchAction","target":{"@type":"EntryPoint","urlTemplate":"https:\/\/haelg.ch\/fr\/?s={search_term_string}"},"query-input":{"@type":"PropertyValueSpecification","valueRequired":true,"valueName":"search_term_string"}}],"inLanguage":"fr-FR"},{"@type":"Organization","@id":"https:\/\/haelg.ch\/fr\/#organization","name":"H\u00e4lg Group","url":"https:\/\/haelg.ch\/fr\/","logo":{"@type":"ImageObject","inLanguage":"fr-FR","@id":"https:\/\/haelg.ch\/fr\/#\/schema\/logo\/image\/","url":"https:\/\/haelg.ch\/app\/uploads\/2025\/01\/haelg-group-logo_1800x1200.jpg","contentUrl":"https:\/\/haelg.ch\/app\/uploads\/2025\/01\/haelg-group-logo_1800x1200.jpg","width":1620,"height":1080,"caption":"H\u00e4lg Group"},"image":{"@id":"https:\/\/haelg.ch\/fr\/#\/schema\/logo\/image\/"},"sameAs":["https:\/\/www.facebook.com\/haelg.ch","https:\/\/www.linkedin.com\/company\/haelggroup\/","https:\/\/www.instagram.com\/haelg.group\/","https:\/\/www.youtube.com\/channel\/UCCP6yzfvj3o6gA9J5L0QJCg\/videos","https:\/\/www.kununu.com\/ch\/haelg-group"]}]}},"_links":{"self":[{"href":"https:\/\/haelg.ch\/fr\/wp-json\/wp\/v2\/pages\/52720","targetHints":{"allow":["GET"]}}],"collection":[{"href":"https:\/\/haelg.ch\/fr\/wp-json\/wp\/v2\/pages"}],"about":[{"href":"https:\/\/haelg.ch\/fr\/wp-json\/wp\/v2\/types\/page"}],"author":[{"embeddable":true,"href":"https:\/\/haelg.ch\/fr\/wp-json\/wp\/v2\/users\/3"}],"replies":[{"embeddable":true,"href":"https:\/\/haelg.ch\/fr\/wp-json\/wp\/v2\/comments?post=52720"}],"version-history":[{"count":9,"href":"https:\/\/haelg.ch\/fr\/wp-json\/wp\/v2\/pages\/52720\/revisions"}],"predecessor-version":[{"id":59792,"href":"https:\/\/haelg.ch\/fr\/wp-json\/wp\/v2\/pages\/52720\/revisions\/59792"}],"up":[{"embeddable":true,"href":"https:\/\/haelg.ch\/fr\/wp-json\/wp\/v2\/pages\/52716"}],"wp:attachment":[{"href":"https:\/\/haelg.ch\/fr\/wp-json\/wp\/v2\/media?parent=52720"}],"wp:term":[{"taxonomy":"kategorie","embeddable":true,"href":"https:\/\/haelg.ch\/fr\/wp-json\/wp\/v2\/kategorie?post=52720"},{"taxonomy":"angebot","embeddable":true,"href":"https:\/\/haelg.ch\/fr\/wp-json\/wp\/v2\/angebot?post=52720"}],"curies":[{"name":"wp","href":"https:\/\/api.w.org\/{rel}","templated":true}]}}