{"id":52721,"date":"2024-10-31T08:07:20","date_gmt":"2024-10-31T07:07:20","guid":{"rendered":"https:\/\/dev-relaunch.haelg.ch\/?page_id=52721"},"modified":"2025-04-08T16:26:59","modified_gmt":"2025-04-08T14:26:59","slug":"responsable-de-mandat","status":"publish","type":"page","link":"https:\/\/haelg.ch\/fr\/travailler-chez-nous\/haelg-group-comme-employeur\/profils-d-emploi\/responsable-de-mandat\/","title":{"rendered":"Responsable de mandat"},"content":{"rendered":"\n<div class=\"wp-block-media-text alignwide is-stacked-on-mobile has-background-color has-secondary-background-color has-text-color has-background has-link-color wp-elements-ad8d4a9697e6851b005265612d6c1666\" style=\"grid-template-columns:60% auto\"><figure class=\"wp-block-media-text__media\"><img decoding=\"async\" width=\"1024\" height=\"1024\" loading=\"lazy\" src=\"https:\/\/haelg.ch\/app\/uploads\/2024\/12\/mandatsleiter-hfm-haelg-facility-management-haelg-group_2400x2400-1024x1024.jpg\" alt=\"Responsable de mandat chez H\u00e4lg\u00a0Facility\u00a0Management\u00a0AG\" class=\"wp-image-51018 size-full\" srcset=\"https:\/\/haelg.ch\/app\/uploads\/2024\/12\/mandatsleiter-hfm-haelg-facility-management-haelg-group_2400x2400-1024x1024.jpg 1024w, https:\/\/haelg.ch\/app\/uploads\/2024\/12\/mandatsleiter-hfm-haelg-facility-management-haelg-group_2400x2400-300x300.jpg 300w, https:\/\/haelg.ch\/app\/uploads\/2024\/12\/mandatsleiter-hfm-haelg-facility-management-haelg-group_2400x2400-150x150.jpg 150w, https:\/\/haelg.ch\/app\/uploads\/2024\/12\/mandatsleiter-hfm-haelg-facility-management-haelg-group_2400x2400-768x768.jpg 768w, https:\/\/haelg.ch\/app\/uploads\/2024\/12\/mandatsleiter-hfm-haelg-facility-management-haelg-group_2400x2400-1536x1536.jpg 1536w, https:\/\/haelg.ch\/app\/uploads\/2024\/12\/mandatsleiter-hfm-haelg-facility-management-haelg-group_2400x2400-2048x2048.jpg 2048w\" sizes=\"auto, (max-width: 1024px) 100vw, 1024px\" \/><\/figure><div class=\"wp-block-media-text__content\"><div class=\"yoast-breadcrumbs\"><span><span><a href=\"https:\/\/haelg.ch\/fr\/\">Accueil<\/a><\/span> <span class=\"separator\"><\/span> <span><a href=\"https:\/\/haelg.ch\/fr\/travailler-chez-nous\/\">Travailler chez nous<\/a><\/span> <span class=\"separator\"><\/span> <span><a href=\"https:\/\/haelg.ch\/fr\/travailler-chez-nous\/haelg-group-comme-employeur\/\">H\u00e4lg\u00a0Group comme employeur<\/a><\/span> <span class=\"separator\"><\/span> <span><a href=\"https:\/\/haelg.ch\/fr\/travailler-chez-nous\/haelg-group-comme-employeur\/profils-d-emploi\/\">Profils d&#8217;emploi<\/a><\/span> <span class=\"separator\"><\/span> <span class=\"breadcrumb_last\" aria-current=\"page\">Responsable de mandat<\/span><\/span><\/div>\n\n\n<h1 class=\"wp-block-heading\">Responsable de mandat<\/h1>\n\n\n\n<p>En tant que responsable de mandat dans le Facility Management, vous g\u00e9rez des mandats exigeants et assurez une exploitation impeccable. Avec vos talents de direction vous garantissez des d\u00e9roulements efficaces et une haute qualit\u00e9 \u2013 de la planification strat\u00e9gique \u00e0 la mise en \u0153uvre op\u00e9rationnel \u2013 en restant toujours focalis\u00e9(e) sur la satisfaction de la client\u00e8le.<\/p>\n\n\n\n<div class=\"wp-block-buttons is-layout-flex wp-block-buttons-is-layout-flex\">\n<div class=\"wp-block-button is-style-outline is-style-outline--1\"><a class=\"wp-block-button__link wp-element-button\" href=\"https:\/\/haelg.ch\/fr\/travailler-chez-nous\/postes-vacants\/\">Nos postes vacants<\/a><\/div>\n\n\n\n<div class=\"wp-block-button is-style-outline is-style-outline--2\"><a class=\"wp-block-button__link wp-element-button\" href=\"https:\/\/haelg.ch\/fr\/travailler-chez-nous\/postes-vacants\/entretien-sans-engagement\/\">Entretien sans engagement<\/a><\/div>\n<\/div>\n<\/div><\/div>\n\n\n\n<div class=\"wp-block-group is-style-shadow is-layout-constrained wp-block-group-is-layout-constrained\">\n<h2 class=\"wp-block-heading\">T\u00e2ches \/ Champ de responsabilit\u00e9<\/h2>\n\n\n\n<p>En tant que responsable de mandat, vous assumez des fonctions cl\u00e9s avec des t\u00e2ches et responsabilit\u00e9s vari\u00e9es:<\/p>\n\n\n\n<ul class=\"wp-block-list\">\n<li>Respect et mise en \u0153uvre du concept de s\u00e9curit\u00e9 au travail et de protection de la sant\u00e9 (ST\/PS) applicable ainsi que du concept de management environnemental (SME)<\/li>\n\n\n\n<li>Responsabilit\u00e9 g\u00e9n\u00e9rale des mandats\/projets assign\u00e9s sur les plans administratif et financier&nbsp;<\/li>\n\n\n\n<li>Repr\u00e9sentation de l&rsquo;entreprise \u00e0 travers des prestations ax\u00e9es sur le client<\/li>\n\n\n\n<li>Etablissement et entretien de relations partenariales avec les clients et les fournisseurs&nbsp;<\/li>\n\n\n\n<li>Surveillance des postes budg\u00e9taires assign\u00e9s&nbsp;<\/li>\n\n\n\n<li>Assurance d&rsquo;offres adapt\u00e9es aux besoins et bien calcul\u00e9es&nbsp;<\/li>\n\n\n\n<li>Direction de l&rsquo;\u00e9quipe subordonn\u00e9e \u00e0 l&rsquo;aide d&rsquo;objectifs concrets&nbsp;<\/li>\n\n\n\n<li>D\u00e9veloppement de l&rsquo;\u00e9quipe subordonn\u00e9e<\/li>\n\n\n\n<li>Assurance du flux d&rsquo;information dans le cadre de r\u00e9unions d&rsquo;\u00e9quipe<\/li>\n\n\n\n<li>Ex\u00e9cution des t\u00e2ches en respectant les r\u00e8glements, directives et prescriptions de processus internes en vigueur<\/li>\n<\/ul>\n\n\n\n<h2 class=\"wp-block-heading\">Exigences<\/h2>\n\n\n\n<ul class=\"wp-block-list\">\n<li>Etudes boucl\u00e9es dans le Facility Management ou un domaine comparable<\/li>\n\n\n\n<li>Plusieurs ann\u00e9es d&rsquo;exp\u00e9rience professionnelle et de direction<\/li>\n\n\n\n<li>Haut degr\u00e9 d&rsquo;engagement et d&rsquo;initiative personnelle<\/li>\n\n\n\n<li>Travail pr\u00e9cis, correct et autonome<\/li>\n\n\n\n<li>Action ax\u00e9e sur le service et sur les r\u00e9sultats, esprit d&rsquo;entreprise<\/li>\n\n\n\n<li>Excellente r\u00e9putation&nbsp;<\/li>\n\n\n\n<li>Excellentes capacit\u00e9s de communication et d&rsquo;expression \u00e9crite&nbsp;<\/li>\n\n\n\n<li>Capacit\u00e9s analytiques d\u00e9velopp\u00e9es<\/li>\n\n\n\n<li>Personnalit\u00e9 fiable, endurante ayant l&rsquo;esprit d&rsquo;\u00e9quipe, la capacit\u00e9 de s&rsquo;imposer et un talent pour l&rsquo;organisation<\/li>\n<\/ul>\n\n\n\n<h2 class=\"wp-block-heading\">Possibilit\u00e9s de d\u00e9veloppement<\/h2>\n\n\n\n<ul class=\"wp-block-list\">\n<li>Perspectives captivantes et sur le long terme, qui vont au-del\u00e0 du plan de carri\u00e8re classique<\/li>\n\n\n\n<li>Soutien dans votre d\u00e9veloppement personnel et possibilit\u00e9 d&rsquo;un changement de poste interne<\/li>\n\n\n\n<li>Stimulation de l&rsquo;\u00e9tendue des comp\u00e9tences professionnelles avec un ensemble de petits et grands mandats exigeants<\/li>\n\n\n\n<li>Formations continues internes et externes<\/li>\n<\/ul>\n\n\n\n<p>Pour H\u00e4lg&nbsp;Group, vous \u00eates plus qu&rsquo;un(e) employ\u00e9(e) sp\u00e9cialis\u00e9(e). Votre d\u00e9veloppement personnel et votre bien-\u00eatre sur le long terme nous tiennent \u00e0 c\u0153ur.<\/p>\n<\/div>\n\n\n\n<div class=\"wp-block-media-text is-stacked-on-mobile is-image-fill-element has-lightgray-background-color has-background\"><figure class=\"wp-block-media-text__media\"><img decoding=\"async\" width=\"1024\" height=\"768\" loading=\"lazy\" src=\"https:\/\/haelg.ch\/app\/uploads\/2025\/01\/hfm-mitarbeitende-haelg-group_1600x1200-1024x768.jpg\" alt=\"Mitarbeitende der H\u00e4lg Facility Management AG sitzen im Auto.\" class=\"wp-image-51167 size-full\" style=\"object-position:60% 56%\" srcset=\"https:\/\/haelg.ch\/app\/uploads\/2025\/01\/hfm-mitarbeitende-haelg-group_1600x1200-1024x768.jpg 1024w, https:\/\/haelg.ch\/app\/uploads\/2025\/01\/hfm-mitarbeitende-haelg-group_1600x1200-300x225.jpg 300w, https:\/\/haelg.ch\/app\/uploads\/2025\/01\/hfm-mitarbeitende-haelg-group_1600x1200-768x576.jpg 768w, https:\/\/haelg.ch\/app\/uploads\/2025\/01\/hfm-mitarbeitende-haelg-group_1600x1200-1536x1152.jpg 1536w, https:\/\/haelg.ch\/app\/uploads\/2025\/01\/hfm-mitarbeitende-haelg-group_1600x1200.jpg 1600w\" sizes=\"auto, (max-width: 1024px) 100vw, 1024px\" \/><\/figure><div class=\"wp-block-media-text__content\">\n<h2 class=\"wp-block-heading\">Postes vacants en Facility Management int\u00e9gral<\/h2>\n\n\n\n<div class=\"wp-block-query jobs-overview-query is-layout-flow wp-block-query-is-layout-flow\"><ul class=\"wp-block-post-template is-layout-flow wp-block-post-template-is-layout-flow\"><li class=\"wp-block-post post-231417 jobs type-jobs status-publish hentry job-region-zuerich job-workarea-facility-management job-careerlevel-offene-stellen job-city-zuerich\">\n\n<a class=\"job-overview-item\" target=\"_blank\" href=\"https:\/\/jobs.haelg.ch\/assistent-in-facility-management-80-100-de-j904.html?agid=20\">\n\t<div class=\"job-query-meta\">\n\tZ\u00fcrich | Facility Management\t<\/div>\n\t<h3>Assistent\/-in Facility Management 80-100%<\/h3>\n<\/a>\n\n<\/li><li class=\"wp-block-post post-231359 jobs type-jobs status-publish hentry job-region-zentralschweiz job-workarea-facility-management job-careerlevel-offene-stellen job-city-luzern\">\n\n<a class=\"job-overview-item\" target=\"_blank\" href=\"https:\/\/jobs.haelg.ch\/objektmitarbeiter-in-technik-100-de-j919.html?agid=20\">\n\t<div class=\"job-query-meta\">\n\tLucerne | Facility Management\t<\/div>\n\t<h3>Objektmitarbeiter\/-in Technik 100%<\/h3>\n<\/a>\n\n<\/li><li class=\"wp-block-post post-231360 jobs type-jobs status-publish hentry job-region-zentralschweiz job-workarea-facility-management job-careerlevel-offene-stellen job-city-rotkreuz\">\n\n<a class=\"job-overview-item\" target=\"_blank\" href=\"https:\/\/jobs.haelg.ch\/mitarbeiter-in-infrastruktur-80-100-de-j925.html?agid=20\">\n\t<div class=\"job-query-meta\">\n\tRotkreuz | Facility Management\t<\/div>\n\t<h3>Mitarbeiter\/-in Infrastruktur 80-100%<\/h3>\n<\/a>\n\n<\/li><\/ul>\n\n<\/div>\n\n\n\n<div class=\"wp-block-buttons is-layout-flex wp-block-buttons-is-layout-flex\">\n<div class=\"wp-block-button is-style-outline is-style-outline--3\"><a class=\"wp-block-button__link wp-element-button\" href=\"https:\/\/haelg.ch\/fr\/travailler-chez-nous\/postes-vacants\/\">Autres postes vacantes<\/a><\/div>\n\n\n\n<div class=\"wp-block-button is-style-outline is-style-outline--4\"><a class=\"wp-block-button__link wp-element-button\" href=\"https:\/\/haelg.ch\/fr\/travailler-chez-nous\/postes-vacants\/entretien-sans-engagement-hfm\/\">Entretien sans engagement<\/a><\/div>\n<\/div>\n<\/div><\/div>\n\n\n\n<div class=\"wp-block-media-text has-media-on-the-right is-stacked-on-mobile is-image-fill-element has-background-color has-secondary-background-color has-text-color has-background has-link-color wp-elements-e9733705d5e4507a661b37f391036615\"><div class=\"wp-block-media-text__content\">\n<h2 class=\"wp-block-heading\">En savoir plus sur le travail chez H\u00e4lg&nbsp;Group<\/h2>\n\n\n\n<div class=\"wp-block-buttons is-style-list is-layout-flex wp-block-buttons-is-layout-flex\">\n<div class=\"wp-block-button is-style-outline is-style-outline--5\"><a class=\"wp-block-button__link wp-element-button\" href=\"https:\/\/haelg.ch\/fr\/travailler-chez-nous\/postes-vacants\/\">Postes vacants<\/a><\/div>\n\n\n\n<div class=\"wp-block-button is-style-outline is-style-outline--6\"><a class=\"wp-block-button__link wp-element-button\" href=\"https:\/\/haelg.ch\/fr\/travailler-chez-nous\/haelg-group-comme-employeur\/\">H\u00e4lg&nbsp;Group comme employeur<\/a><\/div>\n\n\n\n<div class=\"wp-block-button\"><a class=\"wp-block-button__link wp-element-button\" href=\"https:\/\/haelg.ch\/fr\/travailler-chez-nous\/apprentissage-chez-nous\/formations-professionelles\/\">Nos formations professionnelles<\/a><\/div>\n\n\n\n<div class=\"wp-block-button\"><a class=\"wp-block-button__link wp-element-button\" href=\"https:\/\/haelg.ch\/fr\/travailler-chez-nous\/haelg-group-comme-employeur\/avantages\/\">Avantages<\/a><\/div>\n<\/div>\n<\/div><figure class=\"wp-block-media-text__media\"><img decoding=\"async\" width=\"1024\" height=\"768\" loading=\"lazy\" src=\"https:\/\/haelg.ch\/app\/uploads\/2024\/12\/haelg-what-else-haelg-group_1600x1200-1-1024x768.jpg\" alt=\"H\u00e4lg, what else.\" class=\"wp-image-50811 size-full\" style=\"object-position:50% 50%\" srcset=\"https:\/\/haelg.ch\/app\/uploads\/2024\/12\/haelg-what-else-haelg-group_1600x1200-1-1024x768.jpg 1024w, https:\/\/haelg.ch\/app\/uploads\/2024\/12\/haelg-what-else-haelg-group_1600x1200-1-300x225.jpg 300w, https:\/\/haelg.ch\/app\/uploads\/2024\/12\/haelg-what-else-haelg-group_1600x1200-1-768x576.jpg 768w, https:\/\/haelg.ch\/app\/uploads\/2024\/12\/haelg-what-else-haelg-group_1600x1200-1-1536x1152.jpg 1536w, https:\/\/haelg.ch\/app\/uploads\/2024\/12\/haelg-what-else-haelg-group_1600x1200-1.jpg 1600w\" sizes=\"auto, (max-width: 1024px) 100vw, 1024px\" \/><\/figure><\/div>\n\n\n\n<p><\/p>\n","protected":false},"excerpt":{"rendered":"<p>T\u00e2ches \/ Champ de responsabilit\u00e9 En tant que responsable de mandat, vous assumez des fonctions cl\u00e9s avec des t\u00e2ches et responsabilit\u00e9s vari\u00e9es: Exigences Possibilit\u00e9s de d\u00e9veloppement Pour H\u00e4lg&nbsp;Group, vous \u00eates plus qu&rsquo;un(e) employ\u00e9(e) sp\u00e9cialis\u00e9(e). Votre d\u00e9veloppement personnel et votre bien-\u00eatre sur le long terme nous tiennent \u00e0 c\u0153ur.<\/p>\n","protected":false},"author":3,"featured_media":0,"parent":52716,"menu_order":203,"comment_status":"closed","ping_status":"closed","template":"","meta":{"_acf_changed":false,"inline_featured_image":false,"footnotes":""},"kategorie":[],"angebot":[],"class_list":["post-52721","page","type-page","status-publish","hentry"],"acf":[],"yoast_head":"<!-- This site is optimized with the Yoast SEO plugin v27.3 - https:\/\/yoast.com\/product\/yoast-seo-wordpress\/ -->\n<title>Responsable de mandat dans le Facility Management int\u00e9gral<\/title>\n<meta name=\"description\" content=\"En tant que responsable de mandat chez H\u00e4lg\u00a0Facility\u00a0Management, vous accomplissez des t\u00e2ches int\u00e9ressantes impliquant une grande responsabilit\u00e9.\" \/>\n<meta name=\"robots\" content=\"index, follow, max-snippet:-1, max-image-preview:large, max-video-preview:-1\" \/>\n<link rel=\"canonical\" href=\"https:\/\/haelg.ch\/fr\/travailler-chez-nous\/haelg-group-comme-employeur\/profils-d-emploi\/responsable-de-mandat\/\" \/>\n<meta property=\"og:locale\" content=\"fr_FR\" \/>\n<meta property=\"og:type\" content=\"article\" \/>\n<meta property=\"og:title\" content=\"Responsable de mandat dans le Facility Management int\u00e9gral\" \/>\n<meta property=\"og:description\" content=\"En tant que responsable de mandat chez H\u00e4lg\u00a0Facility\u00a0Management, vous accomplissez des t\u00e2ches int\u00e9ressantes impliquant une grande responsabilit\u00e9.\" \/>\n<meta property=\"og:url\" content=\"https:\/\/haelg.ch\/fr\/travailler-chez-nous\/haelg-group-comme-employeur\/profils-d-emploi\/responsable-de-mandat\/\" \/>\n<meta property=\"og:site_name\" content=\"H\u00e4lg Group\" \/>\n<meta property=\"article:publisher\" content=\"https:\/\/www.facebook.com\/haelg.ch\" \/>\n<meta property=\"article:modified_time\" content=\"2025-04-08T14:26:59+00:00\" \/>\n<meta property=\"og:image\" content=\"https:\/\/haelg.ch\/app\/uploads\/2024\/12\/mandatsleiter-hfm-haelg-facility-management-haelg-group_2400x2400-1024x1024.jpg\" \/>\n<meta name=\"twitter:card\" content=\"summary_large_image\" \/>\n<meta name=\"twitter:label1\" content=\"Dur\u00e9e de lecture estim\u00e9e\" \/>\n\t<meta name=\"twitter:data1\" content=\"3 minutes\" \/>\n<script type=\"application\/ld+json\" class=\"yoast-schema-graph\">{\"@context\":\"https:\\\/\\\/schema.org\",\"@graph\":[{\"@type\":\"WebPage\",\"@id\":\"https:\\\/\\\/haelg.ch\\\/fr\\\/travailler-chez-nous\\\/haelg-group-comme-employeur\\\/profils-d-emploi\\\/responsable-de-mandat\\\/\",\"url\":\"https:\\\/\\\/haelg.ch\\\/fr\\\/travailler-chez-nous\\\/haelg-group-comme-employeur\\\/profils-d-emploi\\\/responsable-de-mandat\\\/\",\"name\":\"Responsable de mandat dans le Facility Management int\u00e9gral\",\"isPartOf\":{\"@id\":\"https:\\\/\\\/haelg.ch\\\/fr\\\/#website\"},\"primaryImageOfPage\":{\"@id\":\"https:\\\/\\\/haelg.ch\\\/fr\\\/travailler-chez-nous\\\/haelg-group-comme-employeur\\\/profils-d-emploi\\\/responsable-de-mandat\\\/#primaryimage\"},\"image\":{\"@id\":\"https:\\\/\\\/haelg.ch\\\/fr\\\/travailler-chez-nous\\\/haelg-group-comme-employeur\\\/profils-d-emploi\\\/responsable-de-mandat\\\/#primaryimage\"},\"thumbnailUrl\":\"https:\\\/\\\/haelg.ch\\\/app\\\/uploads\\\/2024\\\/12\\\/mandatsleiter-hfm-haelg-facility-management-haelg-group_2400x2400-1024x1024.jpg\",\"datePublished\":\"2024-10-31T07:07:20+00:00\",\"dateModified\":\"2025-04-08T14:26:59+00:00\",\"description\":\"En tant que responsable de mandat chez H\u00e4lg\u00a0Facility\u00a0Management, vous accomplissez des t\u00e2ches int\u00e9ressantes impliquant une grande responsabilit\u00e9.\",\"breadcrumb\":{\"@id\":\"https:\\\/\\\/haelg.ch\\\/fr\\\/travailler-chez-nous\\\/haelg-group-comme-employeur\\\/profils-d-emploi\\\/responsable-de-mandat\\\/#breadcrumb\"},\"inLanguage\":\"fr-FR\",\"potentialAction\":[{\"@type\":\"ReadAction\",\"target\":[\"https:\\\/\\\/haelg.ch\\\/fr\\\/travailler-chez-nous\\\/haelg-group-comme-employeur\\\/profils-d-emploi\\\/responsable-de-mandat\\\/\"]}]},{\"@type\":\"ImageObject\",\"inLanguage\":\"fr-FR\",\"@id\":\"https:\\\/\\\/haelg.ch\\\/fr\\\/travailler-chez-nous\\\/haelg-group-comme-employeur\\\/profils-d-emploi\\\/responsable-de-mandat\\\/#primaryimage\",\"url\":\"https:\\\/\\\/haelg.ch\\\/app\\\/uploads\\\/2024\\\/12\\\/mandatsleiter-hfm-haelg-facility-management-haelg-group_2400x2400-1024x1024.jpg\",\"contentUrl\":\"https:\\\/\\\/haelg.ch\\\/app\\\/uploads\\\/2024\\\/12\\\/mandatsleiter-hfm-haelg-facility-management-haelg-group_2400x2400-1024x1024.jpg\"},{\"@type\":\"BreadcrumbList\",\"@id\":\"https:\\\/\\\/haelg.ch\\\/fr\\\/travailler-chez-nous\\\/haelg-group-comme-employeur\\\/profils-d-emploi\\\/responsable-de-mandat\\\/#breadcrumb\",\"itemListElement\":[{\"@type\":\"ListItem\",\"position\":1,\"name\":\"Accueil\",\"item\":\"https:\\\/\\\/haelg.ch\\\/fr\\\/\"},{\"@type\":\"ListItem\",\"position\":2,\"name\":\"Travailler chez nous\",\"item\":\"https:\\\/\\\/haelg.ch\\\/fr\\\/travailler-chez-nous\\\/\"},{\"@type\":\"ListItem\",\"position\":3,\"name\":\"H\u00e4lg\u00a0Group comme employeur\",\"item\":\"https:\\\/\\\/haelg.ch\\\/fr\\\/travailler-chez-nous\\\/haelg-group-comme-employeur\\\/\"},{\"@type\":\"ListItem\",\"position\":4,\"name\":\"Profils d&#8217;emploi\",\"item\":\"https:\\\/\\\/haelg.ch\\\/fr\\\/travailler-chez-nous\\\/haelg-group-comme-employeur\\\/profils-d-emploi\\\/\"},{\"@type\":\"ListItem\",\"position\":5,\"name\":\"Responsable de mandat\"}]},{\"@type\":\"WebSite\",\"@id\":\"https:\\\/\\\/haelg.ch\\\/fr\\\/#website\",\"url\":\"https:\\\/\\\/haelg.ch\\\/fr\\\/\",\"name\":\"H\u00e4lg Group\",\"description\":\"\",\"publisher\":{\"@id\":\"https:\\\/\\\/haelg.ch\\\/fr\\\/#organization\"},\"potentialAction\":[{\"@type\":\"SearchAction\",\"target\":{\"@type\":\"EntryPoint\",\"urlTemplate\":\"https:\\\/\\\/haelg.ch\\\/fr\\\/?s={search_term_string}\"},\"query-input\":{\"@type\":\"PropertyValueSpecification\",\"valueRequired\":true,\"valueName\":\"search_term_string\"}}],\"inLanguage\":\"fr-FR\"},{\"@type\":\"Organization\",\"@id\":\"https:\\\/\\\/haelg.ch\\\/fr\\\/#organization\",\"name\":\"H\u00e4lg Group\",\"url\":\"https:\\\/\\\/haelg.ch\\\/fr\\\/\",\"logo\":{\"@type\":\"ImageObject\",\"inLanguage\":\"fr-FR\",\"@id\":\"https:\\\/\\\/haelg.ch\\\/fr\\\/#\\\/schema\\\/logo\\\/image\\\/\",\"url\":\"https:\\\/\\\/haelg.ch\\\/app\\\/uploads\\\/2025\\\/01\\\/haelg-group-logo_1800x1200.jpg\",\"contentUrl\":\"https:\\\/\\\/haelg.ch\\\/app\\\/uploads\\\/2025\\\/01\\\/haelg-group-logo_1800x1200.jpg\",\"width\":1620,\"height\":1080,\"caption\":\"H\u00e4lg Group\"},\"image\":{\"@id\":\"https:\\\/\\\/haelg.ch\\\/fr\\\/#\\\/schema\\\/logo\\\/image\\\/\"},\"sameAs\":[\"https:\\\/\\\/www.facebook.com\\\/haelg.ch\",\"https:\\\/\\\/www.linkedin.com\\\/company\\\/haelggroup\\\/\",\"https:\\\/\\\/www.instagram.com\\\/haelg.group\\\/\",\"https:\\\/\\\/www.youtube.com\\\/channel\\\/UCCP6yzfvj3o6gA9J5L0QJCg\\\/videos\",\"https:\\\/\\\/www.kununu.com\\\/ch\\\/haelg-group\"]}]}<\/script>\n<!-- \/ Yoast SEO plugin. -->","yoast_head_json":{"title":"Responsable de mandat dans le Facility Management int\u00e9gral","description":"En tant que responsable de mandat chez H\u00e4lg\u00a0Facility\u00a0Management, vous accomplissez des t\u00e2ches int\u00e9ressantes impliquant une grande responsabilit\u00e9.","robots":{"index":"index","follow":"follow","max-snippet":"max-snippet:-1","max-image-preview":"max-image-preview:large","max-video-preview":"max-video-preview:-1"},"canonical":"https:\/\/haelg.ch\/fr\/travailler-chez-nous\/haelg-group-comme-employeur\/profils-d-emploi\/responsable-de-mandat\/","og_locale":"fr_FR","og_type":"article","og_title":"Responsable de mandat dans le Facility Management int\u00e9gral","og_description":"En tant que responsable de mandat chez H\u00e4lg\u00a0Facility\u00a0Management, vous accomplissez des t\u00e2ches int\u00e9ressantes impliquant une grande responsabilit\u00e9.","og_url":"https:\/\/haelg.ch\/fr\/travailler-chez-nous\/haelg-group-comme-employeur\/profils-d-emploi\/responsable-de-mandat\/","og_site_name":"H\u00e4lg Group","article_publisher":"https:\/\/www.facebook.com\/haelg.ch","article_modified_time":"2025-04-08T14:26:59+00:00","og_image":[{"url":"https:\/\/haelg.ch\/app\/uploads\/2024\/12\/mandatsleiter-hfm-haelg-facility-management-haelg-group_2400x2400-1024x1024.jpg","type":"","width":"","height":""}],"twitter_card":"summary_large_image","twitter_misc":{"Dur\u00e9e de lecture estim\u00e9e":"3 minutes"},"schema":{"@context":"https:\/\/schema.org","@graph":[{"@type":"WebPage","@id":"https:\/\/haelg.ch\/fr\/travailler-chez-nous\/haelg-group-comme-employeur\/profils-d-emploi\/responsable-de-mandat\/","url":"https:\/\/haelg.ch\/fr\/travailler-chez-nous\/haelg-group-comme-employeur\/profils-d-emploi\/responsable-de-mandat\/","name":"Responsable de mandat dans le Facility Management int\u00e9gral","isPartOf":{"@id":"https:\/\/haelg.ch\/fr\/#website"},"primaryImageOfPage":{"@id":"https:\/\/haelg.ch\/fr\/travailler-chez-nous\/haelg-group-comme-employeur\/profils-d-emploi\/responsable-de-mandat\/#primaryimage"},"image":{"@id":"https:\/\/haelg.ch\/fr\/travailler-chez-nous\/haelg-group-comme-employeur\/profils-d-emploi\/responsable-de-mandat\/#primaryimage"},"thumbnailUrl":"https:\/\/haelg.ch\/app\/uploads\/2024\/12\/mandatsleiter-hfm-haelg-facility-management-haelg-group_2400x2400-1024x1024.jpg","datePublished":"2024-10-31T07:07:20+00:00","dateModified":"2025-04-08T14:26:59+00:00","description":"En tant que responsable de mandat chez H\u00e4lg\u00a0Facility\u00a0Management, vous accomplissez des t\u00e2ches int\u00e9ressantes impliquant une grande responsabilit\u00e9.","breadcrumb":{"@id":"https:\/\/haelg.ch\/fr\/travailler-chez-nous\/haelg-group-comme-employeur\/profils-d-emploi\/responsable-de-mandat\/#breadcrumb"},"inLanguage":"fr-FR","potentialAction":[{"@type":"ReadAction","target":["https:\/\/haelg.ch\/fr\/travailler-chez-nous\/haelg-group-comme-employeur\/profils-d-emploi\/responsable-de-mandat\/"]}]},{"@type":"ImageObject","inLanguage":"fr-FR","@id":"https:\/\/haelg.ch\/fr\/travailler-chez-nous\/haelg-group-comme-employeur\/profils-d-emploi\/responsable-de-mandat\/#primaryimage","url":"https:\/\/haelg.ch\/app\/uploads\/2024\/12\/mandatsleiter-hfm-haelg-facility-management-haelg-group_2400x2400-1024x1024.jpg","contentUrl":"https:\/\/haelg.ch\/app\/uploads\/2024\/12\/mandatsleiter-hfm-haelg-facility-management-haelg-group_2400x2400-1024x1024.jpg"},{"@type":"BreadcrumbList","@id":"https:\/\/haelg.ch\/fr\/travailler-chez-nous\/haelg-group-comme-employeur\/profils-d-emploi\/responsable-de-mandat\/#breadcrumb","itemListElement":[{"@type":"ListItem","position":1,"name":"Accueil","item":"https:\/\/haelg.ch\/fr\/"},{"@type":"ListItem","position":2,"name":"Travailler chez nous","item":"https:\/\/haelg.ch\/fr\/travailler-chez-nous\/"},{"@type":"ListItem","position":3,"name":"H\u00e4lg\u00a0Group comme employeur","item":"https:\/\/haelg.ch\/fr\/travailler-chez-nous\/haelg-group-comme-employeur\/"},{"@type":"ListItem","position":4,"name":"Profils d&#8217;emploi","item":"https:\/\/haelg.ch\/fr\/travailler-chez-nous\/haelg-group-comme-employeur\/profils-d-emploi\/"},{"@type":"ListItem","position":5,"name":"Responsable de mandat"}]},{"@type":"WebSite","@id":"https:\/\/haelg.ch\/fr\/#website","url":"https:\/\/haelg.ch\/fr\/","name":"H\u00e4lg Group","description":"","publisher":{"@id":"https:\/\/haelg.ch\/fr\/#organization"},"potentialAction":[{"@type":"SearchAction","target":{"@type":"EntryPoint","urlTemplate":"https:\/\/haelg.ch\/fr\/?s={search_term_string}"},"query-input":{"@type":"PropertyValueSpecification","valueRequired":true,"valueName":"search_term_string"}}],"inLanguage":"fr-FR"},{"@type":"Organization","@id":"https:\/\/haelg.ch\/fr\/#organization","name":"H\u00e4lg Group","url":"https:\/\/haelg.ch\/fr\/","logo":{"@type":"ImageObject","inLanguage":"fr-FR","@id":"https:\/\/haelg.ch\/fr\/#\/schema\/logo\/image\/","url":"https:\/\/haelg.ch\/app\/uploads\/2025\/01\/haelg-group-logo_1800x1200.jpg","contentUrl":"https:\/\/haelg.ch\/app\/uploads\/2025\/01\/haelg-group-logo_1800x1200.jpg","width":1620,"height":1080,"caption":"H\u00e4lg Group"},"image":{"@id":"https:\/\/haelg.ch\/fr\/#\/schema\/logo\/image\/"},"sameAs":["https:\/\/www.facebook.com\/haelg.ch","https:\/\/www.linkedin.com\/company\/haelggroup\/","https:\/\/www.instagram.com\/haelg.group\/","https:\/\/www.youtube.com\/channel\/UCCP6yzfvj3o6gA9J5L0QJCg\/videos","https:\/\/www.kununu.com\/ch\/haelg-group"]}]}},"_links":{"self":[{"href":"https:\/\/haelg.ch\/fr\/wp-json\/wp\/v2\/pages\/52721","targetHints":{"allow":["GET"]}}],"collection":[{"href":"https:\/\/haelg.ch\/fr\/wp-json\/wp\/v2\/pages"}],"about":[{"href":"https:\/\/haelg.ch\/fr\/wp-json\/wp\/v2\/types\/page"}],"author":[{"embeddable":true,"href":"https:\/\/haelg.ch\/fr\/wp-json\/wp\/v2\/users\/3"}],"replies":[{"embeddable":true,"href":"https:\/\/haelg.ch\/fr\/wp-json\/wp\/v2\/comments?post=52721"}],"version-history":[{"count":7,"href":"https:\/\/haelg.ch\/fr\/wp-json\/wp\/v2\/pages\/52721\/revisions"}],"predecessor-version":[{"id":81327,"href":"https:\/\/haelg.ch\/fr\/wp-json\/wp\/v2\/pages\/52721\/revisions\/81327"}],"up":[{"embeddable":true,"href":"https:\/\/haelg.ch\/fr\/wp-json\/wp\/v2\/pages\/52716"}],"wp:attachment":[{"href":"https:\/\/haelg.ch\/fr\/wp-json\/wp\/v2\/media?parent=52721"}],"wp:term":[{"taxonomy":"kategorie","embeddable":true,"href":"https:\/\/haelg.ch\/fr\/wp-json\/wp\/v2\/kategorie?post=52721"},{"taxonomy":"angebot","embeddable":true,"href":"https:\/\/haelg.ch\/fr\/wp-json\/wp\/v2\/angebot?post=52721"}],"curies":[{"name":"wp","href":"https:\/\/api.w.org\/{rel}","templated":true}]}}