{"id":52736,"date":"2024-09-24T11:57:09","date_gmt":"2024-09-24T09:57:09","guid":{"rendered":"https:\/\/dev-relaunch.haelg.ch\/?page_id=52736"},"modified":"2025-01-27T17:30:24","modified_gmt":"2025-01-27T16:30:24","slug":"agent-d-exploitation-cfc","status":"publish","type":"page","link":"https:\/\/haelg.ch\/fr\/travailler-chez-nous\/apprentissage-chez-nous\/formations-professionelles\/agent-d-exploitation-cfc\/","title":{"rendered":"Agent(e) d&rsquo;exploitation CFC"},"content":{"rendered":"\n<div class=\"wp-block-media-text alignwide is-stacked-on-mobile has-background-color has-secondary-background-color has-text-color has-background has-link-color wp-elements-74c83eeac39c95ba1d6374752b7aa4ba\" style=\"grid-template-columns:60% auto\"><figure class=\"wp-block-media-text__media\"><img decoding=\"async\" width=\"1024\" height=\"1024\" loading=\"lazy\" src=\"https:\/\/haelg.ch\/app\/uploads\/2024\/11\/suurstoffi-haelg-facility-management-haelg-group_2400x2400-1024x1024.jpg\" alt=\"Ausbildung als Fachfrau\/Fachmann Betriebsunterhalt EFZ\" class=\"wp-image-48442 size-full\" srcset=\"https:\/\/haelg.ch\/app\/uploads\/2024\/11\/suurstoffi-haelg-facility-management-haelg-group_2400x2400-1024x1024.jpg 1024w, https:\/\/haelg.ch\/app\/uploads\/2024\/11\/suurstoffi-haelg-facility-management-haelg-group_2400x2400-300x300.jpg 300w, https:\/\/haelg.ch\/app\/uploads\/2024\/11\/suurstoffi-haelg-facility-management-haelg-group_2400x2400-150x150.jpg 150w, https:\/\/haelg.ch\/app\/uploads\/2024\/11\/suurstoffi-haelg-facility-management-haelg-group_2400x2400-768x768.jpg 768w, https:\/\/haelg.ch\/app\/uploads\/2024\/11\/suurstoffi-haelg-facility-management-haelg-group_2400x2400-1536x1536.jpg 1536w, https:\/\/haelg.ch\/app\/uploads\/2024\/11\/suurstoffi-haelg-facility-management-haelg-group_2400x2400-2048x2048.jpg 2048w\" sizes=\"auto, (max-width: 1024px) 100vw, 1024px\" \/><\/figure><div class=\"wp-block-media-text__content\"><div class=\"yoast-breadcrumbs\"><span><span><a href=\"https:\/\/haelg.ch\/fr\/\">Accueil<\/a><\/span> <span class=\"separator\"><\/span> <span><a href=\"https:\/\/haelg.ch\/fr\/travailler-chez-nous\/\">Travailler chez nous<\/a><\/span> <span class=\"separator\"><\/span> <span><a href=\"https:\/\/haelg.ch\/fr\/travailler-chez-nous\/apprentissage-chez-nous\/\">Apprentissage chez H\u00e4lg Group<\/a><\/span> <span class=\"separator\"><\/span> <span><a href=\"https:\/\/haelg.ch\/fr\/travailler-chez-nous\/apprentissage-chez-nous\/formations-professionelles\/\">Formations professionnelles<\/a><\/span> <span class=\"separator\"><\/span> <span class=\"breadcrumb_last\" aria-current=\"page\">Agent(e) d&#8217;exploitation CFC<\/span><\/span><\/div>\n\n\n<h1 class=\"wp-block-heading\">Agent(e) d&rsquo;exploitation CFC<\/h1>\n\n\n\n<h2 class=\"wp-block-heading\">Orientation conciergerie<\/h2>\n\n\n\n<p>Deviens un(e) agent(e) d&rsquo;exploitation CFC et maintiens les b\u00e2timents, les installations et leur environnement en bon \u00e9tat, afin que tout fonctionne impeccablement et soit accueillant.<\/p>\n\n\n\n<div class=\"wp-block-buttons is-layout-flex wp-block-buttons-is-layout-flex\">\n<div class=\"wp-block-button is-style-outline is-style-outline--1\"><a class=\"wp-block-button__link wp-element-button\" href=\"https:\/\/haelg.ch\/fr\/travailler-chez-nous\/apprentissage-chez-nous\/places-d-apprentissage-libres\/\">Places d&rsquo;apprentissage libres<\/a><\/div>\n\n\n\n<div class=\"wp-block-button is-style-outline is-style-outline--2\"><a class=\"wp-block-button__link wp-element-button\" href=\"https:\/\/haelg.ch\/fr\/travailler-chez-nous\/apprentissage-chez-nous\/preapprentissage\/\">Places de pr\u00e9apprentissage<\/a><\/div>\n<\/div>\n<\/div><\/div>\n\n\n\n<div class=\"wp-block-group is-style-shadow is-layout-constrained wp-block-group-is-layout-constrained\">\n<h2 class=\"wp-block-heading\">Fonctions \/ T\u00e2ches<\/h2>\n\n\n\n<ul class=\"wp-block-list\">\n<li>Nettoyer, maintenir et entretenir les b\u00e2timents et installations<\/li>\n\n\n\n<li>Contr\u00f4ler et r\u00e9parer les installations techniques du b\u00e2timent, supprimer les d\u00e9fauts<\/li>\n\n\n\n<li>Faire appel \u00e0 des sp\u00e9cialistes en cas de dysfonctionnements importants<\/li>\n\n\n\n<li>Eliminer correctement les d\u00e9chets et organiser le recyclage<\/li>\n\n\n\n<li>Planifier les processus de travail et g\u00e9rer le d\u00e9p\u00f4t de mat\u00e9riel<\/li>\n\n\n\n<li>Utiliser, nettoyer et entretenir de petits v\u00e9hicules, des outils et des appareils<\/li>\n<\/ul>\n\n\n\n<h2 class=\"wp-block-heading\">Dur\u00e9e de l&rsquo;apprentissage<\/h2>\n\n\n\n<p>L&rsquo;apprentissage comme agent(e) d&rsquo;exploitation CFC (orientation conciergerie) dure 3&nbsp;ans. Les connaissances th\u00e9oriques sont transmises 1 ou 2&nbsp;jours par semaine \u00e0 l&rsquo;\u00e9cole professionnelle et dans le cadre de cours inter-entreprises.<\/p>\n\n\n\n<h2 class=\"wp-block-heading\">Pr\u00e9requis<\/h2>\n\n\n\n<ul class=\"wp-block-list\">\n<li>Aptitudes manuelles<\/li>\n\n\n\n<li>Compr\u00e9hension pratique et technique<\/li>\n\n\n\n<li>Facult\u00e9 de repr\u00e9sentation spatiale<\/li>\n\n\n\n<li>Endurance physique<\/li>\n\n\n\n<li>Bonne sant\u00e9<\/li>\n\n\n\n<li>Capacit\u00e9 d&rsquo;organisation<\/li>\n\n\n\n<li>Esprit d&rsquo;\u00e9quipe<\/li>\n<\/ul>\n\n\n\n<h2 class=\"wp-block-heading\">Opportunit\u00e9s de carri\u00e8re<\/h2>\n\n\n\n<p>Un apprentissage boucl\u00e9 comme agent(e) d&rsquo;exploitation CFC (orientation conciergerie) est une solide formation de base qui t&rsquo;offre de nombreuses possibilit\u00e9s de d\u00e9veloppement:<\/p>\n\n\n\n<ul class=\"wp-block-list\">\n<li>Continuer \u00e0 travailler dans ce domaine et devenir un(e) sp\u00e9cialiste sollicit\u00e9(e).<\/li>\n\n\n\n<li>Tu peux suivre des formations continues sous forme d&rsquo;examens professionnels, d&rsquo;examens professionnels sup\u00e9rieurs, dans des \u00e9coles sup\u00e9rieures sp\u00e9cialis\u00e9es et de hautes \u00e9coles sp\u00e9cialis\u00e9es.<\/li>\n<\/ul>\n\n\n\n<p>Nous te soutenons dans ton d\u00e9veloppement et t&rsquo;offrons, si possible, au terme de ton apprentissage des perspectives d&#8217;emploi durables chez H\u00e4lg&nbsp;Group.<\/p>\n<\/div>\n\n\n\n<div class=\"wp-block-media-text has-media-on-the-right is-stacked-on-mobile has-background-color has-secondary-background-color has-text-color has-background has-link-color wp-elements-0efca14be94f662b6bad9feac16018d8\"><div class=\"wp-block-media-text__content\">\n<h2 class=\"wp-block-heading\">Cela pourrait aussi t&rsquo;int\u00e9resser<\/h2>\n\n\n\n<div class=\"wp-block-buttons is-style-list is-layout-flex wp-block-buttons-is-layout-flex\">\n<div class=\"wp-block-button is-style-outline is-style-outline--3\"><a class=\"wp-block-button__link wp-element-button\" href=\"https:\/\/haelg.ch\/fr\/travailler-chez-nous\/apprentissage-chez-nous\/places-d-apprentissage-libres\/\">Places d&rsquo;apprentissage libres<\/a><\/div>\n\n\n\n<div class=\"wp-block-button is-style-outline is-style-outline--4\"><a class=\"wp-block-button__link wp-element-button\" href=\"https:\/\/haelg.ch\/fr\/travailler-chez-nous\/haelg-group-comme-employeur\/\">H\u00e4lg&nbsp;Group comme employeur<\/a><\/div>\n\n\n\n<div class=\"wp-block-button\"><a class=\"wp-block-button__link wp-element-button\" href=\"https:\/\/haelg.ch\/fr\/travailler-chez-nous\/apprentissage-chez-nous\/formations-professionelles\/\">Formations professionnelles<\/a><\/div>\n\n\n\n<div class=\"wp-block-button\"><a class=\"wp-block-button__link wp-element-button\" href=\"https:\/\/haelg.ch\/fr\/travailler-chez-nous\/haelg-group-comme-employeur\/avantages\/\">Avantages<\/a><\/div>\n<\/div>\n<\/div><figure class=\"wp-block-media-text__media\"><img decoding=\"async\" width=\"1024\" height=\"768\" loading=\"lazy\" src=\"https:\/\/haelg.ch\/app\/uploads\/2024\/11\/lehrberufe-lehre-ausbildung-lernende-haelg-group_1600x1200-1024x768.jpg\" alt=\"Drei Lernende der H\u00e4lg Group blicken auf einen Plan.\" class=\"wp-image-47873 size-full\" srcset=\"https:\/\/haelg.ch\/app\/uploads\/2024\/11\/lehrberufe-lehre-ausbildung-lernende-haelg-group_1600x1200-1024x768.jpg 1024w, https:\/\/haelg.ch\/app\/uploads\/2024\/11\/lehrberufe-lehre-ausbildung-lernende-haelg-group_1600x1200-300x225.jpg 300w, https:\/\/haelg.ch\/app\/uploads\/2024\/11\/lehrberufe-lehre-ausbildung-lernende-haelg-group_1600x1200-768x576.jpg 768w, https:\/\/haelg.ch\/app\/uploads\/2024\/11\/lehrberufe-lehre-ausbildung-lernende-haelg-group_1600x1200-1536x1152.jpg 1536w, https:\/\/haelg.ch\/app\/uploads\/2024\/11\/lehrberufe-lehre-ausbildung-lernende-haelg-group_1600x1200.jpg 1600w\" sizes=\"auto, (max-width: 1024px) 100vw, 1024px\" \/><\/figure><\/div>\n\n\n\n<p><\/p>\n","protected":false},"excerpt":{"rendered":"<p>Fonctions \/ T\u00e2ches Dur\u00e9e de l&rsquo;apprentissage L&rsquo;apprentissage comme agent(e) d&rsquo;exploitation CFC (orientation conciergerie) dure 3&nbsp;ans. Les connaissances th\u00e9oriques sont transmises 1 ou 2&nbsp;jours par semaine \u00e0 l&rsquo;\u00e9cole professionnelle et dans le cadre de cours inter-entreprises. Pr\u00e9requis Opportunit\u00e9s de carri\u00e8re Un apprentissage boucl\u00e9 comme agent(e) d&rsquo;exploitation CFC (orientation conciergerie) est une solide formation de base qui [&hellip;]<\/p>\n","protected":false},"author":1,"featured_media":0,"parent":52735,"menu_order":285,"comment_status":"closed","ping_status":"closed","template":"","meta":{"_acf_changed":false,"inline_featured_image":false,"footnotes":""},"kategorie":[],"angebot":[],"class_list":["post-52736","page","type-page","status-publish","hentry"],"acf":[],"yoast_head":"<!-- This site is optimized with the Yoast SEO plugin v27.3 - https:\/\/yoast.com\/product\/yoast-seo-wordpress\/ -->\n<title>Apprentissage comme agent(e) d\u2019exploitation CFC | H\u00e4lg\u00a0Group<\/title>\n<meta name=\"description\" content=\"Comment se pr\u00e9sente un apprentissage comme agent(e) d&#039;exploitation CFC\u00a0? D\u00e9couvre le d\u00e9roulement de l&#039;apprentissage et de la formation.\" \/>\n<meta name=\"robots\" content=\"index, follow, max-snippet:-1, max-image-preview:large, max-video-preview:-1\" \/>\n<link rel=\"canonical\" href=\"https:\/\/haelg.ch\/fr\/travailler-chez-nous\/apprentissage-chez-nous\/formations-professionelles\/agent-d-exploitation-cfc\/\" \/>\n<meta property=\"og:locale\" content=\"fr_FR\" \/>\n<meta property=\"og:type\" content=\"article\" \/>\n<meta property=\"og:title\" content=\"Apprentissage comme agent(e) d\u2019exploitation CFC | H\u00e4lg\u00a0Group\" \/>\n<meta property=\"og:description\" content=\"Comment se pr\u00e9sente un apprentissage comme agent(e) d&#039;exploitation CFC\u00a0? D\u00e9couvre le d\u00e9roulement de l&#039;apprentissage et de la formation.\" \/>\n<meta property=\"og:url\" content=\"https:\/\/haelg.ch\/fr\/travailler-chez-nous\/apprentissage-chez-nous\/formations-professionelles\/agent-d-exploitation-cfc\/\" \/>\n<meta property=\"og:site_name\" content=\"H\u00e4lg Group\" \/>\n<meta property=\"article:publisher\" content=\"https:\/\/www.facebook.com\/haelg.ch\" \/>\n<meta property=\"article:modified_time\" content=\"2025-01-27T16:30:24+00:00\" \/>\n<meta property=\"og:image\" content=\"https:\/\/haelg.ch\/app\/uploads\/2024\/11\/suurstoffi-haelg-facility-management-haelg-group_2400x2400-1024x1024.jpg\" \/>\n<meta name=\"twitter:card\" content=\"summary_large_image\" \/>\n<meta name=\"twitter:label1\" content=\"Dur\u00e9e de lecture estim\u00e9e\" \/>\n\t<meta name=\"twitter:data1\" content=\"2 minutes\" \/>\n<script type=\"application\/ld+json\" class=\"yoast-schema-graph\">{\"@context\":\"https:\\\/\\\/schema.org\",\"@graph\":[{\"@type\":\"WebPage\",\"@id\":\"https:\\\/\\\/haelg.ch\\\/fr\\\/travailler-chez-nous\\\/apprentissage-chez-nous\\\/formations-professionelles\\\/agent-d-exploitation-cfc\\\/\",\"url\":\"https:\\\/\\\/haelg.ch\\\/fr\\\/travailler-chez-nous\\\/apprentissage-chez-nous\\\/formations-professionelles\\\/agent-d-exploitation-cfc\\\/\",\"name\":\"Apprentissage comme agent(e) d\u2019exploitation CFC | H\u00e4lg\u00a0Group\",\"isPartOf\":{\"@id\":\"https:\\\/\\\/haelg.ch\\\/fr\\\/#website\"},\"primaryImageOfPage\":{\"@id\":\"https:\\\/\\\/haelg.ch\\\/fr\\\/travailler-chez-nous\\\/apprentissage-chez-nous\\\/formations-professionelles\\\/agent-d-exploitation-cfc\\\/#primaryimage\"},\"image\":{\"@id\":\"https:\\\/\\\/haelg.ch\\\/fr\\\/travailler-chez-nous\\\/apprentissage-chez-nous\\\/formations-professionelles\\\/agent-d-exploitation-cfc\\\/#primaryimage\"},\"thumbnailUrl\":\"https:\\\/\\\/haelg.ch\\\/app\\\/uploads\\\/2024\\\/11\\\/suurstoffi-haelg-facility-management-haelg-group_2400x2400-1024x1024.jpg\",\"datePublished\":\"2024-09-24T09:57:09+00:00\",\"dateModified\":\"2025-01-27T16:30:24+00:00\",\"description\":\"Comment se pr\u00e9sente un apprentissage comme agent(e) d'exploitation CFC\u00a0? D\u00e9couvre le d\u00e9roulement de l'apprentissage et de la formation.\",\"breadcrumb\":{\"@id\":\"https:\\\/\\\/haelg.ch\\\/fr\\\/travailler-chez-nous\\\/apprentissage-chez-nous\\\/formations-professionelles\\\/agent-d-exploitation-cfc\\\/#breadcrumb\"},\"inLanguage\":\"fr-FR\",\"potentialAction\":[{\"@type\":\"ReadAction\",\"target\":[\"https:\\\/\\\/haelg.ch\\\/fr\\\/travailler-chez-nous\\\/apprentissage-chez-nous\\\/formations-professionelles\\\/agent-d-exploitation-cfc\\\/\"]}]},{\"@type\":\"ImageObject\",\"inLanguage\":\"fr-FR\",\"@id\":\"https:\\\/\\\/haelg.ch\\\/fr\\\/travailler-chez-nous\\\/apprentissage-chez-nous\\\/formations-professionelles\\\/agent-d-exploitation-cfc\\\/#primaryimage\",\"url\":\"https:\\\/\\\/haelg.ch\\\/app\\\/uploads\\\/2024\\\/11\\\/suurstoffi-haelg-facility-management-haelg-group_2400x2400-1024x1024.jpg\",\"contentUrl\":\"https:\\\/\\\/haelg.ch\\\/app\\\/uploads\\\/2024\\\/11\\\/suurstoffi-haelg-facility-management-haelg-group_2400x2400-1024x1024.jpg\"},{\"@type\":\"BreadcrumbList\",\"@id\":\"https:\\\/\\\/haelg.ch\\\/fr\\\/travailler-chez-nous\\\/apprentissage-chez-nous\\\/formations-professionelles\\\/agent-d-exploitation-cfc\\\/#breadcrumb\",\"itemListElement\":[{\"@type\":\"ListItem\",\"position\":1,\"name\":\"Accueil\",\"item\":\"https:\\\/\\\/haelg.ch\\\/fr\\\/\"},{\"@type\":\"ListItem\",\"position\":2,\"name\":\"Travailler chez nous\",\"item\":\"https:\\\/\\\/haelg.ch\\\/fr\\\/travailler-chez-nous\\\/\"},{\"@type\":\"ListItem\",\"position\":3,\"name\":\"Apprentissage chez H\u00e4lg Group\",\"item\":\"https:\\\/\\\/haelg.ch\\\/fr\\\/travailler-chez-nous\\\/apprentissage-chez-nous\\\/\"},{\"@type\":\"ListItem\",\"position\":4,\"name\":\"Formations professionnelles\",\"item\":\"https:\\\/\\\/haelg.ch\\\/fr\\\/travailler-chez-nous\\\/apprentissage-chez-nous\\\/formations-professionelles\\\/\"},{\"@type\":\"ListItem\",\"position\":5,\"name\":\"Agent(e) d&#8217;exploitation CFC\"}]},{\"@type\":\"WebSite\",\"@id\":\"https:\\\/\\\/haelg.ch\\\/fr\\\/#website\",\"url\":\"https:\\\/\\\/haelg.ch\\\/fr\\\/\",\"name\":\"H\u00e4lg Group\",\"description\":\"\",\"publisher\":{\"@id\":\"https:\\\/\\\/haelg.ch\\\/fr\\\/#organization\"},\"potentialAction\":[{\"@type\":\"SearchAction\",\"target\":{\"@type\":\"EntryPoint\",\"urlTemplate\":\"https:\\\/\\\/haelg.ch\\\/fr\\\/?s={search_term_string}\"},\"query-input\":{\"@type\":\"PropertyValueSpecification\",\"valueRequired\":true,\"valueName\":\"search_term_string\"}}],\"inLanguage\":\"fr-FR\"},{\"@type\":\"Organization\",\"@id\":\"https:\\\/\\\/haelg.ch\\\/fr\\\/#organization\",\"name\":\"H\u00e4lg Group\",\"url\":\"https:\\\/\\\/haelg.ch\\\/fr\\\/\",\"logo\":{\"@type\":\"ImageObject\",\"inLanguage\":\"fr-FR\",\"@id\":\"https:\\\/\\\/haelg.ch\\\/fr\\\/#\\\/schema\\\/logo\\\/image\\\/\",\"url\":\"https:\\\/\\\/haelg.ch\\\/app\\\/uploads\\\/2025\\\/01\\\/haelg-group-logo_1800x1200.jpg\",\"contentUrl\":\"https:\\\/\\\/haelg.ch\\\/app\\\/uploads\\\/2025\\\/01\\\/haelg-group-logo_1800x1200.jpg\",\"width\":1620,\"height\":1080,\"caption\":\"H\u00e4lg Group\"},\"image\":{\"@id\":\"https:\\\/\\\/haelg.ch\\\/fr\\\/#\\\/schema\\\/logo\\\/image\\\/\"},\"sameAs\":[\"https:\\\/\\\/www.facebook.com\\\/haelg.ch\",\"https:\\\/\\\/www.linkedin.com\\\/company\\\/haelggroup\\\/\",\"https:\\\/\\\/www.instagram.com\\\/haelg.group\\\/\",\"https:\\\/\\\/www.youtube.com\\\/channel\\\/UCCP6yzfvj3o6gA9J5L0QJCg\\\/videos\",\"https:\\\/\\\/www.kununu.com\\\/ch\\\/haelg-group\"]}]}<\/script>\n<!-- \/ Yoast SEO plugin. -->","yoast_head_json":{"title":"Apprentissage comme agent(e) d\u2019exploitation CFC | H\u00e4lg\u00a0Group","description":"Comment se pr\u00e9sente un apprentissage comme agent(e) d'exploitation CFC\u00a0? D\u00e9couvre le d\u00e9roulement de l'apprentissage et de la formation.","robots":{"index":"index","follow":"follow","max-snippet":"max-snippet:-1","max-image-preview":"max-image-preview:large","max-video-preview":"max-video-preview:-1"},"canonical":"https:\/\/haelg.ch\/fr\/travailler-chez-nous\/apprentissage-chez-nous\/formations-professionelles\/agent-d-exploitation-cfc\/","og_locale":"fr_FR","og_type":"article","og_title":"Apprentissage comme agent(e) d\u2019exploitation CFC | H\u00e4lg\u00a0Group","og_description":"Comment se pr\u00e9sente un apprentissage comme agent(e) d'exploitation CFC\u00a0? D\u00e9couvre le d\u00e9roulement de l'apprentissage et de la formation.","og_url":"https:\/\/haelg.ch\/fr\/travailler-chez-nous\/apprentissage-chez-nous\/formations-professionelles\/agent-d-exploitation-cfc\/","og_site_name":"H\u00e4lg Group","article_publisher":"https:\/\/www.facebook.com\/haelg.ch","article_modified_time":"2025-01-27T16:30:24+00:00","og_image":[{"url":"https:\/\/haelg.ch\/app\/uploads\/2024\/11\/suurstoffi-haelg-facility-management-haelg-group_2400x2400-1024x1024.jpg","type":"","width":"","height":""}],"twitter_card":"summary_large_image","twitter_misc":{"Dur\u00e9e de lecture estim\u00e9e":"2 minutes"},"schema":{"@context":"https:\/\/schema.org","@graph":[{"@type":"WebPage","@id":"https:\/\/haelg.ch\/fr\/travailler-chez-nous\/apprentissage-chez-nous\/formations-professionelles\/agent-d-exploitation-cfc\/","url":"https:\/\/haelg.ch\/fr\/travailler-chez-nous\/apprentissage-chez-nous\/formations-professionelles\/agent-d-exploitation-cfc\/","name":"Apprentissage comme agent(e) d\u2019exploitation CFC | H\u00e4lg\u00a0Group","isPartOf":{"@id":"https:\/\/haelg.ch\/fr\/#website"},"primaryImageOfPage":{"@id":"https:\/\/haelg.ch\/fr\/travailler-chez-nous\/apprentissage-chez-nous\/formations-professionelles\/agent-d-exploitation-cfc\/#primaryimage"},"image":{"@id":"https:\/\/haelg.ch\/fr\/travailler-chez-nous\/apprentissage-chez-nous\/formations-professionelles\/agent-d-exploitation-cfc\/#primaryimage"},"thumbnailUrl":"https:\/\/haelg.ch\/app\/uploads\/2024\/11\/suurstoffi-haelg-facility-management-haelg-group_2400x2400-1024x1024.jpg","datePublished":"2024-09-24T09:57:09+00:00","dateModified":"2025-01-27T16:30:24+00:00","description":"Comment se pr\u00e9sente un apprentissage comme agent(e) d'exploitation CFC\u00a0? D\u00e9couvre le d\u00e9roulement de l'apprentissage et de la formation.","breadcrumb":{"@id":"https:\/\/haelg.ch\/fr\/travailler-chez-nous\/apprentissage-chez-nous\/formations-professionelles\/agent-d-exploitation-cfc\/#breadcrumb"},"inLanguage":"fr-FR","potentialAction":[{"@type":"ReadAction","target":["https:\/\/haelg.ch\/fr\/travailler-chez-nous\/apprentissage-chez-nous\/formations-professionelles\/agent-d-exploitation-cfc\/"]}]},{"@type":"ImageObject","inLanguage":"fr-FR","@id":"https:\/\/haelg.ch\/fr\/travailler-chez-nous\/apprentissage-chez-nous\/formations-professionelles\/agent-d-exploitation-cfc\/#primaryimage","url":"https:\/\/haelg.ch\/app\/uploads\/2024\/11\/suurstoffi-haelg-facility-management-haelg-group_2400x2400-1024x1024.jpg","contentUrl":"https:\/\/haelg.ch\/app\/uploads\/2024\/11\/suurstoffi-haelg-facility-management-haelg-group_2400x2400-1024x1024.jpg"},{"@type":"BreadcrumbList","@id":"https:\/\/haelg.ch\/fr\/travailler-chez-nous\/apprentissage-chez-nous\/formations-professionelles\/agent-d-exploitation-cfc\/#breadcrumb","itemListElement":[{"@type":"ListItem","position":1,"name":"Accueil","item":"https:\/\/haelg.ch\/fr\/"},{"@type":"ListItem","position":2,"name":"Travailler chez nous","item":"https:\/\/haelg.ch\/fr\/travailler-chez-nous\/"},{"@type":"ListItem","position":3,"name":"Apprentissage chez H\u00e4lg Group","item":"https:\/\/haelg.ch\/fr\/travailler-chez-nous\/apprentissage-chez-nous\/"},{"@type":"ListItem","position":4,"name":"Formations professionnelles","item":"https:\/\/haelg.ch\/fr\/travailler-chez-nous\/apprentissage-chez-nous\/formations-professionelles\/"},{"@type":"ListItem","position":5,"name":"Agent(e) d&#8217;exploitation CFC"}]},{"@type":"WebSite","@id":"https:\/\/haelg.ch\/fr\/#website","url":"https:\/\/haelg.ch\/fr\/","name":"H\u00e4lg Group","description":"","publisher":{"@id":"https:\/\/haelg.ch\/fr\/#organization"},"potentialAction":[{"@type":"SearchAction","target":{"@type":"EntryPoint","urlTemplate":"https:\/\/haelg.ch\/fr\/?s={search_term_string}"},"query-input":{"@type":"PropertyValueSpecification","valueRequired":true,"valueName":"search_term_string"}}],"inLanguage":"fr-FR"},{"@type":"Organization","@id":"https:\/\/haelg.ch\/fr\/#organization","name":"H\u00e4lg Group","url":"https:\/\/haelg.ch\/fr\/","logo":{"@type":"ImageObject","inLanguage":"fr-FR","@id":"https:\/\/haelg.ch\/fr\/#\/schema\/logo\/image\/","url":"https:\/\/haelg.ch\/app\/uploads\/2025\/01\/haelg-group-logo_1800x1200.jpg","contentUrl":"https:\/\/haelg.ch\/app\/uploads\/2025\/01\/haelg-group-logo_1800x1200.jpg","width":1620,"height":1080,"caption":"H\u00e4lg Group"},"image":{"@id":"https:\/\/haelg.ch\/fr\/#\/schema\/logo\/image\/"},"sameAs":["https:\/\/www.facebook.com\/haelg.ch","https:\/\/www.linkedin.com\/company\/haelggroup\/","https:\/\/www.instagram.com\/haelg.group\/","https:\/\/www.youtube.com\/channel\/UCCP6yzfvj3o6gA9J5L0QJCg\/videos","https:\/\/www.kununu.com\/ch\/haelg-group"]}]}},"_links":{"self":[{"href":"https:\/\/haelg.ch\/fr\/wp-json\/wp\/v2\/pages\/52736","targetHints":{"allow":["GET"]}}],"collection":[{"href":"https:\/\/haelg.ch\/fr\/wp-json\/wp\/v2\/pages"}],"about":[{"href":"https:\/\/haelg.ch\/fr\/wp-json\/wp\/v2\/types\/page"}],"author":[{"embeddable":true,"href":"https:\/\/haelg.ch\/fr\/wp-json\/wp\/v2\/users\/1"}],"replies":[{"embeddable":true,"href":"https:\/\/haelg.ch\/fr\/wp-json\/wp\/v2\/comments?post=52736"}],"version-history":[{"count":4,"href":"https:\/\/haelg.ch\/fr\/wp-json\/wp\/v2\/pages\/52736\/revisions"}],"predecessor-version":[{"id":59875,"href":"https:\/\/haelg.ch\/fr\/wp-json\/wp\/v2\/pages\/52736\/revisions\/59875"}],"up":[{"embeddable":true,"href":"https:\/\/haelg.ch\/fr\/wp-json\/wp\/v2\/pages\/52735"}],"wp:attachment":[{"href":"https:\/\/haelg.ch\/fr\/wp-json\/wp\/v2\/media?parent=52736"}],"wp:term":[{"taxonomy":"kategorie","embeddable":true,"href":"https:\/\/haelg.ch\/fr\/wp-json\/wp\/v2\/kategorie?post=52736"},{"taxonomy":"angebot","embeddable":true,"href":"https:\/\/haelg.ch\/fr\/wp-json\/wp\/v2\/angebot?post=52736"}],"curies":[{"name":"wp","href":"https:\/\/api.w.org\/{rel}","templated":true}]}}