{"id":52737,"date":"2024-09-24T11:58:10","date_gmt":"2024-09-24T09:58:10","guid":{"rendered":"https:\/\/dev-relaunch.haelg.ch\/?page_id=52737"},"modified":"2025-08-22T12:57:20","modified_gmt":"2025-08-22T10:57:20","slug":"informaticien-du-batiment-cfc","status":"publish","type":"page","link":"https:\/\/haelg.ch\/fr\/travailler-chez-nous\/apprentissage-chez-nous\/formations-professionelles\/informaticien-du-batiment-cfc\/","title":{"rendered":"Informaticien(ne) du b\u00e2timent CFC"},"content":{"rendered":"\n<div class=\"wp-block-media-text alignwide is-stacked-on-mobile has-background-color has-secondary-background-color has-text-color has-background has-link-color wp-elements-b3aa55eda3819aeb472d4990c1df3264\" style=\"grid-template-columns:60% auto\"><figure class=\"wp-block-media-text__media\"><img decoding=\"async\" width=\"1024\" height=\"1024\" loading=\"lazy\" src=\"https:\/\/haelg.ch\/app\/uploads\/2024\/11\/olma-sgkb-halle-gebaeudeautomation-durch-haelg-group_2400x2400-1024x1024.jpg\" alt=\"Ausbildung als Geb\u00e4udeinformatiker\/in EFZ\" class=\"wp-image-48440 size-full\" srcset=\"https:\/\/haelg.ch\/app\/uploads\/2024\/11\/olma-sgkb-halle-gebaeudeautomation-durch-haelg-group_2400x2400-1024x1024.jpg 1024w, https:\/\/haelg.ch\/app\/uploads\/2024\/11\/olma-sgkb-halle-gebaeudeautomation-durch-haelg-group_2400x2400-300x300.jpg 300w, https:\/\/haelg.ch\/app\/uploads\/2024\/11\/olma-sgkb-halle-gebaeudeautomation-durch-haelg-group_2400x2400-150x150.jpg 150w, https:\/\/haelg.ch\/app\/uploads\/2024\/11\/olma-sgkb-halle-gebaeudeautomation-durch-haelg-group_2400x2400-768x768.jpg 768w, https:\/\/haelg.ch\/app\/uploads\/2024\/11\/olma-sgkb-halle-gebaeudeautomation-durch-haelg-group_2400x2400-1536x1536.jpg 1536w, https:\/\/haelg.ch\/app\/uploads\/2024\/11\/olma-sgkb-halle-gebaeudeautomation-durch-haelg-group_2400x2400-2048x2048.jpg 2048w\" sizes=\"auto, (max-width: 1024px) 100vw, 1024px\" \/><\/figure><div class=\"wp-block-media-text__content\"><div class=\"yoast-breadcrumbs\"><span><span><a href=\"https:\/\/haelg.ch\/fr\/\">Accueil<\/a><\/span> <span class=\"separator\"><\/span> <span><a href=\"https:\/\/haelg.ch\/fr\/travailler-chez-nous\/\">Travailler chez nous<\/a><\/span> <span class=\"separator\"><\/span> <span><a href=\"https:\/\/haelg.ch\/fr\/travailler-chez-nous\/apprentissage-chez-nous\/\">Apprentissage chez H\u00e4lg Group<\/a><\/span> <span class=\"separator\"><\/span> <span><a href=\"https:\/\/haelg.ch\/fr\/travailler-chez-nous\/apprentissage-chez-nous\/formations-professionelles\/\">Formations professionnelles<\/a><\/span> <span class=\"separator\"><\/span> <span class=\"breadcrumb_last\" aria-current=\"page\">Informaticien(ne) du b\u00e2timent CFC<\/span><\/span><\/div>\n\n\n<h1 class=\"wp-block-heading\">Informaticien(ne) du b\u00e2timent CFC<\/h1>\n\n\n\n<h2 class=\"wp-block-heading\">Orientation automatisation de b\u00e2timent<\/h2>\n\n\n\n<p>Deviens un(e) informaticien(ne) du b\u00e2timent CFC et met en r\u00e9seau des b\u00e2timents modernes avec une technique intelligente pour que tout pr\u00e9sente un fonctionnement efficace et impeccable.<\/p>\n\n\n\n<div class=\"wp-block-buttons is-layout-flex wp-block-buttons-is-layout-flex\">\n<div class=\"wp-block-button is-style-outline is-style-outline--1\"><a class=\"wp-block-button__link wp-element-button\" href=\"https:\/\/haelg.ch\/fr\/travailler-chez-nous\/apprentissage-chez-nous\/places-d-apprentissage-libres\/\">Places d&rsquo;apprentissage libres<\/a><\/div>\n\n\n\n<div class=\"wp-block-button is-style-outline is-style-outline--2\"><a class=\"wp-block-button__link wp-element-button\" href=\"https:\/\/haelg.ch\/fr\/travailler-chez-nous\/apprentissage-chez-nous\/preapprentissage\/\">Places de pr\u00e9apprentissage<\/a><\/div>\n<\/div>\n<\/div><\/div>\n\n\n\n<div class=\"wp-block-group is-style-shadow is-layout-constrained wp-block-group-is-layout-constrained\">\n<h2 class=\"wp-block-heading\">Fonctions \/ T\u00e2ches<\/h2>\n\n\n\n<ul class=\"wp-block-list\">\n<li>Planifier et conduire des projets<\/li>\n\n\n\n<li>D\u00e9velopper l&rsquo;automatisation de b\u00e2timent et interconnecter des syst\u00e8mes pour une commande centralis\u00e9e<\/li>\n\n\n\n<li>Mettre des syst\u00e8mes en service, analyser des dysfonctionnements et \u00e9liminer des erreurs<\/li>\n\n\n\n<li>Etablir des documentations techniques et des instructions<\/li>\n\n\n\n<li>Energieeffiziente, sichere und komfortable L\u00f6sungen f\u00fcr Geb\u00e4ude umsetzen<\/li>\n<\/ul>\n\n\n\n<h2 class=\"wp-block-heading\">Dur\u00e9e de l&rsquo;apprentissage<\/h2>\n\n\n\n<p>L&rsquo;apprentissage comme informaticien(ne) du b\u00e2timent CFC (orientation automatisation de b\u00e2timent) dure 4&nbsp;ans. Les connaissances th\u00e9oriques sont transmises 1 ou 2&nbsp;jours par semaine \u00e0 l&rsquo;\u00e9cole professionnelle et dans le cadre de cours inter-entreprises.<\/p>\n\n\n\n<h2 class=\"wp-block-heading\">Pr\u00e9requis<\/h2>\n\n\n\n<ul class=\"wp-block-list\">\n<li>Int\u00e9r\u00eat pour l&rsquo;\u00e9lectronique, la technique et l&rsquo;informatique<\/li>\n\n\n\n<li>Esprit logique abstrait<\/li>\n\n\n\n<li>Compr\u00e9hension technique<\/li>\n\n\n\n<li>Travail minutieux<\/li>\n\n\n\n<li>Mobilit\u00e9 physique<\/li>\n\n\n\n<li>Sociabilit\u00e9<\/li>\n\n\n\n<li>Capacit\u00e9 d&rsquo;organisation<\/li>\n\n\n\n<li>Esprit d&rsquo;\u00e9quipe<\/li>\n<\/ul>\n\n\n\n<h2 class=\"wp-block-heading\">Opportunit\u00e9s de carri\u00e8re<\/h2>\n\n\n\n<p>Un apprentissage boucl\u00e9 comme informaticien(ne) du b\u00e2timent CFC (orientation automatisation de b\u00e2timent) est une solide formation de base qui t&rsquo;offre de nombreuses possibilit\u00e9s de d\u00e9veloppement:<\/p>\n\n\n\n<ul class=\"wp-block-list\">\n<li>Continuer \u00e0 travailler dans ce domaine et devenir un(e) sp\u00e9cialiste sollicit\u00e9(e).<\/li>\n\n\n\n<li>Tu peux suivre des formations continues sous forme d&rsquo;examens professionnels, d&rsquo;examens professionnels sup\u00e9rieurs, dans des \u00e9coles sup\u00e9rieures sp\u00e9cialis\u00e9es et de hautes \u00e9coles sp\u00e9cialis\u00e9es.<\/li>\n<\/ul>\n\n\n\n<p>Nous te soutenons dans ton d\u00e9veloppement et t&rsquo;offrons, si possible, au terme de ton apprentissage des perspectives d&#8217;emploi durables chez H\u00e4lg&nbsp;Group.<\/p>\n<\/div>\n\n\n\n<div class=\"wp-block-group is-style-slider fullsize-slider is-layout-constrained wp-block-group-is-layout-constrained\">\n<div class=\"wp-block-group is-layout-constrained wp-block-group-is-layout-constrained\">\n<div class=\"wp-block-media-text is-stacked-on-mobile is-image-fill-element has-lightgray-background-color has-background\"><figure class=\"wp-block-media-text__media\"><img decoding=\"async\" width=\"1024\" height=\"768\" loading=\"lazy\" loading=\"lazy\" loading=\"lazy\" src=\"https:\/\/haelg.ch\/app\/uploads\/2025\/01\/amber-popara_1600x1200-1024x768.jpg\" alt=\"Amber Popara\" class=\"wp-image-56153 size-full\" style=\"object-position:50% 50%\" srcset=\"https:\/\/haelg.ch\/app\/uploads\/2025\/01\/amber-popara_1600x1200-1024x768.jpg 1024w, https:\/\/haelg.ch\/app\/uploads\/2025\/01\/amber-popara_1600x1200-300x225.jpg 300w, https:\/\/haelg.ch\/app\/uploads\/2025\/01\/amber-popara_1600x1200-768x576.jpg 768w, https:\/\/haelg.ch\/app\/uploads\/2025\/01\/amber-popara_1600x1200-1536x1152.jpg 1536w, https:\/\/haelg.ch\/app\/uploads\/2025\/01\/amber-popara_1600x1200.jpg 1600w\" sizes=\"auto, (max-width: 1024px) 100vw, 1024px\" \/><\/figure><div class=\"wp-block-media-text__content\">\n<p class=\"has-large-font-size\">\u00ab J&rsquo;aime l&rsquo;apprentissage chez H\u00e4lg parce que j&rsquo;ai des t\u00e2ches passionnantes et que j&rsquo;apprends chaque jour quelque chose de nouveau. Ce qui me pla\u00eet particuli\u00e8rement chez H\u00e4lg, c&rsquo;est que je peux prendre des responsabilit\u00e9s, mettre en \u0153uvre des projets passionnants et \u00eatre encourag\u00e9 par une \u00e9quipe solide.&nbsp;\u00bb<\/p>\n\n\n\n<p><strong>Amber Popara<br><\/strong>Dipl\u00f4me d&rsquo;informaticienne en b\u00e2timent CFC en 2025<\/p>\n<\/div><\/div>\n<\/div>\n\n\n\n<div class=\"wp-block-group is-layout-constrained wp-block-group-is-layout-constrained\">\n<div class=\"wp-block-media-text is-stacked-on-mobile is-image-fill-element has-lightgray-background-color has-background\"><figure class=\"wp-block-media-text__media\"><img decoding=\"async\" width=\"1024\" height=\"768\" loading=\"lazy\" loading=\"lazy\" loading=\"lazy\" src=\"https:\/\/haelg.ch\/app\/uploads\/2025\/01\/caputo-gianluca_1600x1200-1024x768.jpg\" alt=\"Gianluca Caputo\" class=\"wp-image-56156 size-full\" style=\"object-position:50% 50%\" srcset=\"https:\/\/haelg.ch\/app\/uploads\/2025\/01\/caputo-gianluca_1600x1200-1024x768.jpg 1024w, https:\/\/haelg.ch\/app\/uploads\/2025\/01\/caputo-gianluca_1600x1200-300x225.jpg 300w, https:\/\/haelg.ch\/app\/uploads\/2025\/01\/caputo-gianluca_1600x1200-768x576.jpg 768w, https:\/\/haelg.ch\/app\/uploads\/2025\/01\/caputo-gianluca_1600x1200-1536x1152.jpg 1536w, https:\/\/haelg.ch\/app\/uploads\/2025\/01\/caputo-gianluca_1600x1200.jpg 1600w\" sizes=\"auto, (max-width: 1024px) 100vw, 1024px\" \/><\/figure><div class=\"wp-block-media-text__content\">\n<p class=\"has-large-font-size\">\u00ab La diversit\u00e9 des t\u00e2ches et la possibilit\u00e9 de travailler aussi bien au bureau que sur une installation sont les raisons pour lesquelles j&rsquo;aime l&rsquo;apprentissage chez H\u00e4lg. On apprend beaucoup et le soutien de l&rsquo;\u00e9quipe en cas de difficult\u00e9s me motive \u00e0 effectuer les t\u00e2ches correctement et \u00e0 m&rsquo;am\u00e9liorer ainsi. \u00bb<\/p>\n\n\n\n<p><strong>Gianluca Caputo<\/strong><br>Informaticien du b\u00e2timent en 4e ann\u00e9e d&rsquo;apprentissage<\/p>\n<\/div><\/div>\n<\/div>\n<\/div>\n\n\n\n<div class=\"wp-block-media-text has-media-on-the-right is-stacked-on-mobile has-background-color has-secondary-background-color has-text-color has-background has-link-color wp-elements-dec76dfaf51ea9294bbd0f201ef1314a\"><div class=\"wp-block-media-text__content\">\n<h2 class=\"wp-block-heading\">Cela pourrait aussi t&rsquo;int\u00e9resser<\/h2>\n\n\n\n<div class=\"wp-block-buttons is-style-list is-layout-flex wp-block-buttons-is-layout-flex\">\n<div class=\"wp-block-button is-style-outline is-style-outline--3\"><a class=\"wp-block-button__link wp-element-button\" href=\"https:\/\/haelg.ch\/fr\/travailler-chez-nous\/apprentissage-chez-nous\/places-d-apprentissage-libres\/\">Places d\u2019apprentissage libres<\/a><\/div>\n\n\n\n<div class=\"wp-block-button is-style-outline is-style-outline--4\"><a class=\"wp-block-button__link wp-element-button\" href=\"https:\/\/haelg.ch\/fr\/travailler-chez-nous\/haelg-group-comme-employeur\/\">H\u00e4lg&nbsp;Group comme employeur<\/a><\/div>\n\n\n\n<div class=\"wp-block-button\"><a class=\"wp-block-button__link wp-element-button\" href=\"https:\/\/haelg.ch\/fr\/travailler-chez-nous\/apprentissage-chez-nous\/formations-professionelles\/\">Formations professionnelles<\/a><\/div>\n\n\n\n<div class=\"wp-block-button\"><a class=\"wp-block-button__link wp-element-button\" href=\"https:\/\/haelg.ch\/fr\/travailler-chez-nous\/haelg-group-comme-employeur\/avantages\/\">Avantages<\/a><\/div>\n<\/div>\n<\/div><figure class=\"wp-block-media-text__media\"><img decoding=\"async\" width=\"1024\" height=\"768\" loading=\"lazy\" src=\"https:\/\/haelg.ch\/app\/uploads\/2024\/11\/lehrberufe-lehre-ausbildung-lernende-haelg-group_1600x1200-1024x768.jpg\" alt=\"Drei Lernende der H\u00e4lg Group blicken auf einen Plan.\" class=\"wp-image-47873 size-full\" srcset=\"https:\/\/haelg.ch\/app\/uploads\/2024\/11\/lehrberufe-lehre-ausbildung-lernende-haelg-group_1600x1200-1024x768.jpg 1024w, https:\/\/haelg.ch\/app\/uploads\/2024\/11\/lehrberufe-lehre-ausbildung-lernende-haelg-group_1600x1200-300x225.jpg 300w, https:\/\/haelg.ch\/app\/uploads\/2024\/11\/lehrberufe-lehre-ausbildung-lernende-haelg-group_1600x1200-768x576.jpg 768w, https:\/\/haelg.ch\/app\/uploads\/2024\/11\/lehrberufe-lehre-ausbildung-lernende-haelg-group_1600x1200-1536x1152.jpg 1536w, https:\/\/haelg.ch\/app\/uploads\/2024\/11\/lehrberufe-lehre-ausbildung-lernende-haelg-group_1600x1200.jpg 1600w\" sizes=\"auto, (max-width: 1024px) 100vw, 1024px\" \/><\/figure><\/div>\n\n\n\n<p><\/p>\n","protected":false},"excerpt":{"rendered":"<p>Fonctions \/ T\u00e2ches Dur\u00e9e de l&rsquo;apprentissage L&rsquo;apprentissage comme informaticien(ne) du b\u00e2timent CFC (orientation automatisation de b\u00e2timent) dure 4&nbsp;ans. Les connaissances th\u00e9oriques sont transmises 1 ou 2&nbsp;jours par semaine \u00e0 l&rsquo;\u00e9cole professionnelle et dans le cadre de cours inter-entreprises. Pr\u00e9requis Opportunit\u00e9s de carri\u00e8re Un apprentissage boucl\u00e9 comme informaticien(ne) du b\u00e2timent CFC (orientation automatisation de b\u00e2timent) est [&hellip;]<\/p>\n","protected":false},"author":1,"featured_media":0,"parent":52735,"menu_order":221,"comment_status":"closed","ping_status":"closed","template":"","meta":{"_acf_changed":false,"inline_featured_image":false,"footnotes":""},"kategorie":[],"angebot":[],"class_list":["post-52737","page","type-page","status-publish","hentry"],"acf":[],"yoast_head":"<!-- This site is optimized with the Yoast SEO plugin v27.3 - https:\/\/yoast.com\/product\/yoast-seo-wordpress\/ -->\n<title>Apprentissage comme informaticien(ne) du b\u00e2timent CFC<\/title>\n<meta name=\"description\" content=\"Comment se pr\u00e9sente un apprentissage comme informaticien(ne) du b\u00e2timent CFC? D\u00e9couvre le d\u00e9roulement de l&#039;apprentissage et de la formation.\" \/>\n<meta name=\"robots\" content=\"index, follow, max-snippet:-1, max-image-preview:large, max-video-preview:-1\" \/>\n<link rel=\"canonical\" href=\"https:\/\/haelg.ch\/fr\/travailler-chez-nous\/apprentissage-chez-nous\/formations-professionelles\/informaticien-du-batiment-cfc\/\" \/>\n<meta property=\"og:locale\" content=\"fr_FR\" \/>\n<meta property=\"og:type\" content=\"article\" \/>\n<meta property=\"og:title\" content=\"Apprentissage comme informaticien(ne) du b\u00e2timent CFC\" \/>\n<meta property=\"og:description\" content=\"Comment se pr\u00e9sente un apprentissage comme informaticien(ne) du b\u00e2timent CFC? D\u00e9couvre le d\u00e9roulement de l&#039;apprentissage et de la formation.\" \/>\n<meta property=\"og:url\" content=\"https:\/\/haelg.ch\/fr\/travailler-chez-nous\/apprentissage-chez-nous\/formations-professionelles\/informaticien-du-batiment-cfc\/\" \/>\n<meta property=\"og:site_name\" content=\"H\u00e4lg Group\" \/>\n<meta property=\"article:publisher\" content=\"https:\/\/www.facebook.com\/haelg.ch\" \/>\n<meta property=\"article:modified_time\" content=\"2025-08-22T10:57:20+00:00\" \/>\n<meta property=\"og:image\" content=\"https:\/\/haelg.ch\/app\/uploads\/2024\/11\/olma-sgkb-halle-gebaeudeautomation-durch-haelg-group_2400x2400.jpg\" \/>\n\t<meta property=\"og:image:width\" content=\"2400\" \/>\n\t<meta property=\"og:image:height\" content=\"2400\" \/>\n\t<meta property=\"og:image:type\" content=\"image\/jpeg\" \/>\n<meta name=\"twitter:card\" content=\"summary_large_image\" \/>\n<meta name=\"twitter:label1\" content=\"Dur\u00e9e de lecture estim\u00e9e\" \/>\n\t<meta name=\"twitter:data1\" content=\"3 minutes\" \/>\n<script type=\"application\/ld+json\" class=\"yoast-schema-graph\">{\"@context\":\"https:\\\/\\\/schema.org\",\"@graph\":[{\"@type\":\"WebPage\",\"@id\":\"https:\\\/\\\/haelg.ch\\\/fr\\\/travailler-chez-nous\\\/apprentissage-chez-nous\\\/formations-professionelles\\\/informaticien-du-batiment-cfc\\\/\",\"url\":\"https:\\\/\\\/haelg.ch\\\/fr\\\/travailler-chez-nous\\\/apprentissage-chez-nous\\\/formations-professionelles\\\/informaticien-du-batiment-cfc\\\/\",\"name\":\"Apprentissage comme informaticien(ne) du b\u00e2timent CFC\",\"isPartOf\":{\"@id\":\"https:\\\/\\\/haelg.ch\\\/fr\\\/#website\"},\"primaryImageOfPage\":{\"@id\":\"https:\\\/\\\/haelg.ch\\\/fr\\\/travailler-chez-nous\\\/apprentissage-chez-nous\\\/formations-professionelles\\\/informaticien-du-batiment-cfc\\\/#primaryimage\"},\"image\":{\"@id\":\"https:\\\/\\\/haelg.ch\\\/fr\\\/travailler-chez-nous\\\/apprentissage-chez-nous\\\/formations-professionelles\\\/informaticien-du-batiment-cfc\\\/#primaryimage\"},\"thumbnailUrl\":\"https:\\\/\\\/haelg.ch\\\/app\\\/uploads\\\/2024\\\/11\\\/olma-sgkb-halle-gebaeudeautomation-durch-haelg-group_2400x2400-1024x1024.jpg\",\"datePublished\":\"2024-09-24T09:58:10+00:00\",\"dateModified\":\"2025-08-22T10:57:20+00:00\",\"description\":\"Comment se pr\u00e9sente un apprentissage comme informaticien(ne) du b\u00e2timent CFC? D\u00e9couvre le d\u00e9roulement de l'apprentissage et de la formation.\",\"breadcrumb\":{\"@id\":\"https:\\\/\\\/haelg.ch\\\/fr\\\/travailler-chez-nous\\\/apprentissage-chez-nous\\\/formations-professionelles\\\/informaticien-du-batiment-cfc\\\/#breadcrumb\"},\"inLanguage\":\"fr-FR\",\"potentialAction\":[{\"@type\":\"ReadAction\",\"target\":[\"https:\\\/\\\/haelg.ch\\\/fr\\\/travailler-chez-nous\\\/apprentissage-chez-nous\\\/formations-professionelles\\\/informaticien-du-batiment-cfc\\\/\"]}]},{\"@type\":\"ImageObject\",\"inLanguage\":\"fr-FR\",\"@id\":\"https:\\\/\\\/haelg.ch\\\/fr\\\/travailler-chez-nous\\\/apprentissage-chez-nous\\\/formations-professionelles\\\/informaticien-du-batiment-cfc\\\/#primaryimage\",\"url\":\"https:\\\/\\\/haelg.ch\\\/app\\\/uploads\\\/2024\\\/11\\\/olma-sgkb-halle-gebaeudeautomation-durch-haelg-group_2400x2400-1024x1024.jpg\",\"contentUrl\":\"https:\\\/\\\/haelg.ch\\\/app\\\/uploads\\\/2024\\\/11\\\/olma-sgkb-halle-gebaeudeautomation-durch-haelg-group_2400x2400-1024x1024.jpg\"},{\"@type\":\"BreadcrumbList\",\"@id\":\"https:\\\/\\\/haelg.ch\\\/fr\\\/travailler-chez-nous\\\/apprentissage-chez-nous\\\/formations-professionelles\\\/informaticien-du-batiment-cfc\\\/#breadcrumb\",\"itemListElement\":[{\"@type\":\"ListItem\",\"position\":1,\"name\":\"Accueil\",\"item\":\"https:\\\/\\\/haelg.ch\\\/fr\\\/\"},{\"@type\":\"ListItem\",\"position\":2,\"name\":\"Travailler chez nous\",\"item\":\"https:\\\/\\\/haelg.ch\\\/fr\\\/travailler-chez-nous\\\/\"},{\"@type\":\"ListItem\",\"position\":3,\"name\":\"Apprentissage chez H\u00e4lg Group\",\"item\":\"https:\\\/\\\/haelg.ch\\\/fr\\\/travailler-chez-nous\\\/apprentissage-chez-nous\\\/\"},{\"@type\":\"ListItem\",\"position\":4,\"name\":\"Formations professionnelles\",\"item\":\"https:\\\/\\\/haelg.ch\\\/fr\\\/travailler-chez-nous\\\/apprentissage-chez-nous\\\/formations-professionelles\\\/\"},{\"@type\":\"ListItem\",\"position\":5,\"name\":\"Informaticien(ne) du b\u00e2timent CFC\"}]},{\"@type\":\"WebSite\",\"@id\":\"https:\\\/\\\/haelg.ch\\\/fr\\\/#website\",\"url\":\"https:\\\/\\\/haelg.ch\\\/fr\\\/\",\"name\":\"H\u00e4lg Group\",\"description\":\"\",\"publisher\":{\"@id\":\"https:\\\/\\\/haelg.ch\\\/fr\\\/#organization\"},\"potentialAction\":[{\"@type\":\"SearchAction\",\"target\":{\"@type\":\"EntryPoint\",\"urlTemplate\":\"https:\\\/\\\/haelg.ch\\\/fr\\\/?s={search_term_string}\"},\"query-input\":{\"@type\":\"PropertyValueSpecification\",\"valueRequired\":true,\"valueName\":\"search_term_string\"}}],\"inLanguage\":\"fr-FR\"},{\"@type\":\"Organization\",\"@id\":\"https:\\\/\\\/haelg.ch\\\/fr\\\/#organization\",\"name\":\"H\u00e4lg Group\",\"url\":\"https:\\\/\\\/haelg.ch\\\/fr\\\/\",\"logo\":{\"@type\":\"ImageObject\",\"inLanguage\":\"fr-FR\",\"@id\":\"https:\\\/\\\/haelg.ch\\\/fr\\\/#\\\/schema\\\/logo\\\/image\\\/\",\"url\":\"https:\\\/\\\/haelg.ch\\\/app\\\/uploads\\\/2025\\\/01\\\/haelg-group-logo_1800x1200.jpg\",\"contentUrl\":\"https:\\\/\\\/haelg.ch\\\/app\\\/uploads\\\/2025\\\/01\\\/haelg-group-logo_1800x1200.jpg\",\"width\":1620,\"height\":1080,\"caption\":\"H\u00e4lg Group\"},\"image\":{\"@id\":\"https:\\\/\\\/haelg.ch\\\/fr\\\/#\\\/schema\\\/logo\\\/image\\\/\"},\"sameAs\":[\"https:\\\/\\\/www.facebook.com\\\/haelg.ch\",\"https:\\\/\\\/www.linkedin.com\\\/company\\\/haelggroup\\\/\",\"https:\\\/\\\/www.instagram.com\\\/haelg.group\\\/\",\"https:\\\/\\\/www.youtube.com\\\/channel\\\/UCCP6yzfvj3o6gA9J5L0QJCg\\\/videos\",\"https:\\\/\\\/www.kununu.com\\\/ch\\\/haelg-group\"]}]}<\/script>\n<!-- \/ Yoast SEO plugin. -->","yoast_head_json":{"title":"Apprentissage comme informaticien(ne) du b\u00e2timent CFC","description":"Comment se pr\u00e9sente un apprentissage comme informaticien(ne) du b\u00e2timent CFC? D\u00e9couvre le d\u00e9roulement de l'apprentissage et de la formation.","robots":{"index":"index","follow":"follow","max-snippet":"max-snippet:-1","max-image-preview":"max-image-preview:large","max-video-preview":"max-video-preview:-1"},"canonical":"https:\/\/haelg.ch\/fr\/travailler-chez-nous\/apprentissage-chez-nous\/formations-professionelles\/informaticien-du-batiment-cfc\/","og_locale":"fr_FR","og_type":"article","og_title":"Apprentissage comme informaticien(ne) du b\u00e2timent CFC","og_description":"Comment se pr\u00e9sente un apprentissage comme informaticien(ne) du b\u00e2timent CFC? D\u00e9couvre le d\u00e9roulement de l'apprentissage et de la formation.","og_url":"https:\/\/haelg.ch\/fr\/travailler-chez-nous\/apprentissage-chez-nous\/formations-professionelles\/informaticien-du-batiment-cfc\/","og_site_name":"H\u00e4lg Group","article_publisher":"https:\/\/www.facebook.com\/haelg.ch","article_modified_time":"2025-08-22T10:57:20+00:00","og_image":[{"width":2400,"height":2400,"url":"https:\/\/haelg.ch\/app\/uploads\/2024\/11\/olma-sgkb-halle-gebaeudeautomation-durch-haelg-group_2400x2400.jpg","type":"image\/jpeg"}],"twitter_card":"summary_large_image","twitter_misc":{"Dur\u00e9e de lecture estim\u00e9e":"3 minutes"},"schema":{"@context":"https:\/\/schema.org","@graph":[{"@type":"WebPage","@id":"https:\/\/haelg.ch\/fr\/travailler-chez-nous\/apprentissage-chez-nous\/formations-professionelles\/informaticien-du-batiment-cfc\/","url":"https:\/\/haelg.ch\/fr\/travailler-chez-nous\/apprentissage-chez-nous\/formations-professionelles\/informaticien-du-batiment-cfc\/","name":"Apprentissage comme informaticien(ne) du b\u00e2timent CFC","isPartOf":{"@id":"https:\/\/haelg.ch\/fr\/#website"},"primaryImageOfPage":{"@id":"https:\/\/haelg.ch\/fr\/travailler-chez-nous\/apprentissage-chez-nous\/formations-professionelles\/informaticien-du-batiment-cfc\/#primaryimage"},"image":{"@id":"https:\/\/haelg.ch\/fr\/travailler-chez-nous\/apprentissage-chez-nous\/formations-professionelles\/informaticien-du-batiment-cfc\/#primaryimage"},"thumbnailUrl":"https:\/\/haelg.ch\/app\/uploads\/2024\/11\/olma-sgkb-halle-gebaeudeautomation-durch-haelg-group_2400x2400-1024x1024.jpg","datePublished":"2024-09-24T09:58:10+00:00","dateModified":"2025-08-22T10:57:20+00:00","description":"Comment se pr\u00e9sente un apprentissage comme informaticien(ne) du b\u00e2timent CFC? D\u00e9couvre le d\u00e9roulement de l'apprentissage et de la formation.","breadcrumb":{"@id":"https:\/\/haelg.ch\/fr\/travailler-chez-nous\/apprentissage-chez-nous\/formations-professionelles\/informaticien-du-batiment-cfc\/#breadcrumb"},"inLanguage":"fr-FR","potentialAction":[{"@type":"ReadAction","target":["https:\/\/haelg.ch\/fr\/travailler-chez-nous\/apprentissage-chez-nous\/formations-professionelles\/informaticien-du-batiment-cfc\/"]}]},{"@type":"ImageObject","inLanguage":"fr-FR","@id":"https:\/\/haelg.ch\/fr\/travailler-chez-nous\/apprentissage-chez-nous\/formations-professionelles\/informaticien-du-batiment-cfc\/#primaryimage","url":"https:\/\/haelg.ch\/app\/uploads\/2024\/11\/olma-sgkb-halle-gebaeudeautomation-durch-haelg-group_2400x2400-1024x1024.jpg","contentUrl":"https:\/\/haelg.ch\/app\/uploads\/2024\/11\/olma-sgkb-halle-gebaeudeautomation-durch-haelg-group_2400x2400-1024x1024.jpg"},{"@type":"BreadcrumbList","@id":"https:\/\/haelg.ch\/fr\/travailler-chez-nous\/apprentissage-chez-nous\/formations-professionelles\/informaticien-du-batiment-cfc\/#breadcrumb","itemListElement":[{"@type":"ListItem","position":1,"name":"Accueil","item":"https:\/\/haelg.ch\/fr\/"},{"@type":"ListItem","position":2,"name":"Travailler chez nous","item":"https:\/\/haelg.ch\/fr\/travailler-chez-nous\/"},{"@type":"ListItem","position":3,"name":"Apprentissage chez H\u00e4lg Group","item":"https:\/\/haelg.ch\/fr\/travailler-chez-nous\/apprentissage-chez-nous\/"},{"@type":"ListItem","position":4,"name":"Formations professionnelles","item":"https:\/\/haelg.ch\/fr\/travailler-chez-nous\/apprentissage-chez-nous\/formations-professionelles\/"},{"@type":"ListItem","position":5,"name":"Informaticien(ne) du b\u00e2timent CFC"}]},{"@type":"WebSite","@id":"https:\/\/haelg.ch\/fr\/#website","url":"https:\/\/haelg.ch\/fr\/","name":"H\u00e4lg Group","description":"","publisher":{"@id":"https:\/\/haelg.ch\/fr\/#organization"},"potentialAction":[{"@type":"SearchAction","target":{"@type":"EntryPoint","urlTemplate":"https:\/\/haelg.ch\/fr\/?s={search_term_string}"},"query-input":{"@type":"PropertyValueSpecification","valueRequired":true,"valueName":"search_term_string"}}],"inLanguage":"fr-FR"},{"@type":"Organization","@id":"https:\/\/haelg.ch\/fr\/#organization","name":"H\u00e4lg Group","url":"https:\/\/haelg.ch\/fr\/","logo":{"@type":"ImageObject","inLanguage":"fr-FR","@id":"https:\/\/haelg.ch\/fr\/#\/schema\/logo\/image\/","url":"https:\/\/haelg.ch\/app\/uploads\/2025\/01\/haelg-group-logo_1800x1200.jpg","contentUrl":"https:\/\/haelg.ch\/app\/uploads\/2025\/01\/haelg-group-logo_1800x1200.jpg","width":1620,"height":1080,"caption":"H\u00e4lg Group"},"image":{"@id":"https:\/\/haelg.ch\/fr\/#\/schema\/logo\/image\/"},"sameAs":["https:\/\/www.facebook.com\/haelg.ch","https:\/\/www.linkedin.com\/company\/haelggroup\/","https:\/\/www.instagram.com\/haelg.group\/","https:\/\/www.youtube.com\/channel\/UCCP6yzfvj3o6gA9J5L0QJCg\/videos","https:\/\/www.kununu.com\/ch\/haelg-group"]}]}},"_links":{"self":[{"href":"https:\/\/haelg.ch\/fr\/wp-json\/wp\/v2\/pages\/52737","targetHints":{"allow":["GET"]}}],"collection":[{"href":"https:\/\/haelg.ch\/fr\/wp-json\/wp\/v2\/pages"}],"about":[{"href":"https:\/\/haelg.ch\/fr\/wp-json\/wp\/v2\/types\/page"}],"author":[{"embeddable":true,"href":"https:\/\/haelg.ch\/fr\/wp-json\/wp\/v2\/users\/1"}],"replies":[{"embeddable":true,"href":"https:\/\/haelg.ch\/fr\/wp-json\/wp\/v2\/comments?post=52737"}],"version-history":[{"count":11,"href":"https:\/\/haelg.ch\/fr\/wp-json\/wp\/v2\/pages\/52737\/revisions"}],"predecessor-version":[{"id":130950,"href":"https:\/\/haelg.ch\/fr\/wp-json\/wp\/v2\/pages\/52737\/revisions\/130950"}],"up":[{"embeddable":true,"href":"https:\/\/haelg.ch\/fr\/wp-json\/wp\/v2\/pages\/52735"}],"wp:attachment":[{"href":"https:\/\/haelg.ch\/fr\/wp-json\/wp\/v2\/media?parent=52737"}],"wp:term":[{"taxonomy":"kategorie","embeddable":true,"href":"https:\/\/haelg.ch\/fr\/wp-json\/wp\/v2\/kategorie?post=52737"},{"taxonomy":"angebot","embeddable":true,"href":"https:\/\/haelg.ch\/fr\/wp-json\/wp\/v2\/angebot?post=52737"}],"curies":[{"name":"wp","href":"https:\/\/api.w.org\/{rel}","templated":true}]}}