{"id":52743,"date":"2024-09-24T12:06:25","date_gmt":"2024-09-24T10:06:25","guid":{"rendered":"https:\/\/dev-relaunch.haelg.ch\/?page_id=52743"},"modified":"2026-03-04T13:17:47","modified_gmt":"2026-03-04T12:17:47","slug":"monteur-frigoriste-cfc","status":"publish","type":"page","link":"https:\/\/haelg.ch\/fr\/travailler-chez-nous\/apprentissage-chez-nous\/formations-professionelles\/monteur-frigoriste-cfc\/","title":{"rendered":"Monteur\/euse frigoriste CFC"},"content":{"rendered":"\n<div class=\"wp-block-media-text alignwide is-stacked-on-mobile has-background-color has-secondary-background-color has-text-color has-background has-link-color wp-elements-e5ee2468ea2615ae8ad477a41555f8d1\" style=\"grid-template-columns:60% auto\"><figure class=\"wp-block-media-text__media\"><img decoding=\"async\" width=\"1024\" height=\"1024\" loading=\"lazy\" src=\"https:\/\/haelg.ch\/app\/uploads\/2026\/03\/heizung-arbeitssituation-buetschwil-2026-9-haelg-group_2400x2400-1024x1024.jpg\" alt=\"Heizungsinstallateur in Ausbildung bei der H\u00e4lg &amp; Co. AG B\u00fctschwil\" class=\"wp-image-213937 size-full\" srcset=\"https:\/\/haelg.ch\/app\/uploads\/2026\/03\/heizung-arbeitssituation-buetschwil-2026-9-haelg-group_2400x2400-1024x1024.jpg 1024w, https:\/\/haelg.ch\/app\/uploads\/2026\/03\/heizung-arbeitssituation-buetschwil-2026-9-haelg-group_2400x2400-300x300.jpg 300w, https:\/\/haelg.ch\/app\/uploads\/2026\/03\/heizung-arbeitssituation-buetschwil-2026-9-haelg-group_2400x2400-150x150.jpg 150w, https:\/\/haelg.ch\/app\/uploads\/2026\/03\/heizung-arbeitssituation-buetschwil-2026-9-haelg-group_2400x2400-768x768.jpg 768w, https:\/\/haelg.ch\/app\/uploads\/2026\/03\/heizung-arbeitssituation-buetschwil-2026-9-haelg-group_2400x2400-1536x1536.jpg 1536w, https:\/\/haelg.ch\/app\/uploads\/2026\/03\/heizung-arbeitssituation-buetschwil-2026-9-haelg-group_2400x2400-2048x2048.jpg 2048w\" sizes=\"auto, (max-width: 1024px) 100vw, 1024px\" \/><\/figure><div class=\"wp-block-media-text__content\"><div class=\"yoast-breadcrumbs\"><span><span><a href=\"https:\/\/haelg.ch\/fr\/\">Accueil<\/a><\/span> <span class=\"separator\"><\/span> <span><a href=\"https:\/\/haelg.ch\/fr\/travailler-chez-nous\/\">Travailler chez nous<\/a><\/span> <span class=\"separator\"><\/span> <span><a href=\"https:\/\/haelg.ch\/fr\/travailler-chez-nous\/apprentissage-chez-nous\/\">Apprentissage chez H\u00e4lg Group<\/a><\/span> <span class=\"separator\"><\/span> <span><a href=\"https:\/\/haelg.ch\/fr\/travailler-chez-nous\/apprentissage-chez-nous\/formations-professionelles\/\">Formations professionnelles<\/a><\/span> <span class=\"separator\"><\/span> <span class=\"breadcrumb_last\" aria-current=\"page\">Monteur\/euse frigoriste CFC<\/span><\/span><\/div>\n\n\n<h1 class=\"wp-block-heading\">Monteur\/euse frigoriste CFC<\/h1>\n\n\n\n<p>Deviens un(e) monteur\/euse frigoriste CFC et ex\u00e9cute l&rsquo;installation et la maintenance de syst\u00e8mes de refroidissement et de climatisation modernes assurant des temp\u00e9ratures agr\u00e9ables et des conditions de stockage optimales.<\/p>\n\n\n\n<div class=\"wp-block-buttons is-layout-flex wp-block-buttons-is-layout-flex\">\n<div class=\"wp-block-button is-style-outline is-style-outline--1\"><a class=\"wp-block-button__link wp-element-button\" href=\"https:\/\/haelg.ch\/fr\/travailler-chez-nous\/apprentissage-chez-nous\/places-d-apprentissage-libres\/\">Places d&rsquo;apprentissage libres<\/a><\/div>\n\n\n\n<div class=\"wp-block-button is-style-outline is-style-outline--2\"><a class=\"wp-block-button__link wp-element-button\" href=\"https:\/\/haelg.ch\/fr\/travailler-chez-nous\/apprentissage-chez-nous\/preapprentissage\/\">Places de pr\u00e9apprentissage<\/a><\/div>\n<\/div>\n<\/div><\/div>\n\n\n\n<div class=\"wp-block-group is-style-shadow is-layout-constrained wp-block-group-is-layout-constrained\">\n<h2 class=\"wp-block-heading\">Fonctions \/ T\u00e2ches<\/h2>\n\n\n\n<ul class=\"wp-block-list\">\n<li>Planifier et pr\u00e9parer les travaux<\/li>\n\n\n\n<li>Monter des installations de froid et de climatisation ainsi que des pompes \u00e0 chaleur<\/li>\n\n\n\n<li>Pr\u00e9parer et monter des tuyaux en cuivre et en acier<\/li>\n\n\n\n<li>Mettre les installations en service<\/li>\n\n\n\n<li>V\u00e9rifier, r\u00e9parer et entretenir les installations<\/li>\n\n\n\n<li>Assumer la responsabilit\u00e9 de la s\u00e9curit\u00e9 et de l&rsquo;environnement<\/li>\n<\/ul>\n\n\n\n<h2 class=\"wp-block-heading\">Dur\u00e9e de l&rsquo;apprentissage<\/h2>\n\n\n\n<p>L&rsquo;apprentissage comme monteur\/euse frigoriste dure 4&nbsp;ans. Les connaissances th\u00e9oriques sont transmises 1 ou 2&nbsp;jours par semaine \u00e0 l&rsquo;\u00e9cole professionnelle et dans le cadre de cours inter-entreprises.<\/p>\n\n\n\n<h2 class=\"wp-block-heading\">Pr\u00e9requis<\/h2>\n\n\n\n<ul class=\"wp-block-list\">\n<li>Aptitudes manuelles<\/li>\n\n\n\n<li>Int\u00e9r\u00eat pour les processus physiques<\/li>\n\n\n\n<li>Compr\u00e9hension pratique et technique<\/li>\n\n\n\n<li>Facult\u00e9 de repr\u00e9sentation spatiale<\/li>\n\n\n\n<li>Mobilit\u00e9 physique<\/li>\n\n\n\n<li>Bonne sant\u00e9<\/li>\n\n\n\n<li>Esprit d&rsquo;\u00e9quipe<\/li>\n<\/ul>\n\n\n\n<h2 class=\"wp-block-heading\">Opportunit\u00e9s de carri\u00e8re<\/h2>\n\n\n\n<p>Un apprentissage boucl\u00e9 comme monteur\/euse frigoriste CFC est une solide formation de base qui t&rsquo;offre de nombreuses possibilit\u00e9s de d\u00e9veloppement:<\/p>\n\n\n\n<ul class=\"wp-block-list\">\n<li>Continuer \u00e0 travailler dans ce domaine et devenir un(e) sp\u00e9cialiste sollicit\u00e9(e).<\/li>\n\n\n\n<li>Tu peux suivre des formations continues sous forme d&rsquo;examens professionnels, d&rsquo;examens professionnels sup\u00e9rieurs, dans des \u00e9coles sup\u00e9rieures sp\u00e9cialis\u00e9es et de hautes \u00e9coles sp\u00e9cialis\u00e9es.<\/li>\n<\/ul>\n\n\n\n<p>Nous te soutenons dans ton d\u00e9veloppement et t&rsquo;offrons, si possible, au terme de ton apprentissage des perspectives d&#8217;emploi durables chez H\u00e4lg&nbsp;Group.<\/p>\n<\/div>\n\n\n\n<div class=\"wp-block-media-text has-media-on-the-right is-stacked-on-mobile has-background-color has-secondary-background-color has-text-color has-background has-link-color wp-elements-db7a1d38488c96f70a677ea2a85cf51b\"><div class=\"wp-block-media-text__content\">\n<h2 class=\"wp-block-heading\">Cela pourrait aussi t&rsquo;int\u00e9resser<\/h2>\n\n\n\n<div class=\"wp-block-buttons is-style-list is-layout-flex wp-block-buttons-is-layout-flex\">\n<div class=\"wp-block-button is-style-outline is-style-outline--3\"><a class=\"wp-block-button__link wp-element-button\" href=\"https:\/\/haelg.ch\/fr\/travailler-chez-nous\/apprentissage-chez-nous\/places-d-apprentissage-libres\/\">Places d&rsquo;apprentissage libres<\/a><\/div>\n\n\n\n<div class=\"wp-block-button is-style-outline is-style-outline--4\"><a class=\"wp-block-button__link wp-element-button\" href=\"https:\/\/haelg.ch\/fr\/travailler-chez-nous\/haelg-group-comme-employeur\/\">H\u00e4lg&nbsp;Group comme employeur<\/a><\/div>\n\n\n\n<div class=\"wp-block-button\"><a class=\"wp-block-button__link wp-element-button\" href=\"https:\/\/haelg.ch\/fr\/travailler-chez-nous\/apprentissage-chez-nous\/formations-professionelles\/\">Formations professionnelles<\/a><\/div>\n\n\n\n<div class=\"wp-block-button\"><a class=\"wp-block-button__link wp-element-button\" href=\"https:\/\/haelg.ch\/fr\/travailler-chez-nous\/haelg-group-comme-employeur\/avantages\/\">Avantages<\/a><\/div>\n<\/div>\n<\/div><figure class=\"wp-block-media-text__media\"><img decoding=\"async\" width=\"1024\" height=\"768\" loading=\"lazy\" src=\"https:\/\/haelg.ch\/app\/uploads\/2024\/11\/lehrberufe-lehre-ausbildung-lernende-haelg-group_1600x1200-1024x768.jpg\" alt=\"Trois apprentis de H\u00e4lg\u00a0Group regardent un plan.\" class=\"wp-image-47873 size-full\" srcset=\"https:\/\/haelg.ch\/app\/uploads\/2024\/11\/lehrberufe-lehre-ausbildung-lernende-haelg-group_1600x1200-1024x768.jpg 1024w, https:\/\/haelg.ch\/app\/uploads\/2024\/11\/lehrberufe-lehre-ausbildung-lernende-haelg-group_1600x1200-300x225.jpg 300w, https:\/\/haelg.ch\/app\/uploads\/2024\/11\/lehrberufe-lehre-ausbildung-lernende-haelg-group_1600x1200-768x576.jpg 768w, https:\/\/haelg.ch\/app\/uploads\/2024\/11\/lehrberufe-lehre-ausbildung-lernende-haelg-group_1600x1200-1536x1152.jpg 1536w, https:\/\/haelg.ch\/app\/uploads\/2024\/11\/lehrberufe-lehre-ausbildung-lernende-haelg-group_1600x1200.jpg 1600w\" sizes=\"auto, (max-width: 1024px) 100vw, 1024px\" \/><\/figure><\/div>\n\n\n\n<p><\/p>\n","protected":false},"excerpt":{"rendered":"<p>Fonctions \/ T\u00e2ches Dur\u00e9e de l&rsquo;apprentissage L&rsquo;apprentissage comme monteur\/euse frigoriste dure 4&nbsp;ans. Les connaissances th\u00e9oriques sont transmises 1 ou 2&nbsp;jours par semaine \u00e0 l&rsquo;\u00e9cole professionnelle et dans le cadre de cours inter-entreprises. Pr\u00e9requis Opportunit\u00e9s de carri\u00e8re Un apprentissage boucl\u00e9 comme monteur\/euse frigoriste CFC est une solide formation de base qui t&rsquo;offre de nombreuses possibilit\u00e9s de [&hellip;]<\/p>\n","protected":false},"author":1,"featured_media":0,"parent":52735,"menu_order":247,"comment_status":"closed","ping_status":"closed","template":"","meta":{"_acf_changed":false,"inline_featured_image":false,"footnotes":""},"kategorie":[],"angebot":[],"class_list":["post-52743","page","type-page","status-publish","hentry"],"acf":[],"yoast_head":"<!-- This site is optimized with the Yoast SEO plugin v27.3 - https:\/\/yoast.com\/product\/yoast-seo-wordpress\/ -->\n<title>Apprentissage comme monteur\/euse frigoriste CFC | H\u00e4lg\u00a0Group<\/title>\n<meta name=\"description\" content=\"Comment se pr\u00e9sente un apprentissage comme monteur\/euse frigoriste CFC? D\u00e9couvre le d\u00e9roulement de l&#039;apprentissage et de la formation.\" \/>\n<meta name=\"robots\" content=\"index, follow, max-snippet:-1, max-image-preview:large, max-video-preview:-1\" \/>\n<link rel=\"canonical\" href=\"https:\/\/haelg.ch\/fr\/travailler-chez-nous\/apprentissage-chez-nous\/formations-professionelles\/monteur-frigoriste-cfc\/\" \/>\n<meta property=\"og:locale\" content=\"fr_FR\" \/>\n<meta property=\"og:type\" content=\"article\" \/>\n<meta property=\"og:title\" content=\"Apprentissage comme monteur\/euse frigoriste CFC | H\u00e4lg\u00a0Group\" \/>\n<meta property=\"og:description\" content=\"Comment se pr\u00e9sente un apprentissage comme monteur\/euse frigoriste CFC? D\u00e9couvre le d\u00e9roulement de l&#039;apprentissage et de la formation.\" \/>\n<meta property=\"og:url\" content=\"https:\/\/haelg.ch\/fr\/travailler-chez-nous\/apprentissage-chez-nous\/formations-professionelles\/monteur-frigoriste-cfc\/\" \/>\n<meta property=\"og:site_name\" content=\"H\u00e4lg Group\" \/>\n<meta property=\"article:publisher\" content=\"https:\/\/www.facebook.com\/haelg.ch\" \/>\n<meta property=\"article:modified_time\" content=\"2026-03-04T12:17:47+00:00\" \/>\n<meta property=\"og:image\" content=\"https:\/\/haelg.ch\/app\/uploads\/2026\/03\/heizung-arbeitssituation-buetschwil-2026-9-haelg-group_2400x2400-1024x1024.jpg\" \/>\n\t<meta property=\"og:image:width\" content=\"1024\" \/>\n\t<meta property=\"og:image:height\" content=\"1024\" \/>\n\t<meta property=\"og:image:type\" content=\"image\/jpeg\" \/>\n<meta name=\"twitter:card\" content=\"summary_large_image\" \/>\n<meta name=\"twitter:label1\" content=\"Dur\u00e9e de lecture estim\u00e9e\" \/>\n\t<meta name=\"twitter:data1\" content=\"2 minutes\" \/>\n<script type=\"application\/ld+json\" class=\"yoast-schema-graph\">{\"@context\":\"https:\\\/\\\/schema.org\",\"@graph\":[{\"@type\":\"WebPage\",\"@id\":\"https:\\\/\\\/haelg.ch\\\/fr\\\/travailler-chez-nous\\\/apprentissage-chez-nous\\\/formations-professionelles\\\/monteur-frigoriste-cfc\\\/\",\"url\":\"https:\\\/\\\/haelg.ch\\\/fr\\\/travailler-chez-nous\\\/apprentissage-chez-nous\\\/formations-professionelles\\\/monteur-frigoriste-cfc\\\/\",\"name\":\"Apprentissage comme monteur\\\/euse frigoriste CFC | H\u00e4lg\u00a0Group\",\"isPartOf\":{\"@id\":\"https:\\\/\\\/haelg.ch\\\/fr\\\/#website\"},\"primaryImageOfPage\":{\"@id\":\"https:\\\/\\\/haelg.ch\\\/fr\\\/travailler-chez-nous\\\/apprentissage-chez-nous\\\/formations-professionelles\\\/monteur-frigoriste-cfc\\\/#primaryimage\"},\"image\":{\"@id\":\"https:\\\/\\\/haelg.ch\\\/fr\\\/travailler-chez-nous\\\/apprentissage-chez-nous\\\/formations-professionelles\\\/monteur-frigoriste-cfc\\\/#primaryimage\"},\"thumbnailUrl\":\"https:\\\/\\\/haelg.ch\\\/app\\\/uploads\\\/2026\\\/03\\\/heizung-arbeitssituation-buetschwil-2026-9-haelg-group_2400x2400-1024x1024.jpg\",\"datePublished\":\"2024-09-24T10:06:25+00:00\",\"dateModified\":\"2026-03-04T12:17:47+00:00\",\"description\":\"Comment se pr\u00e9sente un apprentissage comme monteur\\\/euse frigoriste CFC? D\u00e9couvre le d\u00e9roulement de l'apprentissage et de la formation.\",\"breadcrumb\":{\"@id\":\"https:\\\/\\\/haelg.ch\\\/fr\\\/travailler-chez-nous\\\/apprentissage-chez-nous\\\/formations-professionelles\\\/monteur-frigoriste-cfc\\\/#breadcrumb\"},\"inLanguage\":\"fr-FR\",\"potentialAction\":[{\"@type\":\"ReadAction\",\"target\":[\"https:\\\/\\\/haelg.ch\\\/fr\\\/travailler-chez-nous\\\/apprentissage-chez-nous\\\/formations-professionelles\\\/monteur-frigoriste-cfc\\\/\"]}]},{\"@type\":\"ImageObject\",\"inLanguage\":\"fr-FR\",\"@id\":\"https:\\\/\\\/haelg.ch\\\/fr\\\/travailler-chez-nous\\\/apprentissage-chez-nous\\\/formations-professionelles\\\/monteur-frigoriste-cfc\\\/#primaryimage\",\"url\":\"https:\\\/\\\/haelg.ch\\\/app\\\/uploads\\\/2026\\\/03\\\/heizung-arbeitssituation-buetschwil-2026-9-haelg-group_2400x2400-1024x1024.jpg\",\"contentUrl\":\"https:\\\/\\\/haelg.ch\\\/app\\\/uploads\\\/2026\\\/03\\\/heizung-arbeitssituation-buetschwil-2026-9-haelg-group_2400x2400-1024x1024.jpg\"},{\"@type\":\"BreadcrumbList\",\"@id\":\"https:\\\/\\\/haelg.ch\\\/fr\\\/travailler-chez-nous\\\/apprentissage-chez-nous\\\/formations-professionelles\\\/monteur-frigoriste-cfc\\\/#breadcrumb\",\"itemListElement\":[{\"@type\":\"ListItem\",\"position\":1,\"name\":\"Accueil\",\"item\":\"https:\\\/\\\/haelg.ch\\\/fr\\\/\"},{\"@type\":\"ListItem\",\"position\":2,\"name\":\"Travailler chez nous\",\"item\":\"https:\\\/\\\/haelg.ch\\\/fr\\\/travailler-chez-nous\\\/\"},{\"@type\":\"ListItem\",\"position\":3,\"name\":\"Apprentissage chez H\u00e4lg Group\",\"item\":\"https:\\\/\\\/haelg.ch\\\/fr\\\/travailler-chez-nous\\\/apprentissage-chez-nous\\\/\"},{\"@type\":\"ListItem\",\"position\":4,\"name\":\"Formations professionnelles\",\"item\":\"https:\\\/\\\/haelg.ch\\\/fr\\\/travailler-chez-nous\\\/apprentissage-chez-nous\\\/formations-professionelles\\\/\"},{\"@type\":\"ListItem\",\"position\":5,\"name\":\"Monteur\\\/euse frigoriste CFC\"}]},{\"@type\":\"WebSite\",\"@id\":\"https:\\\/\\\/haelg.ch\\\/fr\\\/#website\",\"url\":\"https:\\\/\\\/haelg.ch\\\/fr\\\/\",\"name\":\"H\u00e4lg Group\",\"description\":\"\",\"publisher\":{\"@id\":\"https:\\\/\\\/haelg.ch\\\/fr\\\/#organization\"},\"potentialAction\":[{\"@type\":\"SearchAction\",\"target\":{\"@type\":\"EntryPoint\",\"urlTemplate\":\"https:\\\/\\\/haelg.ch\\\/fr\\\/?s={search_term_string}\"},\"query-input\":{\"@type\":\"PropertyValueSpecification\",\"valueRequired\":true,\"valueName\":\"search_term_string\"}}],\"inLanguage\":\"fr-FR\"},{\"@type\":\"Organization\",\"@id\":\"https:\\\/\\\/haelg.ch\\\/fr\\\/#organization\",\"name\":\"H\u00e4lg Group\",\"url\":\"https:\\\/\\\/haelg.ch\\\/fr\\\/\",\"logo\":{\"@type\":\"ImageObject\",\"inLanguage\":\"fr-FR\",\"@id\":\"https:\\\/\\\/haelg.ch\\\/fr\\\/#\\\/schema\\\/logo\\\/image\\\/\",\"url\":\"https:\\\/\\\/haelg.ch\\\/app\\\/uploads\\\/2025\\\/01\\\/haelg-group-logo_1800x1200.jpg\",\"contentUrl\":\"https:\\\/\\\/haelg.ch\\\/app\\\/uploads\\\/2025\\\/01\\\/haelg-group-logo_1800x1200.jpg\",\"width\":1620,\"height\":1080,\"caption\":\"H\u00e4lg Group\"},\"image\":{\"@id\":\"https:\\\/\\\/haelg.ch\\\/fr\\\/#\\\/schema\\\/logo\\\/image\\\/\"},\"sameAs\":[\"https:\\\/\\\/www.facebook.com\\\/haelg.ch\",\"https:\\\/\\\/www.linkedin.com\\\/company\\\/haelggroup\\\/\",\"https:\\\/\\\/www.instagram.com\\\/haelg.group\\\/\",\"https:\\\/\\\/www.youtube.com\\\/channel\\\/UCCP6yzfvj3o6gA9J5L0QJCg\\\/videos\",\"https:\\\/\\\/www.kununu.com\\\/ch\\\/haelg-group\"]}]}<\/script>\n<!-- \/ Yoast SEO plugin. -->","yoast_head_json":{"title":"Apprentissage comme monteur\/euse frigoriste CFC | H\u00e4lg\u00a0Group","description":"Comment se pr\u00e9sente un apprentissage comme monteur\/euse frigoriste CFC? D\u00e9couvre le d\u00e9roulement de l'apprentissage et de la formation.","robots":{"index":"index","follow":"follow","max-snippet":"max-snippet:-1","max-image-preview":"max-image-preview:large","max-video-preview":"max-video-preview:-1"},"canonical":"https:\/\/haelg.ch\/fr\/travailler-chez-nous\/apprentissage-chez-nous\/formations-professionelles\/monteur-frigoriste-cfc\/","og_locale":"fr_FR","og_type":"article","og_title":"Apprentissage comme monteur\/euse frigoriste CFC | H\u00e4lg\u00a0Group","og_description":"Comment se pr\u00e9sente un apprentissage comme monteur\/euse frigoriste CFC? D\u00e9couvre le d\u00e9roulement de l'apprentissage et de la formation.","og_url":"https:\/\/haelg.ch\/fr\/travailler-chez-nous\/apprentissage-chez-nous\/formations-professionelles\/monteur-frigoriste-cfc\/","og_site_name":"H\u00e4lg Group","article_publisher":"https:\/\/www.facebook.com\/haelg.ch","article_modified_time":"2026-03-04T12:17:47+00:00","og_image":[{"width":1024,"height":1024,"url":"https:\/\/haelg.ch\/app\/uploads\/2026\/03\/heizung-arbeitssituation-buetschwil-2026-9-haelg-group_2400x2400-1024x1024.jpg","type":"image\/jpeg"}],"twitter_card":"summary_large_image","twitter_misc":{"Dur\u00e9e de lecture estim\u00e9e":"2 minutes"},"schema":{"@context":"https:\/\/schema.org","@graph":[{"@type":"WebPage","@id":"https:\/\/haelg.ch\/fr\/travailler-chez-nous\/apprentissage-chez-nous\/formations-professionelles\/monteur-frigoriste-cfc\/","url":"https:\/\/haelg.ch\/fr\/travailler-chez-nous\/apprentissage-chez-nous\/formations-professionelles\/monteur-frigoriste-cfc\/","name":"Apprentissage comme monteur\/euse frigoriste CFC | H\u00e4lg\u00a0Group","isPartOf":{"@id":"https:\/\/haelg.ch\/fr\/#website"},"primaryImageOfPage":{"@id":"https:\/\/haelg.ch\/fr\/travailler-chez-nous\/apprentissage-chez-nous\/formations-professionelles\/monteur-frigoriste-cfc\/#primaryimage"},"image":{"@id":"https:\/\/haelg.ch\/fr\/travailler-chez-nous\/apprentissage-chez-nous\/formations-professionelles\/monteur-frigoriste-cfc\/#primaryimage"},"thumbnailUrl":"https:\/\/haelg.ch\/app\/uploads\/2026\/03\/heizung-arbeitssituation-buetschwil-2026-9-haelg-group_2400x2400-1024x1024.jpg","datePublished":"2024-09-24T10:06:25+00:00","dateModified":"2026-03-04T12:17:47+00:00","description":"Comment se pr\u00e9sente un apprentissage comme monteur\/euse frigoriste CFC? D\u00e9couvre le d\u00e9roulement de l'apprentissage et de la formation.","breadcrumb":{"@id":"https:\/\/haelg.ch\/fr\/travailler-chez-nous\/apprentissage-chez-nous\/formations-professionelles\/monteur-frigoriste-cfc\/#breadcrumb"},"inLanguage":"fr-FR","potentialAction":[{"@type":"ReadAction","target":["https:\/\/haelg.ch\/fr\/travailler-chez-nous\/apprentissage-chez-nous\/formations-professionelles\/monteur-frigoriste-cfc\/"]}]},{"@type":"ImageObject","inLanguage":"fr-FR","@id":"https:\/\/haelg.ch\/fr\/travailler-chez-nous\/apprentissage-chez-nous\/formations-professionelles\/monteur-frigoriste-cfc\/#primaryimage","url":"https:\/\/haelg.ch\/app\/uploads\/2026\/03\/heizung-arbeitssituation-buetschwil-2026-9-haelg-group_2400x2400-1024x1024.jpg","contentUrl":"https:\/\/haelg.ch\/app\/uploads\/2026\/03\/heizung-arbeitssituation-buetschwil-2026-9-haelg-group_2400x2400-1024x1024.jpg"},{"@type":"BreadcrumbList","@id":"https:\/\/haelg.ch\/fr\/travailler-chez-nous\/apprentissage-chez-nous\/formations-professionelles\/monteur-frigoriste-cfc\/#breadcrumb","itemListElement":[{"@type":"ListItem","position":1,"name":"Accueil","item":"https:\/\/haelg.ch\/fr\/"},{"@type":"ListItem","position":2,"name":"Travailler chez nous","item":"https:\/\/haelg.ch\/fr\/travailler-chez-nous\/"},{"@type":"ListItem","position":3,"name":"Apprentissage chez H\u00e4lg Group","item":"https:\/\/haelg.ch\/fr\/travailler-chez-nous\/apprentissage-chez-nous\/"},{"@type":"ListItem","position":4,"name":"Formations professionnelles","item":"https:\/\/haelg.ch\/fr\/travailler-chez-nous\/apprentissage-chez-nous\/formations-professionelles\/"},{"@type":"ListItem","position":5,"name":"Monteur\/euse frigoriste CFC"}]},{"@type":"WebSite","@id":"https:\/\/haelg.ch\/fr\/#website","url":"https:\/\/haelg.ch\/fr\/","name":"H\u00e4lg Group","description":"","publisher":{"@id":"https:\/\/haelg.ch\/fr\/#organization"},"potentialAction":[{"@type":"SearchAction","target":{"@type":"EntryPoint","urlTemplate":"https:\/\/haelg.ch\/fr\/?s={search_term_string}"},"query-input":{"@type":"PropertyValueSpecification","valueRequired":true,"valueName":"search_term_string"}}],"inLanguage":"fr-FR"},{"@type":"Organization","@id":"https:\/\/haelg.ch\/fr\/#organization","name":"H\u00e4lg Group","url":"https:\/\/haelg.ch\/fr\/","logo":{"@type":"ImageObject","inLanguage":"fr-FR","@id":"https:\/\/haelg.ch\/fr\/#\/schema\/logo\/image\/","url":"https:\/\/haelg.ch\/app\/uploads\/2025\/01\/haelg-group-logo_1800x1200.jpg","contentUrl":"https:\/\/haelg.ch\/app\/uploads\/2025\/01\/haelg-group-logo_1800x1200.jpg","width":1620,"height":1080,"caption":"H\u00e4lg Group"},"image":{"@id":"https:\/\/haelg.ch\/fr\/#\/schema\/logo\/image\/"},"sameAs":["https:\/\/www.facebook.com\/haelg.ch","https:\/\/www.linkedin.com\/company\/haelggroup\/","https:\/\/www.instagram.com\/haelg.group\/","https:\/\/www.youtube.com\/channel\/UCCP6yzfvj3o6gA9J5L0QJCg\/videos","https:\/\/www.kununu.com\/ch\/haelg-group"]}]}},"_links":{"self":[{"href":"https:\/\/haelg.ch\/fr\/wp-json\/wp\/v2\/pages\/52743","targetHints":{"allow":["GET"]}}],"collection":[{"href":"https:\/\/haelg.ch\/fr\/wp-json\/wp\/v2\/pages"}],"about":[{"href":"https:\/\/haelg.ch\/fr\/wp-json\/wp\/v2\/types\/page"}],"author":[{"embeddable":true,"href":"https:\/\/haelg.ch\/fr\/wp-json\/wp\/v2\/users\/1"}],"replies":[{"embeddable":true,"href":"https:\/\/haelg.ch\/fr\/wp-json\/wp\/v2\/comments?post=52743"}],"version-history":[{"count":5,"href":"https:\/\/haelg.ch\/fr\/wp-json\/wp\/v2\/pages\/52743\/revisions"}],"predecessor-version":[{"id":213942,"href":"https:\/\/haelg.ch\/fr\/wp-json\/wp\/v2\/pages\/52743\/revisions\/213942"}],"up":[{"embeddable":true,"href":"https:\/\/haelg.ch\/fr\/wp-json\/wp\/v2\/pages\/52735"}],"wp:attachment":[{"href":"https:\/\/haelg.ch\/fr\/wp-json\/wp\/v2\/media?parent=52743"}],"wp:term":[{"taxonomy":"kategorie","embeddable":true,"href":"https:\/\/haelg.ch\/fr\/wp-json\/wp\/v2\/kategorie?post=52743"},{"taxonomy":"angebot","embeddable":true,"href":"https:\/\/haelg.ch\/fr\/wp-json\/wp\/v2\/angebot?post=52743"}],"curies":[{"name":"wp","href":"https:\/\/api.w.org\/{rel}","templated":true}]}}