{"id":54193,"date":"2024-12-04T15:15:51","date_gmt":"2024-12-04T14:15:51","guid":{"rendered":"https:\/\/dev-relaunch.haelg.ch\/offre\/service-apres-vente\/wartungen\/detartrage-de-chauffe-eau\/"},"modified":"2025-01-20T11:23:02","modified_gmt":"2025-01-20T10:23:02","slug":"detartrage-de-chauffe-eau","status":"publish","type":"page","link":"https:\/\/haelg.ch\/fr\/offre\/service-apres-vente\/maintenances\/detartrage-de-chauffe-eau\/","title":{"rendered":"D\u00e9tartrage de chauffe-eau"},"content":{"rendered":"\n<div class=\"wp-block-media-text alignwide is-stacked-on-mobile has-background-color has-secondary-background-color has-text-color has-background has-link-color wp-elements-c2584c78558e8c3d7659ae8c1e6b6ef9\" style=\"grid-template-columns:60% auto\"><figure class=\"wp-block-media-text__media\"><img decoding=\"async\" width=\"1024\" height=\"1024\" loading=\"lazy\" src=\"https:\/\/haelg.ch\/app\/uploads\/2024\/12\/boilerentkalkung-haelg-group_2400x2400-1024x1024.jpg\" alt=\"Un technicien de service lors du d\u00e9tartrage d'un chauffe-eau.\" class=\"wp-image-49157 size-full\" srcset=\"https:\/\/haelg.ch\/app\/uploads\/2024\/12\/boilerentkalkung-haelg-group_2400x2400-1024x1024.jpg 1024w, https:\/\/haelg.ch\/app\/uploads\/2024\/12\/boilerentkalkung-haelg-group_2400x2400-300x300.jpg 300w, https:\/\/haelg.ch\/app\/uploads\/2024\/12\/boilerentkalkung-haelg-group_2400x2400-150x150.jpg 150w, https:\/\/haelg.ch\/app\/uploads\/2024\/12\/boilerentkalkung-haelg-group_2400x2400-768x768.jpg 768w, https:\/\/haelg.ch\/app\/uploads\/2024\/12\/boilerentkalkung-haelg-group_2400x2400-1536x1536.jpg 1536w, https:\/\/haelg.ch\/app\/uploads\/2024\/12\/boilerentkalkung-haelg-group_2400x2400-2048x2048.jpg 2048w\" sizes=\"auto, (max-width: 1024px) 100vw, 1024px\" \/><\/figure><div class=\"wp-block-media-text__content\"><div class=\"yoast-breadcrumbs\"><span><span><a href=\"https:\/\/haelg.ch\/fr\/\">Accueil<\/a><\/span> <span class=\"separator\"><\/span> <span><a href=\"https:\/\/haelg.ch\/fr\/offre\/\">Offre<\/a><\/span> <span class=\"separator\"><\/span> <span><a href=\"https:\/\/haelg.ch\/fr\/offre\/service-apres-vente\/\">Service apr\u00e8s-vente<\/a><\/span> <span class=\"separator\"><\/span> <span><a href=\"https:\/\/haelg.ch\/fr\/offre\/service-apres-vente\/maintenances\/\">Maintenances<\/a><\/span> <span class=\"separator\"><\/span> <span class=\"breadcrumb_last\" aria-current=\"page\">D\u00e9tartrage de chauffe-eau<\/span><\/span><\/div>\n\n\n<h1 class=\"wp-block-heading\">D\u00e9tartrage de chauffe-eau<\/h1>\n\n\n\n<p>Un d\u00e9tartrage r\u00e9gulier allonge la dur\u00e9e de vie de votre chauffe-eau, r\u00e9duit la consommation d&rsquo;\u00e9nergie et maintient la qualit\u00e9 de l&rsquo;eau. Nous vidons le chauffe-eau, rempla\u00e7ons les anodes de protection, enlevons le tartre d\u00e9pos\u00e9 et renouvelons tous les joints.&nbsp;Selon la taille de votre chauffe-eau et la duret\u00e9 de l&rsquo;eau, le d\u00e9tartrage devrait intervenir tous les 4 \u00e0&nbsp;7&nbsp;ans.<\/p>\n\n\n\n<div class=\"wp-block-buttons is-layout-flex wp-block-buttons-is-layout-flex\">\n<div class=\"wp-block-button is-style-outline is-style-outline--1\"><a class=\"wp-block-button__link wp-element-button\" href=\"#contact\">Nous contacter<\/a><\/div>\n<\/div>\n<\/div><\/div>\n\n\n\n<div class=\"wp-block-media-text has-media-on-the-right is-stacked-on-mobile has-background-color has-secondary-background-color has-text-color has-background has-link-color wp-elements-4f633e06fe1fa1059c022ea4dd801a0c\"><div class=\"wp-block-media-text__content\">\n<h2 class=\"wp-block-heading\" id=\"contact\">Le d\u00e9tartrage de chauffe-eau m&rsquo;int\u00e9resse<\/h2>\n\n\n\n<div class=\"wpcf7 no-js\" id=\"wpcf7-f44689-o1\" lang=\"de-DE\" dir=\"ltr\" data-wpcf7-id=\"44689\">\n<div class=\"screen-reader-response\"><p role=\"status\" aria-live=\"polite\" aria-atomic=\"true\"><\/p> <ul><\/ul><\/div>\n<form action=\"\/fr\/wp-json\/wp\/v2\/pages\/54193#wpcf7-f44689-o1\" method=\"post\" class=\"wpcf7-form init\" aria-label=\"Kontaktformular\" novalidate=\"novalidate\" data-status=\"init\">\n<fieldset class=\"hidden-fields-container\"><input type=\"hidden\" name=\"_wpcf7\" value=\"44689\" \/><input type=\"hidden\" name=\"_wpcf7_version\" value=\"6.1.5\" \/><input type=\"hidden\" name=\"_wpcf7_locale\" value=\"de_DE\" \/><input type=\"hidden\" name=\"_wpcf7_unit_tag\" value=\"wpcf7-f44689-o1\" \/><input type=\"hidden\" name=\"_wpcf7_container_post\" value=\"0\" \/><input type=\"hidden\" name=\"_wpcf7_posted_data_hash\" value=\"\" \/><input type=\"hidden\" name=\"_wpcf7_recaptcha_response\" value=\"\" \/>\n<\/fieldset>\nMerci de me contacter par*\n<span class=\"wpcf7-form-control-wrap\" data-name=\"checkbox-413\"><span class=\"wpcf7-form-control wpcf7-checkbox wpcf7-validates-as-required\"><span class=\"wpcf7-list-item first\"><label><input type=\"checkbox\" name=\"checkbox-413[]\" value=\"Courriel\" \/><span class=\"wpcf7-list-item-label\">Courriel<\/span><\/label><\/span><span class=\"wpcf7-list-item last\"><label><input type=\"checkbox\" name=\"checkbox-413[]\" value=\"T\u00e9l\u00e9phone\" \/><span class=\"wpcf7-list-item-label\">T\u00e9l\u00e9phone<\/span><\/label><\/span><\/span><\/span>\n<p>\n<label> Salutation*\n<span class=\"wpcf7-form-control-wrap\" data-name=\"Anrede\"><select class=\"wpcf7-form-control wpcf7-select wpcf7-validates-as-required\" aria-required=\"true\" aria-invalid=\"false\" name=\"Anrede\"><option value=\"Monsieur\">Monsieur<\/option><option value=\"Madame\">Madame<\/option><\/select><\/span>\n<\/label>\n<p>\n<div class=\"double\">\n<label> Pr\u00e9nom*\n    <span class=\"wpcf7-form-control-wrap\" data-name=\"your-firstname\"><input size=\"40\" maxlength=\"400\" class=\"wpcf7-form-control wpcf7-text wpcf7-validates-as-required\" aria-required=\"true\" aria-invalid=\"false\" value=\"\" type=\"text\" name=\"your-firstname\" \/><\/span> <\/label>\n\n<label> Nom*\n    <span class=\"wpcf7-form-control-wrap\" data-name=\"your-lastname\"><input size=\"40\" maxlength=\"400\" class=\"wpcf7-form-control wpcf7-text wpcf7-validates-as-required\" aria-required=\"true\" aria-invalid=\"false\" value=\"\" type=\"text\" name=\"your-lastname\" \/><\/span> <\/label>\n<\/div>\n\n<label> Soci\u00e9t\u00e9\n    <span class=\"wpcf7-form-control-wrap\" data-name=\"your-firma\"><input size=\"40\" maxlength=\"400\" class=\"wpcf7-form-control wpcf7-text\" aria-invalid=\"false\" value=\"\" type=\"text\" name=\"your-firma\" \/><\/span> <\/label>\n\n<label> Adresse*\n    <span class=\"wpcf7-form-control-wrap\" data-name=\"your-strasse\"><input size=\"40\" maxlength=\"400\" class=\"wpcf7-form-control wpcf7-text wpcf7-validates-as-required\" aria-required=\"true\" aria-invalid=\"false\" value=\"\" type=\"text\" name=\"your-strasse\" \/><\/span> <\/label>\n\n<label> Code postal et Lieu*\n    <span class=\"wpcf7-form-control-wrap\" data-name=\"your-lieu\"><input size=\"40\" maxlength=\"400\" class=\"wpcf7-form-control wpcf7-text wpcf7-validates-as-required\" aria-required=\"true\" aria-invalid=\"false\" value=\"\" type=\"text\" name=\"your-lieu\" \/><\/span> <\/label>\n\n<label> Courriel*\n    <span class=\"wpcf7-form-control-wrap\" data-name=\"your-email\"><input size=\"40\" maxlength=\"400\" class=\"wpcf7-form-control wpcf7-email wpcf7-validates-as-required wpcf7-text wpcf7-validates-as-email\" aria-required=\"true\" aria-invalid=\"false\" value=\"\" type=\"email\" name=\"your-email\" \/><\/span> <\/label>\n\n<label> T\u00e9l\u00e9phone*\n    <span class=\"wpcf7-form-control-wrap\" data-name=\"your-telephone\"><input size=\"40\" maxlength=\"400\" class=\"wpcf7-form-control wpcf7-text\" aria-invalid=\"false\" value=\"\" type=\"text\" name=\"your-telephone\" \/><\/span> <\/label>\n\n<label> D\u00e9signation du type\n    <span class=\"wpcf7-form-control-wrap\" data-name=\"your-type\"><input size=\"40\" maxlength=\"400\" class=\"wpcf7-form-control wpcf7-text wpcf7-validates-as-required\" aria-required=\"true\" aria-invalid=\"false\" value=\"\" type=\"text\" name=\"your-type\" \/><\/span> <\/label>\n\n<label> Votre message\n    <span class=\"wpcf7-form-control-wrap\" data-name=\"your-message\"><textarea cols=\"40\" rows=\"3\" maxlength=\"2000\" class=\"wpcf7-form-control wpcf7-textarea\" aria-invalid=\"false\" name=\"your-message\"><\/textarea><\/span> <\/label>\n\n<span class=\"wpcf7-form-control-wrap\" data-name=\"privacy\"><span class=\"wpcf7-form-control wpcf7-acceptance\"><span class=\"wpcf7-list-item\"><label><input type=\"checkbox\" name=\"privacy\" value=\"1\" aria-invalid=\"false\" \/><span class=\"wpcf7-list-item-label\">J'accepte la <a href=https:\/\/haelg.ch\/fr\/declaration-relative-a-la-protection-des-donnees\/>d\u00e9claration de protection des donn\u00e9es<\/a>.<\/span><\/label><\/span><\/span><\/span>\n\n*Champs obligatoires\n<p>\n<input class=\"wpcf7-form-control wpcf7-submit has-spinner\" type=\"submit\" value=\"Demander\" \/><div class=\"wpcf7-response-output\" aria-hidden=\"true\"><\/div>\n<\/form>\n<\/div>\n\n<\/div><figure class=\"wp-block-media-text__media\"><img decoding=\"async\" width=\"1024\" height=\"768\" loading=\"lazy\" src=\"https:\/\/haelg.ch\/app\/uploads\/2024\/12\/boilerentkalkung-haelg-group_1600x1200-1024x768.jpg\" alt=\"Un chauffe-eau d\u00e9tartr\u00e9 a une plus longue dur\u00e9e de vie.\" class=\"wp-image-49153 size-full\" srcset=\"https:\/\/haelg.ch\/app\/uploads\/2024\/12\/boilerentkalkung-haelg-group_1600x1200-1024x768.jpg 1024w, https:\/\/haelg.ch\/app\/uploads\/2024\/12\/boilerentkalkung-haelg-group_1600x1200-300x225.jpg 300w, https:\/\/haelg.ch\/app\/uploads\/2024\/12\/boilerentkalkung-haelg-group_1600x1200-768x576.jpg 768w, https:\/\/haelg.ch\/app\/uploads\/2024\/12\/boilerentkalkung-haelg-group_1600x1200-1536x1152.jpg 1536w, https:\/\/haelg.ch\/app\/uploads\/2024\/12\/boilerentkalkung-haelg-group_1600x1200.jpg 1600w\" sizes=\"auto, (max-width: 1024px) 100vw, 1024px\" \/><\/figure><\/div>\n\n\n\n<p><\/p>\n","protected":false},"excerpt":{"rendered":"","protected":false},"author":3,"featured_media":0,"parent":51989,"menu_order":127,"comment_status":"closed","ping_status":"closed","template":"","meta":{"_acf_changed":false,"inline_featured_image":false,"footnotes":""},"kategorie":[],"angebot":[],"class_list":["post-54193","page","type-page","status-publish","hentry"],"acf":[],"yoast_head":"<!-- This site is optimized with the Yoast SEO plugin v27.3 - https:\/\/yoast.com\/product\/yoast-seo-wordpress\/ -->\n<title>D\u00e9tartrage de chauffe-eau: nos prestations | H\u00e4lg\u00a0Group<\/title>\n<meta name=\"description\" content=\"En faisant d\u00e9tartrer r\u00e9guli\u00e8rement votre chauffe-eau par notre personnel sp\u00e9cialis\u00e9, vous \u00e9conomisez de l&#039;\u00e9nergie et vous assurez une qualit\u00e9 constante de l&#039;eau.\" \/>\n<meta name=\"robots\" content=\"index, follow, max-snippet:-1, max-image-preview:large, max-video-preview:-1\" \/>\n<link rel=\"canonical\" href=\"https:\/\/haelg.ch\/fr\/offre\/service-apres-vente\/maintenances\/detartrage-de-chauffe-eau\/\" \/>\n<meta property=\"og:locale\" content=\"fr_FR\" \/>\n<meta property=\"og:type\" content=\"article\" \/>\n<meta property=\"og:title\" content=\"D\u00e9tartrage de chauffe-eau: nos prestations | H\u00e4lg\u00a0Group\" \/>\n<meta property=\"og:description\" content=\"En faisant d\u00e9tartrer r\u00e9guli\u00e8rement votre chauffe-eau par notre personnel sp\u00e9cialis\u00e9, vous \u00e9conomisez de l&#039;\u00e9nergie et vous assurez une qualit\u00e9 constante de l&#039;eau.\" \/>\n<meta property=\"og:url\" content=\"https:\/\/haelg.ch\/fr\/offre\/service-apres-vente\/maintenances\/detartrage-de-chauffe-eau\/\" \/>\n<meta property=\"og:site_name\" content=\"H\u00e4lg Group\" \/>\n<meta property=\"article:publisher\" content=\"https:\/\/www.facebook.com\/haelg.ch\" \/>\n<meta property=\"article:modified_time\" content=\"2025-01-20T10:23:02+00:00\" \/>\n<meta property=\"og:image\" content=\"https:\/\/haelg.ch\/app\/uploads\/2024\/12\/boilerentkalkung-haelg-group_2400x2400-1024x1024.jpg\" \/>\n<meta name=\"twitter:card\" content=\"summary_large_image\" \/>\n<meta name=\"twitter:label1\" content=\"Dur\u00e9e de lecture estim\u00e9e\" \/>\n\t<meta name=\"twitter:data1\" content=\"1 minute\" \/>\n<script type=\"application\/ld+json\" class=\"yoast-schema-graph\">{\"@context\":\"https:\\\/\\\/schema.org\",\"@graph\":[{\"@type\":\"WebPage\",\"@id\":\"https:\\\/\\\/haelg.ch\\\/fr\\\/offre\\\/service-apres-vente\\\/maintenances\\\/detartrage-de-chauffe-eau\\\/\",\"url\":\"https:\\\/\\\/haelg.ch\\\/fr\\\/offre\\\/service-apres-vente\\\/maintenances\\\/detartrage-de-chauffe-eau\\\/\",\"name\":\"D\u00e9tartrage de chauffe-eau: nos prestations | H\u00e4lg\u00a0Group\",\"isPartOf\":{\"@id\":\"https:\\\/\\\/haelg.ch\\\/fr\\\/#website\"},\"primaryImageOfPage\":{\"@id\":\"https:\\\/\\\/haelg.ch\\\/fr\\\/offre\\\/service-apres-vente\\\/maintenances\\\/detartrage-de-chauffe-eau\\\/#primaryimage\"},\"image\":{\"@id\":\"https:\\\/\\\/haelg.ch\\\/fr\\\/offre\\\/service-apres-vente\\\/maintenances\\\/detartrage-de-chauffe-eau\\\/#primaryimage\"},\"thumbnailUrl\":\"https:\\\/\\\/haelg.ch\\\/app\\\/uploads\\\/2024\\\/12\\\/boilerentkalkung-haelg-group_2400x2400-1024x1024.jpg\",\"datePublished\":\"2024-12-04T14:15:51+00:00\",\"dateModified\":\"2025-01-20T10:23:02+00:00\",\"description\":\"En faisant d\u00e9tartrer r\u00e9guli\u00e8rement votre chauffe-eau par notre personnel sp\u00e9cialis\u00e9, vous \u00e9conomisez de l'\u00e9nergie et vous assurez une qualit\u00e9 constante de l'eau.\",\"breadcrumb\":{\"@id\":\"https:\\\/\\\/haelg.ch\\\/fr\\\/offre\\\/service-apres-vente\\\/maintenances\\\/detartrage-de-chauffe-eau\\\/#breadcrumb\"},\"inLanguage\":\"fr-FR\",\"potentialAction\":[{\"@type\":\"ReadAction\",\"target\":[\"https:\\\/\\\/haelg.ch\\\/fr\\\/offre\\\/service-apres-vente\\\/maintenances\\\/detartrage-de-chauffe-eau\\\/\"]}]},{\"@type\":\"ImageObject\",\"inLanguage\":\"fr-FR\",\"@id\":\"https:\\\/\\\/haelg.ch\\\/fr\\\/offre\\\/service-apres-vente\\\/maintenances\\\/detartrage-de-chauffe-eau\\\/#primaryimage\",\"url\":\"https:\\\/\\\/haelg.ch\\\/app\\\/uploads\\\/2024\\\/12\\\/boilerentkalkung-haelg-group_2400x2400-1024x1024.jpg\",\"contentUrl\":\"https:\\\/\\\/haelg.ch\\\/app\\\/uploads\\\/2024\\\/12\\\/boilerentkalkung-haelg-group_2400x2400-1024x1024.jpg\"},{\"@type\":\"BreadcrumbList\",\"@id\":\"https:\\\/\\\/haelg.ch\\\/fr\\\/offre\\\/service-apres-vente\\\/maintenances\\\/detartrage-de-chauffe-eau\\\/#breadcrumb\",\"itemListElement\":[{\"@type\":\"ListItem\",\"position\":1,\"name\":\"Accueil\",\"item\":\"https:\\\/\\\/haelg.ch\\\/fr\\\/\"},{\"@type\":\"ListItem\",\"position\":2,\"name\":\"Offre\",\"item\":\"https:\\\/\\\/haelg.ch\\\/fr\\\/offre\\\/\"},{\"@type\":\"ListItem\",\"position\":3,\"name\":\"Service apr\u00e8s-vente\",\"item\":\"https:\\\/\\\/haelg.ch\\\/fr\\\/offre\\\/service-apres-vente\\\/\"},{\"@type\":\"ListItem\",\"position\":4,\"name\":\"Maintenances\",\"item\":\"https:\\\/\\\/haelg.ch\\\/fr\\\/offre\\\/service-apres-vente\\\/maintenances\\\/\"},{\"@type\":\"ListItem\",\"position\":5,\"name\":\"D\u00e9tartrage de chauffe-eau\"}]},{\"@type\":\"WebSite\",\"@id\":\"https:\\\/\\\/haelg.ch\\\/fr\\\/#website\",\"url\":\"https:\\\/\\\/haelg.ch\\\/fr\\\/\",\"name\":\"H\u00e4lg Group\",\"description\":\"\",\"publisher\":{\"@id\":\"https:\\\/\\\/haelg.ch\\\/fr\\\/#organization\"},\"potentialAction\":[{\"@type\":\"SearchAction\",\"target\":{\"@type\":\"EntryPoint\",\"urlTemplate\":\"https:\\\/\\\/haelg.ch\\\/fr\\\/?s={search_term_string}\"},\"query-input\":{\"@type\":\"PropertyValueSpecification\",\"valueRequired\":true,\"valueName\":\"search_term_string\"}}],\"inLanguage\":\"fr-FR\"},{\"@type\":\"Organization\",\"@id\":\"https:\\\/\\\/haelg.ch\\\/fr\\\/#organization\",\"name\":\"H\u00e4lg Group\",\"url\":\"https:\\\/\\\/haelg.ch\\\/fr\\\/\",\"logo\":{\"@type\":\"ImageObject\",\"inLanguage\":\"fr-FR\",\"@id\":\"https:\\\/\\\/haelg.ch\\\/fr\\\/#\\\/schema\\\/logo\\\/image\\\/\",\"url\":\"https:\\\/\\\/haelg.ch\\\/app\\\/uploads\\\/2025\\\/01\\\/haelg-group-logo_1800x1200.jpg\",\"contentUrl\":\"https:\\\/\\\/haelg.ch\\\/app\\\/uploads\\\/2025\\\/01\\\/haelg-group-logo_1800x1200.jpg\",\"width\":1620,\"height\":1080,\"caption\":\"H\u00e4lg Group\"},\"image\":{\"@id\":\"https:\\\/\\\/haelg.ch\\\/fr\\\/#\\\/schema\\\/logo\\\/image\\\/\"},\"sameAs\":[\"https:\\\/\\\/www.facebook.com\\\/haelg.ch\",\"https:\\\/\\\/www.linkedin.com\\\/company\\\/haelggroup\\\/\",\"https:\\\/\\\/www.instagram.com\\\/haelg.group\\\/\",\"https:\\\/\\\/www.youtube.com\\\/channel\\\/UCCP6yzfvj3o6gA9J5L0QJCg\\\/videos\",\"https:\\\/\\\/www.kununu.com\\\/ch\\\/haelg-group\"]}]}<\/script>\n<!-- \/ Yoast SEO plugin. -->","yoast_head_json":{"title":"D\u00e9tartrage de chauffe-eau: nos prestations | H\u00e4lg\u00a0Group","description":"En faisant d\u00e9tartrer r\u00e9guli\u00e8rement votre chauffe-eau par notre personnel sp\u00e9cialis\u00e9, vous \u00e9conomisez de l'\u00e9nergie et vous assurez une qualit\u00e9 constante de l'eau.","robots":{"index":"index","follow":"follow","max-snippet":"max-snippet:-1","max-image-preview":"max-image-preview:large","max-video-preview":"max-video-preview:-1"},"canonical":"https:\/\/haelg.ch\/fr\/offre\/service-apres-vente\/maintenances\/detartrage-de-chauffe-eau\/","og_locale":"fr_FR","og_type":"article","og_title":"D\u00e9tartrage de chauffe-eau: nos prestations | H\u00e4lg\u00a0Group","og_description":"En faisant d\u00e9tartrer r\u00e9guli\u00e8rement votre chauffe-eau par notre personnel sp\u00e9cialis\u00e9, vous \u00e9conomisez de l'\u00e9nergie et vous assurez une qualit\u00e9 constante de l'eau.","og_url":"https:\/\/haelg.ch\/fr\/offre\/service-apres-vente\/maintenances\/detartrage-de-chauffe-eau\/","og_site_name":"H\u00e4lg Group","article_publisher":"https:\/\/www.facebook.com\/haelg.ch","article_modified_time":"2025-01-20T10:23:02+00:00","og_image":[{"url":"https:\/\/haelg.ch\/app\/uploads\/2024\/12\/boilerentkalkung-haelg-group_2400x2400-1024x1024.jpg","type":"","width":"","height":""}],"twitter_card":"summary_large_image","twitter_misc":{"Dur\u00e9e de lecture estim\u00e9e":"1 minute"},"schema":{"@context":"https:\/\/schema.org","@graph":[{"@type":"WebPage","@id":"https:\/\/haelg.ch\/fr\/offre\/service-apres-vente\/maintenances\/detartrage-de-chauffe-eau\/","url":"https:\/\/haelg.ch\/fr\/offre\/service-apres-vente\/maintenances\/detartrage-de-chauffe-eau\/","name":"D\u00e9tartrage de chauffe-eau: nos prestations | H\u00e4lg\u00a0Group","isPartOf":{"@id":"https:\/\/haelg.ch\/fr\/#website"},"primaryImageOfPage":{"@id":"https:\/\/haelg.ch\/fr\/offre\/service-apres-vente\/maintenances\/detartrage-de-chauffe-eau\/#primaryimage"},"image":{"@id":"https:\/\/haelg.ch\/fr\/offre\/service-apres-vente\/maintenances\/detartrage-de-chauffe-eau\/#primaryimage"},"thumbnailUrl":"https:\/\/haelg.ch\/app\/uploads\/2024\/12\/boilerentkalkung-haelg-group_2400x2400-1024x1024.jpg","datePublished":"2024-12-04T14:15:51+00:00","dateModified":"2025-01-20T10:23:02+00:00","description":"En faisant d\u00e9tartrer r\u00e9guli\u00e8rement votre chauffe-eau par notre personnel sp\u00e9cialis\u00e9, vous \u00e9conomisez de l'\u00e9nergie et vous assurez une qualit\u00e9 constante de l'eau.","breadcrumb":{"@id":"https:\/\/haelg.ch\/fr\/offre\/service-apres-vente\/maintenances\/detartrage-de-chauffe-eau\/#breadcrumb"},"inLanguage":"fr-FR","potentialAction":[{"@type":"ReadAction","target":["https:\/\/haelg.ch\/fr\/offre\/service-apres-vente\/maintenances\/detartrage-de-chauffe-eau\/"]}]},{"@type":"ImageObject","inLanguage":"fr-FR","@id":"https:\/\/haelg.ch\/fr\/offre\/service-apres-vente\/maintenances\/detartrage-de-chauffe-eau\/#primaryimage","url":"https:\/\/haelg.ch\/app\/uploads\/2024\/12\/boilerentkalkung-haelg-group_2400x2400-1024x1024.jpg","contentUrl":"https:\/\/haelg.ch\/app\/uploads\/2024\/12\/boilerentkalkung-haelg-group_2400x2400-1024x1024.jpg"},{"@type":"BreadcrumbList","@id":"https:\/\/haelg.ch\/fr\/offre\/service-apres-vente\/maintenances\/detartrage-de-chauffe-eau\/#breadcrumb","itemListElement":[{"@type":"ListItem","position":1,"name":"Accueil","item":"https:\/\/haelg.ch\/fr\/"},{"@type":"ListItem","position":2,"name":"Offre","item":"https:\/\/haelg.ch\/fr\/offre\/"},{"@type":"ListItem","position":3,"name":"Service apr\u00e8s-vente","item":"https:\/\/haelg.ch\/fr\/offre\/service-apres-vente\/"},{"@type":"ListItem","position":4,"name":"Maintenances","item":"https:\/\/haelg.ch\/fr\/offre\/service-apres-vente\/maintenances\/"},{"@type":"ListItem","position":5,"name":"D\u00e9tartrage de chauffe-eau"}]},{"@type":"WebSite","@id":"https:\/\/haelg.ch\/fr\/#website","url":"https:\/\/haelg.ch\/fr\/","name":"H\u00e4lg Group","description":"","publisher":{"@id":"https:\/\/haelg.ch\/fr\/#organization"},"potentialAction":[{"@type":"SearchAction","target":{"@type":"EntryPoint","urlTemplate":"https:\/\/haelg.ch\/fr\/?s={search_term_string}"},"query-input":{"@type":"PropertyValueSpecification","valueRequired":true,"valueName":"search_term_string"}}],"inLanguage":"fr-FR"},{"@type":"Organization","@id":"https:\/\/haelg.ch\/fr\/#organization","name":"H\u00e4lg Group","url":"https:\/\/haelg.ch\/fr\/","logo":{"@type":"ImageObject","inLanguage":"fr-FR","@id":"https:\/\/haelg.ch\/fr\/#\/schema\/logo\/image\/","url":"https:\/\/haelg.ch\/app\/uploads\/2025\/01\/haelg-group-logo_1800x1200.jpg","contentUrl":"https:\/\/haelg.ch\/app\/uploads\/2025\/01\/haelg-group-logo_1800x1200.jpg","width":1620,"height":1080,"caption":"H\u00e4lg Group"},"image":{"@id":"https:\/\/haelg.ch\/fr\/#\/schema\/logo\/image\/"},"sameAs":["https:\/\/www.facebook.com\/haelg.ch","https:\/\/www.linkedin.com\/company\/haelggroup\/","https:\/\/www.instagram.com\/haelg.group\/","https:\/\/www.youtube.com\/channel\/UCCP6yzfvj3o6gA9J5L0QJCg\/videos","https:\/\/www.kununu.com\/ch\/haelg-group"]}]}},"_links":{"self":[{"href":"https:\/\/haelg.ch\/fr\/wp-json\/wp\/v2\/pages\/54193","targetHints":{"allow":["GET"]}}],"collection":[{"href":"https:\/\/haelg.ch\/fr\/wp-json\/wp\/v2\/pages"}],"about":[{"href":"https:\/\/haelg.ch\/fr\/wp-json\/wp\/v2\/types\/page"}],"author":[{"embeddable":true,"href":"https:\/\/haelg.ch\/fr\/wp-json\/wp\/v2\/users\/3"}],"replies":[{"embeddable":true,"href":"https:\/\/haelg.ch\/fr\/wp-json\/wp\/v2\/comments?post=54193"}],"version-history":[{"count":2,"href":"https:\/\/haelg.ch\/fr\/wp-json\/wp\/v2\/pages\/54193\/revisions"}],"predecessor-version":[{"id":54468,"href":"https:\/\/haelg.ch\/fr\/wp-json\/wp\/v2\/pages\/54193\/revisions\/54468"}],"up":[{"embeddable":true,"href":"https:\/\/haelg.ch\/fr\/wp-json\/wp\/v2\/pages\/51989"}],"wp:attachment":[{"href":"https:\/\/haelg.ch\/fr\/wp-json\/wp\/v2\/media?parent=54193"}],"wp:term":[{"taxonomy":"kategorie","embeddable":true,"href":"https:\/\/haelg.ch\/fr\/wp-json\/wp\/v2\/kategorie?post=54193"},{"taxonomy":"angebot","embeddable":true,"href":"https:\/\/haelg.ch\/fr\/wp-json\/wp\/v2\/angebot?post=54193"}],"curies":[{"name":"wp","href":"https:\/\/api.w.org\/{rel}","templated":true}]}}